{"id":471,"date":"2016-06-04T17:03:16","date_gmt":"2016-06-04T16:03:16","guid":{"rendered":"http:\/\/agora.xtec.cat\/iesmoianes\/?page_id=471"},"modified":"2017-03-17T07:22:25","modified_gmt":"2017-03-17T06:22:25","slug":"certificat-de-catala","status":"publish","type":"page","link":"https:\/\/agora.xtec.cat\/iesmoianes\/secretaria\/tramits\/certificat-de-catala\/","title":{"rendered":"Certificat de catal\u00e0"},"content":{"rendered":"<div class=\"content\">\n<p align=\"justify\">La Secretaria de Pol\u00edtica Ling\u00fc\u00edstica de la Generalitat de Catalunya reconeix l&#8217;equival\u00e8ncia dels coneixements de catal\u00e0 i delega als centres per l&#8217;expedici\u00f3 del corresponent certificat.<\/p>\n<p align=\"justify\">Per tal de sol\u00b7licitar un certificat de reconeixement d&#8217;equival\u00e8ncia cal aportar la seg\u00fcent documentaci\u00f3: (s\u00f3n els recorreguts m\u00e9s habituals, per altres titulacions i\/o estudis, cal adre\u00e7ar-se a la normativa)<\/p>\n<ul>\n<li>amb EGB (nivell B2):\n<ul>\n<li>Llibre d&#8217;EGB<\/li>\n<\/ul>\n<\/li>\n<li>amb BUP (nivell C1):\n<ul>\n<li>Llibre d&#8217;EGB<\/li>\n<li>Llibre BUP<\/li>\n<\/ul>\n<\/li>\n<li>amb EGB i ESO (nivell B2 o C1):\n<ul>\n<li>Llibre d&#8217;EGB<\/li>\n<li>Llibre d&#8217;ESO o certificat d&#8217;escolaritzaci\u00f3 amb qualificacions<\/li>\n<\/ul>\n<\/li>\n<li>amb ESO (nivell B2 o C1):\n<ul>\n<li>Llibre d&#8217;ESO o certificat d&#8217;escolaritzaci\u00f3 amb qualificacions<\/li>\n<\/ul>\n<\/li>\n<li>amb Batxillerat (nivell C1):\n<ul>\n<li>Llibre d&#8217;ESO o certificat d&#8217;escolaritzaci\u00f3 amb qualificacions<\/li>\n<li>Llibre de Batxillerat o certificat d&#8217;escolaritzaci\u00f3 amb qualificacions<\/li>\n<\/ul>\n<\/li>\n<\/ul>\n<p>En tots els casos s&#8217;han d&#8217;acreditar els cursos d&#8217;educaci\u00f3 prim\u00e0ria realitzats a Catalunya, on consti que s&#8217;ha estudiat i superat l&#8217;assignatura de Llengua Catalana, juntament amb la documentaci\u00f3 d&#8217;ensenyaments secundaris que corresponguin.<\/p>\n<p><a href=\"https:\/\/agora.xtec.cat\/iesmoianes\/docs\/sol%c2%b7licitud-de-certificat-de-catala\/\" target=\"_blank\">Inst\u00e0ncia de sol\u00b7licitud d&#8217;expedici\u00f3 del certificat<\/a><\/p>\n<p>Per m\u00e9s informaci\u00f3, podeu consultar la p\u00e0gina web de <a href=\"http:\/\/www20.gencat.cat\/portal\/site\/Llengcat\/menuitem.b318de7236aed0e7a129d410b0c0e1a0\/?vgnextoid=8d9bf9465ff61110VgnVCM1000000b0c1e0aRCRD&amp;vgnextchannel=8d9bf9465ff61110VgnVCM1000000b0c1e0aRCRD&amp;vgnextfmt=default\" target=\"_blank\">Pol\u00edtica Ling\u00fc\u00edstica<\/a><\/p>\n<\/div>\n","protected":false},"excerpt":{"rendered":"<p>La Secretaria de Pol\u00edtica Ling\u00fc\u00edstica de la Generalitat de Catalunya reconeix l&#8217;equival\u00e8ncia dels coneixements de catal\u00e0 i delega als centres per l&#8217;expedici\u00f3 del corresponent certificat. Per tal de sol\u00b7licitar un certificat de reconeixement d&#8217;equival\u00e8ncia cal aportar la seg\u00fcent documentaci\u00f3: (s\u00f3n els recorreguts m\u00e9s habituals, per altres titulacions i\/o estudis, cal adre\u00e7ar-se a la normativa) amb [&hellip;]<\/p>\n","protected":false},"author":1,"featured_media":0,"parent":467,"menu_order":10,"comment_status":"closed","ping_status":"closed","template":"page-templates\/side-menu.php","meta":{"_bbp_topic_count":0,"_bbp_reply_count":0,"_bbp_total_topic_count":0,"_bbp_total_reply_count":0,"_bbp_voice_count":0,"_bbp_anonymous_reply_count":0,"_bbp_topic_count_hidden":0,"_bbp_reply_count_hidden":0,"_bbp_forum_subforum_count":0,"site-sidebar-layout":"default","site-content-layout":"","ast-site-content-layout":"","site-content-style":"default","site-sidebar-style":"default","ast-global-header-display":"","ast-banner-title-visibility":"","ast-main-header-display":"","ast-hfb-above-header-display":"","ast-hfb-below-header-display":"","ast-hfb-mobile-header-display":"","site-post-title":"","ast-breadcrumbs-content":"","ast-featured-img":"","footer-sml-layout":"","theme-transparent-header-meta":"","adv-header-id-meta":"","stick-header-meta":"","header-above-stick-meta":"","header-main-stick-meta":"","header-below-stick-meta":"","astra-migrate-meta-layouts":"default","ast-page-background-enabled":"default","ast-page-background-meta":{"desktop":{"background-color":"var(--ast-global-color-4)","background-image":"","background-repeat":"repeat","background-position":"center center","background-size":"auto","background-attachment":"scroll","background-type":"","background-media":"","overlay-type":"","overlay-color":"","overlay-opacity":"","overlay-gradient":""},"tablet":{"background-color":"","background-image":"","background-repeat":"repeat","background-position":"center center","background-size":"auto","background-attachment":"scroll","background-type":"","background-media":"","overlay-type":"","overlay-color":"","overlay-opacity":"","overlay-gradient":""},"mobile":{"background-color":"","background-image":"","background-repeat":"repeat","background-position":"center center","background-size":"auto","background-attachment":"scroll","background-type":"","background-media":"","overlay-type":"","overlay-color":"","overlay-opacity":"","overlay-gradient":""}},"ast-content-background-meta":{"desktop":{"background-color":"var(--ast-global-color-5)","background-image":"","background-repeat":"repeat","background-position":"center center","background-size":"auto","background-attachment":"scroll","background-type":"","background-media":"","overlay-type":"","overlay-color":"","overlay-opacity":"","overlay-gradient":""},"tablet":{"background-color":"var(--ast-global-color-5)","background-image":"","background-repeat":"repeat","background-position":"center center","background-size":"auto","background-attachment":"scroll","background-type":"","background-media":"","overlay-type":"","overlay-color":"","overlay-opacity":"","overlay-gradient":""},"mobile":{"background-color":"var(--ast-global-color-5)","background-image":"","background-repeat":"repeat","background-position":"center center","background-size":"auto","background-attachment":"scroll","background-type":"","background-media":"","overlay-type":"","overlay-color":"","overlay-opacity":"","overlay-gradient":""}},"footnotes":""},"class_list":["post-471","page","type-page","status-publish","hentry"],"post_mailing_queue_ids":[],"_links":{"self":[{"href":"https:\/\/agora.xtec.cat\/iesmoianes\/wp-json\/wp\/v2\/pages\/471","targetHints":{"allow":["GET"]}}],"collection":[{"href":"https:\/\/agora.xtec.cat\/iesmoianes\/wp-json\/wp\/v2\/pages"}],"about":[{"href":"https:\/\/agora.xtec.cat\/iesmoianes\/wp-json\/wp\/v2\/types\/page"}],"author":[{"embeddable":true,"href":"https:\/\/agora.xtec.cat\/iesmoianes\/wp-json\/wp\/v2\/users\/1"}],"replies":[{"embeddable":true,"href":"https:\/\/agora.xtec.cat\/iesmoianes\/wp-json\/wp\/v2\/comments?post=471"}],"version-history":[{"count":2,"href":"https:\/\/agora.xtec.cat\/iesmoianes\/wp-json\/wp\/v2\/pages\/471\/revisions"}],"predecessor-version":[{"id":2174,"href":"https:\/\/agora.xtec.cat\/iesmoianes\/wp-json\/wp\/v2\/pages\/471\/revisions\/2174"}],"up":[{"embeddable":true,"href":"https:\/\/agora.xtec.cat\/iesmoianes\/wp-json\/wp\/v2\/pages\/467"}],"wp:attachment":[{"href":"https:\/\/agora.xtec.cat\/iesmoianes\/wp-json\/wp\/v2\/media?parent=471"}],"curies":[{"name":"wp","href":"https:\/\/api.w.org\/{rel}","templated":true}]}}