{"id":469,"date":"2016-06-04T17:01:39","date_gmt":"2016-06-04T16:01:39","guid":{"rendered":"http:\/\/agora.xtec.cat\/iesmoianes\/?page_id=469"},"modified":"2017-03-17T07:18:35","modified_gmt":"2017-03-17T06:18:35","slug":"convalidacio-de-musica","status":"publish","type":"page","link":"https:\/\/agora.xtec.cat\/iesmoianes\/secretaria\/tramits\/convalidacio-de-musica\/","title":{"rendered":"Convalidaci\u00f3 de m\u00fasica"},"content":{"rendered":"<p align=\"justify\">Els alumnes que realitzen ensenyaments musicals o de dansa fora de l&#8217;institut, poden sol\u00b7licitar-ne el reconeixement o convalidaci\u00f3, segons indica la nota seg\u00fcent nota informativa:<\/p>\n<ul>\n<li><a href=\"https:\/\/agora.xtec.cat\/iesmoianes\/docs\/convalidacio-de-musica\/\" target=\"_blank\">Instruccions per a l&#8217;organitzaci\u00f3 i funcionament de centres. Curs 2016-2017<\/a><\/li>\n<\/ul>\n","protected":false},"excerpt":{"rendered":"<p>Els alumnes que realitzen ensenyaments musicals o de dansa fora de l&#8217;institut, poden sol\u00b7licitar-ne el reconeixement o convalidaci\u00f3, segons indica la nota seg\u00fcent nota informativa: Instruccions per a l&#8217;organitzaci\u00f3 i funcionament de centres. Curs 2016-2017<\/p>\n","protected":false},"author":1,"featured_media":0,"parent":467,"menu_order":0,"comment_status":"closed","ping_status":"closed","template":"page-templates\/side-menu.php","meta":{"_bbp_topic_count":0,"_bbp_reply_count":0,"_bbp_total_topic_count":0,"_bbp_total_reply_count":0,"_bbp_voice_count":0,"_bbp_anonymous_reply_count":0,"_bbp_topic_count_hidden":0,"_bbp_reply_count_hidden":0,"_bbp_forum_subforum_count":0,"site-sidebar-layout":"default","site-content-layout":"","ast-site-content-layout":"","site-content-style":"default","site-sidebar-style":"default","ast-global-header-display":"","ast-banner-title-visibility":"","ast-main-header-display":"","ast-hfb-above-header-display":"","ast-hfb-below-header-display":"","ast-hfb-mobile-header-display":"","site-post-title":"","ast-breadcrumbs-content":"","ast-featured-img":"","footer-sml-layout":"","theme-transparent-header-meta":"","adv-header-id-meta":"","stick-header-meta":"","header-above-stick-meta":"","header-main-stick-meta":"","header-below-stick-meta":"","astra-migrate-meta-layouts":"default","ast-page-background-enabled":"default","ast-page-background-meta":{"desktop":{"background-color":"var(--ast-global-color-4)","background-image":"","background-repeat":"repeat","background-position":"center center","background-size":"auto","background-attachment":"scroll","background-type":"","background-media":"","overlay-type":"","overlay-color":"","overlay-opacity":"","overlay-gradient":""},"tablet":{"background-color":"","background-image":"","background-repeat":"repeat","background-position":"center center","background-size":"auto","background-attachment":"scroll","background-type":"","background-media":"","overlay-type":"","overlay-color":"","overlay-opacity":"","overlay-gradient":""},"mobile":{"background-color":"","background-image":"","background-repeat":"repeat","background-position":"center center","background-size":"auto","background-attachment":"scroll","background-type":"","background-media":"","overlay-type":"","overlay-color":"","overlay-opacity":"","overlay-gradient":""}},"ast-content-background-meta":{"desktop":{"background-color":"var(--ast-global-color-5)","background-image":"","background-repeat":"repeat","background-position":"center center","background-size":"auto","background-attachment":"scroll","background-type":"","background-media":"","overlay-type":"","overlay-color":"","overlay-opacity":"","overlay-gradient":""},"tablet":{"background-color":"var(--ast-global-color-5)","background-image":"","background-repeat":"repeat","background-position":"center center","background-size":"auto","background-attachment":"scroll","background-type":"","background-media":"","overlay-type":"","overlay-color":"","overlay-opacity":"","overlay-gradient":""},"mobile":{"background-color":"var(--ast-global-color-5)","background-image":"","background-repeat":"repeat","background-position":"center center","background-size":"auto","background-attachment":"scroll","background-type":"","background-media":"","overlay-type":"","overlay-color":"","overlay-opacity":"","overlay-gradient":""}},"footnotes":""},"class_list":["post-469","page","type-page","status-publish","hentry"],"post_mailing_queue_ids":[],"_links":{"self":[{"href":"https:\/\/agora.xtec.cat\/iesmoianes\/wp-json\/wp\/v2\/pages\/469","targetHints":{"allow":["GET"]}}],"collection":[{"href":"https:\/\/agora.xtec.cat\/iesmoianes\/wp-json\/wp\/v2\/pages"}],"about":[{"href":"https:\/\/agora.xtec.cat\/iesmoianes\/wp-json\/wp\/v2\/types\/page"}],"author":[{"embeddable":true,"href":"https:\/\/agora.xtec.cat\/iesmoianes\/wp-json\/wp\/v2\/users\/1"}],"replies":[{"embeddable":true,"href":"https:\/\/agora.xtec.cat\/iesmoianes\/wp-json\/wp\/v2\/comments?post=469"}],"version-history":[{"count":3,"href":"https:\/\/agora.xtec.cat\/iesmoianes\/wp-json\/wp\/v2\/pages\/469\/revisions"}],"predecessor-version":[{"id":2170,"href":"https:\/\/agora.xtec.cat\/iesmoianes\/wp-json\/wp\/v2\/pages\/469\/revisions\/2170"}],"up":[{"embeddable":true,"href":"https:\/\/agora.xtec.cat\/iesmoianes\/wp-json\/wp\/v2\/pages\/467"}],"wp:attachment":[{"href":"https:\/\/agora.xtec.cat\/iesmoianes\/wp-json\/wp\/v2\/media?parent=469"}],"curies":[{"name":"wp","href":"https:\/\/api.w.org\/{rel}","templated":true}]}}