{"id":43,"date":"2014-09-17T16:45:07","date_gmt":"2014-09-17T16:45:07","guid":{"rendered":"http:\/\/agora.xtec.cat\/iesmoianes\/?page_id=43"},"modified":"2025-11-24T10:30:31","modified_gmt":"2025-11-24T09:30:31","slug":"consell-escolar","status":"publish","type":"page","link":"https:\/\/agora.xtec.cat\/iesmoianes\/linstitut\/consell-escolar\/","title":{"rendered":"Consell escolar"},"content":{"rendered":"<p><a href=\"https:\/\/agora.xtec.cat\/iesmoianes\/wp-content\/uploads\/usu258\/2022\/09\/Captura-137.png\"><img loading=\"lazy\" decoding=\"async\" class=\"wp-image-6203 size-medium alignleft\" src=\"https:\/\/agora.xtec.cat\/iesmoianes\/wp-content\/uploads\/usu258\/2022\/09\/Captura-137-300x229.png\" alt=\"\" width=\"300\" height=\"229\" srcset=\"https:\/\/agora.xtec.cat\/iesmoianes\/wp-content\/uploads\/usu258\/2022\/09\/Captura-137-300x229.png 300w, https:\/\/agora.xtec.cat\/iesmoianes\/wp-content\/uploads\/usu258\/2022\/09\/Captura-137-768x586.png 768w, https:\/\/agora.xtec.cat\/iesmoianes\/wp-content\/uploads\/usu258\/2022\/09\/Captura-137.png 975w\" sizes=\"auto, (max-width: 300px) 100vw, 300px\" \/><\/a>El consell escolar de l\u2019institut \u00e9s una comissi\u00f3 que s\u2019encarrega de decidir assumptes importants de l\u2019institut i de saber diferents punts de vista, sigui de temes de pagament o d&#8217;excursions o activitats programades durant el curs.<\/p>\n<p>Les reunions sempre les convoca la direcci\u00f3 del centre i normalment es parlen de temes programats, per\u00f2 tothom pot aportar idees, opinions i fer preguntes sobre qualsevol tema important de l\u2019institut.<\/p>\n<p>Cada quatre anys es canvien els membres d\u2019aquest consell, i per fer-ho es fan eleccions amb els alumnes, els professors i els representants de les fam\u00edlies que s\u2019han presentat.<\/p>\n<p>Els representants que participen en el consell escolar s\u00f3n els que es detallen en el gr\u00e0fic.<\/p>\n<p>Els alumnes que hi participen opinen que aquesta comissi\u00f3 est\u00e0 b\u00e9 ja que es parla i es decideixen q\u00fcestions rellevants. I ells poden donar la seva opini\u00f3 a partir del seu punt de vista, per intentar canviar coses a base de b\u00e9.<\/p>\n<p>Els membres que actualment formen part del consell escolar s\u00f3n:<\/p>\n<p>&nbsp;<\/p>\n<table style=\"border-collapse: collapse; width: 100%; height: 320px;\">\n<tbody>\n<tr style=\"height: 32px;\">\n<td style=\"width: 50%; height: 32px;\">Carles Anguera Cerarols<\/td>\n<td style=\"width: 50%; height: 32px;\">President<\/td>\n<\/tr>\n<tr style=\"height: 32px;\">\n<td style=\"width: 50%; height: 32px;\">Santi Luna Verd\u00fa<\/td>\n<td style=\"width: 50%; height: 32px;\">Cap d\u2019estudis<\/td>\n<\/tr>\n<tr style=\"height: 32px;\">\n<td style=\"width: 50%; height: 32px;\">Albert Ballabriga Auguets<\/td>\n<td style=\"width: 50%; height: 32px;\">Secretari<\/td>\n<\/tr>\n<tr style=\"height: 32px;\">\n<td style=\"width: 50%; height: 32px;\">Montserrat Urbano G\u00f3mez<br \/>\nNeus Cervosa Navarro<br \/>\nEva Jov\u00e9 Gusi<br \/>\nPep Carol Casanovas<br \/>\nKarina Vercher Gonz\u00e1lez<br \/>\nS\u00edlvia Espar\u00f3 Mart\u00edn<\/td>\n<td style=\"width: 50%; height: 32px; vertical-align: top;\">&nbsp;<\/p>\n<p>Representants del professorat<\/td>\n<\/tr>\n<tr>\n<td style=\"width: 50%;\">M\u00f2nica Casacuberta Dodas<\/td>\n<td style=\"width: 50%; height: 32px; vertical-align: top;\">Representant del PAS<\/td>\n<\/tr>\n<tr>\n<td style=\"width: 50%;\">Estefania Garc\u00eda Jim\u00e9nez<br \/>\nSusanna Pinilla Vil\u00e0<br \/>\nMiriam Blancafort Becerra<\/td>\n<td style=\"width: 50%;\">Representants de les fam\u00edlies<\/td>\n<\/tr>\n<tr>\n<td style=\"width: 50%;\">Eduard G\u00f3mez Costa<\/td>\n<td style=\"width: 50%;\">Representant de l&#8217;AMPA<\/td>\n<\/tr>\n<tr style=\"height: 32px;\">\n<td style=\"width: 50%; height: 32px;\">Eva Roger Piella<\/td>\n<td style=\"width: 50%; height: 32px;\">Representant de l&#8217;Ajuntament<\/td>\n<\/tr>\n<tr style=\"height: 32px;\">\n<td style=\"width: 50%; height: 32px;\">Aniol Pros Prat<br \/>\nOna Gros Henestrosa<br \/>\nLlura Batlle Godoy<\/td>\n<td style=\"width: 50%; height: 32px;\">Representants de l\u2019alumnat<\/td>\n<\/tr>\n<\/tbody>\n<\/table>\n","protected":false},"excerpt":{"rendered":"<p>El consell escolar de l\u2019institut \u00e9s una comissi\u00f3 que s\u2019encarrega de decidir assumptes importants de l\u2019institut i de saber diferents punts de vista, sigui de temes de pagament o d&#8217;excursions o activitats programades durant el curs. Les reunions sempre les convoca la direcci\u00f3 del centre i normalment es parlen de temes programats, per\u00f2 tothom pot [&hellip;]<\/p>\n","protected":false},"author":1,"featured_media":0,"parent":19,"menu_order":20,"comment_status":"closed","ping_status":"closed","template":"page-templates\/side-menu.php","meta":{"_bbp_topic_count":0,"_bbp_reply_count":0,"_bbp_total_topic_count":0,"_bbp_total_reply_count":0,"_bbp_voice_count":0,"_bbp_anonymous_reply_count":0,"_bbp_topic_count_hidden":0,"_bbp_reply_count_hidden":0,"_bbp_forum_subforum_count":0,"site-sidebar-layout":"default","site-content-layout":"","ast-site-content-layout":"","site-content-style":"default","site-sidebar-style":"default","ast-global-header-display":"","ast-banner-title-visibility":"","ast-main-header-display":"","ast-hfb-above-header-display":"","ast-hfb-below-header-display":"","ast-hfb-mobile-header-display":"","site-post-title":"","ast-breadcrumbs-content":"","ast-featured-img":"","footer-sml-layout":"","theme-transparent-header-meta":"","adv-header-id-meta":"","stick-header-meta":"","header-above-stick-meta":"","header-main-stick-meta":"","header-below-stick-meta":"","astra-migrate-meta-layouts":"default","ast-page-background-enabled":"default","ast-page-background-meta":{"desktop":{"background-color":"var(--ast-global-color-4)","background-image":"","background-repeat":"repeat","background-position":"center center","background-size":"auto","background-attachment":"scroll","background-type":"","background-media":"","overlay-type":"","overlay-color":"","overlay-opacity":"","overlay-gradient":""},"tablet":{"background-color":"","background-image":"","background-repeat":"repeat","background-position":"center center","background-size":"auto","background-attachment":"scroll","background-type":"","background-media":"","overlay-type":"","overlay-color":"","overlay-opacity":"","overlay-gradient":""},"mobile":{"background-color":"","background-image":"","background-repeat":"repeat","background-position":"center center","background-size":"auto","background-attachment":"scroll","background-type":"","background-media":"","overlay-type":"","overlay-color":"","overlay-opacity":"","overlay-gradient":""}},"ast-content-background-meta":{"desktop":{"background-color":"var(--ast-global-color-5)","background-image":"","background-repeat":"repeat","background-position":"center center","background-size":"auto","background-attachment":"scroll","background-type":"","background-media":"","overlay-type":"","overlay-color":"","overlay-opacity":"","overlay-gradient":""},"tablet":{"background-color":"var(--ast-global-color-5)","background-image":"","background-repeat":"repeat","background-position":"center center","background-size":"auto","background-attachment":"scroll","background-type":"","background-media":"","overlay-type":"","overlay-color":"","overlay-opacity":"","overlay-gradient":""},"mobile":{"background-color":"var(--ast-global-color-5)","background-image":"","background-repeat":"repeat","background-position":"center center","background-size":"auto","background-attachment":"scroll","background-type":"","background-media":"","overlay-type":"","overlay-color":"","overlay-opacity":"","overlay-gradient":""}},"footnotes":""},"class_list":["post-43","page","type-page","status-publish","hentry"],"post_mailing_queue_ids":[],"_links":{"self":[{"href":"https:\/\/agora.xtec.cat\/iesmoianes\/wp-json\/wp\/v2\/pages\/43","targetHints":{"allow":["GET"]}}],"collection":[{"href":"https:\/\/agora.xtec.cat\/iesmoianes\/wp-json\/wp\/v2\/pages"}],"about":[{"href":"https:\/\/agora.xtec.cat\/iesmoianes\/wp-json\/wp\/v2\/types\/page"}],"author":[{"embeddable":true,"href":"https:\/\/agora.xtec.cat\/iesmoianes\/wp-json\/wp\/v2\/users\/1"}],"replies":[{"embeddable":true,"href":"https:\/\/agora.xtec.cat\/iesmoianes\/wp-json\/wp\/v2\/comments?post=43"}],"version-history":[{"count":8,"href":"https:\/\/agora.xtec.cat\/iesmoianes\/wp-json\/wp\/v2\/pages\/43\/revisions"}],"predecessor-version":[{"id":7417,"href":"https:\/\/agora.xtec.cat\/iesmoianes\/wp-json\/wp\/v2\/pages\/43\/revisions\/7417"}],"up":[{"embeddable":true,"href":"https:\/\/agora.xtec.cat\/iesmoianes\/wp-json\/wp\/v2\/pages\/19"}],"wp:attachment":[{"href":"https:\/\/agora.xtec.cat\/iesmoianes\/wp-json\/wp\/v2\/media?parent=43"}],"curies":[{"name":"wp","href":"https:\/\/api.w.org\/{rel}","templated":true}]}}