{"id":19,"date":"2014-09-17T14:56:56","date_gmt":"2014-09-17T14:56:56","guid":{"rendered":"http:\/\/agora.xtec.cat\/iesmoianes\/?page_id=19"},"modified":"2024-09-30T14:12:09","modified_gmt":"2024-09-30T12:12:09","slug":"linstitut","status":"publish","type":"page","link":"https:\/\/agora.xtec.cat\/iesmoianes\/linstitut\/","title":{"rendered":"L&#8217;Institut Moian\u00e8s"},"content":{"rendered":"<p><strong>OFERTA EDUCATIVA<\/strong><\/p>\n<p>Els estudis que s&#8217;ofereixen a l&#8217;Institut Moian\u00e8s s\u00f3n els seg\u00fcents:<\/p>\n<ul>\n<li><strong>ESO<\/strong> (3 l\u00ednies)<\/li>\n<li><strong>Batxillerat<\/strong> Cient\u00edfico-Tecnol\u00f2gic i Human\u00edstico-Social ( 2 l\u00ednies)<\/li>\n<li><strong>CFGM<\/strong> d&#8217;atenci\u00f3 a les persones en situaci\u00f3 de depend\u00e8ncia (0,5 l\u00ednies)<\/li>\n<li><strong>PFI<\/strong> d&#8217;auxiliar de vivers i jardineria (1 l\u00ednia)<\/li>\n<\/ul>\n<p>Entre 420 i 450 alumnes dels municipis de Moi\u00e0, Collsuspina, l&#8217;Estany, Castellter\u00e7ol, Castellcir i Sant Quirze Safaja\u00a0 i d&#8217;altres municipis propers (Sant Feliu de Codines, Palau de Plegamans,..) estudien cada any l\u2019ESO, el Batxillerat o el CFGM a l\u2019institut.<\/p>\n<p><strong>UNA MICA D&#8217;HIST\u00d2RIA<\/strong><\/p>\n<p style=\"color: #444444;\">Els registres m\u00e9s antics dels que disposem al centre indiquen que al mar\u00e7 del 1968 els representants del poble de Moi\u00e0 amb el seu Alcalde Sebasti\u00e0 Petitb\u00f2, es van plantejar la necessitat de demanar al Ministerio de Educaci\u00f3n Nacional y Ciencia la creaci\u00f3 de un un COLEGIO LIBRE ADOPTADO (CLA) de segunda ense\u00f1anza MIXTO, perqu\u00e8 era manifest que hi havia un nombre elevat d&#8217;alumnes que estaven cursant estudis de batxillerat elemental i que aquest nombre podria ser m\u00e9s gran si aquests estudis es poguessin dur a terme amb car\u00e0cter oficial a la pr\u00f2pia vila.<br \/>\nDespr\u00e9s de tots els tr\u00e0mits pertinents, al novembre de 1968 el ministerio donava el vist-i-plau, i finalment al febrer de 1969 es publicava al BOE aquesta concessi\u00f3, que anava acompanyada de dotaci\u00f3 econ\u00f2mica per a la construcci\u00f3 d&#8217;un nou edifici, que es va inaugurar l&#8217;any 1971.\u00a0El significat de ser &#8220;COLEGIO LIBRE ADOPTADO volia dir que depen\u00edem d&#8217;un &#8220;instituto de bachillerato&#8221;, en aquell temps el Jaume Call\u00eds de Vic, i es on s&#8217;havia d&#8217;anar a examinar l&#8217;alumnat.<\/p>\n<p style=\"color: #444444;\">El curs 17-18 v\u00e0rem celebrar el 50\u00e8 aniversari de l&#8217;Institut Moian\u00e8s. Sabem que molts ex-alumnes i habitants de Moi\u00e0 es van preguntar perqu\u00e8 escollir la data de 1968 i no la del 1969, o b\u00e9 la de la inauguraci\u00f3 de l&#8217;edifici al 1971. La resposta \u00e9s que volem retre homenatge a tota la gent i les institucions que, coneguda alguna, desconegudes moltes, van treballar per aconseguir l&#8217;educaci\u00f3 secund\u00e0ria a Moi\u00e0.<\/p>\n<p style=\"color: #444444;\">Aquest Institut, com tants d\u2019altres de poblacions de Catalunya sense un nombre gaire alt d\u2019habitants, \u00e9s fruit de l\u2019aposta d\u2019institucions que maldaren per portar-hi la cultura, conscients que l\u2019educaci\u00f3 \u00e9s la millor eina per a fer cr\u00e9ixer persones i pobles.<\/p>\n","protected":false},"excerpt":{"rendered":"<p>OFERTA EDUCATIVA Els estudis que s&#8217;ofereixen a l&#8217;Institut Moian\u00e8s s\u00f3n els seg\u00fcents: ESO (3 l\u00ednies) Batxillerat Cient\u00edfico-Tecnol\u00f2gic i Human\u00edstico-Social ( 2 l\u00ednies) CFGM d&#8217;atenci\u00f3 a les persones en situaci\u00f3 de depend\u00e8ncia (0,5 l\u00ednies) PFI d&#8217;auxiliar de vivers i jardineria (1 l\u00ednia) Entre 420 i 450 alumnes dels municipis de Moi\u00e0, Collsuspina, l&#8217;Estany, Castellter\u00e7ol, Castellcir i [&hellip;]<\/p>\n","protected":false},"author":1,"featured_media":0,"parent":0,"menu_order":0,"comment_status":"closed","ping_status":"closed","template":"page-templates\/side-menu.php","meta":{"_bbp_topic_count":0,"_bbp_reply_count":0,"_bbp_total_topic_count":0,"_bbp_total_reply_count":0,"_bbp_voice_count":0,"_bbp_anonymous_reply_count":0,"_bbp_topic_count_hidden":0,"_bbp_reply_count_hidden":0,"_bbp_forum_subforum_count":0,"site-sidebar-layout":"default","site-content-layout":"","ast-site-content-layout":"","site-content-style":"default","site-sidebar-style":"default","ast-global-header-display":"","ast-banner-title-visibility":"","ast-main-header-display":"","ast-hfb-above-header-display":"","ast-hfb-below-header-display":"","ast-hfb-mobile-header-display":"","site-post-title":"","ast-breadcrumbs-content":"","ast-featured-img":"","footer-sml-layout":"","theme-transparent-header-meta":"","adv-header-id-meta":"","stick-header-meta":"","header-above-stick-meta":"","header-main-stick-meta":"","header-below-stick-meta":"","astra-migrate-meta-layouts":"default","ast-page-background-enabled":"default","ast-page-background-meta":{"desktop":{"background-color":"var(--ast-global-color-4)","background-image":"","background-repeat":"repeat","background-position":"center center","background-size":"auto","background-attachment":"scroll","background-type":"","background-media":"","overlay-type":"","overlay-color":"","overlay-opacity":"","overlay-gradient":""},"tablet":{"background-color":"","background-image":"","background-repeat":"repeat","background-position":"center center","background-size":"auto","background-attachment":"scroll","background-type":"","background-media":"","overlay-type":"","overlay-color":"","overlay-opacity":"","overlay-gradient":""},"mobile":{"background-color":"","background-image":"","background-repeat":"repeat","background-position":"center center","background-size":"auto","background-attachment":"scroll","background-type":"","background-media":"","overlay-type":"","overlay-color":"","overlay-opacity":"","overlay-gradient":""}},"ast-content-background-meta":{"desktop":{"background-color":"var(--ast-global-color-5)","background-image":"","background-repeat":"repeat","background-position":"center center","background-size":"auto","background-attachment":"scroll","background-type":"","background-media":"","overlay-type":"","overlay-color":"","overlay-opacity":"","overlay-gradient":""},"tablet":{"background-color":"var(--ast-global-color-5)","background-image":"","background-repeat":"repeat","background-position":"center center","background-size":"auto","background-attachment":"scroll","background-type":"","background-media":"","overlay-type":"","overlay-color":"","overlay-opacity":"","overlay-gradient":""},"mobile":{"background-color":"var(--ast-global-color-5)","background-image":"","background-repeat":"repeat","background-position":"center center","background-size":"auto","background-attachment":"scroll","background-type":"","background-media":"","overlay-type":"","overlay-color":"","overlay-opacity":"","overlay-gradient":""}},"footnotes":""},"class_list":["post-19","page","type-page","status-publish","hentry"],"post_mailing_queue_ids":[],"_links":{"self":[{"href":"https:\/\/agora.xtec.cat\/iesmoianes\/wp-json\/wp\/v2\/pages\/19","targetHints":{"allow":["GET"]}}],"collection":[{"href":"https:\/\/agora.xtec.cat\/iesmoianes\/wp-json\/wp\/v2\/pages"}],"about":[{"href":"https:\/\/agora.xtec.cat\/iesmoianes\/wp-json\/wp\/v2\/types\/page"}],"author":[{"embeddable":true,"href":"https:\/\/agora.xtec.cat\/iesmoianes\/wp-json\/wp\/v2\/users\/1"}],"replies":[{"embeddable":true,"href":"https:\/\/agora.xtec.cat\/iesmoianes\/wp-json\/wp\/v2\/comments?post=19"}],"version-history":[{"count":5,"href":"https:\/\/agora.xtec.cat\/iesmoianes\/wp-json\/wp\/v2\/pages\/19\/revisions"}],"predecessor-version":[{"id":7143,"href":"https:\/\/agora.xtec.cat\/iesmoianes\/wp-json\/wp\/v2\/pages\/19\/revisions\/7143"}],"wp:attachment":[{"href":"https:\/\/agora.xtec.cat\/iesmoianes\/wp-json\/wp\/v2\/media?parent=19"}],"curies":[{"name":"wp","href":"https:\/\/api.w.org\/{rel}","templated":true}]}}