{"id":46,"date":"2014-09-17T16:53:45","date_gmt":"2014-09-17T16:53:45","guid":{"rendered":"http:\/\/agora.xtec.cat\/iesmiramar\/?page_id=46"},"modified":"2025-09-18T16:46:47","modified_gmt":"2025-09-18T14:46:47","slug":"organigrama","status":"publish","type":"page","link":"https:\/\/agora.xtec.cat\/iesmiramar\/linstitut\/organigrama\/","title":{"rendered":"Organigrama"},"content":{"rendered":"<h2>ORGANIGRAMA CURS 2025-26<\/h2>\n<table style=\"width: 100%; border-collapse: collapse; border-style: solid; border-color: #2864aa;\" border=\"1\">\n<tbody>\n<tr>\n<td style=\"width: 50%; text-align: center;\" colspan=\"2\">\n<h4>EQUIP DIRECTIU<\/h4>\n<\/td>\n<\/tr>\n<tr>\n<td style=\"width: 50%;\"><strong>DIRECTORA<\/strong><\/td>\n<td style=\"width: 50%;\">Bego\u00f1a Tena<\/td>\n<\/tr>\n<tr>\n<td style=\"width: 50%;\"><strong>CAP D&#8217;ESTUDIS<\/strong><\/td>\n<td style=\"width: 50%;\">Esther Rueda<\/td>\n<\/tr>\n<tr>\n<td style=\"width: 50%;\"><strong>SECRET\u00c0RIA<\/strong><\/td>\n<td style=\"width: 50%;\">Esperanza L\u00f3pez<\/td>\n<\/tr>\n<tr>\n<td style=\"width: 50%;\"><strong>COORDINADORA PEDAG\u00d2GICA<\/strong><\/td>\n<td style=\"width: 50%;\">Ana I. D\u00edaz<\/td>\n<\/tr>\n<\/tbody>\n<\/table>\n<table style=\"width: 100%; border-collapse: collapse; border-style: solid; border-color: #2864aa;\" border=\"1\">\n<tbody>\n<tr>\n<td style=\"width: 50%; text-align: center;\" colspan=\"2\">\n<h4>COORDINACIONS<\/h4>\n<\/td>\n<\/tr>\n<tr>\n<td style=\"width: 50%;\"><strong>ESO<\/strong><\/td>\n<td style=\"width: 50%;\">Nuria M\u00e1rquez<\/td>\n<\/tr>\n<tr>\n<td style=\"width: 50%;\"><strong>BATXILLERAT<\/strong><\/td>\n<td style=\"width: 50%;\">Adri\u00e0 Colom<\/td>\n<\/tr>\n<\/tbody>\n<\/table>\n<table style=\"width: 100%; border-style: solid; border-color: #28648c; height: 815px;\">\n<tbody>\n<tr style=\"height: 47px;\">\n<td style=\"width: 33.3333%; height: 47px;\"><\/td>\n<td style=\"width: 33.3333%; height: 47px;\">\n<h4 style=\"text-align: center;\">TUTORIES<\/h4>\n<\/td>\n<td style=\"width: 33.3333%; height: 47px;\"><\/td>\n<\/tr>\n<tr style=\"height: 32px;\">\n<td style=\"width: 33.3333%; height: 32px; text-align: center;\"><em>CURS<\/em><\/td>\n<td style=\"width: 33.3333%; height: 32px; text-align: center;\"><em>TUTOR\/A<\/em><\/td>\n<td style=\"width: 33.3333%; height: 32px;\"><\/td>\n<\/tr>\n<tr style=\"height: 32px;\">\n<td style=\"width: 33.3333%; height: 32px;\"><strong>1 ESO A<\/strong><\/td>\n<td style=\"width: 33.3333%; height: 32px;\">Sergi Villalba<\/td>\n<td style=\"width: 33.3333%; height: 32px;\"><\/td>\n<\/tr>\n<tr style=\"height: 32px;\">\n<td style=\"width: 33.3333%; height: 32px;\"><strong>1 ESO B<\/strong><\/td>\n<td style=\"width: 33.3333%; height: 32px;\">David Alcaide<\/td>\n<td style=\"width: 33.3333%; height: 32px;\"><\/td>\n<\/tr>\n<tr style=\"height: 32px;\">\n<td style=\"width: 33.3333%; height: 32px;\"><strong>1 ESO C<\/strong><\/td>\n<td style=\"width: 33.3333%; height: 32px;\">Raquel Villalonga<\/td>\n<td style=\"width: 33.3333%; height: 32px;\"><\/td>\n<\/tr>\n<tr style=\"height: 32px;\">\n<td style=\"width: 33.3333%; height: 32px;\"><strong>1 ESO D<\/strong><\/td>\n<td style=\"width: 33.3333%; height: 32px;\">Sergio Mac\u00edas<\/td>\n<td style=\"width: 33.3333%; height: 32px;\"><\/td>\n<\/tr>\n<tr style=\"height: 32px;\">\n<td style=\"width: 33.3333%; height: 32px;\"><strong>2 ESO A<\/strong><\/td>\n<td style=\"width: 33.3333%; height: 32px;\">Blai P\u00e9rez<\/td>\n<td style=\"width: 33.3333%; height: 32px;\"><\/td>\n<\/tr>\n<tr style=\"height: 32px;\">\n<td style=\"width: 33.3333%; height: 32px;\"><strong>2 ESO B<\/strong><\/td>\n<td style=\"width: 33.3333%; height: 32px;\">Miquel de los Cobos<\/td>\n<td style=\"width: 33.3333%; height: 32px;\"><\/td>\n<\/tr>\n<tr style=\"height: 32px;\">\n<td style=\"width: 33.3333%; height: 32px;\"><strong>2 ESO C<\/strong><\/td>\n<td style=\"width: 33.3333%; height: 32px;\">Francisco Merino<\/td>\n<td style=\"width: 33.3333%; height: 32px;\"><\/td>\n<\/tr>\n<tr style=\"height: 32px;\">\n<td style=\"width: 33.3333%; height: 32px;\"><strong>2 ESO D<\/strong><\/td>\n<td style=\"width: 33.3333%; height: 32px;\">Silvia S\u00e1nchez<\/td>\n<td style=\"width: 33.3333%; height: 32px;\"><\/td>\n<\/tr>\n<tr style=\"height: 32px;\">\n<td style=\"width: 33.3333%; height: 32px;\"><strong>3 ESO A<\/strong><\/td>\n<td style=\"width: 33.3333%; height: 32px;\">Lorena P\u00e9rez<\/td>\n<td style=\"width: 33.3333%; height: 32px;\"><\/td>\n<\/tr>\n<tr style=\"height: 32px;\">\n<td style=\"width: 33.3333%; height: 32px;\"><strong>3 ESO B<\/strong><\/td>\n<td style=\"width: 33.3333%; height: 32px;\">Jos\u00e9 Manuel Castell\u00f3<\/td>\n<td style=\"width: 33.3333%; height: 32px;\"><\/td>\n<\/tr>\n<tr style=\"height: 32px;\">\n<td style=\"width: 33.3333%; height: 32px;\"><strong>3 ESO C<\/strong><\/td>\n<td style=\"width: 33.3333%; height: 32px;\">Isis Barrio<\/td>\n<td style=\"width: 33.3333%; height: 32px;\"><\/td>\n<\/tr>\n<tr style=\"height: 32px;\">\n<td style=\"width: 33.3333%; height: 32px;\"><strong>3 ESO D<\/strong><\/td>\n<td style=\"width: 33.3333%; height: 32px;\">David Cerrillo<\/td>\n<td style=\"width: 33.3333%; height: 32px;\"><\/td>\n<\/tr>\n<tr style=\"height: 32px;\">\n<td style=\"width: 33.3333%; height: 32px;\"><strong>4 ESO A<\/strong><\/td>\n<td style=\"width: 33.3333%; height: 32px;\">Anabel Hern\u00e1ndez<\/td>\n<td style=\"width: 33.3333%; height: 32px;\"><\/td>\n<\/tr>\n<tr style=\"height: 32px;\">\n<td style=\"width: 33.3333%; height: 32px;\"><strong>4 ESO B<\/strong><\/td>\n<td style=\"width: 33.3333%; height: 32px;\">Irene Arnanz<\/td>\n<td style=\"width: 33.3333%; height: 32px;\"><\/td>\n<\/tr>\n<tr style=\"height: 32px;\">\n<td style=\"width: 33.3333%; height: 32px;\"><strong>4 ESO C<\/strong><\/td>\n<td style=\"width: 33.3333%; height: 32px;\">Olga D\u00edaz<\/td>\n<td style=\"width: 33.3333%; height: 32px;\"><\/td>\n<\/tr>\n<tr style=\"height: 32px;\">\n<td style=\"width: 33.3333%; height: 32px;\"><strong>4 ESO D<\/strong><\/td>\n<td style=\"width: 33.3333%; height: 32px;\">Irene Sureda<\/td>\n<td style=\"width: 33.3333%; height: 32px;\"><\/td>\n<\/tr>\n<tr style=\"height: 32px;\">\n<td style=\"width: 33.3333%; height: 32px;\"><strong>4 ESO E<\/strong><\/td>\n<td style=\"width: 33.3333%; height: 32px;\">David Roda<\/td>\n<td style=\"width: 33.3333%; height: 32px;\"><\/td>\n<\/tr>\n<tr style=\"height: 32px;\">\n<td style=\"width: 33.3333%; height: 32px;\"><strong>4 ESO F<\/strong><\/td>\n<td style=\"width: 33.3333%; height: 32px;\">Let\u00edcia Mart\u00edn<\/td>\n<td style=\"width: 33.3333%; height: 32px;\"><\/td>\n<\/tr>\n<tr style=\"height: 32px;\">\n<td style=\"width: 33.3333%; height: 32px;\"><strong>1 BATX A<\/strong><\/td>\n<td style=\"width: 33.3333%; height: 32px;\">Araceli Cuena<\/td>\n<td style=\"width: 33.3333%; height: 32px;\"><\/td>\n<\/tr>\n<tr style=\"height: 32px;\">\n<td style=\"width: 33.3333%; height: 32px;\"><strong>1 BATX B<\/strong><\/td>\n<td style=\"width: 33.3333%; height: 32px;\">Susana Campoy<\/td>\n<td style=\"width: 33.3333%; height: 32px;\"><\/td>\n<\/tr>\n<tr style=\"height: 32px;\">\n<td style=\"width: 33.3333%; height: 32px;\"><strong>2 BATX A<\/strong><\/td>\n<td style=\"width: 33.3333%; height: 32px;\">Tom\u00e1s Caballero<\/td>\n<td style=\"width: 33.3333%; height: 32px;\"><\/td>\n<\/tr>\n<tr style=\"height: 32px;\">\n<td style=\"width: 33.3333%; height: 32px;\"><strong>2 BATX B<\/strong><\/td>\n<td style=\"width: 33.3333%; height: 32px;\">Ana M. Redondo<\/td>\n<td style=\"width: 33.3333%; height: 32px;\"><\/td>\n<\/tr>\n<tr style=\"height: 32px;\">\n<td style=\"width: 33.3333%; height: 32px;\"><\/td>\n<td style=\"width: 33.3333%; height: 32px;\"><\/td>\n<td style=\"width: 33.3333%; height: 32px;\"><\/td>\n<\/tr>\n<\/tbody>\n<\/table>\n<table style=\"width: 100%; border-color: #2864aa; border-style: solid;\">\n<tbody>\n<tr>\n<td style=\"width: 50%; text-align: center;\" colspan=\"2\">\n<h4>CAPS DE DEPARTAMENT<\/h4>\n<\/td>\n<\/tr>\n<tr>\n<td style=\"width: 50%;\"><strong>Catal\u00e0<\/strong><\/td>\n<td style=\"width: 50%;\">Gen\u00eds Morera<\/td>\n<\/tr>\n<tr>\n<td style=\"width: 50%;\"><strong>Castell\u00e0<\/strong><\/td>\n<td style=\"width: 50%;\">Janett Uriol<\/td>\n<\/tr>\n<tr>\n<td style=\"width: 50%;\"><strong>Matem\u00e0tiques<\/strong><\/td>\n<td style=\"width: 50%;\">Manuel Oliver<\/td>\n<\/tr>\n<tr>\n<td style=\"width: 50%;\"><strong>Lleng\u00fces Estrangeres<\/strong><\/td>\n<td style=\"width: 50%;\">Xavier Salam\u00ed<\/td>\n<\/tr>\n<tr>\n<td style=\"width: 50%;\"><strong>Ci\u00e8ncies Socials<\/strong><\/td>\n<td style=\"width: 50%;\">Alicia L\u00f3pez<\/td>\n<\/tr>\n<tr>\n<td style=\"width: 50%;\"><strong>Biologia i Geologia<\/strong><\/td>\n<td style=\"width: 50%;\">Vanesa Chueca<\/td>\n<\/tr>\n<tr>\n<td style=\"width: 50%;\"><strong>F\u00edsica i Qu\u00edmica<\/strong><\/td>\n<td style=\"width: 50%;\">Mar Navarro<\/td>\n<\/tr>\n<tr>\n<td style=\"width: 50%;\"><strong>Tecnologia<\/strong><\/td>\n<td style=\"width: 50%;\">David Cerrillo<\/td>\n<\/tr>\n<tr>\n<td style=\"width: 50%;\"><strong>Expressi\u00f3 (Educaci\u00f3 F\u00edsica, Educaci\u00f3 Visual i Pl\u00e0stica i M\u00fasica)<\/strong><\/td>\n<td style=\"width: 50%;\">Toni S\u00e1nchez<\/td>\n<\/tr>\n<tr>\n<td style=\"width: 50%;\"><strong>Orientaci\u00f3 Escolar<\/strong><\/td>\n<td style=\"width: 50%;\">Cristina Urrea<\/td>\n<\/tr>\n<tr>\n<td style=\"width: 50%;\"><\/td>\n<td style=\"width: 50%;\"><\/td>\n<\/tr>\n<\/tbody>\n<\/table>\n<p>&nbsp;<\/p>\n<table style=\"width: 100%; border-collapse: collapse; border-style: solid; border-color: #2864aa;\" border=\"1\">\n<tbody>\n<tr>\n<td style=\"width: 50%; text-align: center;\" colspan=\"2\">\n<h4>PERSONAL D&#8217;ADMINISTRACI\u00d3 I SERVEIS<\/h4>\n<\/td>\n<\/tr>\n<tr>\n<td style=\"width: 50%;\"><strong>ADMINISTRATIVA<\/strong><\/td>\n<td style=\"width: 50%;\">Puri L\u00f3pez<\/td>\n<\/tr>\n<tr>\n<td style=\"width: 50%;\"><strong>ADMINISTRATIVA<\/strong><\/td>\n<td style=\"width: 50%;\">\u00a0Laura Feliu<\/td>\n<\/tr>\n<tr>\n<td style=\"width: 50%;\"><strong>CONSERGE<\/strong><\/td>\n<td style=\"width: 50%;\">\u00a0H\u00e9ctor Colet<\/td>\n<\/tr>\n<tr>\n<td style=\"width: 50%;\"><strong>CONSERGE<\/strong><\/td>\n<td style=\"width: 50%;\">Silvia Vega<\/td>\n<\/tr>\n<\/tbody>\n<\/table>\n<p>&nbsp;<\/p>\n","protected":false},"excerpt":{"rendered":"<p>ORGANIGRAMA CURS 2025-26<\/p>\n<p>EQUIP DIRECTIU<\/p>\n<p>DIRECTORA<br \/>\nBego\u00f1a Tena<\/p>\n<p>CAP D&#8217;ESTUDIS<br \/>\nEsther Rueda<\/p>\n<p>SECRET\u00c0RIA<br \/>\nEsperanza L\u00f3pez<\/p>\n<p>COORDINADORA PEDAG\u00d2GICA<br \/>\nAna I. D\u00edaz<\/p>\n<p>COORDINACIONS<\/p>\n<p>ESO<br \/>\nNuria M\u00e1rquez<\/p>\n<p>BATXILLERAT<br \/>\nAdri\u00e0 Colom<\/p>\n<p>TUTORIES<\/p>\n<p>CURS<br \/>\nTUTOR\/A<\/p>\n<p>1 ESO A<br \/>\nSergi Villalba<\/p>\n<p>1 ESO B<br \/>\nDavid Alcaide<\/p>\n<p>1 ESO C<br \/>\nRaquel Villalonga<\/p>\n<p>1 ESO D<br \/>\nSergio Mac\u00edas<\/p>\n<p>2 ESO A<br \/>\nBlai P\u00e9rez<\/p>\n<p>2 ESO B<br \/>\nMiquel de los Cobos<\/p>\n<p>2 ESO C<br \/>\nFrancisco Merino<\/p>\n<p>2 ESO D<br \/>\nSilvia S\u00e1nchez<\/p>\n<p>3 ESO A<br \/>\nLorena P\u00e9rez<\/p>\n<p>3 ESO B<br \/>\nJos\u00e9 Manuel&hellip;  <a href=\"https:\/\/agora.xtec.cat\/iesmiramar\/linstitut\/organigrama\/\" title=\"Read Organigrama\">Llegeix m\u00e9s\u00bb<\/a><\/p>\n","protected":false},"author":1,"featured_media":0,"parent":19,"menu_order":50,"comment_status":"closed","ping_status":"closed","template":"page-templates\/side-menu.php","meta":{"_bbp_topic_count":0,"_bbp_reply_count":0,"_bbp_total_topic_count":0,"_bbp_total_reply_count":0,"_bbp_voice_count":0,"_bbp_anonymous_reply_count":0,"_bbp_topic_count_hidden":0,"_bbp_reply_count_hidden":0,"_bbp_forum_subforum_count":0,"footnotes":""},"class_list":["post-46","page","type-page","status-publish","hentry"],"post_mailing_queue_ids":[],"_links":{"self":[{"href":"https:\/\/agora.xtec.cat\/iesmiramar\/wp-json\/wp\/v2\/pages\/46","targetHints":{"allow":["GET"]}}],"collection":[{"href":"https:\/\/agora.xtec.cat\/iesmiramar\/wp-json\/wp\/v2\/pages"}],"about":[{"href":"https:\/\/agora.xtec.cat\/iesmiramar\/wp-json\/wp\/v2\/types\/page"}],"author":[{"embeddable":true,"href":"https:\/\/agora.xtec.cat\/iesmiramar\/wp-json\/wp\/v2\/users\/1"}],"replies":[{"embeddable":true,"href":"https:\/\/agora.xtec.cat\/iesmiramar\/wp-json\/wp\/v2\/comments?post=46"}],"version-history":[{"count":7,"href":"https:\/\/agora.xtec.cat\/iesmiramar\/wp-json\/wp\/v2\/pages\/46\/revisions"}],"predecessor-version":[{"id":8333,"href":"https:\/\/agora.xtec.cat\/iesmiramar\/wp-json\/wp\/v2\/pages\/46\/revisions\/8333"}],"up":[{"embeddable":true,"href":"https:\/\/agora.xtec.cat\/iesmiramar\/wp-json\/wp\/v2\/pages\/19"}],"wp:attachment":[{"href":"https:\/\/agora.xtec.cat\/iesmiramar\/wp-json\/wp\/v2\/media?parent=46"}],"curies":[{"name":"wp","href":"https:\/\/api.w.org\/{rel}","templated":true}]}}