{"id":39,"date":"2014-09-17T16:36:44","date_gmt":"2014-09-17T16:36:44","guid":{"rendered":"http:\/\/agora.xtec.cat\/iesmiramar\/?page_id=39"},"modified":"2019-02-27T19:27:24","modified_gmt":"2019-02-27T18:27:24","slug":"instal%c2%b7lacions","status":"publish","type":"page","link":"https:\/\/agora.xtec.cat\/iesmiramar\/linstitut\/instal%c2%b7lacions\/","title":{"rendered":"Instal\u00b7lacions"},"content":{"rendered":"<p style=\"text-align: center;\"><a href=\"https:\/\/agora.xtec.cat\/iesmiramar\/wp-content\/uploads\/usu968\/2016\/08\/20160225_094010.jpg\"><img loading=\"lazy\" decoding=\"async\" class=\"alignnone size-medium wp-image-899\" src=\"https:\/\/agora.xtec.cat\/iesmiramar\/wp-content\/uploads\/usu968\/2016\/08\/20160225_094010-300x225.jpg\" alt=\"\" width=\"300\" height=\"225\" srcset=\"https:\/\/agora.xtec.cat\/iesmiramar\/wp-content\/uploads\/usu968\/2016\/08\/20160225_094010-300x225.jpg 300w, https:\/\/agora.xtec.cat\/iesmiramar\/wp-content\/uploads\/usu968\/2016\/08\/20160225_094010-768x576.jpg 768w, https:\/\/agora.xtec.cat\/iesmiramar\/wp-content\/uploads\/usu968\/2016\/08\/20160225_094010-1024x768.jpg 1024w, https:\/\/agora.xtec.cat\/iesmiramar\/wp-content\/uploads\/usu968\/2016\/08\/20160225_094010-200x150.jpg 200w\" sizes=\"auto, (max-width: 300px) 100vw, 300px\" \/><\/a><\/p>\n<p>&nbsp;<\/p>\n<p>L&#8217;INS Miramar posa a disposici\u00f3 del seu alumnat els recursos m\u00e9s moderns i els serveis m\u00e9s adients per a aconseguir una formaci\u00f3 de qualitat.<\/p>\n<p>El centre disposa de les seg\u00fcents instal\u00b7lacions:<\/p>\n<p>Laboratori de f\u00edsica i geologia<br \/>\nAula de noves tecnologies per a les ci\u00e8ncies<br \/>\nLaboratori de qu\u00edmica<br \/>\nLaboratori de biologia<br \/>\n1 aula d&#8217;inform\u00e0tica multim\u00e8dia equipada amb ordinadors i amb connexi\u00f3 a internet<br \/>\n14 aules classe equipades pel projecte eduCAT 2.0 amb PDI.<br \/>\n2 tallers de tecnologia<br \/>\nAula de dibuix i pl\u00e0stica<br \/>\nGimn\u00e0s<br \/>\nVestidors<br \/>\nPista poliesportiva<br \/>\nAula polivalent<br \/>\nBiblioteca<\/p>\n","protected":false},"excerpt":{"rendered":"<p><a href=\"https:\/\/agora.xtec.cat\/iesmiramar\/wp-content\/uploads\/usu968\/2016\/08\/20160225_094010.jpg\"><\/a><br \/>\n&nbsp;<br \/>\nL&#8217;INS Miramar posa a disposici\u00f3 del seu alumnat els recursos m\u00e9s moderns i els serveis m\u00e9s adients per a aconseguir una formaci\u00f3 de qualitat.<br \/>\nEl centre disposa de les seg\u00fcents instal\u00b7lacions:<br \/>\nLaboratori de f\u00edsica i geologia<br \/>\nAula de noves tecnologies per a les ci\u00e8ncies<br \/>\nLaboratori de qu\u00edmica<br \/>\nLaboratori de&hellip;  <a href=\"https:\/\/agora.xtec.cat\/iesmiramar\/linstitut\/instal%c2%b7lacions\/\" title=\"Read Instal\u00b7lacions\">Llegeix m\u00e9s\u00bb<\/a><\/p>\n","protected":false},"author":1,"featured_media":0,"parent":19,"menu_order":30,"comment_status":"closed","ping_status":"closed","template":"page-templates\/side-menu.php","meta":{"_bbp_topic_count":0,"_bbp_reply_count":0,"_bbp_total_topic_count":0,"_bbp_total_reply_count":0,"_bbp_voice_count":0,"_bbp_anonymous_reply_count":0,"_bbp_topic_count_hidden":0,"_bbp_reply_count_hidden":0,"_bbp_forum_subforum_count":0,"footnotes":""},"class_list":["post-39","page","type-page","status-publish","hentry"],"post_mailing_queue_ids":[],"_links":{"self":[{"href":"https:\/\/agora.xtec.cat\/iesmiramar\/wp-json\/wp\/v2\/pages\/39","targetHints":{"allow":["GET"]}}],"collection":[{"href":"https:\/\/agora.xtec.cat\/iesmiramar\/wp-json\/wp\/v2\/pages"}],"about":[{"href":"https:\/\/agora.xtec.cat\/iesmiramar\/wp-json\/wp\/v2\/types\/page"}],"author":[{"embeddable":true,"href":"https:\/\/agora.xtec.cat\/iesmiramar\/wp-json\/wp\/v2\/users\/1"}],"replies":[{"embeddable":true,"href":"https:\/\/agora.xtec.cat\/iesmiramar\/wp-json\/wp\/v2\/comments?post=39"}],"version-history":[{"count":3,"href":"https:\/\/agora.xtec.cat\/iesmiramar\/wp-json\/wp\/v2\/pages\/39\/revisions"}],"predecessor-version":[{"id":3539,"href":"https:\/\/agora.xtec.cat\/iesmiramar\/wp-json\/wp\/v2\/pages\/39\/revisions\/3539"}],"up":[{"embeddable":true,"href":"https:\/\/agora.xtec.cat\/iesmiramar\/wp-json\/wp\/v2\/pages\/19"}],"wp:attachment":[{"href":"https:\/\/agora.xtec.cat\/iesmiramar\/wp-json\/wp\/v2\/media?parent=39"}],"curies":[{"name":"wp","href":"https:\/\/api.w.org\/{rel}","templated":true}]}}