{"id":27,"date":"2014-09-17T16:24:03","date_gmt":"2014-09-17T16:24:03","guid":{"rendered":"http:\/\/agora.xtec.cat\/iesmiramar\/?page_id=27"},"modified":"2019-02-27T19:24:20","modified_gmt":"2019-02-27T18:24:20","slug":"historia","status":"publish","type":"page","link":"https:\/\/agora.xtec.cat\/iesmiramar\/linstitut\/historia\/","title":{"rendered":"Hist\u00f2ria"},"content":{"rendered":"<p>L&#8217;Institut d&#8217;Educaci\u00f3 Secund\u00e0ria Miramar est\u00e0 ubicat al barri de la Montserratina de Viladecans en un edifici modern (finalista dels premis FAD d&#8217;arquitectura de l&#8217;any 1992), pr\u00e0cticament lliure de barreres arquitect\u00f2niques i dotat amb les millors instal\u00b7lacions per a oferir un ensenyament de qualitat.<\/p>\n<p>L&#8217;IES Miramar \u00e9s un centre educatiu amb vocaci\u00f3 de servei p\u00fablic, obert a tothom, amb la intenci\u00f3 clara d&#8217;oferir una formaci\u00f3 acad\u00e8mica i humana de qualitat, renunciant a qualsevol tipus d&#8217;adoctrinament. Una instituci\u00f3 regida pels principis de la democr\u00e0cia i la toler\u00e0ncia, el respecte de les idees, la defensa de la pau i dels drets humans i la conservaci\u00f3 de la natura<\/p>\n<p>L&#8217;IES Miramar \u00e9s una instituci\u00f3 laica, que posa \u00e8mfasi en el pluralisme ideol\u00f2gic i en la llibertat, tant de pensament com d&#8217;actuaci\u00f3. Ning\u00fa no podr\u00e0 ser discriminat per ra\u00f3 de les seves creences religioses o pol\u00edtiques<\/p>\n<p>El nostre projecte educatiu t\u00e9 com a objectius prioritaris l&#8217;est\u00edmul de la capacitat d&#8217;aprenentatge i de la curiositat dels alumnes, la formaci\u00f3 de persones inquietes, motivades per la cultura, emprenedores, aut\u00f2nomes i creatives. Tanmateix, considerem fonamental el foment de la pr\u00f2pia autoestima dels alumnes, el desenvolupament de la pr\u00f2pia personalitat i de les habilitats socials que tan necess\u00e0ries s\u00f3n per a l&#8217;\u00e8xit professional i social a la vida moderna.<\/p>\n<p>Volem que l&#8217;institut sigui un espai per a l&#8217;aprenentatge i l&#8217;experimentaci\u00f3 dels valors que haurien de guiar la vida en societat, un espai de desenvolupament personal per a tota la comunitat educativa i un lloc per a l&#8217;aprenentatge de la relaci\u00f3 amb els altres i de la vida en comunitat. Per aquests motius, ens prenem molt seriosament la creaci\u00f3 del clima de conviv\u00e8ncia i de treball necessari per a l&#8217;estudi i incorporem en la pr\u00e0ctica acad\u00e8mica di\u00e0ria actuacions que afavoreixin que els nostres alumnes se sentin a gust en el centre.<\/p>\n<p>El seguiment individualitzat dels alumnes, tant des del punt de vista acad\u00e8mic com de desenvolupament personal, aix\u00ed com una flu\u00efda comunicaci\u00f3 amb les fam\u00edlies s\u00f3n els eixos d&#8217;una acci\u00f3 tutorial compartida per tot el professorat.<\/p>\n<p>L&#8217;atenci\u00f3 a la diversitat, les adaptacions curriculars i els grups redu\u00efts en les mat\u00e8ries instrumentals s\u00f3n alguns dels mitjans emprats en la consecuci\u00f3 dels nostres objectius did\u00e0ctics.<\/p>\n<p>De la seriositat de la nostra tasca parlen els magn\u00edfics resultats acad\u00e8mics aconseguits al llarg de tots aquests anys pels nostres alumnes, alguns dels quals, malgrat la relativa curta hist\u00f2ria del centre, han finalitzat ja amb \u00e8xit els seus estudis universitaris.<\/p>\n<p><a href=\"https:\/\/agora.xtec.cat\/iesmiramar\/wp-content\/uploads\/usu968\/2016\/08\/20160225_093903.jpg\"><img loading=\"lazy\" decoding=\"async\" class=\"alignnone wp-image-898 size-large\" src=\"https:\/\/agora.xtec.cat\/iesmiramar\/wp-content\/uploads\/usu968\/2016\/08\/20160225_093903-1024x768.jpg\" alt=\"\" width=\"1024\" height=\"768\" srcset=\"https:\/\/agora.xtec.cat\/iesmiramar\/wp-content\/uploads\/usu968\/2016\/08\/20160225_093903-1024x768.jpg 1024w, https:\/\/agora.xtec.cat\/iesmiramar\/wp-content\/uploads\/usu968\/2016\/08\/20160225_093903-300x225.jpg 300w, https:\/\/agora.xtec.cat\/iesmiramar\/wp-content\/uploads\/usu968\/2016\/08\/20160225_093903-768x576.jpg 768w, https:\/\/agora.xtec.cat\/iesmiramar\/wp-content\/uploads\/usu968\/2016\/08\/20160225_093903-200x150.jpg 200w\" sizes=\"auto, (max-width: 1024px) 100vw, 1024px\" \/><\/a><\/p>\n<p>&nbsp;<\/p>\n","protected":false},"excerpt":{"rendered":"<p>L&#8217;Institut d&#8217;Educaci\u00f3 Secund\u00e0ria Miramar est\u00e0 ubicat al barri de la Montserratina de Viladecans en un edifici modern (finalista dels premis FAD d&#8217;arquitectura de l&#8217;any 1992), pr\u00e0cticament lliure de barreres arquitect\u00f2niques i dotat amb les millors instal\u00b7lacions per a oferir un ensenyament de qualitat.<br \/>\nL&#8217;IES Miramar \u00e9s&hellip;  <a href=\"https:\/\/agora.xtec.cat\/iesmiramar\/linstitut\/historia\/\" title=\"Read Hist\u00f2ria\">Llegeix m\u00e9s\u00bb<\/a><\/p>\n","protected":false},"author":1,"featured_media":0,"parent":19,"menu_order":20,"comment_status":"closed","ping_status":"closed","template":"page-templates\/side-menu.php","meta":{"_bbp_topic_count":0,"_bbp_reply_count":0,"_bbp_total_topic_count":0,"_bbp_total_reply_count":0,"_bbp_voice_count":0,"_bbp_anonymous_reply_count":0,"_bbp_topic_count_hidden":0,"_bbp_reply_count_hidden":0,"_bbp_forum_subforum_count":0,"footnotes":""},"class_list":["post-27","page","type-page","status-publish","hentry"],"post_mailing_queue_ids":[],"_links":{"self":[{"href":"https:\/\/agora.xtec.cat\/iesmiramar\/wp-json\/wp\/v2\/pages\/27","targetHints":{"allow":["GET"]}}],"collection":[{"href":"https:\/\/agora.xtec.cat\/iesmiramar\/wp-json\/wp\/v2\/pages"}],"about":[{"href":"https:\/\/agora.xtec.cat\/iesmiramar\/wp-json\/wp\/v2\/types\/page"}],"author":[{"embeddable":true,"href":"https:\/\/agora.xtec.cat\/iesmiramar\/wp-json\/wp\/v2\/users\/1"}],"replies":[{"embeddable":true,"href":"https:\/\/agora.xtec.cat\/iesmiramar\/wp-json\/wp\/v2\/comments?post=27"}],"version-history":[{"count":3,"href":"https:\/\/agora.xtec.cat\/iesmiramar\/wp-json\/wp\/v2\/pages\/27\/revisions"}],"predecessor-version":[{"id":3537,"href":"https:\/\/agora.xtec.cat\/iesmiramar\/wp-json\/wp\/v2\/pages\/27\/revisions\/3537"}],"up":[{"embeddable":true,"href":"https:\/\/agora.xtec.cat\/iesmiramar\/wp-json\/wp\/v2\/pages\/19"}],"wp:attachment":[{"href":"https:\/\/agora.xtec.cat\/iesmiramar\/wp-json\/wp\/v2\/media?parent=27"}],"curies":[{"name":"wp","href":"https:\/\/api.w.org\/{rel}","templated":true}]}}