{"id":195,"date":"2014-09-22T10:39:39","date_gmt":"2014-09-22T10:39:39","guid":{"rendered":"http:\/\/agora.xtec.cat\/iesmiramar\/?page_id=195"},"modified":"2024-09-21T18:55:15","modified_gmt":"2024-09-21T16:55:15","slug":"estudis","status":"publish","type":"page","link":"https:\/\/agora.xtec.cat\/iesmiramar\/estudis\/","title":{"rendered":"Estudis"},"content":{"rendered":"<p><span style=\"color: #cc0000; font-size: large;\">OFERTA EDUCATIVA DE L&#8217;IES MIRAMAR<\/span><\/p>\n<p>El nostre centre \u00e9s un institut d&#8217;ensenyament secundari de concepci\u00f3 moderna. Est\u00e0 dissenyat per impartir les etapes d&#8217;<a href=\"\/iesmiramar\/intranet\/index.php?module=pages&amp;func=display&amp;pageid=6\">ESO<\/a> i <a href=\"\/iesmiramar\/intranet\/index.php?module=pages&amp;func=display&amp;pageid=7\">Batxillerat<\/a>. El curs actual, els nivells i nombre de grups que tenim a l&#8217;institut s\u00f3n els seg\u00fcents:<\/p>\n<table style=\"border-color: #000000; height: 250px;\" width=\"346\">\n<tbody>\n<tr>\n<td style=\"text-align: center;\">Curs<\/td>\n<td style=\"text-align: center;\">Grups<\/td>\n<\/tr>\n<tr>\n<td style=\"text-align: center;\">1 ESO<\/td>\n<td style=\"text-align: center;\">4<\/td>\n<\/tr>\n<tr>\n<td style=\"text-align: center;\">2 ESO<\/td>\n<td style=\"text-align: center;\">4<\/td>\n<\/tr>\n<tr>\n<td style=\"text-align: center;\">3 ESO<\/td>\n<td style=\"text-align: center;\">6<\/td>\n<\/tr>\n<tr>\n<td style=\"text-align: center;\">4 ESO<\/td>\n<td style=\"text-align: center;\">5<\/td>\n<\/tr>\n<tr>\n<td style=\"text-align: center;\">1 BATX<\/td>\n<td style=\"text-align: center;\">2<\/td>\n<\/tr>\n<tr>\n<td style=\"text-align: center;\">2 BATX<\/td>\n<td style=\"text-align: center;\">2<\/td>\n<\/tr>\n<\/tbody>\n<\/table>\n<header class=\"entry-header\" style=\"color: #444444;\">\n<h1 class=\"entry-title\" style=\"font-weight: 400; color: #087eb6;\">ESO<\/h1>\n<p>L&#8217;educaci\u00f3 secund\u00e0ria obligat\u00f2ria (ESO) \u00e9s l&#8217;\u00faltima etapa educativa que t\u00e9 car\u00e0cter obligatori i universal per a tots els nens i nenes amb edats compreses entre 12 i 16 anys. Degut a aquest fet, t\u00e9 una import\u00e0ncia especial en el desenvolupament de les capacitats que hauran de marcar la seva futura vida acad\u00e8mica o laboral.\u00a0 Conscients d&#8217;aquesta import\u00e0ncia, a l&#8217;IES Miramar, el desenvolupament curricular dels continguts d&#8217;aquesta etapa i el disseny escollit per a les activitats d&#8217;ensenyament-aprenentatge<br \/>\npretenen assolir el millor aprofitament possible per part de cadascun dels nostres alumnes, atenent a la gran diversitat d&#8217;interessos, capacitats i ritmes d&#8217;aprenentatge que presenten.<\/p>\n<p>La finalitat de l&#8217;ESO \u00e9s transmetre als alumnes els elements b\u00e0sics de la cultura, especialment en els seus aspectes cient\u00edfic, tecnol\u00f2gic i human\u00edstic; consolidar en ells h\u00e0bits d&#8217;estudi i treball que afavoreixin l&#8217;aprenentatge aut\u00f2nom i el desenvolupament de les seves capacitats; formar-los perqu\u00e8 assumeixin els seus deures i exerceixin els seus drets i preparar-los per a la seva incorporaci\u00f3<br \/>\na estudis posteriors i per a la seva inserci\u00f3 laboral<\/p>\n<p>En una societat tan r\u00e0pidament canviant, tant socialment com tecnol\u00f2gica, el nostre objectiu per a aquesta etapa \u00e9s donar les bases perqu\u00e8 els nostres alumnes, els homes i les dones del futur, siguin capa\u00e7os d&#8217;adaptar-s&#8217;hi i trobar-hi el lloc adient en el qual desenvolupar la seva vida, per tal que puguin triomfar i ser feli\u00e7os, tant a nivell personal com professional.<\/p>\n<p>Les \u00e0rees comunes s\u00f3n Llengua Catalana, Llengua Castellana, Llengua estrangera (Angl\u00e8s), Ci\u00e8ncies Socials, Matem\u00e0tiques, Ci\u00e8ncies de la Naturalesa, Tecnologia, M\u00fasica, Educaci\u00f3 F\u00edsica i Educaci\u00f3 Visual i Pl\u00e0stica.<\/p>\n<p>Sense desatendre la cultura i la ci\u00e8ncia en general, donem una especial import\u00e0ncia a les \u00e0rees de Matem\u00e0tiques i Lleng\u00fces, anomenades instrumentals pel fet de ser imprescindibles tant per a l&#8217;estudi de les altres \u00e0rees com per a la vida personal i laboral despr\u00e9s d&#8217;acabar l&#8217;etapa.<\/p>\n<p>A 1r, 2n i 3r, els alumnes han de realitzar un <a style=\"color: #ff0000;\" href=\"\/iesmiramar\/eso\/sintesi.htm\">cr\u00e8dit de s\u00edntesi<\/a><span style=\"color: #ff0000;\">,<\/span> en el qual han d&#8217;aplicar les destreses, habilitats i coneixements adquirits durant el curs. A quart d&#8217;ESO els alumnes realitzen un <span style=\"color: #0000ff;\">proyecte de recerca<\/span> que els serveix com a iniciaci\u00f3 del treball de recerca de batxillerat.<\/p>\n<p>Un cop superada l&#8217;ESO, s&#8217;obt\u00e9 el t\u00edtol de Graduat en Educaci\u00f3 Secund\u00e0ria.<\/p>\n<\/header>\n<div class=\"entry-content\" style=\"color: #444444;\">\n<header class=\"entry-header\">\n<h1 class=\"entry-title\" style=\"font-weight: 400; color: #087eb6;\">Batxillerat<\/h1>\n<p style=\"text-align: justify;\">Els estudis de Batxillerat comprenen dos cursos acad\u00e8mics i es desenvolupen en diverses modalitats per permetre als alumnes una preparaci\u00f3 especialitzada de cara a la seva incorporaci\u00f3 a estudis posteriors (tant universitaris com professionals de grau superior) i per a la inserci\u00f3 laboral.<\/p>\n<p style=\"text-align: justify;\">Per a l&#8217;acc\u00e9s al Batxillerat cal el t\u00edtol de Graduat en Educaci\u00f3 Secund\u00e0ria Obligat\u00f2ria o titulaci\u00f3 equivalent a efectes acad\u00e8mics.<\/p>\n<p style=\"text-align: justify;\">La finalitat del Batxillerat \u00e9s proporcionar als alumnes una educaci\u00f3 i formaci\u00f3 integral, intel\u00b7lectual i humana, aix\u00ed com els coneixements i habilitats que els permetin desenvolupar les seves funcions socials i laborals amb responsabilitat i compet\u00e8ncia.<\/p>\n<p style=\"text-align: justify;\">El Batxillerat s&#8217;estructura en assignatures comunes, en assignatures espec\u00edfiques de modalitat i en assignatures optatives. Les assignatures comunes contribueixen a la formaci\u00f3 general dels alumnes. Les espec\u00edfiques de cada modalitat i les optatives els proporcionen una formaci\u00f3 m\u00e9s especialitzada, preparant-los i orientant-los cap a estudis posteriors i cap a l&#8217;activitat professional.<\/p>\n<p>L&#8217;IES Miramar ofereix les seg\u00fcents modalitats de Batxillerat:<\/p>\n<p>Vegeu la <a href=\"http:\/\/agora.xtec.cat\/iesmiramar\/wp-content\/uploads\/usu968\/2016\/04\/guiabtx.pdf\" target=\"_blank\" rel=\"noopener\">Guia del Batxillerat<\/a><\/p>\n<\/header>\n<\/div>\n<p>&nbsp;<\/p>\n","protected":false},"excerpt":{"rendered":"<p>OFERTA EDUCATIVA DE L&#8217;IES MIRAMAR<br \/>\nEl nostre centre \u00e9s un institut d&#8217;ensenyament secundari de concepci\u00f3 moderna. Est\u00e0 dissenyat per impartir les etapes d&#8217;<a href=\"\/iesmiramar\/intranet\/index.php?module=pages&amp;func=display&amp;pageid=6\">ESO<\/a> i <a href=\"\/iesmiramar\/intranet\/index.php?module=pages&amp;func=display&amp;pageid=7\">Batxillerat<\/a>. El curs actual, els nivells i nombre de grups que tenim a l&#8217;institut s\u00f3n els seg\u00fcents:<\/p>\n<p>Curs<br \/>\nGrups<\/p>\n<p>1 ESO<br \/>\n4<\/p>\n<p>2 ESO<br \/>\n4<\/p>\n<p>3 ESO<br \/>\n6<\/p>\n<p>4&hellip;  <a href=\"https:\/\/agora.xtec.cat\/iesmiramar\/estudis\/\" title=\"Read Estudis\">Llegeix m\u00e9s\u00bb<\/a><\/p>\n","protected":false},"author":1,"featured_media":0,"parent":0,"menu_order":0,"comment_status":"closed","ping_status":"closed","template":"","meta":{"_bbp_topic_count":0,"_bbp_reply_count":0,"_bbp_total_topic_count":0,"_bbp_total_reply_count":0,"_bbp_voice_count":0,"_bbp_anonymous_reply_count":0,"_bbp_topic_count_hidden":0,"_bbp_reply_count_hidden":0,"_bbp_forum_subforum_count":0,"footnotes":""},"class_list":["post-195","page","type-page","status-publish","hentry"],"post_mailing_queue_ids":[],"_links":{"self":[{"href":"https:\/\/agora.xtec.cat\/iesmiramar\/wp-json\/wp\/v2\/pages\/195","targetHints":{"allow":["GET"]}}],"collection":[{"href":"https:\/\/agora.xtec.cat\/iesmiramar\/wp-json\/wp\/v2\/pages"}],"about":[{"href":"https:\/\/agora.xtec.cat\/iesmiramar\/wp-json\/wp\/v2\/types\/page"}],"author":[{"embeddable":true,"href":"https:\/\/agora.xtec.cat\/iesmiramar\/wp-json\/wp\/v2\/users\/1"}],"replies":[{"embeddable":true,"href":"https:\/\/agora.xtec.cat\/iesmiramar\/wp-json\/wp\/v2\/comments?post=195"}],"version-history":[{"count":4,"href":"https:\/\/agora.xtec.cat\/iesmiramar\/wp-json\/wp\/v2\/pages\/195\/revisions"}],"predecessor-version":[{"id":7855,"href":"https:\/\/agora.xtec.cat\/iesmiramar\/wp-json\/wp\/v2\/pages\/195\/revisions\/7855"}],"wp:attachment":[{"href":"https:\/\/agora.xtec.cat\/iesmiramar\/wp-json\/wp\/v2\/media?parent=195"}],"curies":[{"name":"wp","href":"https:\/\/api.w.org\/{rel}","templated":true}]}}