{"id":617,"date":"2017-12-26T19:59:27","date_gmt":"2017-12-26T18:59:27","guid":{"rendered":"http:\/\/agora.xtec.cat\/iesmiquelcrusafont\/?page_id=617"},"modified":"2017-12-27T18:44:49","modified_gmt":"2017-12-27T17:44:49","slug":"ciencies","status":"publish","type":"page","link":"https:\/\/agora.xtec.cat\/iesmiquelcrusafont\/departaments\/ciencies\/","title":{"rendered":"Ci\u00e8ncies"},"content":{"rendered":"<p>Properament trobareu informaci\u00f3 del departament de ci\u00e8ncies.<\/p>\n","protected":false},"excerpt":{"rendered":"<p>Properament trobareu informaci\u00f3 del departament de ci\u00e8ncies.<\/p>\n","protected":false},"author":1,"featured_media":0,"parent":609,"menu_order":10,"comment_status":"closed","ping_status":"closed","template":"page-templates\/side-menu.php","meta":{"_bbp_topic_count":0,"_bbp_reply_count":0,"_bbp_total_topic_count":0,"_bbp_total_reply_count":0,"_bbp_voice_count":0,"_bbp_anonymous_reply_count":0,"_bbp_topic_count_hidden":0,"_bbp_reply_count_hidden":0,"_bbp_forum_subforum_count":0,"footnotes":""},"class_list":["post-617","page","type-page","status-publish","hentry"],"post_mailing_queue_ids":[],"_links":{"self":[{"href":"https:\/\/agora.xtec.cat\/iesmiquelcrusafont\/wp-json\/wp\/v2\/pages\/617","targetHints":{"allow":["GET"]}}],"collection":[{"href":"https:\/\/agora.xtec.cat\/iesmiquelcrusafont\/wp-json\/wp\/v2\/pages"}],"about":[{"href":"https:\/\/agora.xtec.cat\/iesmiquelcrusafont\/wp-json\/wp\/v2\/types\/page"}],"author":[{"embeddable":true,"href":"https:\/\/agora.xtec.cat\/iesmiquelcrusafont\/wp-json\/wp\/v2\/users\/1"}],"replies":[{"embeddable":true,"href":"https:\/\/agora.xtec.cat\/iesmiquelcrusafont\/wp-json\/wp\/v2\/comments?post=617"}],"version-history":[{"count":2,"href":"https:\/\/agora.xtec.cat\/iesmiquelcrusafont\/wp-json\/wp\/v2\/pages\/617\/revisions"}],"predecessor-version":[{"id":642,"href":"https:\/\/agora.xtec.cat\/iesmiquelcrusafont\/wp-json\/wp\/v2\/pages\/617\/revisions\/642"}],"up":[{"embeddable":true,"href":"https:\/\/agora.xtec.cat\/iesmiquelcrusafont\/wp-json\/wp\/v2\/pages\/609"}],"wp:attachment":[{"href":"https:\/\/agora.xtec.cat\/iesmiquelcrusafont\/wp-json\/wp\/v2\/media?parent=617"}],"curies":[{"name":"wp","href":"https:\/\/api.w.org\/{rel}","templated":true}]}}