{"id":3646,"date":"2024-01-21T13:00:02","date_gmt":"2024-01-21T12:00:02","guid":{"rendered":"https:\/\/agora.xtec.cat\/iesmiquelcrusafont\/?page_id=3646"},"modified":"2024-01-21T13:06:03","modified_gmt":"2024-01-21T12:06:03","slug":"proves-per-a-lobtencio-del-titol-deso","status":"publish","type":"page","link":"https:\/\/agora.xtec.cat\/iesmiquelcrusafont\/secretaria\/proves-per-a-lobtencio-del-titol-deso\/","title":{"rendered":"Proves per a l&#8217;obtenci\u00f3 del t\u00edtol d&#8217;ESO"},"content":{"rendered":"<h4><span style=\"color: #000000;\">Curr\u00edculum i Criteris d&#8217;avaluaci\u00f3 de cada mat\u00e8ria:\u00a0<\/span><\/h4>\n<ul>\n<li>\n<h5><strong><span style=\"color: #000000;\">Ci\u00e8ncies Socials:<\/span><span style=\"text-decoration: underline;\"> <a href=\"https:\/\/agora.xtec.cat\/iesmiquelcrusafont\/wp-content\/uploads\/usu1686\/2024\/01\/Ciencies-Socials.-Geografia-i-Historia.pdf\" target=\"_blank\" rel=\"noopener\">INFORMACI\u00d3 AQU\u00cd <\/a><\/span><\/strong><\/h5>\n<\/li>\n<li>\n<h5><strong><span style=\"color: #000000;\">Llengua Catalana i Castella:<\/span><span style=\"text-decoration: underline;\"> <a href=\"https:\/\/agora.xtec.cat\/iesmiquelcrusafont\/wp-content\/uploads\/usu1686\/2024\/01\/Aranes.Castella.-Catala.pdf\" target=\"_blank\" rel=\"noopener\">INFORMACI\u00d3 AQU\u00cd<\/a><\/span><\/strong><\/h5>\n<\/li>\n<li>\n<h5><strong><span style=\"color: #000000;\">Matem\u00e0tiques:<\/span><span style=\"text-decoration: underline;\"> <a href=\"https:\/\/agora.xtec.cat\/iesmiquelcrusafont\/wp-content\/uploads\/usu1686\/2024\/01\/Matematiques.pdf\" target=\"_blank\" rel=\"noopener\">INFORMACI\u00d3 AQU\u00cd<\/a><\/span><\/strong><\/h5>\n<\/li>\n<\/ul>\n","protected":false},"excerpt":{"rendered":"<p>Curr\u00edculum i Criteris d&#8217;avaluaci\u00f3 de cada mat\u00e8ria:\u00a0<\/p>\n<ul>\n<li>\nCi\u00e8ncies Socials: <a href=\"https:\/\/agora.xtec.cat\/iesmiquelcrusafont\/wp-content\/uploads\/usu1686\/2024\/01\/Ciencies-Socials.-Geografia-i-Historia.pdf\" target=\"_blank\" rel=\"noopener\">INFORMACI\u00d3 AQU\u00cd <\/a>\n<\/li>\n<li>\nLlengua Catalana i Castella: <a href=\"https:\/\/agora.xtec.cat\/iesmiquelcrusafont\/wp-content\/uploads\/usu1686\/2024\/01\/Aranes.Castella.-Catala.pdf\" target=\"_blank\" rel=\"noopener\">INFORMACI\u00d3 AQU\u00cd<\/a>\n<\/li>\n<li>\nMatem\u00e0tiques: <a href=\"https:\/\/agora.xtec.cat\/iesmiquelcrusafont\/wp-content\/uploads\/usu1686\/2024\/01\/Matematiques.pdf\" target=\"_blank\" rel=\"noopener\">INFORMACI\u00d3 AQU\u00cd<\/a>\n<\/li>\n<\/ul>\n","protected":false},"author":1,"featured_media":0,"parent":81,"menu_order":40,"comment_status":"closed","ping_status":"closed","template":"page-templates\/side-menu.php","meta":{"_bbp_topic_count":0,"_bbp_reply_count":0,"_bbp_total_topic_count":0,"_bbp_total_reply_count":0,"_bbp_voice_count":0,"_bbp_anonymous_reply_count":0,"_bbp_topic_count_hidden":0,"_bbp_reply_count_hidden":0,"_bbp_forum_subforum_count":0,"footnotes":""},"class_list":["post-3646","page","type-page","status-publish","hentry"],"post_mailing_queue_ids":[],"_links":{"self":[{"href":"https:\/\/agora.xtec.cat\/iesmiquelcrusafont\/wp-json\/wp\/v2\/pages\/3646","targetHints":{"allow":["GET"]}}],"collection":[{"href":"https:\/\/agora.xtec.cat\/iesmiquelcrusafont\/wp-json\/wp\/v2\/pages"}],"about":[{"href":"https:\/\/agora.xtec.cat\/iesmiquelcrusafont\/wp-json\/wp\/v2\/types\/page"}],"author":[{"embeddable":true,"href":"https:\/\/agora.xtec.cat\/iesmiquelcrusafont\/wp-json\/wp\/v2\/users\/1"}],"replies":[{"embeddable":true,"href":"https:\/\/agora.xtec.cat\/iesmiquelcrusafont\/wp-json\/wp\/v2\/comments?post=3646"}],"version-history":[{"count":4,"href":"https:\/\/agora.xtec.cat\/iesmiquelcrusafont\/wp-json\/wp\/v2\/pages\/3646\/revisions"}],"predecessor-version":[{"id":3653,"href":"https:\/\/agora.xtec.cat\/iesmiquelcrusafont\/wp-json\/wp\/v2\/pages\/3646\/revisions\/3653"}],"up":[{"embeddable":true,"href":"https:\/\/agora.xtec.cat\/iesmiquelcrusafont\/wp-json\/wp\/v2\/pages\/81"}],"wp:attachment":[{"href":"https:\/\/agora.xtec.cat\/iesmiquelcrusafont\/wp-json\/wp\/v2\/media?parent=3646"}],"curies":[{"name":"wp","href":"https:\/\/api.w.org\/{rel}","templated":true}]}}