{"id":7952,"date":"2022-01-20T23:12:31","date_gmt":"2022-01-20T22:12:31","guid":{"rendered":"https:\/\/agora.xtec.cat\/iesmiquelbosch\/?page_id=7952"},"modified":"2022-01-21T18:26:01","modified_gmt":"2022-01-21T17:26:01","slug":"proves-daptitud-personal-pap","status":"publish","type":"page","link":"https:\/\/agora.xtec.cat\/iesmiquelbosch\/batxillerat\/proves-daptitud-personal-pap\/","title":{"rendered":"Proves d&#8217;aptitud personal (PAP)"},"content":{"rendered":"<table style=\"border-collapse: collapse; width: 100%; height: 374px;\">\n<tbody>\n<tr style=\"height: 66px;\">\n<td style=\"width: 154.014%; height: 66px; background-color: #087eb6; text-align: center;\" colspan=\"3\">\n<h3><span style=\"color: #ffffff;\"><strong>PROVES D&#8217;APTITUD PERSONAL (PAP)<\/strong><\/span><\/h3>\n<\/td>\n<\/tr>\n<tr style=\"height: 58px;\">\n<td style=\"width: 8.10425%; height: 58px;\"><a href=\"https:\/\/agora.xtec.cat\/iesmiquelbosch\/wp-content\/uploads\/usu626\/2021\/09\/info.png\"><img loading=\"lazy\" decoding=\"async\" class=\" wp-image-7289 aligncenter\" src=\"https:\/\/agora.xtec.cat\/iesmiquelbosch\/wp-content\/uploads\/usu626\/2021\/09\/info-150x150.png\" alt=\"\" width=\"37\" height=\"37\" srcset=\"https:\/\/agora.xtec.cat\/iesmiquelbosch\/wp-content\/uploads\/usu626\/2021\/09\/info-150x150.png 150w, https:\/\/agora.xtec.cat\/iesmiquelbosch\/wp-content\/uploads\/usu626\/2021\/09\/info-300x300.png 300w, https:\/\/agora.xtec.cat\/iesmiquelbosch\/wp-content\/uploads\/usu626\/2021\/09\/info.png 512w\" sizes=\"auto, (max-width: 37px) 100vw, 37px\" \/><\/a><\/td>\n<td style=\"width: 145.91%; height: 58px;\" colspan=\"2\">\n<h4><a href=\"https:\/\/universitats.gencat.cat\/ca\/proves-acces-PAU-PAP\/sobre-proves-aptitud-personal\/\" target=\"_blank\" rel=\"noopener\">P\u00e0gina Universitats<\/a><\/h4>\n<\/td>\n<\/tr>\n<tr style=\"height: 66px;\">\n<td style=\"width: 154.014%; height: 66px; background-color: #0eb1ff; text-align: center;\" colspan=\"3\">\n<h4><span style=\"color: #ffffff;\"><strong>PROVES D&#8217;APTITUD PERSONAL D&#8217;EDUCACI\u00d3<\/strong><\/span><\/h4>\n<\/td>\n<\/tr>\n<tr style=\"height: 58px;\">\n<td style=\"width: 8.10425%; height: 58px;\"><a href=\"https:\/\/agora.xtec.cat\/iesmiquelbosch\/wp-content\/uploads\/usu626\/2022\/01\/Cub.png\"><img loading=\"lazy\" decoding=\"async\" class=\"alignnone size-thumbnail wp-image-7955\" src=\"https:\/\/agora.xtec.cat\/iesmiquelbosch\/wp-content\/uploads\/usu626\/2022\/01\/Cub-150x150.png\" alt=\"\" width=\"150\" height=\"150\" srcset=\"https:\/\/agora.xtec.cat\/iesmiquelbosch\/wp-content\/uploads\/usu626\/2022\/01\/Cub-150x150.png 150w, https:\/\/agora.xtec.cat\/iesmiquelbosch\/wp-content\/uploads\/usu626\/2022\/01\/Cub-300x300.png 300w, https:\/\/agora.xtec.cat\/iesmiquelbosch\/wp-content\/uploads\/usu626\/2022\/01\/Cub.png 600w\" sizes=\"auto, (max-width: 150px) 100vw, 150px\" \/><\/a><\/td>\n<td style=\"width: 145.91%; height: 58px;\" colspan=\"2\">\n<h4>Ex\u00e0mens CLOM (compet\u00e8ncia logicomatem\u00e0tica)<\/h4>\n<\/td>\n<\/tr>\n<tr style=\"height: 20px;\">\n<td style=\"width: 49.3693%; height: 10px; vertical-align: top;\" colspan=\"2\">\n<h4><a href=\"https:\/\/drive.google.com\/drive\/folders\/10WUBZa1rK6iR7zhOJ7awaiJEBsvf3sQG?usp=sharing\" target=\"_blank\" rel=\"noopener\"><span style=\"text-decoration: underline;\">Enunciats<\/span><\/a><\/h4>\n<\/td>\n<td style=\"width: 104.644%; height: 10px; vertical-align: top;\">\n<h4><a href=\"https:\/\/drive.google.com\/drive\/folders\/1eDrKWlq4NeP-9_XnxxGr8Vghdn7ZDrV2?usp=sharing\" target=\"_blank\" rel=\"noopener\"><span style=\"text-decoration: underline;\">Correccions<\/span><\/a><\/h4>\n<\/td>\n<\/tr>\n<tr style=\"height: 58px;\">\n<td style=\"width: 8.10425%; height: 58px;\"><a href=\"https:\/\/agora.xtec.cat\/iesmiquelbosch\/wp-content\/uploads\/usu626\/2022\/01\/text.png\"><img loading=\"lazy\" decoding=\"async\" class=\"alignnone size-thumbnail wp-image-7956\" src=\"https:\/\/agora.xtec.cat\/iesmiquelbosch\/wp-content\/uploads\/usu626\/2022\/01\/text-150x150.png\" alt=\"\" width=\"150\" height=\"150\" \/><\/a><\/td>\n<td style=\"width: 145.91%; height: 58px;\" colspan=\"2\">\n<h4>Ex\u00e0mens CCIRC (compet\u00e8ncia comunicativa i raonament cr\u00edtic)<\/h4>\n<\/td>\n<\/tr>\n<tr style=\"height: 58px;\">\n<td style=\"width: 49.3693%; height: 58px;\" colspan=\"2\">\n<h4><a href=\"https:\/\/drive.google.com\/drive\/folders\/1z49UhXnOebIB58K-DmVsHErhS9A7rZe3?usp=sharing\" target=\"_blank\" rel=\"noopener\"><span style=\"text-decoration: underline;\">Enunciats<\/span><\/a><\/h4>\n<pre><\/pre>\n<\/td>\n<td style=\"width: 104.644%; height: 58px;\">\n<h4><a href=\"https:\/\/drive.google.com\/drive\/folders\/1UHA7vx5o44OGGSE1ylNmci_FjygB8reu?usp=sharing\" target=\"_blank\" rel=\"noopener\"><span style=\"text-decoration: underline;\">Correccions<\/span><\/a><\/h4>\n<pre><\/pre>\n<\/td>\n<\/tr>\n<\/tbody>\n<\/table>\n<p>&nbsp;<\/p>\n","protected":false},"excerpt":{"rendered":"<p>PROVES D&#8217;APTITUD PERSONAL (PAP)<\/p>\n<p><a href=\"https:\/\/agora.xtec.cat\/iesmiquelbosch\/wp-content\/uploads\/usu626\/2021\/09\/info.png\"><\/a><\/p>\n<p><a href=\"https:\/\/universitats.gencat.cat\/ca\/proves-acces-PAU-PAP\/sobre-proves-aptitud-personal\/\" target=\"_blank\" rel=\"noopener\">P\u00e0gina Universitats<\/a><\/p>\n<p>PROVES D&#8217;APTITUD PERSONAL D&#8217;EDUCACI\u00d3<\/p>\n<p><a href=\"https:\/\/agora.xtec.cat\/iesmiquelbosch\/wp-content\/uploads\/usu626\/2022\/01\/Cub.png\"><\/a><\/p>\n<p>Ex\u00e0mens CLOM (compet\u00e8ncia logicomatem\u00e0tica)<\/p>\n<p><a href=\"https:\/\/drive.google.com\/drive\/folders\/10WUBZa1rK6iR7zhOJ7awaiJEBsvf3sQG?usp=sharing\" target=\"_blank\" rel=\"noopener\">Enunciats<\/a><\/p>\n<p><a href=\"https:\/\/drive.google.com\/drive\/folders\/1eDrKWlq4NeP-9_XnxxGr8Vghdn7ZDrV2?usp=sharing\" target=\"_blank\" rel=\"noopener\">Correccions<\/a><\/p>\n<p><a href=\"https:\/\/agora.xtec.cat\/iesmiquelbosch\/wp-content\/uploads\/usu626\/2022\/01\/text.png\"><\/a><\/p>\n<p>Ex\u00e0mens CCIRC (compet\u00e8ncia comunicativa i raonament cr\u00edtic)<\/p>\n<p><a href=\"https:\/\/drive.google.com\/drive\/folders\/1z49UhXnOebIB58K-DmVsHErhS9A7rZe3?usp=sharing\" target=\"_blank\" rel=\"noopener\">Enunciats<\/a><\/p>\n<p><a href=\"https:\/\/drive.google.com\/drive\/folders\/1UHA7vx5o44OGGSE1ylNmci_FjygB8reu?usp=sharing\" target=\"_blank\" rel=\"noopener\">Correccions<\/a><\/p>\n<p>&nbsp;<\/p>\n","protected":false},"author":1,"featured_media":0,"parent":4946,"menu_order":0,"comment_status":"closed","ping_status":"closed","template":"","meta":{"_bbp_topic_count":0,"_bbp_reply_count":0,"_bbp_total_topic_count":0,"_bbp_total_reply_count":0,"_bbp_voice_count":0,"_bbp_anonymous_reply_count":0,"_bbp_topic_count_hidden":0,"_bbp_reply_count_hidden":0,"_bbp_forum_subforum_count":0,"footnotes":""},"class_list":["post-7952","page","type-page","status-publish","hentry"],"post_mailing_queue_ids":[],"_links":{"self":[{"href":"https:\/\/agora.xtec.cat\/iesmiquelbosch\/wp-json\/wp\/v2\/pages\/7952","targetHints":{"allow":["GET"]}}],"collection":[{"href":"https:\/\/agora.xtec.cat\/iesmiquelbosch\/wp-json\/wp\/v2\/pages"}],"about":[{"href":"https:\/\/agora.xtec.cat\/iesmiquelbosch\/wp-json\/wp\/v2\/types\/page"}],"author":[{"embeddable":true,"href":"https:\/\/agora.xtec.cat\/iesmiquelbosch\/wp-json\/wp\/v2\/users\/1"}],"replies":[{"embeddable":true,"href":"https:\/\/agora.xtec.cat\/iesmiquelbosch\/wp-json\/wp\/v2\/comments?post=7952"}],"version-history":[{"count":3,"href":"https:\/\/agora.xtec.cat\/iesmiquelbosch\/wp-json\/wp\/v2\/pages\/7952\/revisions"}],"predecessor-version":[{"id":7964,"href":"https:\/\/agora.xtec.cat\/iesmiquelbosch\/wp-json\/wp\/v2\/pages\/7952\/revisions\/7964"}],"up":[{"embeddable":true,"href":"https:\/\/agora.xtec.cat\/iesmiquelbosch\/wp-json\/wp\/v2\/pages\/4946"}],"wp:attachment":[{"href":"https:\/\/agora.xtec.cat\/iesmiquelbosch\/wp-json\/wp\/v2\/media?parent=7952"}],"curies":[{"name":"wp","href":"https:\/\/api.w.org\/{rel}","templated":true}]}}