{"id":7893,"date":"2021-12-18T09:15:41","date_gmt":"2021-12-18T08:15:41","guid":{"rendered":"https:\/\/agora.xtec.cat\/iesmiquelbosch\/?page_id=7893"},"modified":"2022-01-20T21:53:28","modified_gmt":"2022-01-20T20:53:28","slug":"lexposicio-oral","status":"publish","type":"page","link":"https:\/\/agora.xtec.cat\/iesmiquelbosch\/batxillerat\/lexposicio-oral\/","title":{"rendered":"L&#8217;exposici\u00f3 oral"},"content":{"rendered":"<p>Aqu\u00ed trobar\u00e0s un parell d&#8217;enlla\u00e7os per preparar l&#8217;exposici\u00f3 oral:<\/p>\n<ul>\n<li><a href=\"https:\/\/docs.google.com\/presentation\/d\/18URs7xhrGlKt7toAQ2WZpK05qx1fTgtTk2weunQfIUc\/edit?usp=sharing\" target=\"_blank\" rel=\"noopener\">Una presentaci\u00f3 amb consells i orientacions<\/a><\/li>\n<li><a href=\"https:\/\/www.upc.edu\/slt\/comcomunicar\/curs\/expressio-oral\" target=\"_blank\" rel=\"noopener\">Un recurs de la UPC amb un exemple i una r\u00fabrica d&#8217;avaluaci\u00f3<\/a><\/li>\n<\/ul>\n","protected":false},"excerpt":{"rendered":"<p>Aqu\u00ed trobar\u00e0s un parell d&#8217;enlla\u00e7os per preparar l&#8217;exposici\u00f3 oral:<\/p>\n<ul>\n<li><a href=\"https:\/\/docs.google.com\/presentation\/d\/18URs7xhrGlKt7toAQ2WZpK05qx1fTgtTk2weunQfIUc\/edit?usp=sharing\" target=\"_blank\" rel=\"noopener\">Una presentaci\u00f3 amb consells i orientacions<\/a><\/li>\n<li><a href=\"https:\/\/www.upc.edu\/slt\/comcomunicar\/curs\/expressio-oral\" target=\"_blank\" rel=\"noopener\">Un recurs de la UPC amb un exemple i una r\u00fabrica d&#8217;avaluaci\u00f3<\/a><\/li>\n<\/ul>\n","protected":false},"author":1,"featured_media":0,"parent":4946,"menu_order":0,"comment_status":"closed","ping_status":"closed","template":"","meta":{"_bbp_topic_count":0,"_bbp_reply_count":0,"_bbp_total_topic_count":0,"_bbp_total_reply_count":0,"_bbp_voice_count":0,"_bbp_anonymous_reply_count":0,"_bbp_topic_count_hidden":0,"_bbp_reply_count_hidden":0,"_bbp_forum_subforum_count":0,"footnotes":""},"class_list":["post-7893","page","type-page","status-publish","hentry"],"post_mailing_queue_ids":[],"_links":{"self":[{"href":"https:\/\/agora.xtec.cat\/iesmiquelbosch\/wp-json\/wp\/v2\/pages\/7893","targetHints":{"allow":["GET"]}}],"collection":[{"href":"https:\/\/agora.xtec.cat\/iesmiquelbosch\/wp-json\/wp\/v2\/pages"}],"about":[{"href":"https:\/\/agora.xtec.cat\/iesmiquelbosch\/wp-json\/wp\/v2\/types\/page"}],"author":[{"embeddable":true,"href":"https:\/\/agora.xtec.cat\/iesmiquelbosch\/wp-json\/wp\/v2\/users\/1"}],"replies":[{"embeddable":true,"href":"https:\/\/agora.xtec.cat\/iesmiquelbosch\/wp-json\/wp\/v2\/comments?post=7893"}],"version-history":[{"count":1,"href":"https:\/\/agora.xtec.cat\/iesmiquelbosch\/wp-json\/wp\/v2\/pages\/7893\/revisions"}],"predecessor-version":[{"id":7894,"href":"https:\/\/agora.xtec.cat\/iesmiquelbosch\/wp-json\/wp\/v2\/pages\/7893\/revisions\/7894"}],"up":[{"embeddable":true,"href":"https:\/\/agora.xtec.cat\/iesmiquelbosch\/wp-json\/wp\/v2\/pages\/4946"}],"wp:attachment":[{"href":"https:\/\/agora.xtec.cat\/iesmiquelbosch\/wp-json\/wp\/v2\/media?parent=7893"}],"curies":[{"name":"wp","href":"https:\/\/api.w.org\/{rel}","templated":true}]}}