{"id":7237,"date":"2021-09-03T14:19:03","date_gmt":"2021-09-03T12:19:03","guid":{"rendered":"https:\/\/agora.xtec.cat\/iesmiquelbosch\/?page_id=7237"},"modified":"2025-07-24T14:34:24","modified_gmt":"2025-07-24T12:34:24","slug":"convalidacions-i-reconeixements","status":"publish","type":"page","link":"https:\/\/agora.xtec.cat\/iesmiquelbosch\/qui-som\/secretaria\/convalidacions-i-reconeixements\/","title":{"rendered":"Convalidacions de m\u00fasica i reconeixement d&#8217;educaci\u00f3 f\u00edsica"},"content":{"rendered":"<p>&nbsp;<\/p>\n<table style=\"border-collapse: collapse; width: 100%; height: 498px;\">\n<tbody>\n<tr>\n<td style=\"width: 6.96888%; background-color: #0eb1ff;\" colspan=\"2\">\n<h3 style=\"text-align: center;\"><span style=\"color: #ffffff;\">CONVALIDACIONS PER CURSAR ESTUDIS DE M\u00daSICA<\/span><\/h3>\n<\/td>\n<\/tr>\n<tr style=\"height: 85px;\">\n<td style=\"width: 6.96888%; height: 85px;\"><img loading=\"lazy\" decoding=\"async\" class=\"alignleft wp-image-7032\" src=\"https:\/\/agora.xtec.cat\/iesmiquelbosch\/wp-content\/uploads\/usu626\/2021\/05\/M\u00e0-dreta.png\" alt=\"\" width=\"65\" height=\"65\" srcset=\"https:\/\/agora.xtec.cat\/iesmiquelbosch\/wp-content\/uploads\/usu626\/2021\/05\/M\u00e0-dreta.png 512w, https:\/\/agora.xtec.cat\/iesmiquelbosch\/wp-content\/uploads\/usu626\/2021\/05\/M\u00e0-dreta-150x150.png 150w, https:\/\/agora.xtec.cat\/iesmiquelbosch\/wp-content\/uploads\/usu626\/2021\/05\/M\u00e0-dreta-300x300.png 300w\" sizes=\"auto, (max-width: 65px) 100vw, 65px\" \/><\/td>\n<td style=\"width: 93.0311%; height: 85px;\">\n<h4><span style=\"color: #0eb1ff;\">Sol\u00b7licitud de convalidacions de les mat\u00e8ries de m\u00fasica o optatives per cursar estudis de m\u00fasica.<\/span><\/h4>\n<\/td>\n<\/tr>\n<tr style=\"height: 97px;\">\n<td style=\"width: 6.96888%; height: 97px;\"><span style=\"color: #0eb1ff;\"><a style=\"color: #0eb1ff;\" href=\"https:\/\/agora.xtec.cat\/iesmiquelbosch\/wp-content\/uploads\/usu626\/2021\/05\/Calendari.png\"><img loading=\"lazy\" decoding=\"async\" class=\"alignnone size-thumbnail wp-image-7036\" src=\"https:\/\/agora.xtec.cat\/iesmiquelbosch\/wp-content\/uploads\/usu626\/2021\/05\/Calendari-150x150.png\" alt=\"\" width=\"150\" height=\"150\" \/><\/a><\/span><\/td>\n<td style=\"width: 93.0311%; height: 97px;\">\n<h4><span style=\"color: #0eb1ff;\"><strong>Termini<\/strong><\/span><\/h4>\n<p><span style=\"color: #0eb1ff;\">Durant els dos primers mesos de classe.<\/span><\/td>\n<\/tr>\n<tr style=\"height: 219px;\">\n<td style=\"width: 6.96888%; height: 219px; text-align: center;\"><a href=\"https:\/\/agora.xtec.cat\/iesmiquelbosch\/wp-content\/uploads\/usu626\/2023\/05\/icons8-marca-de-verificacion-24.png\"><img loading=\"lazy\" decoding=\"async\" class=\" wp-image-10855 aligncenter\" src=\"https:\/\/agora.xtec.cat\/iesmiquelbosch\/wp-content\/uploads\/usu626\/2023\/05\/icons8-marca-de-verificacion-24.png\" alt=\"\" width=\"24\" height=\"24\" \/><\/a><\/td>\n<td style=\"width: 93.0311%; height: 219px;\">\n<h4><span style=\"color: #0eb1ff;\"><strong>Com<\/strong><\/span><\/h4>\n<p><span style=\"color: #0eb1ff;\">Descarregueu els seg\u00fcents documents i porteu-los, degudament, emplenats, a Secretaria:<\/span><\/p>\n<ul>\n<li>ESO, per cursar estudis de m\u00fasica<span style=\"color: #0eb1ff;\">: <a href=\"https:\/\/agora.xtec.cat\/iesmiquelbosch\/wp-content\/uploads\/usu626\/2025\/07\/Sol-licitud_horari_convalidacio_Musica_ESO_25-26.pdf\">Sol-licitud_horari_convalidacio_Musica_ESO_25-26<\/a><\/span><\/li>\n<li>Batxillerat, per cursar estudis de m\u00fasica en una escola de m\u00fasica autoritzada<span style=\"color: #0eb1ff;\">: <a href=\"https:\/\/agora.xtec.cat\/iesmiquelbosch\/wp-content\/uploads\/usu626\/2025\/07\/Sol-licitud_convalidacio_musica_escola_-musica_BTX_25-26.pdf\">Sol-licitud_convalidacio_musica_escola_ musica_BTX_25-26<\/a><\/span><\/li>\n<li>Batxillerat, per cursar estudis de m\u00fasica en un conservatori o centre professional: <a href=\"https:\/\/agora.xtec.cat\/iesmiquelbosch\/wp-content\/uploads\/usu626\/2025\/07\/Sol-licitud_reduccio_materies_batxilletat_musica_conservatori_Batxillerat_BMU1_25_26.pdf\">Sol-licitud_reduccio_materies_batxilletat_musica_conservatori_Batxillerat_BMU1_25_26<\/a><\/li>\n<\/ul>\n<p><span style=\"color: #0eb1ff;\">Tamb\u00e9 heu de portar el certificat de l&#8217;escola de m\u00fasica o del Conservatori on curseu els estudis de m\u00fasica.<\/span><\/td>\n<\/tr>\n<tr style=\"height: 97px;\">\n<td style=\"width: 6.96888%; height: 97px;\"><span style=\"color: #0eb1ff;\"><a style=\"color: #0eb1ff;\" href=\"https:\/\/agora.xtec.cat\/iesmiquelbosch\/wp-content\/uploads\/usu626\/2021\/09\/Bombeta.png\"><img loading=\"lazy\" decoding=\"async\" class=\"alignnone size-thumbnail wp-image-7240\" src=\"https:\/\/agora.xtec.cat\/iesmiquelbosch\/wp-content\/uploads\/usu626\/2021\/09\/Bombeta-150x150.png\" alt=\"\" width=\"150\" height=\"150\" srcset=\"https:\/\/agora.xtec.cat\/iesmiquelbosch\/wp-content\/uploads\/usu626\/2021\/09\/Bombeta-150x150.png 150w, https:\/\/agora.xtec.cat\/iesmiquelbosch\/wp-content\/uploads\/usu626\/2021\/09\/Bombeta-300x300.png 300w, https:\/\/agora.xtec.cat\/iesmiquelbosch\/wp-content\/uploads\/usu626\/2021\/09\/Bombeta-768x768.png 768w, https:\/\/agora.xtec.cat\/iesmiquelbosch\/wp-content\/uploads\/usu626\/2021\/09\/Bombeta.png 920w\" sizes=\"auto, (max-width: 150px) 100vw, 150px\" \/><\/a><\/span><\/td>\n<td style=\"width: 93.0311%; height: 97px;\">\n<h4><span style=\"color: #0eb1ff;\"><strong>Recorda!\u00a0<\/strong><\/span><\/h4>\n<p><span style=\"color: #0eb1ff;\">L&#8217;alumne\/a haur\u00e0 d&#8217;assistir a classe fins que Secretaria li notifiqui la resoluci\u00f3 favorable signada per direcci\u00f3.<\/span><\/td>\n<\/tr>\n<tr>\n<td style=\"width: 6.96888%; background-color: #0eb1ff;\" colspan=\"2\">\n<h3 style=\"text-align: center;\"><span style=\"color: #ffffff;\">RECONEIXEMENT EDUCACI\u00d3 F\u00cdSICA PER DEDICACI\u00d3 SIGNIFICATIVA A L&#8217;ESPORT<\/span><\/h3>\n<\/td>\n<\/tr>\n<tr>\n<td style=\"width: 6.96888%;\"><span style=\"color: #0eb1ff;\"><img loading=\"lazy\" decoding=\"async\" class=\"alignleft wp-image-7032\" src=\"https:\/\/agora.xtec.cat\/iesmiquelbosch\/wp-content\/uploads\/usu626\/2021\/05\/M\u00e0-dreta.png\" alt=\"\" width=\"47\" height=\"49\" \/><\/span><\/td>\n<td style=\"width: 93.0311%;\">\n<h4><span style=\"color: #0eb1ff;\"><strong>Sol\u00b7licitud de reconeixement de la mat\u00e8ria d\u2019Educaci\u00f3 F\u00edsica de l\u2019educaci\u00f3<br \/>\nsecund\u00e0ria obligat\u00f2ria (ESO) als alumnes amb dedicaci\u00f3 significativa a l\u2019esport<\/strong><\/span><\/h4>\n<\/td>\n<\/tr>\n<tr>\n<td style=\"width: 6.96888%;\"><span style=\"color: #0eb1ff;\"><a style=\"color: #0eb1ff;\" href=\"https:\/\/agora.xtec.cat\/iesmiquelbosch\/wp-content\/uploads\/usu626\/2021\/05\/Calendari.png\"><img loading=\"lazy\" decoding=\"async\" class=\"alignnone size-thumbnail wp-image-7036\" src=\"https:\/\/agora.xtec.cat\/iesmiquelbosch\/wp-content\/uploads\/usu626\/2021\/05\/Calendari-150x150.png\" alt=\"\" width=\"150\" height=\"150\" \/><\/a><\/span><\/td>\n<td style=\"width: 93.0311%;\">\n<h4><span style=\"color: #0eb1ff;\"><strong>Termini<\/strong><\/span><\/h4>\n<p><span style=\"color: #0eb1ff;\">Durant el primer trimestre de classe.<\/span><\/td>\n<\/tr>\n<tr>\n<td style=\"width: 6.96888%;\">\n<h4 style=\"text-align: center;\"><span style=\"color: #0eb1ff;\"><a href=\"https:\/\/agora.xtec.cat\/iesmiquelbosch\/wp-content\/uploads\/usu626\/2023\/05\/icons8-marca-de-verificacion-24.png\"><img loading=\"lazy\" decoding=\"async\" class=\"size-full wp-image-10855 aligncenter\" src=\"https:\/\/agora.xtec.cat\/iesmiquelbosch\/wp-content\/uploads\/usu626\/2023\/05\/icons8-marca-de-verificacion-24.png\" alt=\"\" width=\"24\" height=\"24\" \/><\/a><\/span><\/h4>\n<\/td>\n<td style=\"width: 93.0311%;\">\n<h4><span style=\"color: #0eb1ff;\"><strong>Com<\/strong><\/span><\/h4>\n<p><span style=\"color: #0eb1ff;\">Descarregueu el seg\u00fcent document i porteu-lo, degudament, emplenat, a Secretaria:<\/span><\/p>\n<ul>\n<li><a href=\"https:\/\/agora.xtec.cat\/iesmiquelbosch\/wp-content\/uploads\/usu626\/2024\/09\/Sollicitud_reconeixement_Ed_fisica_ESO_APU545.pdf\">Sol\u00b7licitud_reconeixement_Ed_f\u00edsica_ESO_APU545<\/a><\/li>\n<li><a href=\"https:\/\/agora.xtec.cat\/iesmiquelbosch\/wp-content\/uploads\/usu626\/2024\/10\/Sollicitud_reconeixement_-esport_-BTX_A1500.pdf\">Sol\u00b7licitud_reconeixement_ esport_ BTX_A1500<\/a> \u00a0 \u00a0 \u00a0 \u00a0Sol\u00b7licitud gen\u00e8rica:\u00a0\u00a0 <a href=\"https:\/\/agora.xtec.cat\/iesmiquelbosch\/wp-content\/uploads\/usu626\/2024\/09\/Instancia-1.pdf\">Instancia-1<\/a><\/li>\n<\/ul>\n<p><span style=\"color: #0eb1ff;\">Tamb\u00e9 heu de portar el certificat del Consell Catal\u00e0 de l&#8217;Esport.<\/span><\/td>\n<\/tr>\n<tr>\n<td style=\"width: 6.96888%;\">\n<h4><span style=\"color: #0eb1ff;\"><a style=\"color: #0eb1ff;\" href=\"https:\/\/agora.xtec.cat\/iesmiquelbosch\/wp-content\/uploads\/usu626\/2021\/09\/Bombeta.png\"><img loading=\"lazy\" decoding=\"async\" class=\"alignnone size-thumbnail wp-image-7240\" src=\"https:\/\/agora.xtec.cat\/iesmiquelbosch\/wp-content\/uploads\/usu626\/2021\/09\/Bombeta-150x150.png\" alt=\"\" width=\"150\" height=\"150\" srcset=\"https:\/\/agora.xtec.cat\/iesmiquelbosch\/wp-content\/uploads\/usu626\/2021\/09\/Bombeta-150x150.png 150w, https:\/\/agora.xtec.cat\/iesmiquelbosch\/wp-content\/uploads\/usu626\/2021\/09\/Bombeta-300x300.png 300w, https:\/\/agora.xtec.cat\/iesmiquelbosch\/wp-content\/uploads\/usu626\/2021\/09\/Bombeta-768x768.png 768w, https:\/\/agora.xtec.cat\/iesmiquelbosch\/wp-content\/uploads\/usu626\/2021\/09\/Bombeta.png 920w\" sizes=\"auto, (max-width: 150px) 100vw, 150px\" \/><\/a><\/span><\/h4>\n<\/td>\n<td style=\"width: 93.0311%;\">\n<h4><span style=\"color: #0eb1ff;\"><strong>Recorda!\u00a0<\/strong><\/span><\/h4>\n<p><span style=\"color: #0eb1ff;\">L&#8217;alumne\/a haur\u00e0 d&#8217;assistir a classe fins que Secretaria li notifiqui la resoluci\u00f3 favorable signada per direcci\u00f3.<\/span><\/td>\n<\/tr>\n<\/tbody>\n<\/table>\n","protected":false},"excerpt":{"rendered":"<p>&nbsp;<\/p>\n<p>CONVALIDACIONS PER CURSAR ESTUDIS DE M\u00daSICA<\/p>\n<p>Sol\u00b7licitud de convalidacions de les mat\u00e8ries de m\u00fasica o optatives per cursar estudis de m\u00fasica.<\/p>\n<p><a style=\"color: #0eb1ff;\" href=\"https:\/\/agora.xtec.cat\/iesmiquelbosch\/wp-content\/uploads\/usu626\/2021\/05\/Calendari.png\"><\/a><\/p>\n<p>Termini<br \/>\nDurant els dos primers mesos de classe.<\/p>\n<p><a href=\"https:\/\/agora.xtec.cat\/iesmiquelbosch\/wp-content\/uploads\/usu626\/2023\/05\/icons8-marca-de-verificacion-24.png\"><\/a><\/p>\n<p>Com<br \/>\nDescarregueu els seg\u00fcents documents i porteu-los, degudament, emplenats, a Secretaria:<\/p>\n<ul>\n<li>ESO, per cursar estudis de m\u00fasica: <a&hellip;  <a href=\"https:\/\/agora.xtec.cat\/iesmiquelbosch\/qui-som\/secretaria\/convalidacions-i-reconeixements\/\" title=\"Read Convalidacions de m\u00fasica i reconeixement d&#8217;educaci\u00f3 f\u00edsica\">Llegeix m\u00e9s\u00bb<\/a><br \/>\n","protected":false},"author":1,"featured_media":0,"parent":7095,"menu_order":0,"comment_status":"closed","ping_status":"closed","template":"page-templates\/side-menu.php","meta":{"_bbp_topic_count":0,"_bbp_reply_count":0,"_bbp_total_topic_count":0,"_bbp_total_reply_count":0,"_bbp_voice_count":0,"_bbp_anonymous_reply_count":0,"_bbp_topic_count_hidden":0,"_bbp_reply_count_hidden":0,"_bbp_forum_subforum_count":0,"footnotes":""},"class_list":["post-7237","page","type-page","status-publish","hentry"],"post_mailing_queue_ids":[],"_links":{"self":[{"href":"https:\/\/agora.xtec.cat\/iesmiquelbosch\/wp-json\/wp\/v2\/pages\/7237","targetHints":{"allow":["GET"]}}],"collection":[{"href":"https:\/\/agora.xtec.cat\/iesmiquelbosch\/wp-json\/wp\/v2\/pages"}],"about":[{"href":"https:\/\/agora.xtec.cat\/iesmiquelbosch\/wp-json\/wp\/v2\/types\/page"}],"author":[{"embeddable":true,"href":"https:\/\/agora.xtec.cat\/iesmiquelbosch\/wp-json\/wp\/v2\/users\/1"}],"replies":[{"embeddable":true,"href":"https:\/\/agora.xtec.cat\/iesmiquelbosch\/wp-json\/wp\/v2\/comments?post=7237"}],"version-history":[{"count":7,"href":"https:\/\/agora.xtec.cat\/iesmiquelbosch\/wp-json\/wp\/v2\/pages\/7237\/revisions"}],"predecessor-version":[{"id":14349,"href":"https:\/\/agora.xtec.cat\/iesmiquelbosch\/wp-json\/wp\/v2\/pages\/7237\/revisions\/14349"}],"up":[{"embeddable":true,"href":"https:\/\/agora.xtec.cat\/iesmiquelbosch\/wp-json\/wp\/v2\/pages\/7095"}],"wp:attachment":[{"href":"https:\/\/agora.xtec.cat\/iesmiquelbosch\/wp-json\/wp\/v2\/media?parent=7237"}],"curies":[{"name":"wp","href":"https:\/\/api.w.org\/{rel}","templated":true}]}}