{"id":5119,"date":"2019-11-11T21:13:46","date_gmt":"2019-11-11T20:13:46","guid":{"rendered":"http:\/\/agora.xtec.cat\/iesmiquelbosch\/?page_id=5119"},"modified":"2024-07-09T12:45:30","modified_gmt":"2024-07-09T10:45:30","slug":"revista-escolar-digital","status":"publish","type":"page","link":"https:\/\/agora.xtec.cat\/iesmiquelbosch\/projectes-de-centre\/revista-escolar-digital\/","title":{"rendered":"Revista Escolar Digital"},"content":{"rendered":"<p><strong><span style=\"color: #333399;\">(Actualitzaci\u00f3 09\/07\/2024)<\/span><\/strong><\/p>\n<p><strong><span style=\"color: #ff0000;\">EL PROJECTE DE REVISTA DIGITAL NO \u00c9S VIGENT, A PARTIR DEL CURS 2023-24-<\/span><\/strong><\/p>\n<p><strong><span style=\"color: #ff0000;\">DEIXEM LA INFORMACI\u00d3 COM A REFERENT DE LES ACTUACIONS REALITZADES AL CENTRE<\/span><\/strong><\/p>\n<hr \/>\n<p style=\"text-align: justify;\">El curs 19-20, l&#8217;institut entra en el projecte Revista Escolar Digital, mitjan\u00e7ant l&#8217;optativa de 3r d&#8217;ESO Fem una revista i les col\u00b7laboracions d&#8217;alumnes d&#8217;altres cursos.<\/p>\n<p style=\"text-align: justify;\">La Revista Escolar Digital (RED) proposa la creaci\u00f3 d\u2019un mitj\u00e0 de comunicaci\u00f3 gestionat per alumnes, dinamitzat per professors i coordinat per periodistes. Es crea un sistema en xarxa que permet que les diverses redaccions d&#8217;alumnes comparteixin continguts i experi\u00e8ncies amb estudiants d&#8217;altres instituts. A banda de fomentar l&#8217;esperit cr\u00edtic i desenvolupar les compet\u00e8ncies ling\u00fc\u00edstiques i comunicatives, el projecte tamb\u00e9 busca treballar les habilitats digitals dels estudiants.<\/p>\n<p style=\"text-align: justify;\"><span style=\"font-weight: 400;\">La revista s&#8217;organitza en diferents seccions:<\/span><\/p>\n<ul>\n<li style=\"text-align: justify;\"><b> <\/b><span style=\"font-weight: 400;\">Actualitat: Practiquem la redacci\u00f3 de not\u00edcies i fotonot\u00edcies sobre temes d\u2019actualitat, siguin de l\u2019escola o de proximitat. Els continguts quedaran categoritzats segons les \u00e0rees tem\u00e0tiques (Cultura, Esports, Ci\u00e8ncia i Vida).\u00a0<\/span><\/li>\n<li style=\"text-align: justify;\"><b> <\/b><span style=\"font-weight: 400;\">Opinem: Escrivim articles d\u2019opini\u00f3 per fomentar l\u2019esperit cr\u00edtic dels redactors i redactores. Es pot incloure la subsecci\u00f3 Cartes al Diari: un espai de participaci\u00f3 d\u2019altres alumnes oberta al conjunt de la comunitat educativa.\u00a0<\/span><\/li>\n<li style=\"text-align: justify;\"><b> <\/b><span style=\"font-weight: 400;\">Persones Extraordin\u00e0ries: Fem entrevistes a persones que tinguin algun talent especial o hist\u00f2ries interessants per explicar-nos (companys i companyes, persones conegudes, docents, avis i \u00e0vies&#8230;). Proposem dues subseccions: Talents Ocults (per fer con\u00e8ixer els talents de companys i companyes) i Mem\u00f2ria de la Gent Gran (per explicar les hist\u00f2ries dels nostres avis i \u00e0vies).\u00a0<\/span><\/li>\n<li style=\"text-align: justify;\"><b> <\/b><span style=\"font-weight: 400;\">Junior Report GO: Aprenem a fer cr\u00edtiques i cr\u00f2niques de les activitats que proposem i que cobrim com a periodistes professionals. Exemple: Fem una sortida a una estrena del teatre i en fem una cr\u00edtica.\u00a0<\/span><\/li>\n<li style=\"text-align: justify;\"><b> <\/b><span style=\"font-weight: 400;\">Tema del Mes: L\u2019\u00faltima setmana de cada mes proposem un tema d\u2019actualitat global vinculat a Junior Report que treballarem en xarxa amb totes les escoles RED mitjan\u00e7ant reportatges, contingut multim\u00e8dia, articles, entrevistes&#8230;\u00a0<\/span><\/li>\n<li style=\"text-align: justify;\"><b> <\/b><span style=\"font-weight: 400;\">Quin Fake!: Cada mes presentem una not\u00edcia falsa i la desmuntem per aprendre a detectar aquest tipus d\u2019informacions.\u00a0<\/span><\/li>\n<\/ul>\n<p>Podeu accedir a la revista si cliqueu <a href=\"https:\/\/miquelboschijover.junior-report.media\/\" target=\"_blank\" rel=\"noopener noreferrer\">aqu\u00ed<\/a>.<\/p>\n","protected":false},"excerpt":{"rendered":"<p>(Actualitzaci\u00f3 09\/07\/2024)<br \/>\nEL PROJECTE DE REVISTA DIGITAL NO \u00c9S VIGENT, A PARTIR DEL CURS 2023-24-<br \/>\nDEIXEM LA INFORMACI\u00d3 COM A REFERENT DE LES ACTUACIONS REALITZADES AL CENTRE<\/p>\n<p>El curs 19-20, l&#8217;institut entra en el projecte Revista Escolar Digital, mitjan\u00e7ant l&#8217;optativa de 3r d&#8217;ESO Fem una revista i les&hellip;  <a href=\"https:\/\/agora.xtec.cat\/iesmiquelbosch\/projectes-de-centre\/revista-escolar-digital\/\" title=\"Read Revista Escolar Digital\">Llegeix m\u00e9s\u00bb<\/a><\/p>\n","protected":false},"author":1,"featured_media":0,"parent":7187,"menu_order":80,"comment_status":"closed","ping_status":"closed","template":"page-templates\/side-menu.php","meta":{"_bbp_topic_count":0,"_bbp_reply_count":0,"_bbp_total_topic_count":0,"_bbp_total_reply_count":0,"_bbp_voice_count":0,"_bbp_anonymous_reply_count":0,"_bbp_topic_count_hidden":0,"_bbp_reply_count_hidden":0,"_bbp_forum_subforum_count":0,"footnotes":""},"class_list":["post-5119","page","type-page","status-publish","hentry"],"post_mailing_queue_ids":[],"_links":{"self":[{"href":"https:\/\/agora.xtec.cat\/iesmiquelbosch\/wp-json\/wp\/v2\/pages\/5119","targetHints":{"allow":["GET"]}}],"collection":[{"href":"https:\/\/agora.xtec.cat\/iesmiquelbosch\/wp-json\/wp\/v2\/pages"}],"about":[{"href":"https:\/\/agora.xtec.cat\/iesmiquelbosch\/wp-json\/wp\/v2\/types\/page"}],"author":[{"embeddable":true,"href":"https:\/\/agora.xtec.cat\/iesmiquelbosch\/wp-json\/wp\/v2\/users\/1"}],"replies":[{"embeddable":true,"href":"https:\/\/agora.xtec.cat\/iesmiquelbosch\/wp-json\/wp\/v2\/comments?post=5119"}],"version-history":[{"count":4,"href":"https:\/\/agora.xtec.cat\/iesmiquelbosch\/wp-json\/wp\/v2\/pages\/5119\/revisions"}],"predecessor-version":[{"id":12878,"href":"https:\/\/agora.xtec.cat\/iesmiquelbosch\/wp-json\/wp\/v2\/pages\/5119\/revisions\/12878"}],"up":[{"embeddable":true,"href":"https:\/\/agora.xtec.cat\/iesmiquelbosch\/wp-json\/wp\/v2\/pages\/7187"}],"wp:attachment":[{"href":"https:\/\/agora.xtec.cat\/iesmiquelbosch\/wp-json\/wp\/v2\/media?parent=5119"}],"curies":[{"name":"wp","href":"https:\/\/api.w.org\/{rel}","templated":true}]}}