{"id":5101,"date":"2019-11-11T12:35:32","date_gmt":"2019-11-11T11:35:32","guid":{"rendered":"http:\/\/agora.xtec.cat\/iesmiquelbosch\/?page_id=5101"},"modified":"2021-08-29T20:11:11","modified_gmt":"2021-08-29T18:11:11","slug":"projecte-escola-verda","status":"publish","type":"page","link":"https:\/\/agora.xtec.cat\/iesmiquelbosch\/projectes-de-centre\/projecte-escola-verda\/","title":{"rendered":"Projecte Escola Verda"},"content":{"rendered":"<p style=\"text-align: justify;\">\u00c9s un projecte que impulsen conjuntament el Departament de Medi Ambient i el Departament d\u2019Ensenyament i que incorpora criteris socioambientals en el curr\u00edculum i en la gesti\u00f3 interna del centre i pret\u00e9n fomentar la participaci\u00f3 en la millora ambiental i social de l\u2019entorn m\u00e9s proper, sense malbaratar recursos i ser sensible i promoure activitats per donar resposta a \u00a0problem\u00e0tiques socials properes. Per tant \u00e9s un projecte de centre, \u00e9s un projecte d\u2019educaci\u00f3 ambiental, \u00e9s un projecte de treball interdisciplinari i transversal, i \u00e9s un projecte que cerca el desenvolupament del sentit cr\u00edtic i la creaci\u00f3 d\u2019h\u00e0bits en els alumnes.<\/p>\n<p style=\"text-align: justify;\">El nostre centre forma part de la Xarxa \u00a0d\u2019Escoles Verdes des del curs 2010.<\/p>\n<p style=\"text-align: justify;\">Podeu accedir a la presentaci\u00f3 del nostre projecte si cliqueu <a href=\"https:\/\/agora.xtec.cat\/iesmiquelbosch\/wp-content\/uploads\/usu626\/2019\/11\/ESCOLA-VERDA.ppt\" target=\"_blank\" rel=\"noopener noreferrer\">aqu\u00ed<\/a>.<\/p>\n<p style=\"text-align: justify;\">Coordinadores Projecte Escola Verda: Gemma Just i Rosa M. Batll\u00f3<\/p>\n<p style=\"text-align: justify;\">\n","protected":false},"excerpt":{"rendered":"<p>\u00c9s un projecte que impulsen conjuntament el Departament de Medi Ambient i el Departament d\u2019Ensenyament i que incorpora criteris socioambientals en el curr\u00edculum i en la gesti\u00f3 interna del centre i pret\u00e9n fomentar la participaci\u00f3 en la millora ambiental i social de l\u2019entorn m\u00e9s proper,&hellip;  <a href=\"https:\/\/agora.xtec.cat\/iesmiquelbosch\/projectes-de-centre\/projecte-escola-verda\/\" title=\"Read Projecte Escola Verda\">Llegeix m\u00e9s\u00bb<\/a><\/p>\n","protected":false},"author":1,"featured_media":0,"parent":7187,"menu_order":50,"comment_status":"closed","ping_status":"closed","template":"page-templates\/side-menu.php","meta":{"_bbp_topic_count":0,"_bbp_reply_count":0,"_bbp_total_topic_count":0,"_bbp_total_reply_count":0,"_bbp_voice_count":0,"_bbp_anonymous_reply_count":0,"_bbp_topic_count_hidden":0,"_bbp_reply_count_hidden":0,"_bbp_forum_subforum_count":0,"footnotes":""},"class_list":["post-5101","page","type-page","status-publish","hentry"],"post_mailing_queue_ids":[],"_links":{"self":[{"href":"https:\/\/agora.xtec.cat\/iesmiquelbosch\/wp-json\/wp\/v2\/pages\/5101","targetHints":{"allow":["GET"]}}],"collection":[{"href":"https:\/\/agora.xtec.cat\/iesmiquelbosch\/wp-json\/wp\/v2\/pages"}],"about":[{"href":"https:\/\/agora.xtec.cat\/iesmiquelbosch\/wp-json\/wp\/v2\/types\/page"}],"author":[{"embeddable":true,"href":"https:\/\/agora.xtec.cat\/iesmiquelbosch\/wp-json\/wp\/v2\/users\/1"}],"replies":[{"embeddable":true,"href":"https:\/\/agora.xtec.cat\/iesmiquelbosch\/wp-json\/wp\/v2\/comments?post=5101"}],"version-history":[{"count":3,"href":"https:\/\/agora.xtec.cat\/iesmiquelbosch\/wp-json\/wp\/v2\/pages\/5101\/revisions"}],"predecessor-version":[{"id":5126,"href":"https:\/\/agora.xtec.cat\/iesmiquelbosch\/wp-json\/wp\/v2\/pages\/5101\/revisions\/5126"}],"up":[{"embeddable":true,"href":"https:\/\/agora.xtec.cat\/iesmiquelbosch\/wp-json\/wp\/v2\/pages\/7187"}],"wp:attachment":[{"href":"https:\/\/agora.xtec.cat\/iesmiquelbosch\/wp-json\/wp\/v2\/media?parent=5101"}],"curies":[{"name":"wp","href":"https:\/\/api.w.org\/{rel}","templated":true}]}}