{"id":5099,"date":"2019-11-11T12:24:13","date_gmt":"2019-11-11T11:24:13","guid":{"rendered":"http:\/\/agora.xtec.cat\/iesmiquelbosch\/?page_id=5099"},"modified":"2021-08-29T20:06:37","modified_gmt":"2021-08-29T18:06:37","slug":"projecte-impuls-2","status":"publish","type":"page","link":"https:\/\/agora.xtec.cat\/iesmiquelbosch\/projectes-de-centre\/projecte-impuls-2\/","title":{"rendered":"Projecte Impuls"},"content":{"rendered":"<p style=\"text-align: justify;\">El curs 2006-2007, l\u2019institut Miquel Bosch i Jover va iniciar un projecte de diversificaci\u00f3 curricular-aula oberta, que es va anomenar \u201cProjecte Br\u00faixola\u201d i que va tenir continu\u00eftat durant 12 anys.<\/p>\n<p style=\"text-align: justify;\">El projecte Br\u00faixola, destinat a aquell col\u00b7lectiu d\u2019alumnes de 4t d\u2019ESO desmotivats o amb dificultats per seguir els continguts de l\u2019aula ordin\u00e0ria, continua des del curs 2018-1019 amb el nom de \u00abProjecte Impuls\u00bb i nous aires de renovaci\u00f3, seguint el corrent d&#8217;innovaci\u00f3 pedag\u00f2gica actual. Aquesta mesura d\u2019atenci\u00f3 a la diversitat contin\u00faa pretenent motivar en grup redu\u00eft aquests alumnes per tal d\u2019obtenir el graduat d\u2019ESO i orientar-los cap a algun CFGM o cap a la inserci\u00f3 en el m\u00f3n laboral.<\/p>\n<p style=\"text-align: justify;\">Ambd\u00f3s projectes no haguessin estat possibles sense el suport de tota la comunitat educativa de l\u2019institut, de les fam\u00edlies, de l\u2019ajuntament d\u2019Art\u00e9s i de les empreses col\u00b7laboradores del municipi que, any darrera any, acullen i tutoritzen els alumnes del projecte durant 12 hores lectives setmanals.<\/p>\n<p style=\"text-align: justify;\">L\u2019\u00e8xit d\u2019aquest programa \u00e9s degut a l\u2019aplicaci\u00f3 d\u2019una metodologia did\u00e0ctica m\u00e9s funcional, significativa i transversal. La valoraci\u00f3 de tots aquests anys \u00e9s molt positiva ja que hi ha hagut sempre un alt \u00edndex d\u2019aprovats (superior al 75%).<\/p>\n<p style=\"text-align: justify;\">L\u2019organitzaci\u00f3 curricular i l\u2019horari de perman\u00e8ncia en el centre \u00e9s diferent de la resta d\u2019alumnes ja que es comparteix l\u2019escolaritat ordin\u00e0ria, a c\u00e0rrec de l\u2019equip docent del projecte, amb la formaci\u00f3 externa tutelada, a c\u00e0rrec de les empreses col\u00b7laboradores.<\/p>\n<p style=\"text-align: justify;\">Durant les 18 hores setmanals de formaci\u00f3 al centre, l\u2019equip docent del projecte ofereix:<\/p>\n<ul style=\"text-align: justify;\">\n<li>Adaptaci\u00f3 curricular de totes les mat\u00e8ries, encaminada a assolir les compet\u00e8ncies b\u00e0siques de l\u2019ESO.<\/li>\n<li>Un treball d\u2019habilitats de car\u00e0cter pr\u00e0ctic i de tipus social.<\/li>\n<li>Seguiment acurat dels continguts i metodologia especial per a l\u2019avaluaci\u00f3.<\/li>\n<\/ul>\n<p style=\"text-align: justify;\">Per a la formaci\u00f3 externa tutelada, un total de 12 hores setmanals, s\u2019estableix un conveni de col\u00b7laboraci\u00f3 trimestral, amb alguna de les empreses col\u00b7laboradores del municipi integrades en algun dels seg\u00fcents \u00e0mbits:<\/p>\n<ul style=\"text-align: justify;\">\n<li>Reparaci\u00f3 de vehicles<\/li>\n<li>Perruqueria i est\u00e8tica<\/li>\n<li>Botiga-magatzem<\/li>\n<li>Agricultura-ramaderia<\/li>\n<li>Manteniment : aigua-gas-electricitat<\/li>\n<li>Restauraci\u00f3-alimentaci\u00f3<\/li>\n<li>Serveis a la comunitat (\u00e9s obligatori durant un trimestre)<\/li>\n<\/ul>\n<p style=\"text-align: justify;\">amb l\u2019objectiu de con\u00e8ixer la realitat del m\u00f3n laboral, fomentant el sentit de la responsabilitat i el desenvolupament de la maduresa personal, fent-los valorar les possibilitats de formaci\u00f3 que el centre escolar els ofereix i ajudant-los a millorar h\u00e0bits i comportaments que els preparin com a ciutadans participatius en la vida laboral, cultural i social.<\/p>\n","protected":false},"excerpt":{"rendered":"<p>El curs 2006-2007, l\u2019institut Miquel Bosch i Jover va iniciar un projecte de diversificaci\u00f3 curricular-aula oberta, que es va anomenar \u201cProjecte Br\u00faixola\u201d i que va tenir continu\u00eftat durant 12 anys.<br \/>\nEl projecte Br\u00faixola, destinat a aquell col\u00b7lectiu d\u2019alumnes de 4t d\u2019ESO desmotivats o amb dificultats per&hellip;  <a href=\"https:\/\/agora.xtec.cat\/iesmiquelbosch\/projectes-de-centre\/projecte-impuls-2\/\" title=\"Read Projecte Impuls\">Llegeix m\u00e9s\u00bb<\/a><\/p>\n","protected":false},"author":1,"featured_media":0,"parent":7187,"menu_order":60,"comment_status":"closed","ping_status":"closed","template":"page-templates\/side-menu.php","meta":{"_bbp_topic_count":0,"_bbp_reply_count":0,"_bbp_total_topic_count":0,"_bbp_total_reply_count":0,"_bbp_voice_count":0,"_bbp_anonymous_reply_count":0,"_bbp_topic_count_hidden":0,"_bbp_reply_count_hidden":0,"_bbp_forum_subforum_count":0,"footnotes":""},"class_list":["post-5099","page","type-page","status-publish","hentry"],"post_mailing_queue_ids":[],"_links":{"self":[{"href":"https:\/\/agora.xtec.cat\/iesmiquelbosch\/wp-json\/wp\/v2\/pages\/5099","targetHints":{"allow":["GET"]}}],"collection":[{"href":"https:\/\/agora.xtec.cat\/iesmiquelbosch\/wp-json\/wp\/v2\/pages"}],"about":[{"href":"https:\/\/agora.xtec.cat\/iesmiquelbosch\/wp-json\/wp\/v2\/types\/page"}],"author":[{"embeddable":true,"href":"https:\/\/agora.xtec.cat\/iesmiquelbosch\/wp-json\/wp\/v2\/users\/1"}],"replies":[{"embeddable":true,"href":"https:\/\/agora.xtec.cat\/iesmiquelbosch\/wp-json\/wp\/v2\/comments?post=5099"}],"version-history":[{"count":2,"href":"https:\/\/agora.xtec.cat\/iesmiquelbosch\/wp-json\/wp\/v2\/pages\/5099\/revisions"}],"predecessor-version":[{"id":5127,"href":"https:\/\/agora.xtec.cat\/iesmiquelbosch\/wp-json\/wp\/v2\/pages\/5099\/revisions\/5127"}],"up":[{"embeddable":true,"href":"https:\/\/agora.xtec.cat\/iesmiquelbosch\/wp-json\/wp\/v2\/pages\/7187"}],"wp:attachment":[{"href":"https:\/\/agora.xtec.cat\/iesmiquelbosch\/wp-json\/wp\/v2\/media?parent=5099"}],"curies":[{"name":"wp","href":"https:\/\/api.w.org\/{rel}","templated":true}]}}