{"id":5097,"date":"2019-11-11T12:21:55","date_gmt":"2019-11-11T11:21:55","guid":{"rendered":"http:\/\/agora.xtec.cat\/iesmiquelbosch\/?page_id=5097"},"modified":"2024-07-09T12:41:38","modified_gmt":"2024-07-09T10:41:38","slug":"mobils-edu","status":"publish","type":"page","link":"https:\/\/agora.xtec.cat\/iesmiquelbosch\/projectes-de-centre\/mobils-edu\/","title":{"rendered":"M\u00f2bils.edu"},"content":{"rendered":"<p><strong><span style=\"color: #333399;\">(actualitzaci\u00f3: 09\/07\/2024)<\/span><\/strong><\/p>\n<p><strong><span style=\"color: #ff0000;\">PROJECTE M\u00d2BILS.EDU (2019-2021)<\/span><\/strong><\/p>\n<p><strong><span style=\"color: #ff0000;\">NOTA: la descripci\u00f3 del projecte t\u00e9 car\u00e0cter informatiu. En l&#8217;actualitat aquest projecte d&#8217;innovaci\u00f3 ja no \u00e9s vigent. Deixem la descripci\u00f3 del Pla com a registre de les actuacions passades.\u00a0<\/span><\/strong><\/p>\n<p>En l&#8217;actualitat, curs 2023-24 i en endavant, el centre ha dissenyat estrat\u00e8gies d&#8217;aprenentatge al marge dels dispositius m\u00f2bils. L&#8217;entrada dels ordinadors i el <strong><a href=\"https:\/\/projectes.xtec.cat\/digital\/pla-educacio-digital-de-catalunya\/\">Pla Digital de Centre<\/a><\/strong> s\u00f3n els elements actuals d&#8217;actuaci\u00f3 en el camp de la digitalitzaci\u00f3.<\/p>\n<p>&nbsp;<\/p>\n<p style=\"text-align: justify;\">Amb l\u2019objectiu de garantir l\u2019\u00e8xit educatiu de l\u2019alumnat i contribuir a la millora de les compet\u00e8ncies digitals, el nou programa del Departament d\u2019Educaci\u00f3 m\u00f2bils.edu aposta per l\u2019\u00fas educatiu dels dispositius m\u00f2bils. Aix\u00ed, el curs 2019-2020 es posa en marxa una iniciativa pionera per a mestres i alumnes de 100 centres.<\/p>\n<p style=\"text-align: justify;\"><strong>Centres de diferent tipologia<\/strong><\/p>\n<p style=\"text-align: justify;\">De car\u00e0cter voluntari i amb una durada de 3 anys, el programa integra centres educatius de tot el territori de diferent tipologia. Primer es posar\u00e0 en marxa amb alumnes de 5\u00e8 i 6\u00e8 d\u2019educaci\u00f3 prim\u00e0ria i 1r i 2n de secund\u00e0ria. Despr\u00e9s, i a partir del 3r any d\u2019aplicaci\u00f3, s\u2019estendr\u00e0 a la resta de l\u2019alumnat del centre.<\/p>\n<p style=\"text-align: justify;\">Actualment, un\u00a065%\u00a0dels nens i nenes de\u00a012 anys\u00a0ja tenen un m\u00f2bil propi i, als\u00a014 anys, un\u00a091%. m\u00f2bils.edu es basar\u00e0 en un model BYOD (Bring Your Own Device), de manera que els alumnes podran dur a l\u2019aula els m\u00f2bils personals. No obstant, el Departament facilitar\u00e0 dispositius als centres per cobrir les mancances que hi pugui haver.<\/p>\n<p style=\"text-align: justify;\"><strong>Usos pr\u00e0ctics del m\u00f2bil a l&#8217;aula<\/strong><\/p>\n<p style=\"text-align: justify;\">Aix\u00ed, s\u2019utilitzaran exemples de bones pr\u00e0ctiques com:<\/p>\n<ul style=\"text-align: justify;\">\n<li>fer r\u00e0dio i televisi\u00f3 amb dispositius m\u00f2bils per treballar la compet\u00e8ncia comunicativa<\/li>\n<li>el m\u00f2bil com a eina de recerca, exploraci\u00f3 i creaci\u00f3 art\u00edstica<\/li>\n<li>el m\u00f2bil com laboratori per a projectes de ci\u00e8ncia o ciutadania<\/li>\n<li>ludificaci\u00f3,\u00a0classe inversa, enfocament STEAM o aprenentatge a dist\u00e0ncia<\/li>\n<\/ul>\n<p style=\"text-align: justify;\">A trav\u00e9s d\u2019aquest pla tamb\u00e9 es far\u00e0\u00a0<strong>formaci\u00f3 espec\u00edfica al professorat<\/strong>, incorporant noves modalitats que potenci\u00efn el treball en xarxa.<\/p>\n","protected":false},"excerpt":{"rendered":"<p>(actualitzaci\u00f3: 09\/07\/2024)<br \/>\nPROJECTE M\u00d2BILS.EDU (2019-2021)<br \/>\nNOTA: la descripci\u00f3 del projecte t\u00e9 car\u00e0cter informatiu. En l&#8217;actualitat aquest projecte d&#8217;innovaci\u00f3 ja no \u00e9s vigent. Deixem la descripci\u00f3 del Pla com a registre de les actuacions passades.\u00a0<br \/>\nEn l&#8217;actualitat, curs 2023-24 i en endavant, el centre ha dissenyat estrat\u00e8gies d&#8217;aprenentatge al&hellip;  <a href=\"https:\/\/agora.xtec.cat\/iesmiquelbosch\/projectes-de-centre\/mobils-edu\/\" title=\"Read M\u00f2bils.edu\">Llegeix m\u00e9s\u00bb<\/a><\/p>\n","protected":false},"author":1,"featured_media":0,"parent":7187,"menu_order":20,"comment_status":"closed","ping_status":"closed","template":"page-templates\/side-menu.php","meta":{"_bbp_topic_count":0,"_bbp_reply_count":0,"_bbp_total_topic_count":0,"_bbp_total_reply_count":0,"_bbp_voice_count":0,"_bbp_anonymous_reply_count":0,"_bbp_topic_count_hidden":0,"_bbp_reply_count_hidden":0,"_bbp_forum_subforum_count":0,"footnotes":""},"class_list":["post-5097","page","type-page","status-publish","hentry"],"post_mailing_queue_ids":[],"_links":{"self":[{"href":"https:\/\/agora.xtec.cat\/iesmiquelbosch\/wp-json\/wp\/v2\/pages\/5097","targetHints":{"allow":["GET"]}}],"collection":[{"href":"https:\/\/agora.xtec.cat\/iesmiquelbosch\/wp-json\/wp\/v2\/pages"}],"about":[{"href":"https:\/\/agora.xtec.cat\/iesmiquelbosch\/wp-json\/wp\/v2\/types\/page"}],"author":[{"embeddable":true,"href":"https:\/\/agora.xtec.cat\/iesmiquelbosch\/wp-json\/wp\/v2\/users\/1"}],"replies":[{"embeddable":true,"href":"https:\/\/agora.xtec.cat\/iesmiquelbosch\/wp-json\/wp\/v2\/comments?post=5097"}],"version-history":[{"count":5,"href":"https:\/\/agora.xtec.cat\/iesmiquelbosch\/wp-json\/wp\/v2\/pages\/5097\/revisions"}],"predecessor-version":[{"id":12877,"href":"https:\/\/agora.xtec.cat\/iesmiquelbosch\/wp-json\/wp\/v2\/pages\/5097\/revisions\/12877"}],"up":[{"embeddable":true,"href":"https:\/\/agora.xtec.cat\/iesmiquelbosch\/wp-json\/wp\/v2\/pages\/7187"}],"wp:attachment":[{"href":"https:\/\/agora.xtec.cat\/iesmiquelbosch\/wp-json\/wp\/v2\/media?parent=5097"}],"curies":[{"name":"wp","href":"https:\/\/api.w.org\/{rel}","templated":true}]}}