{"id":27,"date":"2014-09-17T16:24:03","date_gmt":"2014-09-17T16:24:03","guid":{"rendered":"http:\/\/agora.xtec.cat\/iesmiquelbosch\/?page_id=27"},"modified":"2021-08-29T19:47:06","modified_gmt":"2021-08-29T17:47:06","slug":"historia","status":"publish","type":"page","link":"https:\/\/agora.xtec.cat\/iesmiquelbosch\/linstitut\/historia\/","title":{"rendered":"Hist\u00f2ria"},"content":{"rendered":"<p class=\"Estilo10\">L\u2019Institut Miquel Bosch i Jover va iniciar l&#8217;activitat docent en el curs 1990\/1991 com una extensi\u00f3 de l&#8217;Institut Pius Font i Quer de Manresa, amb un grup de primer de BUP. Ocupava l&#8217;edifici situat al passeig Diagonal, on hi havia hagut l&#8217;Escola p\u00fablica Bosch i Jover.<\/p>\n<p class=\"Estilo10\"><a href=\"http:\/\/agora.xtec.cat\/iesmiquelbosch\/wp-content\/uploads\/usu626\/2014\/09\/Edifici-vell-institut.jpg\" rel=\"attachment wp-att-1866\"><img loading=\"lazy\" decoding=\"async\" class=\"size-full wp-image-1866 aligncenter\" src=\"http:\/\/agora.xtec.cat\/iesmiquelbosch\/wp-content\/uploads\/usu626\/2014\/09\/Edifici-vell-institut.jpg\" alt=\"Edifici vell institut\" width=\"320\" height=\"232\" srcset=\"https:\/\/agora.xtec.cat\/iesmiquelbosch\/wp-content\/uploads\/usu626\/2014\/09\/Edifici-vell-institut.jpg 320w, https:\/\/agora.xtec.cat\/iesmiquelbosch\/wp-content\/uploads\/usu626\/2014\/09\/Edifici-vell-institut-300x218.jpg 300w\" sizes=\"auto, (max-width: 320px) 100vw, 320px\" \/><\/a><\/p>\n<p class=\"Estilo10\">A partir del curs 1994\/1995, coincidint amb la implementaci\u00f3 de la Reforma Educativa i\u00a0la creaci\u00f3 de l&#8217;Educaci\u00f3 Secund\u00e0ria Obligat\u00f2ria (ESO),\u00a0el centre va anar augmentant el nombre d&#8217;alumnes i van \u00e9sser necessaris nous espais. A m\u00e9s de l&#8217;edifici del Passeig Diagonal, vam ocupar una part de l&#8217;antic patronat Sant Josep.<\/p>\n<p class=\"Estilo10\">En el curs 1996\/1997 va passar a denominar-se Institut d&#8217;Educaci\u00f3 Secund\u00e0ria i la manca d\u2019espai va implicar la necessitat d\u2019utilitzar\u00a0fins a quatre aules prefabricades (&#8220;cargoleres&#8221;).\u00a0El centre, doncs, es trobava repartit en tres edificis i aix\u00f2 comportava\u00a0problemes d\u2019organitzaci\u00f3, a m\u00e9s de p\u00e8rdues de temps i riscos innecessaris quan l&#8217;a<strong>l<\/strong>umnat havia d&#8217;anar amunt i avall per canviar d\u2019edifici.<\/p>\n<p class=\"Estilo10\">El curs 2003\/2004 es van inaugurar\u00a0les obres d&#8217;ampliaci\u00f3 i reforma de l\u2019edifici del carrer Arquitecte Gaud\u00ed,\u00a0fet que va permetre dotar al centre de m\u00e9s espai i nous equipaments.<\/p>\n<p class=\"Estilo10\"><a href=\"http:\/\/agora.xtec.cat\/iesmiquelbosch\/wp-content\/uploads\/usu626\/2014\/09\/fa\u00e7ana.jpg\" rel=\"attachment wp-att-1849\"><img loading=\"lazy\" decoding=\"async\" class=\"size-full wp-image-1849 aligncenter\" src=\"http:\/\/agora.xtec.cat\/iesmiquelbosch\/wp-content\/uploads\/usu626\/2014\/09\/fa\u00e7ana.jpg\" alt=\"fa\u00e7ana\" width=\"280\" height=\"208\" srcset=\"https:\/\/agora.xtec.cat\/iesmiquelbosch\/wp-content\/uploads\/usu626\/2014\/09\/fa\u00e7ana.jpg 280w, https:\/\/agora.xtec.cat\/iesmiquelbosch\/wp-content\/uploads\/usu626\/2014\/09\/fa\u00e7ana-200x150.jpg 200w\" sizes=\"auto, (max-width: 280px) 100vw, 280px\" \/><\/a><\/p>\n","protected":false},"excerpt":{"rendered":"<p>L\u2019Institut Miquel Bosch i Jover va iniciar l&#8217;activitat docent en el curs 1990\/1991 com una extensi\u00f3 de l&#8217;Institut Pius Font i Quer de Manresa, amb un grup de primer de BUP. Ocupava l&#8217;edifici situat al passeig Diagonal, on hi havia hagut l&#8217;Escola p\u00fablica Bosch i&hellip;  <a href=\"https:\/\/agora.xtec.cat\/iesmiquelbosch\/linstitut\/historia\/\" title=\"Read Hist\u00f2ria\">Llegeix m\u00e9s\u00bb<\/a><\/p>\n","protected":false},"author":1,"featured_media":0,"parent":1862,"menu_order":20,"comment_status":"closed","ping_status":"closed","template":"page-templates\/side-menu.php","meta":{"_bbp_topic_count":0,"_bbp_reply_count":0,"_bbp_total_topic_count":0,"_bbp_total_reply_count":0,"_bbp_voice_count":0,"_bbp_anonymous_reply_count":0,"_bbp_topic_count_hidden":0,"_bbp_reply_count_hidden":0,"_bbp_forum_subforum_count":0,"footnotes":""},"class_list":["post-27","page","type-page","status-publish","hentry"],"post_mailing_queue_ids":[],"_links":{"self":[{"href":"https:\/\/agora.xtec.cat\/iesmiquelbosch\/wp-json\/wp\/v2\/pages\/27","targetHints":{"allow":["GET"]}}],"collection":[{"href":"https:\/\/agora.xtec.cat\/iesmiquelbosch\/wp-json\/wp\/v2\/pages"}],"about":[{"href":"https:\/\/agora.xtec.cat\/iesmiquelbosch\/wp-json\/wp\/v2\/types\/page"}],"author":[{"embeddable":true,"href":"https:\/\/agora.xtec.cat\/iesmiquelbosch\/wp-json\/wp\/v2\/users\/1"}],"replies":[{"embeddable":true,"href":"https:\/\/agora.xtec.cat\/iesmiquelbosch\/wp-json\/wp\/v2\/comments?post=27"}],"version-history":[{"count":3,"href":"https:\/\/agora.xtec.cat\/iesmiquelbosch\/wp-json\/wp\/v2\/pages\/27\/revisions"}],"predecessor-version":[{"id":1867,"href":"https:\/\/agora.xtec.cat\/iesmiquelbosch\/wp-json\/wp\/v2\/pages\/27\/revisions\/1867"}],"up":[{"embeddable":true,"href":"https:\/\/agora.xtec.cat\/iesmiquelbosch\/wp-json\/wp\/v2\/pages\/1862"}],"wp:attachment":[{"href":"https:\/\/agora.xtec.cat\/iesmiquelbosch\/wp-json\/wp\/v2\/media?parent=27"}],"curies":[{"name":"wp","href":"https:\/\/api.w.org\/{rel}","templated":true}]}}