{"id":15251,"date":"2026-04-23T16:54:30","date_gmt":"2026-04-23T14:54:30","guid":{"rendered":"https:\/\/agora.xtec.cat\/iesmiquelbosch\/?page_id=15251"},"modified":"2026-04-23T17:05:35","modified_gmt":"2026-04-23T15:05:35","slug":"presentacions-reunions-families-marc-abril-2026","status":"publish","type":"page","link":"https:\/\/agora.xtec.cat\/iesmiquelbosch\/presentacions-reunions-families-marc-abril-2026\/","title":{"rendered":"Presentacions reunions fam\u00edlies mar\u00e7 i abril 2026"},"content":{"rendered":"<p>En aquesta p\u00e0gina trobareu els enlla\u00e7os a les presentacions de les reunions de mar\u00e7 i abril de 2026:<\/p>\n<ul>\n<li><a href=\"https:\/\/drive.google.com\/file\/d\/1-apK882HfNSPIhs6NZLCdZQATKoIOFKt\/view\" target=\"_blank\" rel=\"noopener\">6\u00e8 de prim\u00e0ria<\/a><\/li>\n<li><a href=\"https:\/\/drive.google.com\/file\/d\/15xjOy88ayd0Eb0CUIjAQUZQK3FYI1fGy\/view?usp=sharing\" target=\"_blank\" rel=\"noopener\">4t d&#8217;ESO<\/a><\/li>\n<li><a href=\"https:\/\/drive.google.com\/file\/d\/1P618TKL1Ax7s-KQ66c1kbBNXMxgETHv0\/view?usp=sharing\" target=\"_blank\" rel=\"noopener\">2n de Batxillerat<\/a><\/li>\n<\/ul>\n","protected":false},"excerpt":{"rendered":"<p>En aquesta p\u00e0gina trobareu els enlla\u00e7os a les presentacions de les reunions de mar\u00e7 i abril de 2026:<\/p>\n<ul>\n<li><a href=\"https:\/\/drive.google.com\/file\/d\/1-apK882HfNSPIhs6NZLCdZQATKoIOFKt\/view\" target=\"_blank\" rel=\"noopener\">6\u00e8 de prim\u00e0ria<\/a><\/li>\n<li><a href=\"https:\/\/drive.google.com\/file\/d\/15xjOy88ayd0Eb0CUIjAQUZQK3FYI1fGy\/view?usp=sharing\" target=\"_blank\" rel=\"noopener\">4t d&#8217;ESO<\/a><\/li>\n<li><a href=\"https:\/\/drive.google.com\/file\/d\/1P618TKL1Ax7s-KQ66c1kbBNXMxgETHv0\/view?usp=sharing\" target=\"_blank\" rel=\"noopener\">2n de Batxillerat<\/a><\/li>\n<\/ul>\n","protected":false},"author":1,"featured_media":0,"parent":0,"menu_order":0,"comment_status":"closed","ping_status":"closed","template":"","meta":{"_bbp_topic_count":0,"_bbp_reply_count":0,"_bbp_total_topic_count":0,"_bbp_total_reply_count":0,"_bbp_voice_count":0,"_bbp_anonymous_reply_count":0,"_bbp_topic_count_hidden":0,"_bbp_reply_count_hidden":0,"_bbp_forum_subforum_count":0,"footnotes":""},"class_list":["post-15251","page","type-page","status-publish","hentry"],"post_mailing_queue_ids":[],"_links":{"self":[{"href":"https:\/\/agora.xtec.cat\/iesmiquelbosch\/wp-json\/wp\/v2\/pages\/15251","targetHints":{"allow":["GET"]}}],"collection":[{"href":"https:\/\/agora.xtec.cat\/iesmiquelbosch\/wp-json\/wp\/v2\/pages"}],"about":[{"href":"https:\/\/agora.xtec.cat\/iesmiquelbosch\/wp-json\/wp\/v2\/types\/page"}],"author":[{"embeddable":true,"href":"https:\/\/agora.xtec.cat\/iesmiquelbosch\/wp-json\/wp\/v2\/users\/1"}],"replies":[{"embeddable":true,"href":"https:\/\/agora.xtec.cat\/iesmiquelbosch\/wp-json\/wp\/v2\/comments?post=15251"}],"version-history":[{"count":6,"href":"https:\/\/agora.xtec.cat\/iesmiquelbosch\/wp-json\/wp\/v2\/pages\/15251\/revisions"}],"predecessor-version":[{"id":15263,"href":"https:\/\/agora.xtec.cat\/iesmiquelbosch\/wp-json\/wp\/v2\/pages\/15251\/revisions\/15263"}],"wp:attachment":[{"href":"https:\/\/agora.xtec.cat\/iesmiquelbosch\/wp-json\/wp\/v2\/media?parent=15251"}],"curies":[{"name":"wp","href":"https:\/\/api.w.org\/{rel}","templated":true}]}}