{"id":13170,"date":"2024-10-29T08:54:45","date_gmt":"2024-10-29T07:54:45","guid":{"rendered":"https:\/\/agora.xtec.cat\/iesmiquelbosch\/?page_id=13170"},"modified":"2026-01-22T14:59:26","modified_gmt":"2026-01-22T13:59:26","slug":"proves-geso","status":"publish","type":"page","link":"https:\/\/agora.xtec.cat\/iesmiquelbosch\/qui-som\/secretaria\/proves-geso\/","title":{"rendered":"Proves GESO"},"content":{"rendered":"<p>&nbsp;<\/p>\n<table style=\"border-collapse: collapse; width: 100%; height: 298px;\">\n<tbody>\n<tr style=\"height: 66px;\">\n<td style=\"width: 100%; background-color: #0eb1ff; height: 66px;\">\n<h3 style=\"text-align: center;\"><span style=\"color: #ffffff;\">PROVES GESO (ANTICS ALUMNES)<\/span><\/h3>\n<\/td>\n<\/tr>\n<tr style=\"height: 58px;\">\n<td style=\"width: 100%; height: 58px;\">\n<h4><span style=\"color: #0eb1ff;\">Proves per obtenir el Graduat en educaci\u00f3 secund\u00e0ria obligat\u00f2ria (GESO) 2026<\/span><\/h4>\n<p><span style=\"color: #0eb1ff;\">Cada any es convoquen proves per a l&#8217;obtenci\u00f3 del t\u00edtol de graduat\/da en educaci\u00f3 secund\u00e0ria obligat\u00f2ria (GESO) per als alumnes que no l&#8217;han obtingut en finalitzar l&#8217;etapa.<\/span><\/p>\n<p><span style=\"color: #0eb1ff;\">El centre de realitzaci\u00f3 de les proves sempre ha de ser aquell on es troba l&#8217;expedient de l&#8217;alumne\/a.\u00a0<\/span><\/td>\n<\/tr>\n<tr style=\"height: 58px;\">\n<td style=\"width: 100%; height: 58px;\">\n<h4><span style=\"color: #0eb1ff;\">Adre\u00e7at a alumnes que no han obtingut el graduat en finalitzar l&#8217;etapa d&#8217;escolaritzaci\u00f3<\/span><\/h4>\n<p><span style=\"color: #0eb1ff;\">Poden presentar-se els alumnes que reuneixen els dos requisits seg\u00fcents:<\/span><\/p>\n<ul>\n<li><span style=\"color: #0eb1ff;\">Haver finalitzat l&#8217;ESO l&#8217;any 2024 o 2025<\/span><\/li>\n<li><span style=\"color: #0eb1ff;\">Tenir almenys 18 anys o complir-los l&#8217;any 2026<br \/>\nTamb\u00e9 hi pot conc\u00f3rrer l&#8217;alumne\/a que faci els 16 anys l&#8217;any 2026, sempre que compleixi alguna de les condicions seg\u00fcents:<\/span><\/p>\n<ul>\n<li><span style=\"color: #0eb1ff;\">Tenir un contracte laboral que li impedeixi assistir al centre en r\u00e8gim ordinari<\/span><\/li>\n<li><span style=\"color: #0eb1ff;\">Trobar-se en proc\u00e9s d&#8217;obtenci\u00f3 d&#8217;un perm\u00eds de treball<\/span><\/li>\n<li><span style=\"color: #0eb1ff;\">Ser esportista d&#8217;alt rendiment<\/span><\/li>\n<li><span style=\"color: #0eb1ff;\">Tenir un expedient d&#8217;homologaci\u00f3 obert d&#8217;estudis estrangers al t\u00edtol de GESO<\/span><\/li>\n<\/ul>\n<\/li>\n<\/ul>\n<\/td>\n<\/tr>\n<tr style=\"height: 58px;\">\n<td style=\"width: 100%; height: 58px;\">\n<h4><span style=\"color: #0eb1ff;\">Presentaci\u00f3 de sol\u00b7licituds<\/span><\/h4>\n<p><span style=\"color: #0eb1ff;\">Del 2 al 13 de febrer de 2026, ambd\u00f3s inclosos<\/span><\/p>\n<p>La sol\u00b7licitud es presenta en el registre telem\u00e0tic mitjan\u00e7ant l&#8217;aplicaci\u00f3 inform\u00e0tica disponible a la p\u00e0gina web del Departament d&#8217;Educaci\u00f3 i Formaci\u00f3 Professional<\/p>\n<p><a href=\"https:\/\/tramits.gencat.cat\/ca\/tramits\/tramits-temes\/graduat-eso\">Inscriure&#8217;s a la prova<\/a><\/td>\n<\/tr>\n<tr style=\"height: 58px;\">\n<td style=\"width: 100%; height: 58px;\">\n<h4><span style=\"color: #0eb1ff;\">Proves<\/span><\/h4>\n<p><span style=\"color: #0eb1ff;\">Del 4 al 13 de mar\u00e7 de 2026<\/span><\/p>\n<p><a href=\"https:\/\/sites.google.com\/xtec.cat\/curriculumbasica\/educaci%C3%B3-b%C3%A0sica\/annex-3-mat%C3%A8ries-deducaci%C3%B3-secund%C3%A0ria-obligat%C3%B2ria?authuser=0\" target=\"_blank\" rel=\"noopener\">Curr\u00edculum de les mat\u00e8ries objecte d&#8217;examen<\/a><\/p>\n<p>&nbsp;<\/td>\n<\/tr>\n<tr>\n<td style=\"width: 100%;\">\n<h4><span style=\"color: #0eb1ff;\">Documentaci\u00f3 per al dia de la prova<\/span><\/h4>\n<p><span style=\"color: #0eb1ff;\">DNI, targeta de resid\u00e8ncia o passaport<\/span><\/td>\n<\/tr>\n<tr>\n<td style=\"width: 100%;\">\n<h4><span style=\"color: #0eb1ff;\">M\u00e9s informaci\u00f3<\/span><\/h4>\n<p><span style=\"color: #0eb1ff;\"><a style=\"color: #0eb1ff;\" href=\"https:\/\/educacio.gencat.cat\/ca\/serveis-tramits\/proves\/proves-lliures-obtencio-titols\/obtencio-titol-eso\/\" target=\"_blank\" rel=\"noopener\">Departament d&#8217;Educaci\u00f3<\/a><\/span><\/p>\n<p>&nbsp;<\/td>\n<\/tr>\n<tr>\n<td style=\"width: 100%;\">\n<h4><span style=\"color: #0eb1ff;\">Qualificacions<\/span><\/h4>\n<p><a href=\"https:\/\/educacio.gencat.cat\/ca\/serveis-tramits\/proves\/proves-lliures-obtencio-titols\/obtencio-titol-eso\/index.html\">Departament d&#8217;Educaci\u00f3<\/a><\/p>\n<p>&nbsp;<\/td>\n<\/tr>\n<tr>\n<td style=\"width: 100%;\">\n<h4><span style=\"color: #0eb1ff;\">Reclamacions<\/span><\/h4>\n<p><span style=\"color: #0eb1ff;\">Es poden presentar, durant els tres dies h\u00e0bils seg\u00fcents a la data d&#8217;informaci\u00f3 dels resultats obtinguts<\/span><\/td>\n<\/tr>\n<\/tbody>\n<\/table>\n<p>&nbsp;<\/p>\n","protected":false},"excerpt":{"rendered":"<p>&nbsp;<\/p>\n<p>PROVES GESO (ANTICS ALUMNES)<\/p>\n<p>Proves per obtenir el Graduat en educaci\u00f3 secund\u00e0ria obligat\u00f2ria (GESO) 2026<br \/>\nCada any es convoquen proves per a l&#8217;obtenci\u00f3 del t\u00edtol de graduat\/da en educaci\u00f3 secund\u00e0ria obligat\u00f2ria (GESO) per als alumnes que no l&#8217;han obtingut en finalitzar l&#8217;etapa.<br \/>\nEl centre de realitzaci\u00f3 de les&hellip;  <a href=\"https:\/\/agora.xtec.cat\/iesmiquelbosch\/qui-som\/secretaria\/proves-geso\/\" title=\"Read Proves GESO\">Llegeix m\u00e9s\u00bb<\/a><\/p>\n","protected":false},"author":1,"featured_media":0,"parent":7095,"menu_order":0,"comment_status":"closed","ping_status":"closed","template":"page-templates\/side-menu.php","meta":{"_bbp_topic_count":0,"_bbp_reply_count":0,"_bbp_total_topic_count":0,"_bbp_total_reply_count":0,"_bbp_voice_count":0,"_bbp_anonymous_reply_count":0,"_bbp_topic_count_hidden":0,"_bbp_reply_count_hidden":0,"_bbp_forum_subforum_count":0,"footnotes":""},"class_list":["post-13170","page","type-page","status-publish","hentry"],"post_mailing_queue_ids":[],"_links":{"self":[{"href":"https:\/\/agora.xtec.cat\/iesmiquelbosch\/wp-json\/wp\/v2\/pages\/13170","targetHints":{"allow":["GET"]}}],"collection":[{"href":"https:\/\/agora.xtec.cat\/iesmiquelbosch\/wp-json\/wp\/v2\/pages"}],"about":[{"href":"https:\/\/agora.xtec.cat\/iesmiquelbosch\/wp-json\/wp\/v2\/types\/page"}],"author":[{"embeddable":true,"href":"https:\/\/agora.xtec.cat\/iesmiquelbosch\/wp-json\/wp\/v2\/users\/1"}],"replies":[{"embeddable":true,"href":"https:\/\/agora.xtec.cat\/iesmiquelbosch\/wp-json\/wp\/v2\/comments?post=13170"}],"version-history":[{"count":6,"href":"https:\/\/agora.xtec.cat\/iesmiquelbosch\/wp-json\/wp\/v2\/pages\/13170\/revisions"}],"predecessor-version":[{"id":14768,"href":"https:\/\/agora.xtec.cat\/iesmiquelbosch\/wp-json\/wp\/v2\/pages\/13170\/revisions\/14768"}],"up":[{"embeddable":true,"href":"https:\/\/agora.xtec.cat\/iesmiquelbosch\/wp-json\/wp\/v2\/pages\/7095"}],"wp:attachment":[{"href":"https:\/\/agora.xtec.cat\/iesmiquelbosch\/wp-json\/wp\/v2\/media?parent=13170"}],"curies":[{"name":"wp","href":"https:\/\/api.w.org\/{rel}","templated":true}]}}