{"id":12690,"date":"2024-06-03T23:26:08","date_gmt":"2024-06-03T21:26:08","guid":{"rendered":"https:\/\/agora.xtec.cat\/iesmiquelbosch\/?page_id=12690"},"modified":"2025-08-02T07:47:20","modified_gmt":"2025-08-02T05:47:20","slug":"llibres-25-26","status":"publish","type":"page","link":"https:\/\/agora.xtec.cat\/iesmiquelbosch\/llibres-25-26\/","title":{"rendered":"Llibres 25-26"},"content":{"rendered":"<table style=\"border-collapse: collapse; width: 100%; height: 130px;\">\n<tbody>\n<tr style=\"height: 66px;\">\n<td style=\"width: 100%; background-color: #087eb6; height: 66px;\" colspan=\"2\">\n<h3 style=\"text-align: center;\"><span style=\"color: #ffffff;\">LLIBRES I LLIC\u00c8NCIES DIGITALS 25-26<\/span><\/h3>\n<\/td>\n<\/tr>\n<tr style=\"height: 32px;\">\n<td style=\"width: 100%; height: 32px;\" colspan=\"2\">En aquesta p\u00e0gina trobareu la informaci\u00f3 sobre la compra de llibres per al curs 25-26.<\/p>\n<p>L&#8217;AFA us ofereix la possibilitat de comprar els llibres a trav\u00e9s de l&#8217;empresa Iddink, que permet adquirir els llibres nous o llogar-los durant el curs escolar (ecobook). Evidentment, podeu utilitzar els serveis d&#8217;aquesta empresa o comprar els llibres a qualsevol llibreria.<\/td>\n<\/tr>\n<tr style=\"height: 32px;\">\n<td style=\"width: 8.60113%; height: 32px;\"><a href=\"https:\/\/agora.xtec.cat\/iesmiquelbosch\/wp-content\/uploads\/usu626\/2022\/05\/icons8-leer-64.png\"><img loading=\"lazy\" decoding=\"async\" class=\"size-full wp-image-8706\" src=\"https:\/\/agora.xtec.cat\/iesmiquelbosch\/wp-content\/uploads\/usu626\/2022\/05\/icons8-leer-64.png\" alt=\"\" width=\"64\" height=\"64\" \/><\/a><\/td>\n<td style=\"width: 91.3989%; height: 32px;\">\n<h5><strong>Compra de llibres a Iddink<\/strong><\/h5>\n<p>&#8211; <a href=\"https:\/\/agora.xtec.cat\/iesmiquelbosch\/wp-content\/uploads\/usu626\/2025\/07\/42_CC_2025.pdf\" target=\"_blank\" rel=\"noopener\">Com comprar a Iddink<\/a><\/p>\n<p><span style=\"font-family: inherit; font-size: 1em;\">\u00a0 \u00a0 &#8211;&gt; Podreu fer servir el val escolar per comprar els llibres a trav\u00e9s d&#8217;Iddink: <\/span><a style=\"font-family: inherit; font-size: 1em;\" href=\"https:\/\/agora.xtec.cat\/iesmiquelbosch\/wp-content\/uploads\/usu626\/2025\/07\/2025-Val-escolar-2.pdf\" target=\"_blank\" rel=\"noopener\">instruccions val escolar.<\/a><\/p>\n<p>&#8211; <a href=\"https:\/\/agora.xtec.cat\/iesmiquelbosch\/wp-content\/uploads\/usu626\/2025\/07\/042_Clickedu.pdf\" target=\"_blank\" rel=\"noopener\">Instruccions per comprar a trav\u00e9s de Clickedu<\/a><\/p>\n<p>&#8211; <a href=\"https:\/\/agora.xtec.cat\/iesmiquelbosch\/wp-content\/uploads\/usu626\/2025\/07\/42_Llista-de-llibres-2025-26_26-juny.pdf\" target=\"_blank\" rel=\"noopener\">Llista de llibres<\/a><br \/>\nEn el cas dels llibres de lectura de catal\u00e0, castell\u00e0, literatura catalana, literatura universal i literatura castellana, s\u00f3n v\u00e0lides altres edicions.<br \/>\nSi no apareix cap llibre en alguna mat\u00e8ria \u00e9s perqu\u00e8 no se&#8217;n far\u00e0 servir cap, es treballar\u00e0 amb material propi o s&#8217;informar\u00e0 sobre l&#8217;adquisici\u00f3 del llibre una vegada comen\u00e7at el curs (per exemple, en el cas de franc\u00e8s)<\/td>\n<\/tr>\n<tr>\n<td style=\"width: 8.60113%;\"><a href=\"https:\/\/agora.xtec.cat\/iesmiquelbosch\/wp-content\/uploads\/usu626\/2025\/05\/Ordinador-150x150-1.png\"><img loading=\"lazy\" decoding=\"async\" class=\"alignleft size-full wp-image-13975\" src=\"https:\/\/agora.xtec.cat\/iesmiquelbosch\/wp-content\/uploads\/usu626\/2025\/05\/Ordinador-150x150-1.png\" alt=\"\" width=\"150\" height=\"150\" \/><\/a><\/td>\n<td style=\"width: 91.3989%;\">\n<h5><strong>Compra de llic\u00e8ncies digitals de Biologia i geologia i F\u00edsica i qu\u00edmica (ESO).<\/strong><\/h5>\n<p>Els alumnes d&#8217;ESO que curseu una o dues d&#8217;aquestes mat\u00e8ries haureu d&#8217;adquirir la llic\u00e8ncia digital a trav\u00e9s de Science Bits. Aqu\u00ed teniu les instruccions per fer-ho: <a href=\"https:\/\/agora.xtec.cat\/iesmiquelbosch\/wp-content\/uploads\/usu626\/2025\/07\/Informacio-Science-bits-25-26-1.pdf\" target=\"_blank\" rel=\"noopener\">compra de llic\u00e8ncies a Science Bits<\/a>.<\/td>\n<\/tr>\n<\/tbody>\n<\/table>\n<p>&nbsp;<\/p>\n","protected":false},"excerpt":{"rendered":"<p>LLIBRES I LLIC\u00c8NCIES DIGITALS 25-26<\/p>\n<p>En aquesta p\u00e0gina trobareu la informaci\u00f3 sobre la compra de llibres per al curs 25-26.<br \/>\nL&#8217;AFA us ofereix la possibilitat de comprar els llibres a trav\u00e9s de l&#8217;empresa Iddink, que permet adquirir els llibres nous o llogar-los durant el curs escolar (ecobook).&hellip;  <a href=\"https:\/\/agora.xtec.cat\/iesmiquelbosch\/llibres-25-26\/\" title=\"Read Llibres 25-26\">Llegeix m\u00e9s\u00bb<\/a><\/p>\n","protected":false},"author":1,"featured_media":0,"parent":0,"menu_order":0,"comment_status":"closed","ping_status":"closed","template":"","meta":{"_bbp_topic_count":0,"_bbp_reply_count":0,"_bbp_total_topic_count":0,"_bbp_total_reply_count":0,"_bbp_voice_count":0,"_bbp_anonymous_reply_count":0,"_bbp_topic_count_hidden":0,"_bbp_reply_count_hidden":0,"_bbp_forum_subforum_count":0,"footnotes":""},"class_list":["post-12690","page","type-page","status-publish","hentry"],"post_mailing_queue_ids":[],"_links":{"self":[{"href":"https:\/\/agora.xtec.cat\/iesmiquelbosch\/wp-json\/wp\/v2\/pages\/12690","targetHints":{"allow":["GET"]}}],"collection":[{"href":"https:\/\/agora.xtec.cat\/iesmiquelbosch\/wp-json\/wp\/v2\/pages"}],"about":[{"href":"https:\/\/agora.xtec.cat\/iesmiquelbosch\/wp-json\/wp\/v2\/types\/page"}],"author":[{"embeddable":true,"href":"https:\/\/agora.xtec.cat\/iesmiquelbosch\/wp-json\/wp\/v2\/users\/1"}],"replies":[{"embeddable":true,"href":"https:\/\/agora.xtec.cat\/iesmiquelbosch\/wp-json\/wp\/v2\/comments?post=12690"}],"version-history":[{"count":6,"href":"https:\/\/agora.xtec.cat\/iesmiquelbosch\/wp-json\/wp\/v2\/pages\/12690\/revisions"}],"predecessor-version":[{"id":14360,"href":"https:\/\/agora.xtec.cat\/iesmiquelbosch\/wp-json\/wp\/v2\/pages\/12690\/revisions\/14360"}],"wp:attachment":[{"href":"https:\/\/agora.xtec.cat\/iesmiquelbosch\/wp-json\/wp\/v2\/media?parent=12690"}],"curies":[{"name":"wp","href":"https:\/\/api.w.org\/{rel}","templated":true}]}}