{"id":1150,"date":"2016-06-16T08:05:19","date_gmt":"2016-06-16T07:05:19","guid":{"rendered":"http:\/\/agora.xtec.cat\/iesmiquelbosch\/intraweb\/caracteristiques\/"},"modified":"2023-10-02T18:19:31","modified_gmt":"2023-10-02T16:19:31","slug":"la-comunitat-educativa","status":"publish","type":"page","link":"https:\/\/agora.xtec.cat\/iesmiquelbosch\/qui-som\/la-comunitat-educativa\/","title":{"rendered":"La comunitat educativa"},"content":{"rendered":"<p>Uns 400 alumnes dels municipis d&#8217;Art\u00e9s, Calders, Monistrol de Calders, Santa Maria d&#8217;Ol\u00f3 i Aviny\u00f3 estudien cada any l&#8217;ESO o el Batxillerat a l&#8217;institut. Habitualment comptem amb tres l\u00ednies a l&#8217;ESO i dues a cadascun dels cursos de Batxillerat.<\/p>\n<p>Uns 40 professors formen l&#8217;Equip Pedag\u00f2gic del centre. Tamb\u00e9 disposem de dues persones a administraci\u00f3, dues conserges i dos membres del personal de neteja. A m\u00e9s, peri\u00f2dicament rebem la visita d&#8217;un membre de l&#8217;EAP (Equip d&#8217;atenci\u00f3 psicopedag\u00f2gica).<\/p>\n<h4>Equip directiu<\/h4>\n<p style=\"padding-left: 30px;\">Director: Josep Ortiz<\/p>\n<p style=\"padding-left: 30px;\">Cap d&#8217;estudis: S\u00edlvia Sol\u00e9<\/p>\n<p style=\"padding-left: 30px;\">Secret\u00e0ria: Rosa Galiano<\/p>\n<p style=\"padding-left: 30px;\">Coordinadora pedag\u00f2gica: Agn\u00e8s Santos<\/p>\n<h4>Equip pedag\u00f2gic<\/h4>\n<table style=\"height: 1320px; width: 92.8361%;\" width=\"858\">\n<tbody>\n<tr style=\"height: 67px;\">\n<td style=\"width: 20.4978%; height: 67px;\" width=\"124\"><strong>DEPARTAMENT<\/strong><\/td>\n<td style=\"width: 17.7548%; height: 67px;\" width=\"118\"><strong>PROFESSOR\/A<\/strong><\/td>\n<td style=\"width: 22.0779%; height: 67px;\" width=\"142\"><strong>ESPECIALITAT<\/strong><\/td>\n<td style=\"width: 65.5254%; height: 67px;\" width=\"252\"><strong>C\u00c0RREC<\/strong><\/td>\n<\/tr>\n<tr style=\"height: 10px;\">\n<td style=\"width: 20.4978%; height: 226px;\" rowspan=\"7\" width=\"124\">Lleng\u00fces Estrangeres<\/td>\n<td style=\"width: 17.7548%; height: 37px;\" width=\"118\">Ingrid Illa<\/td>\n<td style=\"width: 22.0779%; height: 37px;\" width=\"142\">Llengua Francesa<\/td>\n<td style=\"width: 65.5254%; height: 37px;\" width=\"252\"><\/td>\n<\/tr>\n<tr style=\"height: 10px;\">\n<td style=\"width: 17.7548%; height: 38px;\" width=\"118\">Montse Jord\u00e0<\/td>\n<td style=\"width: 22.0779%; height: 38px;\" width=\"142\">Llengua Anglesa<\/td>\n<td style=\"width: 65.5254%; height: 38px;\" width=\"252\">Cap Departament angl\u00e8s. Cotutora 4t ESO<\/td>\n<\/tr>\n<tr style=\"height: 15px;\">\n<td style=\"width: 17.7548%; height: 34px;\" width=\"118\">Rosa Galiano<\/td>\n<td style=\"width: 22.0779%; height: 34px;\" width=\"142\">Llengua Anglesa<\/td>\n<td style=\"width: 65.5254%; height: 34px;\" width=\"252\">Secret\u00e0ria<\/td>\n<\/tr>\n<tr style=\"height: 15px;\">\n<td style=\"width: 17.7548%; height: 39px;\" width=\"118\">Ainhoa Nocete<\/td>\n<td style=\"width: 22.0779%; height: 39px;\" width=\"142\">Llengua Anglesa<\/td>\n<td style=\"width: 65.5254%; height: 39px;\" width=\"252\">Tutora 1r BTX A<\/td>\n<\/tr>\n<tr style=\"height: 15px;\">\n<td style=\"width: 17.7548%; height: 31px;\" width=\"118\">S\u00edlvia Mart\u00ednez<\/td>\n<td style=\"width: 22.0779%; height: 31px;\" width=\"142\">Llengua Anglesa<\/td>\n<td style=\"width: 65.5254%; height: 31px;\" width=\"252\">Tutora 2n ESO C<\/td>\n<\/tr>\n<tr style=\"height: 10px;\">\n<td style=\"width: 17.7548%; height: 37px;\">Carla Roca<\/td>\n<td style=\"width: 22.0779%; height: 37px;\">Llengua Francesa<\/td>\n<td style=\"width: 65.5254%; height: 37px;\">Cotutora 3r ESO<\/td>\n<\/tr>\n<tr style=\"height: 67px;\">\n<td style=\"width: 17.7548%; height: 10px;\">Ester Ruiz<\/td>\n<td style=\"width: 22.0779%; height: 10px;\">Llengua Anglesa<\/td>\n<td style=\"width: 65.5254%; height: 10px;\"><\/td>\n<\/tr>\n<tr style=\"height: 67px;\">\n<td style=\"width: 20.4978%; height: 157px;\" rowspan=\"5\" width=\"124\">Catal\u00e0<\/td>\n<td style=\"width: 17.7548%; height: 33px;\" width=\"118\">Luc\u00eda Navarro<\/td>\n<td style=\"width: 22.0779%; height: 33px;\" width=\"142\">Llengua Catalana<\/td>\n<td style=\"width: 65.5254%; height: 33px;\" width=\"252\">Tutora 4t ESO C<\/td>\n<\/tr>\n<tr style=\"height: 26px;\">\n<td style=\"width: 17.7548%; height: 26px;\" width=\"118\">Meri Pratdesaba<\/td>\n<td style=\"width: 22.0779%; height: 26px;\" width=\"142\">Llengua Catalana<\/td>\n<td style=\"width: 65.5254%; height: 26px;\" width=\"252\">Tutora 1r ESO C<\/td>\n<\/tr>\n<tr style=\"height: 67px;\">\n<td style=\"width: 17.7548%; height: 37px;\" width=\"118\">Nat\u00e0lia Sala<\/td>\n<td style=\"width: 22.0779%; height: 37px;\" width=\"142\">Llengua Catalana i Castellana<\/td>\n<td style=\"width: 65.5254%; height: 37px;\" width=\"252\">Cotutora 4t ESO<\/td>\n<\/tr>\n<tr style=\"height: 28px;\">\n<td style=\"width: 17.7548%; height: 28px;\" width=\"118\">S\u00edlvia Sol\u00e9<\/td>\n<td style=\"width: 22.0779%; height: 28px;\" width=\"142\">Llengua Catalana<\/td>\n<td style=\"width: 65.5254%; height: 28px;\" width=\"252\">Cap d&#8217;Estudis. Cap Departament catal\u00e0<\/td>\n<\/tr>\n<tr style=\"height: 33px;\">\n<td style=\"width: 17.7548%; height: 33px;\">Ampo Vilata<\/td>\n<td style=\"width: 22.0779%; height: 33px;\"><\/td>\n<td style=\"width: 65.5254%; height: 33px;\">Tutora Aula Acollida<\/td>\n<\/tr>\n<tr style=\"height: 138px;\">\n<td style=\"width: 20.4978%; height: 10px;\" scope=\"row\" width=\"124\">Orientaci\u00f3 Psicopedag\u00f2gica<\/td>\n<td style=\"width: 17.7548%; height: 10px;\" scope=\"row\" width=\"118\">Imma N\u00fa\u00f1ez<\/td>\n<td style=\"width: 22.0779%; height: 10px;\" scope=\"row\" width=\"142\">Psicopedagogia<\/td>\n<td style=\"width: 65.5254%; height: 10px;\" scope=\"row\" width=\"252\">Cap Departament Orientaci\u00f3. Tutora 3r ESO C<\/td>\n<\/tr>\n<tr style=\"height: 67px;\">\n<td style=\"width: 20.4978%; height: 130px;\" rowspan=\"4\" width=\"124\">Castell\u00e0<\/td>\n<td style=\"width: 17.7548%; height: 33px;\" width=\"118\">Emma Cano<\/td>\n<td style=\"width: 22.0779%; height: 33px;\" width=\"142\">Llengua Castellana<\/td>\n<td style=\"width: 65.5254%; height: 33px;\" width=\"252\">Coordinadora de 2n d&#8217;ESO. Tutora 2n ESO A<\/td>\n<\/tr>\n<tr style=\"height: 67px;\">\n<td style=\"width: 17.7548%; height: 29px;\" width=\"118\">Josep Jim\u00e9nez<\/td>\n<td style=\"width: 22.0779%; height: 29px;\" width=\"142\">Llengua Castellana<\/td>\n<td style=\"width: 65.5254%; height: 29px;\" width=\"252\">Cap Departament castell\u00e0. Cotutor 2n BTX A<\/td>\n<\/tr>\n<tr style=\"height: 67px;\">\n<td style=\"width: 17.7548%; height: 34px;\" width=\"118\">Rosa Riera<\/td>\n<td style=\"width: 22.0779%; height: 34px;\" width=\"142\">Llat\u00ed<\/td>\n<td style=\"width: 65.5254%; height: 34px;\" width=\"252\">Cotutora 4t ESO<\/td>\n<\/tr>\n<tr style=\"height: 67px;\">\n<td style=\"width: 17.7548%; height: 34px;\" width=\"118\">Agn\u00e8s Santos<\/td>\n<td style=\"width: 22.0779%; height: 34px;\" width=\"142\">Llengua Castellana<\/td>\n<td style=\"width: 65.5254%; height: 34px;\" width=\"252\">Coordinadora Pedag\u00f2gica. Coordinadora de 1r d&#8217;ESO. Tutora 1r ESO<\/td>\n<\/tr>\n<tr style=\"height: 67px;\">\n<td style=\"width: 20.4978%; height: 149px;\" rowspan=\"5\" width=\"124\">Matem\u00e0tiques<\/td>\n<td style=\"width: 17.7548%; height: 28px;\" width=\"118\">Jordi Call<\/td>\n<td style=\"width: 22.0779%; height: 28px;\" width=\"142\">Matem\u00e0tiques<\/td>\n<td style=\"width: 65.5254%; height: 28px;\" width=\"252\">Tutor 3r ESO B<\/td>\n<\/tr>\n<tr style=\"height: 67px;\">\n<td style=\"width: 17.7548%; height: 28px;\" width=\"118\">Ferm\u00ed Rojo<\/td>\n<td style=\"width: 22.0779%; height: 28px;\" width=\"142\">Matem\u00e0tiques<\/td>\n<td style=\"width: 65.5254%; height: 28px;\" width=\"252\">Cotutor 1r ESO<\/td>\n<\/tr>\n<tr style=\"height: 42px;\">\n<td style=\"width: 17.7548%; height: 32px;\" width=\"118\">Eva Navarro<\/td>\n<td style=\"width: 22.0779%; height: 32px;\" width=\"142\">Economia<\/td>\n<td style=\"width: 65.5254%; height: 32px;\" width=\"252\">Coordinadora de Batxillerat. Tutora 2n BTX A. Coordinadora P\u00e0gina web i compra llibres<\/td>\n<\/tr>\n<tr style=\"height: 67px;\">\n<td style=\"width: 17.7548%; height: 31px;\" width=\"118\">M\u00f2nica Mart\u00ednez<\/td>\n<td style=\"width: 22.0779%; height: 31px;\" width=\"142\">Matem\u00e0tiques<\/td>\n<td style=\"width: 65.5254%; height: 31px;\" width=\"252\">Tutora 2n BTX A<\/td>\n<\/tr>\n<tr style=\"height: 67px;\">\n<td style=\"width: 17.7548%; height: 30px;\" width=\"118\">Llu\u00efsa Rodr\u00edguez<\/td>\n<td style=\"width: 22.0779%; height: 30px;\" width=\"142\">Matem\u00e0tiques<\/td>\n<td style=\"width: 65.5254%; height: 30px;\" width=\"252\">Cap Departament Matem\u00e0tiques. Cotutora 2n ESO.<\/td>\n<\/tr>\n<tr style=\"height: 67px;\">\n<td style=\"width: 20.4978%; height: 105px;\" rowspan=\"4\">&nbsp;<\/p>\n<p>Ci\u00e8ncies<\/p>\n<p>Experimentals<\/p>\n<p>&nbsp;<\/td>\n<td style=\"width: 17.7548%; height: 34px;\" width=\"118\">Laia Escol\u00e0<\/td>\n<td style=\"width: 22.0779%; height: 34px;\" width=\"142\">Biologia i Geologia<\/td>\n<td style=\"width: 65.5254%; height: 34px;\" width=\"252\">Cap Departament Ci\u00e8ncies naturals. Tutora 2n ESO B.<\/td>\n<\/tr>\n<tr style=\"height: 67px;\">\n<td style=\"width: 17.7548%; height: 27px;\" width=\"118\">Eva Giralt<\/td>\n<td style=\"width: 22.0779%; height: 27px;\" width=\"142\">F\u00edsica i Qu\u00edmica<\/td>\n<td style=\"width: 65.5254%; height: 27px;\" width=\"252\">Coordinadora 3r d&#8217;ESO. Tutora 3r ESO A<\/td>\n<\/tr>\n<tr style=\"height: 63px;\">\n<td style=\"width: 17.7548%; height: 16px;\" width=\"118\">Gemma Ribera<\/td>\n<td style=\"width: 22.0779%; height: 16px;\" width=\"142\">F\u00edsica i Qu\u00edmica<\/td>\n<td style=\"width: 65.5254%; height: 16px;\" width=\"252\">Cotutora 1r ESO<\/td>\n<\/tr>\n<tr style=\"height: 67px;\">\n<td style=\"width: 17.7548%; height: 28px;\" width=\"118\">Viki Serra<\/td>\n<td style=\"width: 22.0779%; height: 28px;\" width=\"142\">Biologia i Geologia<\/td>\n<td style=\"width: 65.5254%; height: 28px;\" width=\"252\">Cotutora 3r ESO<\/td>\n<\/tr>\n<tr style=\"height: 67px;\">\n<td style=\"width: 20.4978%; height: 207px;\" rowspan=\"6\" width=\"124\">Ci\u00e8ncies<\/p>\n<p>Socials<\/td>\n<td style=\"width: 17.7548%; height: 38px;\" width=\"118\">Xavier Arranz<\/td>\n<td style=\"width: 22.0779%; height: 38px;\" width=\"142\">Religi\u00f3<\/td>\n<td style=\"width: 65.5254%; height: 38px;\" width=\"252\">Tutor 4t ESO B<\/td>\n<\/tr>\n<tr style=\"height: 67px;\">\n<td style=\"width: 17.7548%; height: 41px;\" width=\"118\">Ferran Barald\u00e9s<\/td>\n<td style=\"width: 22.0779%; height: 41px;\" width=\"142\">Geografia i Hist\u00f2ria<\/td>\n<td style=\"width: 65.5254%; height: 41px;\" width=\"252\">Cotutor 2n ESO<\/td>\n<\/tr>\n<tr style=\"height: 47px;\">\n<td style=\"width: 17.7548%; height: 38px;\">Carme Comellas<\/td>\n<td style=\"width: 22.0779%; height: 38px;\">Geografia i Hist\u00f2ria<\/td>\n<td style=\"width: 65.5254%; height: 38px;\">Cotutora 1r ESO<\/td>\n<\/tr>\n<tr style=\"height: 67px;\">\n<td style=\"width: 17.7548%; height: 37px;\" width=\"118\">Marina Cun\u00ed<\/td>\n<td style=\"width: 22.0779%; height: 37px;\" width=\"142\">Ci\u00e8ncies Socials<\/td>\n<td style=\"width: 65.5254%; height: 37px;\" width=\"252\">Tutora 4t ESO A<\/td>\n<\/tr>\n<tr style=\"height: 67px;\">\n<td style=\"width: 17.7548%; height: 29px;\" width=\"118\">C\u00e9sar L\u00f3pez<\/td>\n<td style=\"width: 22.0779%; height: 29px;\" width=\"142\">Geografia i Hist\u00f2ria<\/td>\n<td style=\"width: 65.5254%; height: 29px;\" width=\"252\">Cap Departament Ci\u00e8ncies Socials. Tutor 1r BTX B<\/td>\n<\/tr>\n<tr style=\"height: 67px;\">\n<td style=\"width: 17.7548%; height: 24px;\" width=\"118\">Josep Ortiz<\/td>\n<td style=\"width: 22.0779%; height: 24px;\" width=\"142\">Filosofia<\/td>\n<td style=\"width: 65.5254%; height: 24px;\" width=\"252\">Director<\/td>\n<\/tr>\n<tr style=\"height: 67px;\">\n<td style=\"width: 20.4978%; height: 101px;\" rowspan=\"3\" width=\"124\">Educaci\u00f3 F\u00edsica<\/td>\n<td style=\"width: 17.7548%; height: 33px;\" width=\"118\">Sergi Cinca<\/td>\n<td style=\"width: 22.0779%; height: 33px;\" width=\"142\">Educaci\u00f3 F\u00edsica<\/td>\n<td style=\"width: 65.5254%; height: 33px;\" width=\"252\"><\/td>\n<\/tr>\n<tr style=\"height: 67px;\">\n<td style=\"width: 17.7548%; height: 35px;\" width=\"118\">Jaume Sagu\u00e9s<\/td>\n<td style=\"width: 22.0779%; height: 35px;\" width=\"142\">Educaci\u00f3 F\u00edsica<\/td>\n<td style=\"width: 65.5254%; height: 35px;\" width=\"252\">Cotutor 3r ESO<\/td>\n<\/tr>\n<tr style=\"height: 66px;\">\n<td style=\"width: 17.7548%; height: 33px;\">Dolors Vila<\/td>\n<td style=\"width: 22.0779%; height: 33px;\">Educaci\u00f3 F\u00edsica<\/td>\n<td style=\"width: 65.5254%; height: 33px;\">Cap Departament Educaci\u00f3 F\u00edsica. Cotutora 2n ESO<\/td>\n<\/tr>\n<tr style=\"height: 67px;\">\n<td style=\"width: 20.4978%; height: 168px;\" rowspan=\"5\" width=\"124\">Tecnologia<\/td>\n<td style=\"width: 17.7548%; height: 36px;\" width=\"118\">Joan Carles Garcia<\/td>\n<td style=\"width: 22.0779%; height: 36px;\" width=\"142\">Tecnologia<\/td>\n<td style=\"width: 65.5254%; height: 36px;\" width=\"252\">Cap Departament Tecnologia. Coordinador Estada Empresa Batxillerat, ClickEdu, Manteniment inform\u00e0tic<\/td>\n<\/tr>\n<tr style=\"height: 34px;\">\n<td style=\"width: 17.7548%; height: 34px;\" width=\"118\">Ester Mart\u00ednez \/ Dani Arag\u00fc\u00e9s<\/td>\n<td style=\"width: 22.0779%; height: 34px;\" width=\"142\">M\u00fasica<\/td>\n<td style=\"width: 65.5254%; height: 34px;\"><\/td>\n<\/tr>\n<tr style=\"height: 67px;\">\n<td style=\"width: 17.7548%; height: 26px;\" width=\"118\">Roser Muntadas<\/td>\n<td style=\"width: 22.0779%; height: 26px;\" width=\"142\">Tecnologia<\/td>\n<td style=\"width: 65.5254%; height: 26px;\" width=\"252\"><\/td>\n<\/tr>\n<tr style=\"height: 67px;\">\n<td style=\"width: 17.7548%; height: 42px;\" width=\"118\">Marga Serra<\/td>\n<td style=\"width: 22.0779%; height: 42px;\" width=\"142\">Dibuix<\/td>\n<td style=\"width: 65.5254%; height: 42px;\" width=\"252\">Cotutora 4t ESO<\/td>\n<\/tr>\n<tr style=\"height: 30px;\">\n<td style=\"width: 17.7548%; height: 30px;\" width=\"118\">Jordi Vila<\/td>\n<td style=\"width: 22.0779%; height: 30px;\" width=\"142\">Tecnologia<\/td>\n<td style=\"width: 65.5254%; height: 30px;\" width=\"252\">Coordinador de Prevenci\u00f3 de Riscos laborals<\/td>\n<\/tr>\n<\/tbody>\n<\/table>\n<h4><\/h4>\n<h4>Administraci\u00f3<\/h4>\n<p style=\"padding-left: 30px;\">\u00c0ngels Casals<\/p>\n<p style=\"padding-left: 30px;\">Elisabet Ruiz<\/p>\n<h4>Consergeria<\/h4>\n<p style=\"padding-left: 30px;\">Pilar Soler<\/p>\n<p style=\"padding-left: 30px;\">Eva Campos<\/p>\n<h4>Neteja<\/h4>\n<p style=\"padding-left: 30px;\">Gaby Ursache<\/p>\n","protected":false},"excerpt":{"rendered":"<p>Uns 400 alumnes dels municipis d&#8217;Art\u00e9s, Calders, Monistrol de Calders, Santa Maria d&#8217;Ol\u00f3 i Aviny\u00f3 estudien cada any l&#8217;ESO o el Batxillerat a l&#8217;institut. Habitualment comptem amb tres l\u00ednies a l&#8217;ESO i dues a cadascun dels cursos de Batxillerat.<br \/>\nUns 40 professors formen l&#8217;Equip Pedag\u00f2gic del&hellip;  <a href=\"https:\/\/agora.xtec.cat\/iesmiquelbosch\/qui-som\/la-comunitat-educativa\/\" title=\"Read La comunitat educativa\">Llegeix m\u00e9s\u00bb<\/a><\/p>\n","protected":false},"author":4,"featured_media":0,"parent":7153,"menu_order":10,"comment_status":"closed","ping_status":"closed","template":"page-templates\/side-menu.php","meta":{"_bbp_topic_count":0,"_bbp_reply_count":0,"_bbp_total_topic_count":0,"_bbp_total_reply_count":0,"_bbp_voice_count":0,"_bbp_anonymous_reply_count":0,"_bbp_topic_count_hidden":0,"_bbp_reply_count_hidden":0,"_bbp_forum_subforum_count":0,"footnotes":""},"class_list":["post-1150","page","type-page","status-publish","hentry"],"post_mailing_queue_ids":[],"_links":{"self":[{"href":"https:\/\/agora.xtec.cat\/iesmiquelbosch\/wp-json\/wp\/v2\/pages\/1150","targetHints":{"allow":["GET"]}}],"collection":[{"href":"https:\/\/agora.xtec.cat\/iesmiquelbosch\/wp-json\/wp\/v2\/pages"}],"about":[{"href":"https:\/\/agora.xtec.cat\/iesmiquelbosch\/wp-json\/wp\/v2\/types\/page"}],"author":[{"embeddable":true,"href":"https:\/\/agora.xtec.cat\/iesmiquelbosch\/wp-json\/wp\/v2\/users\/4"}],"replies":[{"embeddable":true,"href":"https:\/\/agora.xtec.cat\/iesmiquelbosch\/wp-json\/wp\/v2\/comments?post=1150"}],"version-history":[{"count":6,"href":"https:\/\/agora.xtec.cat\/iesmiquelbosch\/wp-json\/wp\/v2\/pages\/1150\/revisions"}],"predecessor-version":[{"id":11490,"href":"https:\/\/agora.xtec.cat\/iesmiquelbosch\/wp-json\/wp\/v2\/pages\/1150\/revisions\/11490"}],"up":[{"embeddable":true,"href":"https:\/\/agora.xtec.cat\/iesmiquelbosch\/wp-json\/wp\/v2\/pages\/7153"}],"wp:attachment":[{"href":"https:\/\/agora.xtec.cat\/iesmiquelbosch\/wp-json\/wp\/v2\/media?parent=1150"}],"curies":[{"name":"wp","href":"https:\/\/api.w.org\/{rel}","templated":true}]}}