{"id":11230,"date":"2023-07-03T19:23:51","date_gmt":"2023-07-03T17:23:51","guid":{"rendered":"https:\/\/agora.xtec.cat\/iesmiquelbosch\/?page_id=11230"},"modified":"2023-07-03T19:48:46","modified_gmt":"2023-07-03T17:48:46","slug":"projecte-cete","status":"publish","type":"page","link":"https:\/\/agora.xtec.cat\/iesmiquelbosch\/linstitut\/documents-de-centre\/projecte-cete\/","title":{"rendered":"Projecte CETE+"},"content":{"rendered":"<table style=\"border-collapse: collapse; width: 100%; height: 282px;\">\n<tbody>\n<tr style=\"height: 84px;\">\n<td style=\"width: 100%; background-color: #0eb1ff; height: 84px;\" colspan=\"2\">\n<h2 style=\"text-align: center;\"><span style=\"color: #ffffff;\">Projecte CETE+<\/span><\/h2>\n<\/td>\n<\/tr>\n<tr style=\"height: 166px;\">\n<td style=\"width: 12.5862%; height: 166px;\"><a href=\"https:\/\/agora.xtec.cat\/iesmiquelbosch\/wp-content\/uploads\/usu626\/2021\/09\/info.png\"><img loading=\"lazy\" decoding=\"async\" class=\"wp-image-7289 aligncenter\" src=\"https:\/\/agora.xtec.cat\/iesmiquelbosch\/wp-content\/uploads\/usu626\/2021\/09\/info.png\" alt=\"\" width=\"48\" height=\"48\" srcset=\"https:\/\/agora.xtec.cat\/iesmiquelbosch\/wp-content\/uploads\/usu626\/2021\/09\/info.png 512w, https:\/\/agora.xtec.cat\/iesmiquelbosch\/wp-content\/uploads\/usu626\/2021\/09\/info-300x300.png 300w, https:\/\/agora.xtec.cat\/iesmiquelbosch\/wp-content\/uploads\/usu626\/2021\/09\/info-150x150.png 150w\" sizes=\"auto, (max-width: 48px) 100vw, 48px\" \/><\/a><br \/>\n<span style=\"color: #2795b6;\"><span style=\"font-size: 16px;\"><br \/>\n<\/span><\/span><\/td>\n<td style=\"width: 87.4138%; height: 166px;\"><img loading=\"lazy\" decoding=\"async\" class=\"wp-image-11231 alignleft\" style=\"border: none; color: #2795b6; font-size: 16px;\" src=\"https:\/\/agora.xtec.cat\/iesmiquelbosch\/wp-content\/uploads\/usu626\/2023\/07\/Change-our-future.-Beginning-now..png\" alt=\"\" width=\"149\" height=\"149\" srcset=\"https:\/\/agora.xtec.cat\/iesmiquelbosch\/wp-content\/uploads\/usu626\/2023\/07\/Change-our-future.-Beginning-now..png 820w, https:\/\/agora.xtec.cat\/iesmiquelbosch\/wp-content\/uploads\/usu626\/2023\/07\/Change-our-future.-Beginning-now.-300x300.png 300w, https:\/\/agora.xtec.cat\/iesmiquelbosch\/wp-content\/uploads\/usu626\/2023\/07\/Change-our-future.-Beginning-now.-150x150.png 150w, https:\/\/agora.xtec.cat\/iesmiquelbosch\/wp-content\/uploads\/usu626\/2023\/07\/Change-our-future.-Beginning-now.-768x768.png 768w\" sizes=\"auto, (max-width: 149px) 100vw, 149px\" \/><\/p>\n<p>El projecte CETE+ (<em>Consorci Europeu per a la Transformaci\u00f3 Educativa<\/em>) t\u00e9 l&#8217;objectiu de fomentar la millora en l\u2019aprenentatge de l\u2019alumnat i en els centres educatius que hi participen, a trav\u00e9s de la internacionalitzaci\u00f3 i de programes d&#8217;innovaci\u00f3. Els centres participants s&#8217;engloben en algun dels 14 microconsorcis o equips de treball que desenvolupen un projecte educatiu o programa d&#8217;innovaci\u00f3.En aquest enlla\u00e7 podeu trobar m\u00e9s informaci\u00f3:<\/p>\n<p><a href=\"https:\/\/projectes.xtec.cat\/cete\/els-nostres-objectius\/infografia\/\" target=\"_blank\" rel=\"noopener\">https:\/\/projectes.xtec.cat\/cete\/els-nostres-objectius\/infografia\/<\/a><\/p>\n<p>&nbsp;<\/p>\n<p><img loading=\"lazy\" decoding=\"async\" class=\"wp-image-11232 alignleft\" style=\"background-color: #ffffff; border: none; color: #2795b6; font-size: 16px;\" src=\"https:\/\/agora.xtec.cat\/iesmiquelbosch\/wp-content\/uploads\/usu626\/2023\/07\/mobilsedu_1.png\" alt=\"\" width=\"150\" height=\"88\" srcset=\"https:\/\/agora.xtec.cat\/iesmiquelbosch\/wp-content\/uploads\/usu626\/2023\/07\/mobilsedu_1.png 618w, https:\/\/agora.xtec.cat\/iesmiquelbosch\/wp-content\/uploads\/usu626\/2023\/07\/mobilsedu_1-300x177.png 300w\" sizes=\"auto, (max-width: 150px) 100vw, 150px\" \/><\/p>\n<p><span style=\"font-family: inherit; font-size: 1em;\">El nostre institut participa en el projecte CETE+ a trav\u00e9s del microconsorci <em>mobils.edu<\/em>, que t\u00e9 com a finalitat el desenvolupament i millora de la compet\u00e8ncia digital, tant de l\u2019alumnat com del professorat, mitjan\u00e7ant l\u2019\u00fas de dispositius m\u00f2bils.\u00a0<\/span><\/td>\n<\/tr>\n<tr style=\"height: 32px;\">\n<td style=\"width: 12.5862%; height: 32px;\">\u00a0<a href=\"https:\/\/agora.xtec.cat\/iesmiquelbosch\/wp-content\/uploads\/usu626\/2023\/07\/icons8-despegue-100.png\"><img loading=\"lazy\" decoding=\"async\" class=\" wp-image-11234 aligncenter\" src=\"https:\/\/agora.xtec.cat\/iesmiquelbosch\/wp-content\/uploads\/usu626\/2023\/07\/icons8-despegue-100.png\" alt=\"\" width=\"47\" height=\"47\" \/><\/a><\/td>\n<td style=\"width: 87.4138%; height: 32px;\">L&#8217;institut ha participat en dues mobilitats:<\/p>\n<ul>\n<li>El juliol de 2022, un professor de l&#8217;institut va fer un curs a Flor\u00e8ncia que versava sobre la creaci\u00f3, la innovaci\u00f3, la motivaci\u00f3 i les noves metodologies d&#8217;ensenyament-aprenentatge. Aqu\u00ed podeu trobar el <a href=\"https:\/\/agora.xtec.cat\/iesmiquelbosch\/wp-content\/uploads\/usu626\/2023\/07\/6.1.6_Dossier-treball-claustre_Curs-Firenze-2022.pdf\" target=\"_blank\" rel=\"noopener\">dossier de treball<\/a>.<\/li>\n<li>El setembre de 2022, el director de l&#8217;institut va viatjar a Kildare (Irlanda) per participar en un J<em>ob Shadowing, <\/em>que consisteix a observar les experi\u00e8ncies de centres internacionals amb l&#8217;objectiu de millorar l&#8217;organitzaci\u00f3 i la pr\u00e0ctica docent. Aqu\u00ed podeu trobar el <a href=\"https:\/\/agora.xtec.cat\/iesmiquelbosch\/wp-content\/uploads\/usu626\/2023\/07\/6.1.2_Diari-de-mobilitat_Jose-Antonio-Ortiz.pdf\" target=\"_blank\" rel=\"noopener\">diari de mobilitat<\/a>.<\/li>\n<\/ul>\n<\/td>\n<\/tr>\n<\/tbody>\n<\/table>\n<p>&nbsp;<\/p>\n<p>&nbsp;<\/p>\n<p>&nbsp;<\/p>\n<p>&nbsp;<\/p>\n<p>&nbsp;<\/p>\n<p>&nbsp;<\/p>\n","protected":false},"excerpt":{"rendered":"<p>Projecte CETE+<\/p>\n<p><a href=\"https:\/\/agora.xtec.cat\/iesmiquelbosch\/wp-content\/uploads\/usu626\/2021\/09\/info.png\"><\/a><\/p>\n<p>El projecte CETE+ (Consorci Europeu per a la Transformaci\u00f3 Educativa) t\u00e9 l&#8217;objectiu de fomentar la millora en l\u2019aprenentatge de l\u2019alumnat i en els centres educatius que hi participen, a trav\u00e9s de la internacionalitzaci\u00f3 i de programes d&#8217;innovaci\u00f3. Els centres participants s&#8217;engloben en algun&hellip;  <a href=\"https:\/\/agora.xtec.cat\/iesmiquelbosch\/linstitut\/documents-de-centre\/projecte-cete\/\" title=\"Read Projecte CETE+\">Llegeix m\u00e9s\u00bb<\/a><\/p>\n","protected":false},"author":1,"featured_media":0,"parent":3377,"menu_order":0,"comment_status":"closed","ping_status":"closed","template":"page-templates\/side-menu.php","meta":{"_bbp_topic_count":0,"_bbp_reply_count":0,"_bbp_total_topic_count":0,"_bbp_total_reply_count":0,"_bbp_voice_count":0,"_bbp_anonymous_reply_count":0,"_bbp_topic_count_hidden":0,"_bbp_reply_count_hidden":0,"_bbp_forum_subforum_count":0,"footnotes":""},"class_list":["post-11230","page","type-page","status-publish","hentry"],"post_mailing_queue_ids":[],"_links":{"self":[{"href":"https:\/\/agora.xtec.cat\/iesmiquelbosch\/wp-json\/wp\/v2\/pages\/11230","targetHints":{"allow":["GET"]}}],"collection":[{"href":"https:\/\/agora.xtec.cat\/iesmiquelbosch\/wp-json\/wp\/v2\/pages"}],"about":[{"href":"https:\/\/agora.xtec.cat\/iesmiquelbosch\/wp-json\/wp\/v2\/types\/page"}],"author":[{"embeddable":true,"href":"https:\/\/agora.xtec.cat\/iesmiquelbosch\/wp-json\/wp\/v2\/users\/1"}],"replies":[{"embeddable":true,"href":"https:\/\/agora.xtec.cat\/iesmiquelbosch\/wp-json\/wp\/v2\/comments?post=11230"}],"version-history":[{"count":3,"href":"https:\/\/agora.xtec.cat\/iesmiquelbosch\/wp-json\/wp\/v2\/pages\/11230\/revisions"}],"predecessor-version":[{"id":11247,"href":"https:\/\/agora.xtec.cat\/iesmiquelbosch\/wp-json\/wp\/v2\/pages\/11230\/revisions\/11247"}],"up":[{"embeddable":true,"href":"https:\/\/agora.xtec.cat\/iesmiquelbosch\/wp-json\/wp\/v2\/pages\/3377"}],"wp:attachment":[{"href":"https:\/\/agora.xtec.cat\/iesmiquelbosch\/wp-json\/wp\/v2\/media?parent=11230"}],"curies":[{"name":"wp","href":"https:\/\/api.w.org\/{rel}","templated":true}]}}