{"id":81,"date":"2014-09-18T10:38:05","date_gmt":"2014-09-18T10:38:05","guid":{"rendered":"http:\/\/agora.xtec.cat\/iesmila\/?page_id=81"},"modified":"2025-10-01T09:45:01","modified_gmt":"2025-10-01T07:45:01","slug":"secretaria","status":"publish","type":"page","link":"https:\/\/agora.xtec.cat\/iesmila\/secretaria\/","title":{"rendered":"Secretaria"},"content":{"rendered":"<p>En els centres d&#8217;ensenyament secundari, la secretaria \u00e9s l&#8217;agent de gesti\u00f3 administrativa visible, per tant, per la realitzaci\u00f3 de qualsevol tr\u00e0mit administratiu cal que us hi adreceu:<\/p>\n<ul>\n<li>Horari d&#8217;atenci\u00f3 al p\u00fablic:<br \/>\nDe dilluns a divendres de 9h a 14h, i de dilluns a dijous de 16h a 18:30h<br \/>\n<em>Horari d&#8217;estiu (juny, juliol i setembre): de dilluns a divendres de 10h a 13h<br \/>\n<span style=\"text-decoration: underline;\">A partir del 20 de juliol l&#8217;atenci\u00f3 ser\u00e0 nom\u00e9s mitjan\u00e7ant el correu electr\u00f2nic iesmila@xtec.cat<\/span><\/em><\/li>\n<\/ul>\n<p>&nbsp;<\/p>\n<p>&nbsp;<\/p>\n","protected":false},"excerpt":{"rendered":"<p>En els centres d&#8217;ensenyament secundari, la secretaria \u00e9s l&#8217;agent de gesti\u00f3 administrativa visible, per tant, per la realitzaci\u00f3 de qualsevol tr\u00e0mit administratiu cal que us hi adreceu:<\/p>\n<ul>\n<li>Horari d&#8217;atenci\u00f3 al p\u00fablic:<br \/>\nDe dilluns a divendres de 9h a 14h, i de dilluns a dijous de 16h a&hellip;  <a href=\"https:\/\/agora.xtec.cat\/iesmila\/secretaria\/\" title=\"Read Secretaria\">Llegeix m\u00e9s\u00bb<\/a><\/p>\n","protected":false},"author":1,"featured_media":0,"parent":0,"menu_order":0,"comment_status":"closed","ping_status":"closed","template":"page-templates\/side-menu.php","meta":{"_bbp_topic_count":0,"_bbp_reply_count":0,"_bbp_total_topic_count":0,"_bbp_total_reply_count":0,"_bbp_voice_count":0,"_bbp_anonymous_reply_count":0,"_bbp_topic_count_hidden":0,"_bbp_reply_count_hidden":0,"_bbp_forum_subforum_count":0,"footnotes":""},"class_list":["post-81","page","type-page","status-publish","hentry"],"post_mailing_queue_ids":[],"_links":{"self":[{"href":"https:\/\/agora.xtec.cat\/iesmila\/wp-json\/wp\/v2\/pages\/81","targetHints":{"allow":["GET"]}}],"collection":[{"href":"https:\/\/agora.xtec.cat\/iesmila\/wp-json\/wp\/v2\/pages"}],"about":[{"href":"https:\/\/agora.xtec.cat\/iesmila\/wp-json\/wp\/v2\/types\/page"}],"author":[{"embeddable":true,"href":"https:\/\/agora.xtec.cat\/iesmila\/wp-json\/wp\/v2\/users\/1"}],"replies":[{"embeddable":true,"href":"https:\/\/agora.xtec.cat\/iesmila\/wp-json\/wp\/v2\/comments?post=81"}],"version-history":[{"count":7,"href":"https:\/\/agora.xtec.cat\/iesmila\/wp-json\/wp\/v2\/pages\/81\/revisions"}],"predecessor-version":[{"id":7984,"href":"https:\/\/agora.xtec.cat\/iesmila\/wp-json\/wp\/v2\/pages\/81\/revisions\/7984"}],"wp:attachment":[{"href":"https:\/\/agora.xtec.cat\/iesmila\/wp-json\/wp\/v2\/media?parent=81"}],"curies":[{"name":"wp","href":"https:\/\/api.w.org\/{rel}","templated":true}]}}