{"id":6871,"date":"2024-03-06T17:20:56","date_gmt":"2024-03-06T16:20:56","guid":{"rendered":"https:\/\/agora.xtec.cat\/iesmila\/?page_id=6871"},"modified":"2024-04-17T10:39:53","modified_gmt":"2024-04-17T08:39:53","slug":"pla-de-comunicacio","status":"publish","type":"page","link":"https:\/\/agora.xtec.cat\/iesmila\/edc\/cultura-digital\/pla-de-comunicacio\/","title":{"rendered":"Pla de comunicaci\u00f3"},"content":{"rendered":"<p>El centre disposa d\u2019un web amb la informaci\u00f3 p\u00fablica. S\u2019hi poden trobar informacions est\u00e0tiques,<img loading=\"lazy\" decoding=\"async\" class=\"alignright size-medium wp-image-9488\" src=\"https:\/\/projectes.xtec.cat\/edc-suport\/wp-content\/uploads\/usu2435\/2021\/12\/nodes-300x173.png\" sizes=\"auto, (max-width: 300px) 100vw, 300px\" srcset=\"https:\/\/projectes.xtec.cat\/edc-suport\/wp-content\/uploads\/usu2435\/2021\/12\/nodes-300x173.png 300w, https:\/\/projectes.xtec.cat\/edc-suport\/wp-content\/uploads\/usu2435\/2021\/12\/nodes.png 580w\" alt=\"\" width=\"300\" height=\"173\" \/>\u00a0que es revisen\u00a0peri\u00f2dicament (documentaci\u00f3, claustre, dates del curs, etc.) i articles din\u00e0mics sobre el que va succeint al centre dia a dia.<\/p>\n<p>Aquest web est\u00e0 realitzat aprofitant el servei nodes que ofereix el Departament d\u2019Educaci\u00f3.<\/p>\n<p>&nbsp;<\/p>\n<p>El centre disposa de dos entorns virtuals d&#8217;aprenentatge, amb enlla\u00e7os des de la web del centre, un en entorn moodle i l&#8217;altra en Google Classroom, depenent del professorat.<a href=\"https:\/\/agora.xtec.cat\/iesmila\/wp-content\/uploads\/usu844\/2024\/03\/Captura-de-pantalla-2024-03-06-180317.jpg\"><img loading=\"lazy\" decoding=\"async\" class=\"alignright\" src=\"https:\/\/agora.xtec.cat\/iesmila\/wp-content\/uploads\/usu844\/2024\/03\/Captura-de-pantalla-2024-03-06-180317.jpg\" alt=\"\" width=\"104\" height=\"229\" \/><\/a><\/p>\n<p>Per accedir-hi, s\u2019ha d\u2019utilitzar l\u2019usuari de centre.<\/p>\n<p>Per a l\u2019alumnat, professorat i les fam\u00edlies el centre tamb\u00e9 disposa de l&#8217;aplicaci\u00f3 de gesti\u00f3 iEduca, on poden consultar tots els butlletins d\u2019avaluaci\u00f3 i totes les assist\u00e8ncies i faltes, aix\u00ed com la missatgeria interna.<\/p>\n<p>El centre disposa d&#8217;un <a href=\"https:\/\/insmilaifontanals.ieduca.com\/index.php?seccio=84&amp;accio=2&amp;busca=comunicaci%C3%B3&amp;tipus=&amp;estat=#\" target=\"_blank\" rel=\"noopener\">pla de comunicaci\u00f3<\/a>, revisat l&#8217;any 2018, que est\u00e0 pendent d&#8217;actualitzaci\u00f3:<\/p>\n<p><a href=\"https:\/\/login.ieduca.com\/?centre=insmilaifontanals&amp;modul=base\" target=\"_blank\" rel=\"noopener noreferrer\"><img loading=\"lazy\" decoding=\"async\" class=\"wp-image-2067 alignleft\" src=\"http:\/\/agora.xtec.cat\/iesmila\/wp-content\/uploads\/usu844\/2014\/09\/ieduca.jpg\" alt=\"\" width=\"225\" height=\"60\" srcset=\"https:\/\/agora.xtec.cat\/iesmila\/wp-content\/uploads\/usu844\/2014\/09\/ieduca.jpg 326w, https:\/\/agora.xtec.cat\/iesmila\/wp-content\/uploads\/usu844\/2014\/09\/ieduca-300x80.jpg 300w\" sizes=\"auto, (max-width: 225px) 100vw, 225px\" \/><\/a><\/p>\n","protected":false},"excerpt":{"rendered":"<p>El centre disposa d\u2019un web amb la informaci\u00f3 p\u00fablica. S\u2019hi poden trobar informacions est\u00e0tiques,\u00a0que es revisen\u00a0peri\u00f2dicament (documentaci\u00f3, claustre, dates del curs, etc.) i articles din\u00e0mics sobre el que va succeint al centre dia a dia.<br \/>\nAquest web est\u00e0 realitzat aprofitant el servei nodes que ofereix el&hellip;  <a href=\"https:\/\/agora.xtec.cat\/iesmila\/edc\/cultura-digital\/pla-de-comunicacio\/\" title=\"Read Pla de comunicaci\u00f3\">Llegeix m\u00e9s\u00bb<\/a><\/p>\n","protected":false},"author":1,"featured_media":0,"parent":5007,"menu_order":30,"comment_status":"closed","ping_status":"closed","template":"page-templates\/side-menu.php","meta":{"_bbp_topic_count":0,"_bbp_reply_count":0,"_bbp_total_topic_count":0,"_bbp_total_reply_count":0,"_bbp_voice_count":0,"_bbp_anonymous_reply_count":0,"_bbp_topic_count_hidden":0,"_bbp_reply_count_hidden":0,"_bbp_forum_subforum_count":0,"footnotes":""},"class_list":["post-6871","page","type-page","status-publish","hentry"],"post_mailing_queue_ids":[],"_links":{"self":[{"href":"https:\/\/agora.xtec.cat\/iesmila\/wp-json\/wp\/v2\/pages\/6871","targetHints":{"allow":["GET"]}}],"collection":[{"href":"https:\/\/agora.xtec.cat\/iesmila\/wp-json\/wp\/v2\/pages"}],"about":[{"href":"https:\/\/agora.xtec.cat\/iesmila\/wp-json\/wp\/v2\/types\/page"}],"author":[{"embeddable":true,"href":"https:\/\/agora.xtec.cat\/iesmila\/wp-json\/wp\/v2\/users\/1"}],"replies":[{"embeddable":true,"href":"https:\/\/agora.xtec.cat\/iesmila\/wp-json\/wp\/v2\/comments?post=6871"}],"version-history":[{"count":5,"href":"https:\/\/agora.xtec.cat\/iesmila\/wp-json\/wp\/v2\/pages\/6871\/revisions"}],"predecessor-version":[{"id":7040,"href":"https:\/\/agora.xtec.cat\/iesmila\/wp-json\/wp\/v2\/pages\/6871\/revisions\/7040"}],"up":[{"embeddable":true,"href":"https:\/\/agora.xtec.cat\/iesmila\/wp-json\/wp\/v2\/pages\/5007"}],"wp:attachment":[{"href":"https:\/\/agora.xtec.cat\/iesmila\/wp-json\/wp\/v2\/media?parent=6871"}],"curies":[{"name":"wp","href":"https:\/\/api.w.org\/{rel}","templated":true}]}}