{"id":6072,"date":"2023-04-12T13:07:36","date_gmt":"2023-04-12T11:07:36","guid":{"rendered":"https:\/\/agora.xtec.cat\/iesmila\/?page_id=6072"},"modified":"2024-04-17T10:35:16","modified_gmt":"2024-04-17T08:35:16","slug":"centre","status":"publish","type":"page","link":"https:\/\/agora.xtec.cat\/iesmila\/edc\/cultura-digital\/descripcio-de-serveis-digitals-i-dispositius\/centre\/","title":{"rendered":"Centre"},"content":{"rendered":"<p>El centre disposa de diversos recursos i aplicacions per a la gesti\u00f3 i la comunicaci\u00f3, sent el m\u00e9s habitual la plataforma de gesti\u00f3 iEduca, tant per a la comunicaci\u00f3 amb l\u2019alumnat i les seves fam\u00edlies com pel personal del centre.<\/p>\n<p><a href=\"https:\/\/agora.xtec.cat\/iesmila\/wp-content\/uploads\/usu844\/2024\/04\/Imagen-1.png\"><img loading=\"lazy\" decoding=\"async\" class=\"aligncenter size-full wp-image-7013\" src=\"https:\/\/agora.xtec.cat\/iesmila\/wp-content\/uploads\/usu844\/2024\/04\/Imagen-1.png\" alt=\"\" width=\"482\" height=\"168\" srcset=\"https:\/\/agora.xtec.cat\/iesmila\/wp-content\/uploads\/usu844\/2024\/04\/Imagen-1.png 482w, https:\/\/agora.xtec.cat\/iesmila\/wp-content\/uploads\/usu844\/2024\/04\/Imagen-1-300x105.png 300w\" sizes=\"auto, (max-width: 482px) 100vw, 482px\" \/><\/a><\/p>\n<p>Tamb\u00e9 s\u2019utilitzen comptes de correu electr\u00f2nic:<\/p>\n<ul>\n<li>El correu electr\u00f2nic corporatiu @xtec.cat per a la comunicaci\u00f3 entre el personal del centre.<\/li>\n<li>G-suite @milaifontanals.org l\u2019\u00fas de la plataforma G-Suite for Education amb l\u2019assignaci\u00f3 d\u2019adreces electr\u00f2niques @milaifontanals.org per a professorat, PAS i alumnat.<\/li>\n<li>Correu electr\u00f2nic de centre @milaifontanals.cat per a diferents coordinacions i serveis, com per exemple: mobilitat, assessorament, queixes&#8230;.<\/li>\n<li>Comunicaci\u00f3 telef\u00f2nica, videoconfer\u00e8ncia via Google meet, etc, durant les reunions de professorat, alumnat, amb les fam\u00edlies o grups d\u2019inter\u00e8s.<\/li>\n<\/ul>\n<p>Per a la difusi\u00f3 d&#8217;informaci\u00f3 i la comunicaci\u00f3 externa el centre disposa de diversos canals oficials, actualitzats amb molta freq\u00fc\u00e8ncia, on es poden seguir novetats i informacions, com s\u00f3n:<\/p>\n<ul>\n<li>P\u00e0gina web din\u00e0mica basada en un gestor de continguts WordPress Nodes <a href=\"http:\/\/www.milaifontanals.cat\">http:\/\/www.milaifontanals.cat<\/a><\/li>\n<li>P\u00e0gina web dedicada a la formaci\u00f3 DUAL, din\u00e0mica basada en un gestor de continguts WordPress Nodes <a href=\"https:\/\/fpdual.milaifontanals.cat\/\">https:\/\/fpdual.milaifontanals.cat\/<\/a><\/li>\n<li>Moodle de centre: <a href=\"https:\/\/moodle.milaifontanals.cat\/\">https:\/\/moodle.milaifontanals.cat\/<\/a><\/li>\n<li>Compte Instagram: <a href=\"https:\/\/www.instagram.com\/milaifontanals\/\">@milaifontanals<\/a><\/li>\n<li>Compte Facebook: <a href=\"https:\/\/www.facebook.com\/milaifontanalsigualada\/\">@milaifontanalsigualada<\/a><\/li>\n<li>Canal Youtube: <a href=\"https:\/\/www.youtube.com\/user\/MilaIgualada\">@milaigualada<\/a><\/li>\n<li>Compte Twitter: <a href=\"https:\/\/twitter.com\/milaifontanals\">@milaifontanals<\/a><\/li>\n<li>Canal Telegram: <a href=\"https:\/\/t.me\/milaifontanals\">@milaifontanals<\/a><\/li>\n<li>Compte WhatsApp: 930855750<\/li>\n<\/ul>\n<p>Entre l&#8217;equipament i dispositius inform\u00e0tics, el centre disposa d&#8217;aproximadament:<\/p>\n<ul>\n<li>Ordinadors de sobretaula,<\/li>\n<li>Ordinadors port\u00e0tils d&#8217;aula,<\/li>\n<li>Pantalles de 75&#8243;-85&#8243; t\u00e0ctils d&#8217;aula.<\/li>\n<li>Ordinadors port\u00e0tils per a l&#8217;alumnat,<\/li>\n<li>Ordinadors port\u00e0tils pel professorat.<\/li>\n<\/ul>\n","protected":false},"excerpt":{"rendered":"<p>El centre disposa de diversos recursos i aplicacions per a la gesti\u00f3 i la comunicaci\u00f3, sent el m\u00e9s habitual la plataforma de gesti\u00f3 iEduca, tant per a la comunicaci\u00f3 amb l\u2019alumnat i les seves fam\u00edlies com pel personal del centre.<br \/>\n<a href=\"https:\/\/agora.xtec.cat\/iesmila\/wp-content\/uploads\/usu844\/2024\/04\/Imagen-1.png\"><\/a><br \/>\nTamb\u00e9 s\u2019utilitzen comptes de correu&hellip;  <a href=\"https:\/\/agora.xtec.cat\/iesmila\/edc\/cultura-digital\/descripcio-de-serveis-digitals-i-dispositius\/centre\/\" title=\"Read Centre\">Llegeix m\u00e9s\u00bb<\/a><\/p>\n","protected":false},"author":1,"featured_media":0,"parent":6865,"menu_order":2,"comment_status":"closed","ping_status":"closed","template":"page-templates\/side-menu.php","meta":{"_bbp_topic_count":0,"_bbp_reply_count":0,"_bbp_total_topic_count":0,"_bbp_total_reply_count":0,"_bbp_voice_count":0,"_bbp_anonymous_reply_count":0,"_bbp_topic_count_hidden":0,"_bbp_reply_count_hidden":0,"_bbp_forum_subforum_count":0,"footnotes":""},"class_list":["post-6072","page","type-page","status-publish","hentry"],"post_mailing_queue_ids":[],"_links":{"self":[{"href":"https:\/\/agora.xtec.cat\/iesmila\/wp-json\/wp\/v2\/pages\/6072","targetHints":{"allow":["GET"]}}],"collection":[{"href":"https:\/\/agora.xtec.cat\/iesmila\/wp-json\/wp\/v2\/pages"}],"about":[{"href":"https:\/\/agora.xtec.cat\/iesmila\/wp-json\/wp\/v2\/types\/page"}],"author":[{"embeddable":true,"href":"https:\/\/agora.xtec.cat\/iesmila\/wp-json\/wp\/v2\/users\/1"}],"replies":[{"embeddable":true,"href":"https:\/\/agora.xtec.cat\/iesmila\/wp-json\/wp\/v2\/comments?post=6072"}],"version-history":[{"count":4,"href":"https:\/\/agora.xtec.cat\/iesmila\/wp-json\/wp\/v2\/pages\/6072\/revisions"}],"predecessor-version":[{"id":7039,"href":"https:\/\/agora.xtec.cat\/iesmila\/wp-json\/wp\/v2\/pages\/6072\/revisions\/7039"}],"up":[{"embeddable":true,"href":"https:\/\/agora.xtec.cat\/iesmila\/wp-json\/wp\/v2\/pages\/6865"}],"wp:attachment":[{"href":"https:\/\/agora.xtec.cat\/iesmila\/wp-json\/wp\/v2\/media?parent=6072"}],"curies":[{"name":"wp","href":"https:\/\/api.w.org\/{rel}","templated":true}]}}