{"id":5595,"date":"2022-12-14T08:30:21","date_gmt":"2022-12-14T07:30:21","guid":{"rendered":"https:\/\/agora.xtec.cat\/iesmila\/?page_id=5595"},"modified":"2023-04-12T13:04:42","modified_gmt":"2023-04-12T11:04:42","slug":"avaluacio","status":"publish","type":"page","link":"https:\/\/agora.xtec.cat\/iesmila\/edc\/part-estrategica\/avaluacio\/","title":{"rendered":"Avaluaci\u00f3"},"content":{"rendered":"<p dir=\"ltr\" style=\"text-align: justify;\">Un cop planificades les accions\/activitats amb les seves tasques associades, la comissi\u00f3 d\u2019estrat\u00e8gia digital ha planificat tamb\u00e9 l\u2019avaluaci\u00f3 de les activitats, amb la finalitat de tenir un checking per donar-la com assolida i, per tant, anar passant les accions que ens donaran l\u2019\u00e8xit de l\u2019objectiu redactat, i en conseq\u00fc\u00e8ncia, l\u2019assoliment del punt feble i transformaci\u00f3 d\u2019aquest en punt fort. Les comissions han tingut en compte l\u2019avaluaci\u00f3 cont\u00ednua de les activitats dintre de les fitxes de planificaci\u00f3 on es reserva \u201cAVALUACI\u00d3 (feedback &#8211; qualitat)\u201d per fer el seguiment concret.<\/p>\n<p dir=\"ltr\" style=\"text-align: justify;\">Un cop avaluats tots els objectius planificats de l\u2019EDC, es far\u00e0 una avaluaci\u00f3 final que implicar\u00e0 tornar a comen\u00e7ar tot el proc\u00e9s de l\u2019EDC. Tenint en compte que els prop\u00f2sits que no han sigut aconseguits, caldr\u00e0 buscar noves activitats per millorar-los i seguiran en la nova planificaci\u00f3 del pla d\u2019EDC.<\/p>\n","protected":false},"excerpt":{"rendered":"<p>Un cop planificades les accions\/activitats amb les seves tasques associades, la comissi\u00f3 d\u2019estrat\u00e8gia digital ha planificat tamb\u00e9 l\u2019avaluaci\u00f3 de les activitats, amb la finalitat de tenir un checking per donar-la com assolida i, per tant, anar passant les accions que ens donaran l\u2019\u00e8xit de l\u2019objectiu&hellip;  <a href=\"https:\/\/agora.xtec.cat\/iesmila\/edc\/part-estrategica\/avaluacio\/\" title=\"Read Avaluaci\u00f3\">Llegeix m\u00e9s\u00bb<\/a><\/p>\n","protected":false},"author":1,"featured_media":0,"parent":5005,"menu_order":3,"comment_status":"closed","ping_status":"closed","template":"page-templates\/side-menu.php","meta":{"_bbp_topic_count":0,"_bbp_reply_count":0,"_bbp_total_topic_count":0,"_bbp_total_reply_count":0,"_bbp_voice_count":0,"_bbp_anonymous_reply_count":0,"_bbp_topic_count_hidden":0,"_bbp_reply_count_hidden":0,"_bbp_forum_subforum_count":0,"footnotes":""},"class_list":["post-5595","page","type-page","status-publish","hentry"],"post_mailing_queue_ids":[],"_links":{"self":[{"href":"https:\/\/agora.xtec.cat\/iesmila\/wp-json\/wp\/v2\/pages\/5595","targetHints":{"allow":["GET"]}}],"collection":[{"href":"https:\/\/agora.xtec.cat\/iesmila\/wp-json\/wp\/v2\/pages"}],"about":[{"href":"https:\/\/agora.xtec.cat\/iesmila\/wp-json\/wp\/v2\/types\/page"}],"author":[{"embeddable":true,"href":"https:\/\/agora.xtec.cat\/iesmila\/wp-json\/wp\/v2\/users\/1"}],"replies":[{"embeddable":true,"href":"https:\/\/agora.xtec.cat\/iesmila\/wp-json\/wp\/v2\/comments?post=5595"}],"version-history":[{"count":2,"href":"https:\/\/agora.xtec.cat\/iesmila\/wp-json\/wp\/v2\/pages\/5595\/revisions"}],"predecessor-version":[{"id":6067,"href":"https:\/\/agora.xtec.cat\/iesmila\/wp-json\/wp\/v2\/pages\/5595\/revisions\/6067"}],"up":[{"embeddable":true,"href":"https:\/\/agora.xtec.cat\/iesmila\/wp-json\/wp\/v2\/pages\/5005"}],"wp:attachment":[{"href":"https:\/\/agora.xtec.cat\/iesmila\/wp-json\/wp\/v2\/media?parent=5595"}],"curies":[{"name":"wp","href":"https:\/\/api.w.org\/{rel}","templated":true}]}}