{"id":55,"date":"2025-09-01T08:00:49","date_gmt":"2025-09-01T06:00:49","guid":{"rendered":"http:\/\/agora.xtec.cat\/iesmila\/?page_id=55"},"modified":"2025-09-10T16:59:18","modified_gmt":"2025-09-10T14:59:18","slug":"horaris","status":"publish","type":"page","link":"https:\/\/agora.xtec.cat\/iesmila\/linstitut\/horaris\/","title":{"rendered":"Horaris de grups, llista de llibres i calendari curs 2025-2026"},"content":{"rendered":"<h3>Curs 2025\/26<\/h3>\n<p><a href=\"https:\/\/drive.google.com\/file\/d\/1lTwDhagVLF2UsYWuHKR07xmlDAtZMew4\/view?usp=drive_link\" target=\"_blank\" rel=\"noopener\">Calendari provisional 2025\/26<\/a><\/p>\n<p><a href=\"https:\/\/agora.xtec.cat\/iesmila\/wp-content\/uploads\/usu844\/2025\/09\/Llibres-de-text-curs-2025-26-Mila-i-Fontanals-llistat-complet-setembre-.pdf\">Llibres de text 2025\/26<\/a><\/p>\n<p><a href=\"https:\/\/drive.google.com\/drive\/folders\/17PkJolFLbY-6eiTq2FvurO0PBIu0zcvw?usp=drive_link\" target=\"_blank\" rel=\"noopener\">Horaris provisionals grups del curs 2025\/26<\/a><\/p>\n<p><strong>Horaris presentacions, divendres 12 de setembre<\/strong><\/p>\n<table style=\"width: 0%; height: 1971px;\" width=\"558\">\n<tbody>\n<tr>\n<td colspan=\"4\" width=\"558\">12 de setembre de 2025 a les 09:00h<\/td>\n<\/tr>\n<tr>\n<td>GRUP<\/td>\n<td><\/td>\n<td><\/td>\n<td>Aula<\/td>\n<\/tr>\n<tr>\n<td>1r<\/td>\n<td>CFM<\/td>\n<td>Operacions de laboratori<\/td>\n<td>123<\/td>\n<\/tr>\n<tr>\n<td>1r<\/td>\n<td>CFM<\/td>\n<td>Manteniment electromec\u00e0nic<\/td>\n<td>124<\/td>\n<\/tr>\n<tr>\n<td>1r<\/td>\n<td>CFM<\/td>\n<td>Instal\u00b7lacions el\u00e8ctriques i autom\u00e0tiques<\/td>\n<td>141<\/td>\n<\/tr>\n<tr>\n<td>1r<\/td>\n<td>CFM<\/td>\n<td>Instal\u00b7lacions de telecomunicacions<\/td>\n<td>140<\/td>\n<\/tr>\n<tr>\n<td>1r<\/td>\n<td>CFM<\/td>\n<td>Sistemes microinform\u00e0tics i xarxes<\/td>\n<td>223<\/td>\n<\/tr>\n<tr>\n<td>1r<\/td>\n<td>CFM<\/td>\n<td>Guia en el medi natural i el temps de lleure<\/td>\n<td>204<\/td>\n<\/tr>\n<tr>\n<td><\/td>\n<td><\/td>\n<td><\/td>\n<td><\/td>\n<\/tr>\n<tr>\n<td><\/td>\n<td><\/td>\n<td><\/td>\n<td><\/td>\n<\/tr>\n<tr>\n<td colspan=\"4\">12 de setembre de 2025 a les 09:30h<\/td>\n<\/tr>\n<tr>\n<td>GRUP<\/td>\n<td><\/td>\n<td><\/td>\n<td>Aula<\/td>\n<\/tr>\n<tr>\n<td>1r<\/td>\n<td>IFE<\/td>\n<td>Itineraris Formatius Espec\u00edfics<\/td>\n<td>38<\/td>\n<\/tr>\n<tr>\n<td><\/td>\n<td>PFI<\/td>\n<td>Fabricaci\u00f3 mec\u00e0nica i ajust a la soldadura<\/td>\n<td>210<\/td>\n<\/tr>\n<tr>\n<td><\/td>\n<td>PFI<\/td>\n<td>Muntatges d&#8217;intal:lacions electrot\u00e8cniques en edificis<\/td>\n<td>42<\/td>\n<\/tr>\n<tr>\n<td><\/td>\n<td>PFI<\/td>\n<td>Vendes, oficina i atenci\u00f3 al public<\/td>\n<td>208<\/td>\n<\/tr>\n<tr>\n<td><\/td>\n<td><\/td>\n<td><\/td>\n<td><\/td>\n<\/tr>\n<tr>\n<td><\/td>\n<td><\/td>\n<td><\/td>\n<td><\/td>\n<\/tr>\n<tr>\n<td colspan=\"4\">12 de setembre de 2025 a les 10:00h<\/td>\n<\/tr>\n<tr>\n<td>GRUP<\/td>\n<td><\/td>\n<td><\/td>\n<td>Aula<\/td>\n<\/tr>\n<tr>\n<td>1r<\/td>\n<td>CFM<\/td>\n<td>Gesti\u00f3 administrativa A<\/td>\n<td>112<\/td>\n<\/tr>\n<tr>\n<td>1r<\/td>\n<td>CFM<\/td>\n<td>Gesti\u00f3 administrativa \u00e0mbit Sanitari<\/td>\n<td>114<\/td>\n<\/tr>\n<tr>\n<td>1r<\/td>\n<td>CFM<\/td>\n<td>Activitats comercials<\/td>\n<td>111<\/td>\n<\/tr>\n<tr>\n<td>1r<\/td>\n<td>CFM<\/td>\n<td>Instal\u00b7lacions de producci\u00f3 de calor<\/td>\n<td>132<\/td>\n<\/tr>\n<tr>\n<td>1r<\/td>\n<td>CFM<\/td>\n<td>Electromec\u00e0nica de vehicles A<\/td>\n<td>151<\/td>\n<\/tr>\n<tr>\n<td>1r<\/td>\n<td>CFM<\/td>\n<td>Carrosseria<\/td>\n<td>209<\/td>\n<\/tr>\n<tr>\n<td>1r<\/td>\n<td>CFM<\/td>\n<td>Atenci\u00f3 a persones en situaci\u00f3 de depend.<\/td>\n<td>125<\/td>\n<\/tr>\n<tr>\n<td>1r<\/td>\n<td>CFM<\/td>\n<td>Fabricaci\u00f3 ennobliment de productes t\u00e8xtils<\/td>\n<td>212<\/td>\n<\/tr>\n<tr>\n<td>1r<\/td>\n<td>CFM<\/td>\n<td>V\u00eddeo, discj\u00f2quei i so<\/td>\n<td>217<\/td>\n<\/tr>\n<tr>\n<td><\/td>\n<td><\/td>\n<td><\/td>\n<td><\/td>\n<\/tr>\n<tr>\n<td colspan=\"4\">12 de setembre de 2025 a les 11:00h<\/td>\n<\/tr>\n<tr>\n<td>GRUP<\/td>\n<td><\/td>\n<td><\/td>\n<td>Aula<\/td>\n<\/tr>\n<tr>\n<td>2n<\/td>\n<td>IFE<\/td>\n<td>Itineraris Formatius Espec\u00edfics<\/td>\n<td>128<\/td>\n<\/tr>\n<tr>\n<td>3r<\/td>\n<td>IFE<\/td>\n<td>Itineraris Formatius Espec\u00edfics<\/td>\n<td>38<\/td>\n<\/tr>\n<tr>\n<td>4t<\/td>\n<td>IFE<\/td>\n<td>Itineraris Formatius Espec\u00edfics<\/td>\n<td>124<\/td>\n<\/tr>\n<tr>\n<td>2n<\/td>\n<td>CFM<\/td>\n<td>Gesti\u00f3 administrativa A<\/td>\n<td>112<\/td>\n<\/tr>\n<tr>\n<td>2n<\/td>\n<td>CFM<\/td>\n<td>Gesti\u00f3 administrativa B<\/td>\n<td>125<\/td>\n<\/tr>\n<tr>\n<td>2n<\/td>\n<td>CFM<\/td>\n<td>Activitats comercials<\/td>\n<td>113<\/td>\n<\/tr>\n<tr>\n<td>2n<\/td>\n<td>CFM<\/td>\n<td>Instal\u00b7lacions el\u00e8ctriques i autom\u00e0tiques<\/td>\n<td>140<\/td>\n<\/tr>\n<tr>\n<td>2n<\/td>\n<td>CFM<\/td>\n<td>Instal\u00b7lacions de telecomunicacions<\/td>\n<td>141<\/td>\n<\/tr>\n<tr>\n<td>2n<\/td>\n<td>CFM<\/td>\n<td>Manteniment electromec\u00e0nic<\/td>\n<td>47<\/td>\n<\/tr>\n<tr>\n<td>2n<\/td>\n<td>CFM<\/td>\n<td>Operacions de laboratori<\/td>\n<td>22<\/td>\n<\/tr>\n<tr>\n<td>2n<\/td>\n<td>CFM<\/td>\n<td>Guia en el medi natural i el temps de lleure<\/td>\n<td>124<\/td>\n<\/tr>\n<tr>\n<td>2n<\/td>\n<td>CFM<\/td>\n<td>Carrosseria<\/td>\n<td>204<\/td>\n<\/tr>\n<tr>\n<td>2n<\/td>\n<td>CFM<\/td>\n<td>Fabricaci\u00f3 i ennobliment productes t\u00e8xtils<\/td>\n<td>208<\/td>\n<\/tr>\n<tr>\n<td>2n<\/td>\n<td>CFM<\/td>\n<td>Electromec\u00e0nica de vehicles A<\/td>\n<td>209<\/td>\n<\/tr>\n<tr>\n<td>2n<\/td>\n<td>CFM<\/td>\n<td>Instal\u00b7lacions de producci\u00f3 de calor<\/td>\n<td>132<\/td>\n<\/tr>\n<tr>\n<td>2n<\/td>\n<td>CFM<\/td>\n<td>Atenci\u00f3 a persones en situaci\u00f3 de depend\u00e8ncia<\/td>\n<td>138<\/td>\n<\/tr>\n<tr>\n<td><\/td>\n<td><\/td>\n<td><\/td>\n<td><\/td>\n<\/tr>\n<tr>\n<td><\/td>\n<td><\/td>\n<td><\/td>\n<td><\/td>\n<\/tr>\n<tr>\n<td colspan=\"4\">12 de setembre de 2025 a les 11:30h<\/td>\n<\/tr>\n<tr>\n<td>GRUP<\/td>\n<td><\/td>\n<td><\/td>\n<td>Aula<\/td>\n<\/tr>\n<tr>\n<td>1r<\/td>\n<td>CFS<\/td>\n<td>Desenvolupament d&#8217;aplicacions\u00a0 multiplataforma<\/td>\n<td>223<\/td>\n<\/tr>\n<tr>\n<td>1r<\/td>\n<td>CFS<\/td>\n<td>Ens. i animaci\u00f3 socioesportiva<\/td>\n<td>70<\/td>\n<\/tr>\n<tr>\n<td>2n<\/td>\n<td>CFS<\/td>\n<td>Ens. i animaci\u00f3 socioesportiva<\/td>\n<td>204<\/td>\n<\/tr>\n<tr>\n<td>1r<\/td>\n<td>CFS<\/td>\n<td>Educaci\u00f3 infantil<\/td>\n<td>123<\/td>\n<\/tr>\n<\/tbody>\n<\/table>\n<table style=\"width: 0%; height: 1525px;\" width=\"522\">\n<tbody>\n<tr style=\"height: 33px;\">\n<td style=\"width: 516.541px; height: 33px;\" colspan=\"4\">12 de setembre de 2025 a les 15:00h<\/td>\n<\/tr>\n<tr style=\"height: 33px;\">\n<td style=\"width: 63.6435px; height: 33px;\">GRUP<\/td>\n<td style=\"width: 53.8281px; height: 33px;\"><\/td>\n<td style=\"width: 342.855px; height: 33px;\"><\/td>\n<td style=\"width: 50.7599px; height: 33px;\">Aula<\/td>\n<\/tr>\n<tr style=\"height: 33px;\">\n<td style=\"width: 63.6435px; height: 33px;\">1r<\/td>\n<td style=\"width: 53.8281px; height: 33px;\">CFM<\/td>\n<td style=\"width: 342.855px; height: 33px;\">Electromec\u00e0nica de vehicles B<\/td>\n<td style=\"width: 50.7599px; height: 33px;\">204<\/td>\n<\/tr>\n<tr style=\"height: 33px;\">\n<td style=\"width: 63.6435px; height: 33px;\">1r<\/td>\n<td style=\"width: 53.8281px; height: 33px;\">CFM<\/td>\n<td style=\"width: 342.855px; height: 33px;\">Gesti\u00f3 adminitrativa B<\/td>\n<td style=\"width: 50.7599px; height: 33px;\">33<\/td>\n<\/tr>\n<tr style=\"height: 33px;\">\n<td style=\"width: 63.6435px; height: 33px;\">2n<\/td>\n<td style=\"width: 53.8281px; height: 33px;\">CFM<\/td>\n<td style=\"width: 342.855px; height: 33px;\">Sistemes microinform\u00e0tics i xarxes<\/td>\n<td style=\"width: 50.7599px; height: 33px;\">224<\/td>\n<\/tr>\n<tr style=\"height: 33px;\">\n<td style=\"width: 63.6435px; height: 33px;\">2n<\/td>\n<td style=\"width: 53.8281px; height: 33px;\">CFM<\/td>\n<td style=\"width: 342.855px; height: 33px;\">Gesti\u00f3 administrativa ambit sanitari<\/td>\n<td style=\"width: 50.7599px; height: 33px;\">34<\/td>\n<\/tr>\n<tr style=\"height: 33px;\">\n<td style=\"width: 63.6435px; height: 33px;\">2n<\/td>\n<td style=\"width: 53.8281px; height: 33px;\">CFM<\/td>\n<td style=\"width: 342.855px; height: 33px;\">Electromec\u00e0nica de vehicles B<\/td>\n<td style=\"width: 50.7599px; height: 33px;\">122<\/td>\n<\/tr>\n<tr style=\"height: 33px;\">\n<td style=\"width: 63.6435px; height: 33px;\"><\/td>\n<td style=\"width: 53.8281px; height: 33px;\"><\/td>\n<td style=\"width: 342.855px; height: 33px;\"><\/td>\n<td style=\"width: 50.7599px; height: 33px;\"><\/td>\n<\/tr>\n<tr style=\"height: 33px;\">\n<td style=\"width: 63.6435px; height: 33px;\"><\/td>\n<td style=\"width: 53.8281px; height: 33px;\"><\/td>\n<td style=\"width: 342.855px; height: 33px;\"><\/td>\n<td style=\"width: 50.7599px; height: 33px;\"><\/td>\n<\/tr>\n<tr style=\"height: 33px;\">\n<td style=\"width: 63.6435px; height: 33px;\" colspan=\"4\">12 de setembre de 2025 a les 15:30h<\/td>\n<\/tr>\n<tr style=\"height: 33px;\">\n<td style=\"width: 63.6435px; height: 33px;\">GRUP<\/td>\n<td style=\"width: 53.8281px; height: 33px;\"><\/td>\n<td style=\"width: 342.855px; height: 33px;\"><\/td>\n<td style=\"width: 50.7599px; height: 33px;\">Aula<\/td>\n<\/tr>\n<tr style=\"height: 33px;\">\n<td style=\"width: 63.6435px; height: 33px;\">1r<\/td>\n<td style=\"width: 53.8281px; height: 33px;\">CFS<\/td>\n<td style=\"width: 342.855px; height: 33px;\">Laboratori d&#8217;an\u00e0lisi i control de la qualitat<\/td>\n<td style=\"width: 50.7599px; height: 33px;\">123<\/td>\n<\/tr>\n<tr style=\"height: 33px;\">\n<td style=\"width: 63.6435px; height: 33px;\">1r<\/td>\n<td style=\"width: 53.8281px; height: 33px;\">CFS<\/td>\n<td style=\"width: 342.855px; height: 33px;\">Administraci\u00f3 i finances<\/td>\n<td style=\"width: 50.7599px; height: 33px;\">112<\/td>\n<\/tr>\n<tr style=\"height: 33px;\">\n<td style=\"width: 63.6435px; height: 33px;\">1r<\/td>\n<td style=\"width: 53.8281px; height: 33px;\">CFS<\/td>\n<td style=\"width: 342.855px; height: 33px;\">Automoci\u00f3<\/td>\n<td style=\"width: 50.7599px; height: 33px;\">151<\/td>\n<\/tr>\n<tr style=\"height: 33px;\">\n<td style=\"width: 63.6435px; height: 33px;\">1r<\/td>\n<td style=\"width: 53.8281px; height: 33px;\">CFS<\/td>\n<td style=\"width: 342.855px; height: 33px;\">Desenvolupament d&#8217;aplicacions web<\/td>\n<td style=\"width: 50.7599px; height: 33px;\">223<\/td>\n<\/tr>\n<tr style=\"height: 33px;\">\n<td style=\"width: 63.6435px; height: 33px;\">1r<\/td>\n<td style=\"width: 53.8281px; height: 33px;\">CFS<\/td>\n<td style=\"width: 342.855px; height: 33px;\">Integraci\u00f3 social<\/td>\n<td style=\"width: 50.7599px; height: 33px;\">125<\/td>\n<\/tr>\n<tr style=\"height: 33px;\">\n<td style=\"width: 63.6435px; height: 33px;\">1r<\/td>\n<td style=\"width: 53.8281px; height: 33px;\">CFS<\/td>\n<td style=\"width: 342.855px; height: 33px;\">Automatitzaci\u00f3 i robotica industrial<\/td>\n<td style=\"width: 50.7599px; height: 33px;\">147<\/td>\n<\/tr>\n<tr style=\"height: 33px;\">\n<td style=\"width: 63.6435px; height: 33px;\">1r<\/td>\n<td style=\"width: 53.8281px; height: 33px;\">CFS<\/td>\n<td style=\"width: 342.855px; height: 33px;\">Mecatr\u00f2nica<\/td>\n<td style=\"width: 50.7599px; height: 33px;\">132<\/td>\n<\/tr>\n<tr style=\"height: 33px;\">\n<td style=\"width: 63.6435px; height: 33px;\">1r<\/td>\n<td style=\"width: 53.8281px; height: 33px;\">CFS<\/td>\n<td style=\"width: 342.855px; height: 33px;\">Comer\u00e7 internacional<\/td>\n<td style=\"width: 50.7599px; height: 33px;\">111<\/td>\n<\/tr>\n<tr style=\"height: 33px;\">\n<td style=\"width: 63.6435px; height: 33px;\"><\/td>\n<td style=\"width: 53.8281px; height: 33px;\"><\/td>\n<td style=\"width: 342.855px; height: 33px;\"><\/td>\n<td style=\"width: 50.7599px; height: 33px;\"><\/td>\n<\/tr>\n<tr style=\"height: 33px;\">\n<td style=\"width: 63.6435px; height: 33px;\" colspan=\"4\">12 de setembre de 2025 a les 16:00h<\/td>\n<\/tr>\n<tr style=\"height: 33px;\">\n<td style=\"width: 63.6435px; height: 33px;\">GRUP<\/td>\n<td style=\"width: 53.8281px; height: 33px;\"><\/td>\n<td style=\"width: 342.855px; height: 33px;\"><\/td>\n<td style=\"width: 50.7599px; height: 33px;\">Aula<\/td>\n<\/tr>\n<tr style=\"height: 33px;\">\n<td style=\"width: 63.6435px; height: 33px;\">2n<\/td>\n<td style=\"width: 53.8281px; height: 33px;\">CFS<\/td>\n<td style=\"width: 342.855px; height: 33px;\">Automatitzaci\u00f3 i rob\u00f2tica industrial<\/td>\n<td style=\"width: 50.7599px; height: 33px;\">141<\/td>\n<\/tr>\n<tr style=\"height: 33px;\">\n<td style=\"width: 63.6435px; height: 33px;\">2n<\/td>\n<td style=\"width: 53.8281px; height: 33px;\">CFS<\/td>\n<td style=\"width: 342.855px; height: 33px;\">Integraci\u00f3 social<\/td>\n<td style=\"width: 50.7599px; height: 33px;\">139<\/td>\n<\/tr>\n<tr style=\"height: 33px;\">\n<td style=\"width: 63.6435px; height: 33px;\">2n<\/td>\n<td style=\"width: 53.8281px; height: 33px;\">CFS<\/td>\n<td style=\"width: 342.855px; height: 33px;\">Mecatr\u00f2nica<\/td>\n<td style=\"width: 50.7599px; height: 33px;\">047<\/td>\n<\/tr>\n<tr style=\"height: 33px;\">\n<td style=\"width: 63.6435px; height: 33px;\">2n<\/td>\n<td style=\"width: 53.8281px; height: 33px;\">CFS<\/td>\n<td style=\"width: 342.855px; height: 33px;\">Desenvolupament d&#8217;aplicacions web<\/td>\n<td style=\"width: 50.7599px; height: 33px;\">225<\/td>\n<\/tr>\n<tr style=\"height: 33px;\">\n<td style=\"width: 63.6435px; height: 33px;\">2n<\/td>\n<td style=\"width: 53.8281px; height: 33px;\">CFS<\/td>\n<td style=\"width: 342.855px; height: 33px;\">Desenvolupament d&#8217;aplicacions multiplataforma<\/td>\n<td style=\"width: 50.7599px; height: 33px;\">222<\/td>\n<\/tr>\n<tr style=\"height: 33px;\">\n<td style=\"width: 63.6435px; height: 33px;\">2n<\/td>\n<td style=\"width: 53.8281px; height: 33px;\">CFS<\/td>\n<td style=\"width: 342.855px; height: 33px;\">Automoci\u00f3<\/td>\n<td style=\"width: 50.7599px; height: 33px;\">209<\/td>\n<\/tr>\n<tr style=\"height: 33px;\">\n<td style=\"width: 63.6435px; height: 33px;\">2n<\/td>\n<td style=\"width: 53.8281px; height: 33px;\">CFS<\/td>\n<td style=\"width: 342.855px; height: 33px;\">Administraci\u00f3 i finances<\/td>\n<td style=\"width: 50.7599px; height: 33px;\">36<\/td>\n<\/tr>\n<tr style=\"height: 33px;\">\n<td style=\"width: 63.6435px; height: 33px;\">2n<\/td>\n<td style=\"width: 53.8281px; height: 33px;\">CFS<\/td>\n<td style=\"width: 342.855px; height: 33px;\">Laboratori d&#8217;an\u00e0lisi i control de la qualitat<\/td>\n<td style=\"width: 50.7599px; height: 33px;\">114<\/td>\n<\/tr>\n<tr style=\"height: 33px;\">\n<td style=\"width: 63.6435px; height: 33px;\">2n<\/td>\n<td style=\"width: 53.8281px; height: 33px;\">CFS<\/td>\n<td style=\"width: 342.855px; height: 33px;\">Comer\u00e7 internacional<\/td>\n<td style=\"width: 50.7599px; height: 33px;\">113<\/td>\n<\/tr>\n<tr style=\"height: 33px;\">\n<td style=\"width: 63.6435px; height: 33px;\">2n<\/td>\n<td style=\"width: 53.8281px; height: 33px;\">CFS<\/td>\n<td style=\"width: 342.855px; height: 33px;\">Educaci\u00f3 infantil<\/td>\n<td style=\"width: 50.7599px; height: 33px;\">138<\/td>\n<\/tr>\n<\/tbody>\n<\/table>\n","protected":false},"excerpt":{"rendered":"<p>Curs 2025\/26<br \/>\n<a href=\"https:\/\/drive.google.com\/file\/d\/1lTwDhagVLF2UsYWuHKR07xmlDAtZMew4\/view?usp=drive_link\" target=\"_blank\" rel=\"noopener\">Calendari provisional 2025\/26<\/a><br \/>\n<a href=\"https:\/\/agora.xtec.cat\/iesmila\/wp-content\/uploads\/usu844\/2025\/09\/Llibres-de-text-curs-2025-26-Mila-i-Fontanals-llistat-complet-setembre-.pdf\">Llibres de text 2025\/26<\/a><br \/>\n<a href=\"https:\/\/drive.google.com\/drive\/folders\/17PkJolFLbY-6eiTq2FvurO0PBIu0zcvw?usp=drive_link\" target=\"_blank\" rel=\"noopener\">Horaris provisionals grups del curs 2025\/26<\/a><br \/>\nHoraris presentacions, divendres 12 de setembre<\/p>\n<p>12 de setembre de 2025 a les 09:00h<\/p>\n<p>GRUP<\/p>\n<p>Aula<\/p>\n<p>1r<br \/>\nCFM<br \/>\nOperacions de laboratori<br \/>\n123<\/p>\n<p>1r<br \/>\nCFM<br \/>\nManteniment electromec\u00e0nic<br \/>\n124<\/p>\n<p>1r<br \/>\nCFM<br \/>\nInstal\u00b7lacions el\u00e8ctriques i autom\u00e0tiques<br \/>\n141<\/p>\n<p>1r<br \/>\nCFM<br \/>\nInstal\u00b7lacions de telecomunicacions<br \/>\n140<\/p>\n<p>1r<br \/>\nCFM<br \/>\nSistemes microinform\u00e0tics i xarxes<br \/>\n223<\/p>\n<p>1r<br \/>\nCFM<br \/>\nGuia en el medi&hellip;  <a href=\"https:\/\/agora.xtec.cat\/iesmila\/linstitut\/horaris\/\" title=\"Read Horaris de grups, llista de llibres i calendari curs 2025-2026\">Llegeix m\u00e9s\u00bb<\/a><\/p>\n","protected":false},"author":1,"featured_media":0,"parent":19,"menu_order":80,"comment_status":"closed","ping_status":"closed","template":"page-templates\/side-menu.php","meta":{"_bbp_topic_count":0,"_bbp_reply_count":0,"_bbp_total_topic_count":0,"_bbp_total_reply_count":0,"_bbp_voice_count":0,"_bbp_anonymous_reply_count":0,"_bbp_topic_count_hidden":0,"_bbp_reply_count_hidden":0,"_bbp_forum_subforum_count":0,"footnotes":""},"class_list":["post-55","page","type-page","status-publish","hentry"],"post_mailing_queue_ids":[],"_links":{"self":[{"href":"https:\/\/agora.xtec.cat\/iesmila\/wp-json\/wp\/v2\/pages\/55","targetHints":{"allow":["GET"]}}],"collection":[{"href":"https:\/\/agora.xtec.cat\/iesmila\/wp-json\/wp\/v2\/pages"}],"about":[{"href":"https:\/\/agora.xtec.cat\/iesmila\/wp-json\/wp\/v2\/types\/page"}],"author":[{"embeddable":true,"href":"https:\/\/agora.xtec.cat\/iesmila\/wp-json\/wp\/v2\/users\/1"}],"replies":[{"embeddable":true,"href":"https:\/\/agora.xtec.cat\/iesmila\/wp-json\/wp\/v2\/comments?post=55"}],"version-history":[{"count":8,"href":"https:\/\/agora.xtec.cat\/iesmila\/wp-json\/wp\/v2\/pages\/55\/revisions"}],"predecessor-version":[{"id":7982,"href":"https:\/\/agora.xtec.cat\/iesmila\/wp-json\/wp\/v2\/pages\/55\/revisions\/7982"}],"up":[{"embeddable":true,"href":"https:\/\/agora.xtec.cat\/iesmila\/wp-json\/wp\/v2\/pages\/19"}],"wp:attachment":[{"href":"https:\/\/agora.xtec.cat\/iesmila\/wp-json\/wp\/v2\/media?parent=55"}],"curies":[{"name":"wp","href":"https:\/\/api.w.org\/{rel}","templated":true}]}}