{"id":5097,"date":"2022-05-12T14:13:46","date_gmt":"2022-05-12T12:13:46","guid":{"rendered":"https:\/\/agora.xtec.cat\/iesmila\/?page_id=5097"},"modified":"2022-05-12T14:13:46","modified_gmt":"2022-05-12T12:13:46","slug":"homologacio","status":"publish","type":"page","link":"https:\/\/agora.xtec.cat\/iesmila\/secretaria\/homologacio\/","title":{"rendered":"Homologaci\u00f3"},"content":{"rendered":"<h2 class=\"header2 pd-15 pd-30\">Has cursat estudis a l&#8217;estranger i vols homologar-los? Consulta tota la informaci\u00f3<\/h2>\n<div class=\"basic_text_peq pd-15 pd-30 link-dotted\">\n<p><strong>El departament d&#8217;Educaci\u00f3 renova el web d&#8217;homologaci\u00f3 d\u2019estudis no universitaris!<\/strong><span data-contrast=\"auto\">\u00a0Posa al teu abast un portal\u00a0<strong>responsiu<\/strong>\u00a0i\u00a0<strong>accessible<\/strong>\u00a0pensat per acompanyar-te si has cursat estudis en un centre o un pa\u00eds amb un altre sistema educatiu i has d&#8217;homologar-los. Si has pensat fer part dels teus estudis a l&#8217;estranger, t&#8217;expliquem tot el que haur\u00e0s de tenir en compte a la tornada per continuar estudiant.\u00a0<\/span><span data-ccp-props=\"{&quot;335551550&quot;:6,&quot;335551620&quot;:6,&quot;335559739&quot;:240}\">\u00a0<\/span><\/p>\n<p>Des del web\u00a0<a href=\"http:\/\/homologacio.triaeducativa.gencat.cat\/\" target=\"_blank\" rel=\"noopener\" data-saferedirecturl=\"https:\/\/www.google.com\/url?q=http:\/\/homologacio.triaeducativa.gencat.cat&amp;source=gmail&amp;ust=1652439403348000&amp;usg=AOvVaw2Hetaoy8rBzUCSvpdiADxA\">homologacio.triaeducativa.<wbr \/>gencat.cat<\/a>\u00a0es pot accedir directament a la sol\u00b7licitud d&#8217;homologaci\u00f3 i consultar tota la informaci\u00f3 que cal con\u00e8ixer, classificada per pa\u00efsos i en un llenguatge entenedor. El web incorpora l&#8217;opci\u00f3 de traducci\u00f3 autom\u00e0tica multiidioma, que facilita la navegaci\u00f3 en catal\u00e0, castell\u00e0, angl\u00e8s, franc\u00e8s, itali\u00e0, portugu\u00e8s, alemany, rus, \u00e0rab i xin\u00e8s.<\/p>\n<p><iframe loading=\"lazy\" title=\"Nou web d&#039;homologacions\" width=\"500\" height=\"281\" src=\"https:\/\/www.youtube.com\/embed\/EkLnHsFGRws?feature=oembed\" frameborder=\"0\" allow=\"accelerometer; autoplay; clipboard-write; encrypted-media; gyroscope; picture-in-picture; web-share\" referrerpolicy=\"strict-origin-when-cross-origin\" allowfullscreen><\/iframe><\/p>\n<\/div>\n","protected":false},"excerpt":{"rendered":"<p>Has cursat estudis a l&#8217;estranger i vols homologar-los? Consulta tota la informaci\u00f3<\/p>\n<p>El departament d&#8217;Educaci\u00f3 renova el web d&#8217;homologaci\u00f3 d\u2019estudis no universitaris!\u00a0Posa al teu abast un portal\u00a0responsiu\u00a0i\u00a0accessible\u00a0pensat per acompanyar-te si has cursat estudis en un centre o un pa\u00eds amb un altre sistema educatiu i has&hellip;  <a href=\"https:\/\/agora.xtec.cat\/iesmila\/secretaria\/homologacio\/\" title=\"Read Homologaci\u00f3\">Llegeix m\u00e9s\u00bb<\/a><\/p>\n","protected":false},"author":1,"featured_media":0,"parent":81,"menu_order":0,"comment_status":"closed","ping_status":"closed","template":"","meta":{"_bbp_topic_count":0,"_bbp_reply_count":0,"_bbp_total_topic_count":0,"_bbp_total_reply_count":0,"_bbp_voice_count":0,"_bbp_anonymous_reply_count":0,"_bbp_topic_count_hidden":0,"_bbp_reply_count_hidden":0,"_bbp_forum_subforum_count":0,"footnotes":""},"class_list":["post-5097","page","type-page","status-publish","hentry"],"post_mailing_queue_ids":[],"_links":{"self":[{"href":"https:\/\/agora.xtec.cat\/iesmila\/wp-json\/wp\/v2\/pages\/5097","targetHints":{"allow":["GET"]}}],"collection":[{"href":"https:\/\/agora.xtec.cat\/iesmila\/wp-json\/wp\/v2\/pages"}],"about":[{"href":"https:\/\/agora.xtec.cat\/iesmila\/wp-json\/wp\/v2\/types\/page"}],"author":[{"embeddable":true,"href":"https:\/\/agora.xtec.cat\/iesmila\/wp-json\/wp\/v2\/users\/1"}],"replies":[{"embeddable":true,"href":"https:\/\/agora.xtec.cat\/iesmila\/wp-json\/wp\/v2\/comments?post=5097"}],"version-history":[{"count":1,"href":"https:\/\/agora.xtec.cat\/iesmila\/wp-json\/wp\/v2\/pages\/5097\/revisions"}],"predecessor-version":[{"id":5098,"href":"https:\/\/agora.xtec.cat\/iesmila\/wp-json\/wp\/v2\/pages\/5097\/revisions\/5098"}],"up":[{"embeddable":true,"href":"https:\/\/agora.xtec.cat\/iesmila\/wp-json\/wp\/v2\/pages\/81"}],"wp:attachment":[{"href":"https:\/\/agora.xtec.cat\/iesmila\/wp-json\/wp\/v2\/media?parent=5097"}],"curies":[{"name":"wp","href":"https:\/\/api.w.org\/{rel}","templated":true}]}}