{"id":49,"date":"2014-09-17T16:55:55","date_gmt":"2014-09-17T16:55:55","guid":{"rendered":"http:\/\/agora.xtec.cat\/iesmila\/?page_id=49"},"modified":"2024-10-01T08:30:43","modified_gmt":"2024-10-01T06:30:43","slug":"normes-dorganitzacio-i-funcionament","status":"publish","type":"page","link":"https:\/\/agora.xtec.cat\/iesmila\/linstitut\/normes-dorganitzacio-i-funcionament\/","title":{"rendered":"Normes i funcionament"},"content":{"rendered":"<p>Aquesta normativa pret\u00e9n regular l\u201forganitzaci\u00f3 i el funcionament intern del centre, establint unes normes de conviv\u00e8ncia generals que permetin a tots els seus integrants, disposar d\u201fun marc espec\u00edfic d\u201fentesa i funcionament, dins de la normativa legal vigent, adaptades a les necessitats pr\u00f2pies del nostre centre.<\/p>\n<p>Aquesta normativa \u00e9s d\u201faplicaci\u00f3 als professors, personal d\u201fadministraci\u00f3 i serveis (PAS), alumnes i pares, mares o tutors\/es legals d\u201falumnes del centre, aix\u00ed com tamb\u00e9 a tots els usuaris en general.<\/p>\n<p>En totes aquelles q\u00fcestions no previstes en aquestes normes, la direcci\u00f3 del centre prendr\u00e0 una resoluci\u00f3 tot aplicant la normativa vigent en cada moment.<\/p>\n<p><a href=\"https:\/\/drive.google.com\/file\/d\/18_oMGjdTldqjxa4dVM_eC9fIcCgpZNp6\/view?usp=sharing\" target=\"_blank\" rel=\"noopener noreferrer\">Normes d&#8217;organitzaci\u00f3 i funcionament intern<\/a><\/p>\n","protected":false},"excerpt":{"rendered":"<p>Aquesta normativa pret\u00e9n regular l\u201forganitzaci\u00f3 i el funcionament intern del centre, establint unes normes de conviv\u00e8ncia generals que permetin a tots els seus integrants, disposar d\u201fun marc espec\u00edfic d\u201fentesa i funcionament, dins de la normativa legal vigent, adaptades a les necessitats pr\u00f2pies del nostre centre.<br \/>\nAquesta&hellip;  <a href=\"https:\/\/agora.xtec.cat\/iesmila\/linstitut\/normes-dorganitzacio-i-funcionament\/\" title=\"Read Normes i funcionament\">Llegeix m\u00e9s\u00bb<\/a><\/p>\n","protected":false},"author":1,"featured_media":0,"parent":19,"menu_order":60,"comment_status":"closed","ping_status":"closed","template":"page-templates\/side-menu.php","meta":{"_bbp_topic_count":0,"_bbp_reply_count":0,"_bbp_total_topic_count":0,"_bbp_total_reply_count":0,"_bbp_voice_count":0,"_bbp_anonymous_reply_count":0,"_bbp_topic_count_hidden":0,"_bbp_reply_count_hidden":0,"_bbp_forum_subforum_count":0,"footnotes":""},"class_list":["post-49","page","type-page","status-publish","hentry"],"post_mailing_queue_ids":[],"_links":{"self":[{"href":"https:\/\/agora.xtec.cat\/iesmila\/wp-json\/wp\/v2\/pages\/49","targetHints":{"allow":["GET"]}}],"collection":[{"href":"https:\/\/agora.xtec.cat\/iesmila\/wp-json\/wp\/v2\/pages"}],"about":[{"href":"https:\/\/agora.xtec.cat\/iesmila\/wp-json\/wp\/v2\/types\/page"}],"author":[{"embeddable":true,"href":"https:\/\/agora.xtec.cat\/iesmila\/wp-json\/wp\/v2\/users\/1"}],"replies":[{"embeddable":true,"href":"https:\/\/agora.xtec.cat\/iesmila\/wp-json\/wp\/v2\/comments?post=49"}],"version-history":[{"count":6,"href":"https:\/\/agora.xtec.cat\/iesmila\/wp-json\/wp\/v2\/pages\/49\/revisions"}],"predecessor-version":[{"id":7336,"href":"https:\/\/agora.xtec.cat\/iesmila\/wp-json\/wp\/v2\/pages\/49\/revisions\/7336"}],"up":[{"embeddable":true,"href":"https:\/\/agora.xtec.cat\/iesmila\/wp-json\/wp\/v2\/pages\/19"}],"wp:attachment":[{"href":"https:\/\/agora.xtec.cat\/iesmila\/wp-json\/wp\/v2\/media?parent=49"}],"curies":[{"name":"wp","href":"https:\/\/api.w.org\/{rel}","templated":true}]}}