{"id":46,"date":"2024-09-25T08:30:45","date_gmt":"2024-09-25T06:30:45","guid":{"rendered":"http:\/\/agora.xtec.cat\/iesmila\/?page_id=46"},"modified":"2026-03-03T09:30:22","modified_gmt":"2026-03-03T08:30:22","slug":"organigrama","status":"publish","type":"page","link":"https:\/\/agora.xtec.cat\/iesmila\/linstitut\/organigrama\/","title":{"rendered":"Organigrama"},"content":{"rendered":"<p>L&#8217;Institut Mil\u00e0 i Fontanals d&#8217;Igualada t\u00e9 l&#8217;organitzaci\u00f3 seg\u00fcent:<\/p>\n<p><a href=\"https:\/\/agora.xtec.cat\/iesmila\/wp-content\/uploads\/usu844\/2024\/09\/Organigrama.jpg\"><img loading=\"lazy\" decoding=\"async\" class=\"alignleft size-full wp-image-7326\" src=\"https:\/\/agora.xtec.cat\/iesmila\/wp-content\/uploads\/usu844\/2024\/09\/Organigrama.jpg\" alt=\"\" width=\"800\" height=\"951\" srcset=\"https:\/\/agora.xtec.cat\/iesmila\/wp-content\/uploads\/usu844\/2024\/09\/Organigrama.jpg 800w, https:\/\/agora.xtec.cat\/iesmila\/wp-content\/uploads\/usu844\/2024\/09\/Organigrama-252x300.jpg 252w, https:\/\/agora.xtec.cat\/iesmila\/wp-content\/uploads\/usu844\/2024\/09\/Organigrama-768x913.jpg 768w\" sizes=\"auto, (max-width: 800px) 100vw, 800px\" \/><\/a><\/p>\n<p><a href=\"https:\/\/agora.xtec.cat\/iesmila\/wp-content\/uploads\/usu844\/2020\/10\/Equip_directiu.jpg\"><img loading=\"lazy\" decoding=\"async\" class=\"alignnone wp-image-3955\" src=\"https:\/\/agora.xtec.cat\/iesmila\/wp-content\/uploads\/usu844\/2020\/10\/Equip_directiu.jpg\" alt=\"\" width=\"952\" height=\"535\" srcset=\"https:\/\/agora.xtec.cat\/iesmila\/wp-content\/uploads\/usu844\/2020\/10\/Equip_directiu.jpg 1225w, https:\/\/agora.xtec.cat\/iesmila\/wp-content\/uploads\/usu844\/2020\/10\/Equip_directiu-300x168.jpg 300w, https:\/\/agora.xtec.cat\/iesmila\/wp-content\/uploads\/usu844\/2020\/10\/Equip_directiu-768x431.jpg 768w, https:\/\/agora.xtec.cat\/iesmila\/wp-content\/uploads\/usu844\/2020\/10\/Equip_directiu-1024x575.jpg 1024w\" sizes=\"auto, (max-width: 952px) 100vw, 952px\" \/><\/a><a href=\"https:\/\/agora.xtec.cat\/iesmila\/wp-content\/uploads\/usu844\/2020\/07\/Consell_Direccio.jpg\"><img loading=\"lazy\" decoding=\"async\" class=\"alignnone size-full wp-image-3742\" src=\"https:\/\/agora.xtec.cat\/iesmila\/wp-content\/uploads\/usu844\/2020\/07\/Consell_Direccio.jpg\" alt=\"\" width=\"952\" height=\"536\" srcset=\"https:\/\/agora.xtec.cat\/iesmila\/wp-content\/uploads\/usu844\/2020\/07\/Consell_Direccio.jpg 952w, https:\/\/agora.xtec.cat\/iesmila\/wp-content\/uploads\/usu844\/2020\/07\/Consell_Direccio-300x169.jpg 300w, https:\/\/agora.xtec.cat\/iesmila\/wp-content\/uploads\/usu844\/2020\/07\/Consell_Direccio-768x432.jpg 768w\" sizes=\"auto, (max-width: 952px) 100vw, 952px\" \/><\/a><\/p>\n<ul>\n<li>Equip directiu format per:<br \/>\nDirector: Josep Maria Comaposada Rius<br \/>\nSecretaria: Rosa Alabart Ab\u00f3s<br \/>\nCap d&#8217;estudis: S\u00edlvia Mula Roca<br \/>\nCap d&#8217;estudis adjunt: Xavier Roca G\u00f3mez<br \/>\nCap d&#8217;estudis de FP: C\u00e8sar Cabanilles Pardo<br \/>\nCoordinadora pedag\u00f2gica: Dolors Brusau Al\u00f3s<br \/>\nAdministradora: In\u00e9s Jim\u00e9nez Barrantes<\/li>\n<li>Coordinadors:<br \/>\nCoordinadors de FP\/DUAL: Marta Mart\u00ednez, Diana Moriano i Oriol Salavert<br \/>\nCoordinador Digital: Albert Marcet i Vald\u00e9s<br \/>\nCoordinador de manteniment de centre: Nico del Corral Ocon<br \/>\nCoordinador de riscos laborals: Jes\u00fas L\u00f3pez Fern\u00e1ndez<br \/>\nCoordinadora de serveis d\u2019assessorament FP: Oriol Salavert<br \/>\nCoordinadora de qualitat: Aurora Ceresola Vercher<br \/>\nCoordinador de mobilitat: Eva de Miguel Trull\u00e0s<br \/>\nCoordinadora d\u2019orientaci\u00f3: Ester Casta\u00f1o L\u00f3pez<br \/>\nCoordinaci\u00f3 d\u2019emprenedoria: Marta G\u00f3mez Ramon<\/li>\n<li>Caps de departaments i seminari:<br \/>\nCap de departament d\u2019administraci\u00f3: Lourdes Vall Figols<br \/>\nCap de departament de comer\u00e7 i m\u00e0rqueting: Francesc Andreu Guix<br \/>\nCap de departament d\u2019electricitat i electr\u00f2nica: Eva Alcantarilla<br \/>\nCap de departament de FOL: Marta Farre Farre<br \/>\nCap de departament d&#8217;imatge i so: Paula Rubiralta Pierola<br \/>\nCap de departament d\u2019inform\u00e0tica: Isidre Guix\u00e0 Miranda<br \/>\nCap de departament d\u2019instal\u00b7laci\u00f3 i manteniment: Ramon Ulldemollins Vidal<br \/>\nCap de departament de qu\u00edmica: Esther Farr\u00e9 Huguet<br \/>\nCap de departament de serveis socioculturals i a la comunitat: Mario Murciano Marco<br \/>\nCap de departament de transport i manteniment de vehicles: Jordi Pou Vall\u00e8s<br \/>\nCap de departament d\u2019ennobliment de productes t\u00e8xtils: Ilian Borafull<br \/>\nCap de seminari d\u2019administraci\u00f3: Elena Guirado Garc\u00eda<br \/>\nCap de seminari d\u2019Inform\u00e0tica: Amanda Fontana Castillo<br \/>\nCap de seminari d&#8217;instal\u00b7laci\u00f3 i manteniment: \u00d2scar Guerrero Potrero<br \/>\nCap de seminari de serveis socioculturals i a la comunitat: Maria G\u00f3mez Parra<br \/>\nCap de seminari de transport i manteniment de vehicles: David M\u00e9ndez Torras<\/li>\n<li>Tutories:<br \/>\n1r Itinerari Formatiu Espec\u00edfic (IFE): Silvia Ya\u00f1ez Est\u00e9vez<br \/>\n2n Itinerari Formatiu Espec\u00edfic (IFE): Raquel Font Ramos<br \/>\n3r Itinerari Formatiu Espec\u00edfic (IFE): S\u00f2nia Arroyo Garcia<br \/>\n4t Itinerari Formatiu Espec\u00edfic (IFE): Anna Jord\u00e0 Alsina<br \/>\nPFI-PTT Aux. en vendes, oficina i atenci\u00f3 al p\u00fablic: M\u00f2nica Colomer Mayola<br \/>\nPFI-PTT Aux. de fabricaci\u00f3 mec\u00e0nica i d\u2019ajust i soldadura: M\u00f2nica Tom\u00e0s Tort<br \/>\nPFI-PTT Aux. de muntatges d\u2019instal\u00b7lacions electrot\u00e8cniques en edificis: Cristina Navarro Reixachs<br \/>\n1r AE10 CFGM Guia en el medi natural i el temps de lleure: Oriol Sellares Mart\u00ednez<br \/>\n2n AE10 CFGM Guia en el medi natural i el temps de lleure: Albert Sol\u00e9 Salcedo<br \/>\n1r AG10 CFGM Gesti\u00f3 administrativa A: Nat\u00e0lia Bonet Sendra<br \/>\n1r AG10 CFGM Gesti\u00f3 administrativa B: Eloi Nadal Pijuan<br \/>\n2n AG10 CFGM Gesti\u00f3 administrativa A: Ana Pascual Garcia<br \/>\n2n AG10 CFGM Gesti\u00f3 administrativa B: Marina Desir\u00e9e Rivera Joli<br \/>\n1r AG12 CFGM Gesti\u00f3 administrativa \u00e0mbit sanitari: Maria Teresa Escrib\u00e0 Calopa<br \/>\n2n AG12 CFGM Gesti\u00f3 administrativa \u00e0mbit sanitari: Elvira \u00c1vila Matas<br \/>\n1r CM10 CFGM d\u2019Activitats comercials A: Carla Terradas Vilarrubias<br \/>\n2n CM10 CFGM d\u2019Activitats comercials: Maria Jema Suero G\u00f3mez<br \/>\n1r EE10 CFGM d\u2019Instal\u00b7lacions el\u00e8ctriques i autom\u00e0tiques: Ruben Sales Buenaventura<br \/>\n2n EE10 CFGM d\u2019Instal\u00b7lacions el\u00e8ctriques i autom\u00e0tiques: Alexandre P\u00e9rez Rial<br \/>\n1r EE30 CFGM d\u2019Instal\u00b7lacions de telecomunicacions: Raul Farre Cantero<br \/>\n2n EE30 CFGM d\u2019Instal\u00b7lacions de telecomunicacions: David De La Paz Garc\u00eda<br \/>\n1r IC10 CFGM Sistemes microinform\u00e0tics i xarxes: Otger Costa Gabarr\u00f3<br \/>\n2n IC10 CFGM Sistemes microinform\u00e0tics i xarxes: Amanda Fontana Castillo<br \/>\n1r IM10 CFGM Manteniment electromec\u00e0nic: Manel Llorens Alemany<br \/>\n2n IM10 CFGM Manteniment electromec\u00e0nic: Roger Santacana Miret<br \/>\n1r IM20 CFGM Instal\u00b7lacions de producci\u00f3 de calor: Albert Morales Chover<br \/>\n2n IM20 CFGM Instal\u00b7lacions de producci\u00f3 de calor: Sergio Moles Canal<br \/>\n1r IS10 CFGM Imatge i so: Ona Esteve Rull<br \/>\n1r SC10 CFGM Atenci\u00f3 a persones en situaci\u00f3 de depend\u00e8ncia: Ester Carn\u00e9 Ci\u00f3<br \/>\n2n SC10 CFGM Atenci\u00f3 a persones en situaci\u00f3 de depend\u00e8ncia: Laia Alvarez Ledesma<br \/>\n1r QU20 CFGM Operacions de laboratori: Emma Mallent Soteras<br \/>\n2n QU20 CFGM Operacions de laboratori: Cec\u00edlia Cald\u00e9s Canela<br \/>\n1r TM10 CFGM Electromec\u00e0nica de vehicles A: Diego Vilalta Fortea<br \/>\n1r TM10 CFGM Electromec\u00e0nica de vehicles B: Eloi Corral Navarro<br \/>\n2n TM10 CFGM Electromec\u00e0nica de vehicles A: \u00d2scar Grado Garc\u00eda<br \/>\n2n TM10 CFGM Electromec\u00e0nica de vehicles B: Guille Cap\u00f3n S\u00e1nchez<br \/>\n1r TM20 CFGM Carrosseria: Jordi Vidal Pi\u00f1ol<br \/>\n2n TM20 CFGM Carrosseria: David Rovira Majoral<br \/>\n1r TX11 CFGM Ennobliment de productes t\u00e8xtils: Mireia Sala Gaston<br \/>\n2n TX11 CFGM Ennobliment de productes t\u00e8xtils: Merc\u00e8 Juli\u00e1n L\u00edndez<br \/>\n1r AEA0 CFGS Ensenyament i animaci\u00f3 socioesportiva: H\u00e9ctor Colom Casasayas<br \/>\n2n AEA0 CFGS Ensenyament i animaci\u00f3 socioesportiva: Vicen\u00e7 Vilana Soldevila<br \/>\n1r AGB0 CFGS Administraci\u00f3 i finances: Anna A\u00f1on Sebasti\u00e0<br \/>\n2n AGB0 CFGS Administraci\u00f3 i finances: Marcel Puig Duran<br \/>\n1r CMB0 CFGS Comer\u00e7 internacional: Sandra Saavedra Garc\u00eda<br \/>\n2n CMB0 CFGS Comer\u00e7 internacional: Josep Artigas Ramos<br \/>\n1r EEB0 CFGS Automatitzaci\u00f3 i rob\u00f2tica industrial: Montserrat Carbonell Ma\u00f1\u00e9<br \/>\n2n EEB0 CFGS Automatitzaci\u00f3 i rob\u00f2tica industrial: Tom\u00e0s Garcia Verdugo<br \/>\n1r ICB0 CFGS Desenvolupament d\u2019aplicacions multiplataforma: N\u00faria Torras Huerta<br \/>\n2n ICB0 CFGS Desenvolupament d\u2019aplicacions multiplataforma: Bernat Orellana Bech<br \/>\n1r ICC0 CFGS Desenvolupament d\u2019aplicacions web: Eduardo Jose Gutierrez<br \/>\n2n ICC0 CFGS Desenvolupament d\u2019aplicacions web: Marc Brufau Junyent<br \/>\n1r IMC0 CFGS Mecatr\u00f2nica industrial: Josep Joan Salvador Pont<br \/>\n2n IMC0 CFGS Mecatr\u00f2nica industrial: Roger Soler Rica<br \/>\n1r QUD0 CFGS Laboratori d\u2019an\u00e0lisi i control de qualitat: Anna Brufau Don\u00e9s<br \/>\n2n QUD0 CFGS Laboratori d\u2019an\u00e0lisi i control de qualitat: Marc Casanellas Vizcaino<br \/>\n1r SCB0 CFGS Educaci\u00f3 infantil: Rosa D\u00edaz Rodr\u00edguez<br \/>\n2n SCB0 CFGS Educaci\u00f3 infantil: Gemma Casas Menta<br \/>\n1r SCC0 CFGS Integraci\u00f3 social: Sergio Mart\u00ednez Cervera<br \/>\n2n SCC0 CFGS Integraci\u00f3 social: Pilar Valiente Ballesteros<br \/>\n1r TMA0 CFGS Automoci\u00f3: Guillem Ledesma<br \/>\n<span style=\"font-family: inherit; font-size: 1em;\">2n TMA0 CFGS Automoci\u00f3: Jordi Graells Marc\u00e9<\/p>\n<p><\/span><\/li>\n<li>Auxiliars administratives<br \/>\nMarta Gabarr\u00f3n Galisteo<br \/>\nMar Jansana Escobedo<br \/>\nSonia Ruiz S\u00e1nchez<br \/>\nMontserrat Rodr\u00edguez Venteo<\/li>\n<li>Subalterns<br \/>\nM\u00f2nica Jim\u00e9nez Mor\u00f3n<br \/>\nSoraya Cantero Sim\u00f3n<br \/>\nMarta Coll Colome<br \/>\nAraceli Mas Roca<\/li>\n<\/ul>\n","protected":false},"excerpt":{"rendered":"<p>L&#8217;Institut Mil\u00e0 i Fontanals d&#8217;Igualada t\u00e9 l&#8217;organitzaci\u00f3 seg\u00fcent:<br \/>\n<a href=\"https:\/\/agora.xtec.cat\/iesmila\/wp-content\/uploads\/usu844\/2024\/09\/Organigrama.jpg\"><\/a><br \/>\n<a href=\"https:\/\/agora.xtec.cat\/iesmila\/wp-content\/uploads\/usu844\/2020\/10\/Equip_directiu.jpg\"><\/a><a href=\"https:\/\/agora.xtec.cat\/iesmila\/wp-content\/uploads\/usu844\/2020\/07\/Consell_Direccio.jpg\"><\/a><\/p>\n<ul>\n<li>Equip directiu format per:<br \/>\nDirector: Josep Maria Comaposada Rius<br \/>\nSecretaria: Rosa Alabart Ab\u00f3s<br \/>\nCap d&#8217;estudis: S\u00edlvia Mula Roca<br \/>\nCap d&#8217;estudis adjunt: Xavier Roca G\u00f3mez<br \/>\nCap d&#8217;estudis de FP: C\u00e8sar Cabanilles Pardo<br \/>\nCoordinadora pedag\u00f2gica: Dolors Brusau Al\u00f3s<br \/>\nAdministradora: In\u00e9s Jim\u00e9nez Barrantes<\/li>\n<li>Coordinadors:<br \/>\nCoordinadors de FP\/DUAL:&hellip;  <a href=\"https:\/\/agora.xtec.cat\/iesmila\/linstitut\/organigrama\/\" title=\"Read Organigrama\">Llegeix m\u00e9s\u00bb<\/a><\/p>\n","protected":false},"author":1,"featured_media":0,"parent":19,"menu_order":50,"comment_status":"closed","ping_status":"closed","template":"page-templates\/side-menu.php","meta":{"_bbp_topic_count":0,"_bbp_reply_count":0,"_bbp_total_topic_count":0,"_bbp_total_reply_count":0,"_bbp_voice_count":0,"_bbp_anonymous_reply_count":0,"_bbp_topic_count_hidden":0,"_bbp_reply_count_hidden":0,"_bbp_forum_subforum_count":0,"footnotes":""},"class_list":["post-46","page","type-page","status-publish","hentry"],"post_mailing_queue_ids":[],"_links":{"self":[{"href":"https:\/\/agora.xtec.cat\/iesmila\/wp-json\/wp\/v2\/pages\/46","targetHints":{"allow":["GET"]}}],"collection":[{"href":"https:\/\/agora.xtec.cat\/iesmila\/wp-json\/wp\/v2\/pages"}],"about":[{"href":"https:\/\/agora.xtec.cat\/iesmila\/wp-json\/wp\/v2\/types\/page"}],"author":[{"embeddable":true,"href":"https:\/\/agora.xtec.cat\/iesmila\/wp-json\/wp\/v2\/users\/1"}],"replies":[{"embeddable":true,"href":"https:\/\/agora.xtec.cat\/iesmila\/wp-json\/wp\/v2\/comments?post=46"}],"version-history":[{"count":6,"href":"https:\/\/agora.xtec.cat\/iesmila\/wp-json\/wp\/v2\/pages\/46\/revisions"}],"predecessor-version":[{"id":8350,"href":"https:\/\/agora.xtec.cat\/iesmila\/wp-json\/wp\/v2\/pages\/46\/revisions\/8350"}],"up":[{"embeddable":true,"href":"https:\/\/agora.xtec.cat\/iesmila\/wp-json\/wp\/v2\/pages\/19"}],"wp:attachment":[{"href":"https:\/\/agora.xtec.cat\/iesmila\/wp-json\/wp\/v2\/media?parent=46"}],"curies":[{"name":"wp","href":"https:\/\/api.w.org\/{rel}","templated":true}]}}