{"id":458,"date":"2016-02-01T19:47:29","date_gmt":"2016-02-01T18:47:29","guid":{"rendered":"http:\/\/agora.xtec.cat\/iesmila\/?page_id=458"},"modified":"2016-02-01T19:47:29","modified_gmt":"2016-02-01T18:47:29","slug":"convalidacions-i-universitat","status":"publish","type":"page","link":"https:\/\/agora.xtec.cat\/iesmila\/convalidacions-i-universitat\/","title":{"rendered":"Convalidacions i Universitat"},"content":{"rendered":"<p><strong>Convalidacions i reconeixement de cr\u00e8dits entre cicles formatius de grau superior de la formaci\u00f3 professional espec\u00edfica i els estudis universitaris<\/strong><\/p>\n<p>El Departament d&#8217;Ensenyament i les universitats catalanes han signat un conveni de col\u00b7laboraci\u00f3, l&#8217;objecte del qual \u00e9s el reconeixement de cr\u00e8dits entre cicles formatius de grau superior de la formaci\u00f3 professional espec\u00edfica i els estudis universitaris.<\/p>\n<p>En virtut d&#8217;un acord de la Comissi\u00f3 d&#8217;acc\u00e9s i afers estudiantils del Consell Interuniversitari de Catalunya, les universitats catalanes individualment poden recon\u00e8ixer d&#8217;ofici, com a superats, tots els cr\u00e8dits de lliure elecci\u00f3 (o una part) d&#8217;una titulaci\u00f3 de primer i\/o de primer i segon cicle a qualsevol estudiant que hagi superat un cicle formatiu de grau superior.<\/p>\n<p>Aquest reconeixement es far\u00e0 en virtut de la normativa acad\u00e8mica aprovada per cada universitat en relaci\u00f3 amb el reconeixement de cr\u00e8dits de lliure elecci\u00f3 i no caldr\u00e0 la valoraci\u00f3 i propostes pr\u00e8vies de les comissions espec\u00edfiques d&#8217;an\u00e0lisi.<\/p>\n<p>Si voleu saber m\u00e9s del contingut dels acords, feu clic en l&#8217;<a href=\"http:\/\/queestudiar.gencat.cat\/ca\/estudis\/formacio_professional\/convalidacions_equivalencies_i_acreditacions\/\" target=\"_blank\">enlla\u00e7 seg\u00fcent<\/a>.<\/p>\n<p><strong>Acc\u00e9s a estudis universitaris<\/strong><\/p>\n<p>Des <a href=\"http:\/\/aplicacions.universitats.gencat.cat\/qpq\/AppJava\/real\/iniciar.do?idioma=ca\" target=\"_blank\">d&#8217;aqui<\/a>, pots obtenir m\u00e9s informaci\u00f3 d&#8217;estudis universitaris.<\/p>\n","protected":false},"excerpt":{"rendered":"<p>Convalidacions i reconeixement de cr\u00e8dits entre cicles formatius de grau superior de la formaci\u00f3 professional espec\u00edfica i els estudis universitaris<br \/>\nEl Departament d&#8217;Ensenyament i les universitats catalanes han signat un conveni de col\u00b7laboraci\u00f3, l&#8217;objecte del qual \u00e9s el reconeixement de cr\u00e8dits entre cicles formatius de grau&hellip;  <a href=\"https:\/\/agora.xtec.cat\/iesmila\/convalidacions-i-universitat\/\" title=\"Read Convalidacions i Universitat\">Llegeix m\u00e9s\u00bb<\/a><\/p>\n","protected":false},"author":1,"featured_media":0,"parent":0,"menu_order":0,"comment_status":"closed","ping_status":"closed","template":"","meta":{"_bbp_topic_count":0,"_bbp_reply_count":0,"_bbp_total_topic_count":0,"_bbp_total_reply_count":0,"_bbp_voice_count":0,"_bbp_anonymous_reply_count":0,"_bbp_topic_count_hidden":0,"_bbp_reply_count_hidden":0,"_bbp_forum_subforum_count":0,"footnotes":""},"class_list":["post-458","page","type-page","status-publish","hentry"],"post_mailing_queue_ids":[],"_links":{"self":[{"href":"https:\/\/agora.xtec.cat\/iesmila\/wp-json\/wp\/v2\/pages\/458","targetHints":{"allow":["GET"]}}],"collection":[{"href":"https:\/\/agora.xtec.cat\/iesmila\/wp-json\/wp\/v2\/pages"}],"about":[{"href":"https:\/\/agora.xtec.cat\/iesmila\/wp-json\/wp\/v2\/types\/page"}],"author":[{"embeddable":true,"href":"https:\/\/agora.xtec.cat\/iesmila\/wp-json\/wp\/v2\/users\/1"}],"replies":[{"embeddable":true,"href":"https:\/\/agora.xtec.cat\/iesmila\/wp-json\/wp\/v2\/comments?post=458"}],"version-history":[{"count":1,"href":"https:\/\/agora.xtec.cat\/iesmila\/wp-json\/wp\/v2\/pages\/458\/revisions"}],"predecessor-version":[{"id":459,"href":"https:\/\/agora.xtec.cat\/iesmila\/wp-json\/wp\/v2\/pages\/458\/revisions\/459"}],"wp:attachment":[{"href":"https:\/\/agora.xtec.cat\/iesmila\/wp-json\/wp\/v2\/media?parent=458"}],"curies":[{"name":"wp","href":"https:\/\/api.w.org\/{rel}","templated":true}]}}