{"id":449,"date":"2016-02-01T19:08:32","date_gmt":"2016-02-01T18:08:32","guid":{"rendered":"http:\/\/agora.xtec.cat\/iesmila\/?page_id=449"},"modified":"2025-04-04T13:30:54","modified_gmt":"2025-04-04T11:30:54","slug":"pagines-web-departaments","status":"publish","type":"page","link":"https:\/\/agora.xtec.cat\/iesmila\/pagines-web-departaments\/","title":{"rendered":"P\u00e0gines web departaments"},"content":{"rendered":"<p>Alguns departaments de l&#8217;institut tenen p\u00e0gina web pr\u00f2pia, les adreces s\u00f3n:<\/p>\n<p><a href=\"https:\/\/www.electronica.cat\/\" target=\"_blank\" rel=\"noopener\">Electricitat i electr\u00f2nica (moodle) <\/a><\/p>\n<p><a href=\"https:\/\/www.infomila.info\" target=\"_blank\" rel=\"noopener\">Inform\u00e0tica<\/a><\/p>\n","protected":false},"excerpt":{"rendered":"<p>Alguns departaments de l&#8217;institut tenen p\u00e0gina web pr\u00f2pia, les adreces s\u00f3n:<br \/>\n<a href=\"https:\/\/www.electronica.cat\/\" target=\"_blank\" rel=\"noopener\">Electricitat i electr\u00f2nica (moodle) <\/a><br \/>\n<a href=\"https:\/\/www.infomila.info\" target=\"_blank\" rel=\"noopener\">Inform\u00e0tica<\/a><\/p>\n","protected":false},"author":1,"featured_media":0,"parent":0,"menu_order":0,"comment_status":"closed","ping_status":"closed","template":"","meta":{"_bbp_topic_count":0,"_bbp_reply_count":0,"_bbp_total_topic_count":0,"_bbp_total_reply_count":0,"_bbp_voice_count":0,"_bbp_anonymous_reply_count":0,"_bbp_topic_count_hidden":0,"_bbp_reply_count_hidden":0,"_bbp_forum_subforum_count":0,"footnotes":""},"class_list":["post-449","page","type-page","status-publish","hentry"],"post_mailing_queue_ids":[],"_links":{"self":[{"href":"https:\/\/agora.xtec.cat\/iesmila\/wp-json\/wp\/v2\/pages\/449","targetHints":{"allow":["GET"]}}],"collection":[{"href":"https:\/\/agora.xtec.cat\/iesmila\/wp-json\/wp\/v2\/pages"}],"about":[{"href":"https:\/\/agora.xtec.cat\/iesmila\/wp-json\/wp\/v2\/types\/page"}],"author":[{"embeddable":true,"href":"https:\/\/agora.xtec.cat\/iesmila\/wp-json\/wp\/v2\/users\/1"}],"replies":[{"embeddable":true,"href":"https:\/\/agora.xtec.cat\/iesmila\/wp-json\/wp\/v2\/comments?post=449"}],"version-history":[{"count":2,"href":"https:\/\/agora.xtec.cat\/iesmila\/wp-json\/wp\/v2\/pages\/449\/revisions"}],"predecessor-version":[{"id":7678,"href":"https:\/\/agora.xtec.cat\/iesmila\/wp-json\/wp\/v2\/pages\/449\/revisions\/7678"}],"wp:attachment":[{"href":"https:\/\/agora.xtec.cat\/iesmila\/wp-json\/wp\/v2\/media?parent=449"}],"curies":[{"name":"wp","href":"https:\/\/api.w.org\/{rel}","templated":true}]}}