{"id":39,"date":"2014-09-17T16:36:44","date_gmt":"2014-09-17T16:36:44","guid":{"rendered":"http:\/\/agora.xtec.cat\/iesmila\/?page_id=39"},"modified":"2023-02-15T12:19:02","modified_gmt":"2023-02-15T11:19:02","slug":"instal%c2%b7lacions","status":"publish","type":"page","link":"https:\/\/agora.xtec.cat\/iesmila\/linstitut\/instal%c2%b7lacions\/","title":{"rendered":"Instal\u00b7lacions"},"content":{"rendered":"<p><a href=\"http:\/\/agora.xtec.cat\/iesmila\/wp-content\/uploads\/usu844\/2016\/01\/mila.jpg\"><img loading=\"lazy\" decoding=\"async\" class=\"alignnone size-full wp-image-325\" src=\"http:\/\/agora.xtec.cat\/iesmila\/wp-content\/uploads\/usu844\/2016\/01\/mila.jpg\" alt=\"mila\" width=\"674\" height=\"409\" srcset=\"https:\/\/agora.xtec.cat\/iesmila\/wp-content\/uploads\/usu844\/2016\/01\/mila.jpg 674w, https:\/\/agora.xtec.cat\/iesmila\/wp-content\/uploads\/usu844\/2016\/01\/mila-300x182.jpg 300w\" sizes=\"auto, (max-width: 674px) 100vw, 674px\" \/><\/a><\/p>\n<p>L&#8217;Institut Mil\u00e0 i Fontanals est\u00e0 situat a l&#8217;avinguda Emili Vall\u00e8s 4 d&#8217;Igualada, en la zona escolar de l&#8217;oest de la ciutat, l&#8217;edifici de tres plantes t\u00e9 una extensi\u00f3 d&#8217;unes 2 Ha de superf\u00edcie aproximadament i entre altres equipaments disposa de: acc\u00e9s per a persones amb disminuci\u00f3 f\u00edsica, dos ascensors, zona verda, pistes esportives, servei de reprografia per a alumnes i professors, sala d&#8217;estudi, etc.<\/p>\n<ul style=\"list-style-type: square;\">\n<li>Pel que fa a aules, i espais d&#8217;\u00fas general l&#8217;Institut disposa de:<br \/>\n7 aules d&#8217;\u00fas general petites (24 alumnes)<br \/>\n18 aules d&#8217;\u00fas general grans (35 alumnes)<br \/>\n1 aula d&#8217;audiovisuals<br \/>\n3 aules d&#8217;inform\u00e0tica d&#8217;\u00fas general<br \/>\n1 aula d&#8217;idiomes<br \/>\n1 Gimn\u00e0s\/sala d&#8217;actes<br \/>\n3 aules de sanitat<\/li>\n<li>Tallers espec\u00edfics per a les fam\u00edlies professionals de:<br \/>\nAdministraci\u00f3 i gesti\u00f3<br \/>\nComer\u00e7 i m\u00e0rqueting<br \/>\nElectricitat i electr\u00f2nica<br \/>\nInform\u00e0tica i comunicacions<br \/>\nInstal\u00b7laci\u00f3 i manteniment<br \/>\nQu\u00edmica<br \/>\nSanitat<br \/>\nServeis socioculturals i a la comunitat<br \/>\nTransport i manteniment de vehicles<\/li>\n<\/ul>\n","protected":false},"excerpt":{"rendered":"<p><a href=\"http:\/\/agora.xtec.cat\/iesmila\/wp-content\/uploads\/usu844\/2016\/01\/mila.jpg\"><\/a><br \/>\nL&#8217;Institut Mil\u00e0 i Fontanals est\u00e0 situat a l&#8217;avinguda Emili Vall\u00e8s 4 d&#8217;Igualada, en la zona escolar de l&#8217;oest de la ciutat, l&#8217;edifici de tres plantes t\u00e9 una extensi\u00f3 d&#8217;unes 2 Ha de superf\u00edcie aproximadament i entre altres equipaments disposa de: acc\u00e9s per a persones&hellip;  <a href=\"https:\/\/agora.xtec.cat\/iesmila\/linstitut\/instal%c2%b7lacions\/\" title=\"Read Instal\u00b7lacions\">Llegeix m\u00e9s\u00bb<\/a><\/p>\n","protected":false},"author":1,"featured_media":0,"parent":19,"menu_order":30,"comment_status":"closed","ping_status":"closed","template":"page-templates\/side-menu.php","meta":{"_bbp_topic_count":0,"_bbp_reply_count":0,"_bbp_total_topic_count":0,"_bbp_total_reply_count":0,"_bbp_voice_count":0,"_bbp_anonymous_reply_count":0,"_bbp_topic_count_hidden":0,"_bbp_reply_count_hidden":0,"_bbp_forum_subforum_count":0,"footnotes":""},"class_list":["post-39","page","type-page","status-publish","hentry"],"post_mailing_queue_ids":[],"_links":{"self":[{"href":"https:\/\/agora.xtec.cat\/iesmila\/wp-json\/wp\/v2\/pages\/39","targetHints":{"allow":["GET"]}}],"collection":[{"href":"https:\/\/agora.xtec.cat\/iesmila\/wp-json\/wp\/v2\/pages"}],"about":[{"href":"https:\/\/agora.xtec.cat\/iesmila\/wp-json\/wp\/v2\/types\/page"}],"author":[{"embeddable":true,"href":"https:\/\/agora.xtec.cat\/iesmila\/wp-json\/wp\/v2\/users\/1"}],"replies":[{"embeddable":true,"href":"https:\/\/agora.xtec.cat\/iesmila\/wp-json\/wp\/v2\/comments?post=39"}],"version-history":[{"count":3,"href":"https:\/\/agora.xtec.cat\/iesmila\/wp-json\/wp\/v2\/pages\/39\/revisions"}],"predecessor-version":[{"id":5737,"href":"https:\/\/agora.xtec.cat\/iesmila\/wp-json\/wp\/v2\/pages\/39\/revisions\/5737"}],"up":[{"embeddable":true,"href":"https:\/\/agora.xtec.cat\/iesmila\/wp-json\/wp\/v2\/pages\/19"}],"wp:attachment":[{"href":"https:\/\/agora.xtec.cat\/iesmila\/wp-json\/wp\/v2\/media?parent=39"}],"curies":[{"name":"wp","href":"https:\/\/api.w.org\/{rel}","templated":true}]}}