{"id":353,"date":"2016-01-20T09:04:33","date_gmt":"2016-01-20T08:04:33","guid":{"rendered":"http:\/\/agora.xtec.cat\/iesmila\/?page_id=353"},"modified":"2026-03-03T08:31:52","modified_gmt":"2026-03-03T07:31:52","slug":"cicles-formatius-de-grau-superior","status":"publish","type":"page","link":"https:\/\/agora.xtec.cat\/iesmila\/oferta-educativa\/cicles-formatius-de-grau-superior\/","title":{"rendered":"Cicles formatius de grau superior"},"content":{"rendered":"<p>Els cicles formatius de grau superior tenen una durada de dos cursos acad\u00e8mics, per accedir-hi \u00e9s necessari el t\u00edtol de batxillerat o superar un prova d&#8217;acc\u00e9s, durant el curs 2025-26 est\u00e0 previst que a l&#8217;Institut Mil\u00e0 i Fontanals s&#8217;imparteixin els 11 cicles formatius seg\u00fcents:<\/p>\n<table style=\"width: 882px; height: 523px;\">\n<tbody>\n<tr style=\"height: 44px;\">\n<td style=\"width: 40.6333px; height: 44px;\"><a href=\"https:\/\/agora.xtec.cat\/iesmila\/wp-content\/uploads\/usu844\/2016\/01\/01.gif\"><img loading=\"lazy\" decoding=\"async\" class=\"alignnone size-full wp-image-396\" src=\"https:\/\/agora.xtec.cat\/iesmila\/wp-content\/uploads\/usu844\/2016\/01\/01.gif\" alt=\"\" width=\"25\" height=\"25\" \/><\/a><\/td>\n<td style=\"width: 361.95px; height: 44px;\"><a href=\"https:\/\/agora.xtec.cat\/iesmila\/categoria\/cfgs\/aea0\/\">AEA0 CFGS Ensenyament i animaci\u00f3 socioesportiva <\/a><\/td>\n<td style=\"width: 43.5667px; height: 44px;\"><img loading=\"lazy\" decoding=\"async\" class=\"alignnone wp-image-4059\" src=\"https:\/\/agora.xtec.cat\/iesmila\/wp-content\/uploads\/usu844\/2021\/02\/english-flag-150x150.png\" alt=\"\" width=\"30\" height=\"27\" srcset=\"https:\/\/agora.xtec.cat\/iesmila\/wp-content\/uploads\/usu844\/2021\/02\/english-flag-300x270.png 300w, https:\/\/agora.xtec.cat\/iesmila\/wp-content\/uploads\/usu844\/2021\/02\/english-flag-768x691.png 768w, https:\/\/agora.xtec.cat\/iesmila\/wp-content\/uploads\/usu844\/2021\/02\/english-flag.png 900w\" sizes=\"auto, (max-width: 30px) 100vw, 30px\" \/><\/td>\n<td style=\"width: 423.85px; height: 44px;\"><a href=\"https:\/\/agora.xtec.cat\/iesmila\/wp-content\/uploads\/usu844\/2022\/02\/ts-ense-anza-animacion-sociodeportiva-en.pdf\" target=\"_blank\" rel=\"noopener\">Higher Technician in Education in Social and Sports Teaching and Animation<\/a><\/td>\n<\/tr>\n<tr style=\"height: 41px;\">\n<td style=\"width: 40.6333px; height: 41px;\"><a href=\"http:\/\/agora.xtec.cat\/iesmila\/wp-content\/uploads\/usu844\/2016\/01\/02.gif\"><img loading=\"lazy\" decoding=\"async\" class=\"alignnone size-full wp-image-387\" src=\"http:\/\/agora.xtec.cat\/iesmila\/wp-content\/uploads\/usu844\/2016\/01\/02.gif\" alt=\"02\" width=\"25\" height=\"25\" \/><\/a><\/td>\n<td style=\"width: 361.95px; height: 41px;\"><a href=\"http:\/\/agora.xtec.cat\/iesmila\/categoria\/cfgs\/agb0\">AGB0 CFGS Administraci\u00f3 i finances <\/a><\/td>\n<td style=\"width: 43.5667px; height: 41px;\"><img loading=\"lazy\" decoding=\"async\" class=\"alignnone wp-image-4059\" src=\"https:\/\/agora.xtec.cat\/iesmila\/wp-content\/uploads\/usu844\/2021\/02\/english-flag-150x150.png\" alt=\"\" width=\"30\" height=\"27\" srcset=\"https:\/\/agora.xtec.cat\/iesmila\/wp-content\/uploads\/usu844\/2021\/02\/english-flag-300x270.png 300w, https:\/\/agora.xtec.cat\/iesmila\/wp-content\/uploads\/usu844\/2021\/02\/english-flag-768x691.png 768w, https:\/\/agora.xtec.cat\/iesmila\/wp-content\/uploads\/usu844\/2021\/02\/english-flag.png 900w\" sizes=\"auto, (max-width: 30px) 100vw, 30px\" \/><\/td>\n<td style=\"width: 423.85px; height: 41px;\"><a href=\"https:\/\/agora.xtec.cat\/iesmila\/wp-content\/uploads\/usu844\/2021\/01\/n-tsadministracionfinanzasen-pdf.pdf\" target=\"_blank\" rel=\"noopener noreferrer\">Higher Technician in Administration and Finance<\/a><\/td>\n<\/tr>\n<tr style=\"height: 41px;\">\n<td style=\"width: 40.6333px; height: 41px;\"><a href=\"http:\/\/agora.xtec.cat\/iesmila\/wp-content\/uploads\/usu844\/2016\/01\/06.gif\"><img loading=\"lazy\" decoding=\"async\" class=\"alignnone size-full wp-image-389\" src=\"http:\/\/agora.xtec.cat\/iesmila\/wp-content\/uploads\/usu844\/2016\/01\/06.gif\" alt=\"06\" width=\"25\" height=\"25\" \/><\/a><\/td>\n<td style=\"width: 361.95px; height: 41px;\"><a href=\"http:\/\/agora.xtec.cat\/iesmila\/categoria\/cfgs\/cmb0\">CMB0 CFGS Comer\u00e7 internacional <\/a><\/td>\n<td style=\"width: 43.5667px; height: 41px;\"><img loading=\"lazy\" decoding=\"async\" class=\"alignnone wp-image-4059\" src=\"https:\/\/agora.xtec.cat\/iesmila\/wp-content\/uploads\/usu844\/2021\/02\/english-flag-150x150.png\" alt=\"\" width=\"30\" height=\"27\" srcset=\"https:\/\/agora.xtec.cat\/iesmila\/wp-content\/uploads\/usu844\/2021\/02\/english-flag-300x270.png 300w, https:\/\/agora.xtec.cat\/iesmila\/wp-content\/uploads\/usu844\/2021\/02\/english-flag-768x691.png 768w, https:\/\/agora.xtec.cat\/iesmila\/wp-content\/uploads\/usu844\/2021\/02\/english-flag.png 900w\" sizes=\"auto, (max-width: 30px) 100vw, 30px\" \/><\/td>\n<td style=\"width: 423.85px; height: 41px;\"><a href=\"https:\/\/agora.xtec.cat\/iesmila\/wp-content\/uploads\/usu844\/2021\/01\/n-tscomerciointernacionalen-pdf.pdf\" target=\"_blank\" rel=\"noopener noreferrer\">Higher Technician in International Trade<\/a><\/td>\n<\/tr>\n<tr style=\"height: 41px;\">\n<td style=\"width: 40.6333px; height: 41px;\"><a href=\"http:\/\/agora.xtec.cat\/iesmila\/wp-content\/uploads\/usu844\/2016\/01\/08.gif\"><img loading=\"lazy\" decoding=\"async\" class=\"alignnone size-full wp-image-390\" src=\"http:\/\/agora.xtec.cat\/iesmila\/wp-content\/uploads\/usu844\/2016\/01\/08.gif\" alt=\"08\" width=\"25\" height=\"25\" \/><\/a><\/td>\n<td style=\"width: 361.95px; height: 41px;\"><a href=\"http:\/\/agora.xtec.cat\/iesmila\/categoria\/cfgs\/eeb0\">EEB0 CFGS Automatitzaci\u00f3 i rob\u00f2tica industrial <\/a><\/td>\n<td style=\"width: 43.5667px; height: 41px;\"><img loading=\"lazy\" decoding=\"async\" class=\"alignnone wp-image-4059\" src=\"https:\/\/agora.xtec.cat\/iesmila\/wp-content\/uploads\/usu844\/2021\/02\/english-flag-150x150.png\" alt=\"\" width=\"30\" height=\"27\" srcset=\"https:\/\/agora.xtec.cat\/iesmila\/wp-content\/uploads\/usu844\/2021\/02\/english-flag-300x270.png 300w, https:\/\/agora.xtec.cat\/iesmila\/wp-content\/uploads\/usu844\/2021\/02\/english-flag-768x691.png 768w, https:\/\/agora.xtec.cat\/iesmila\/wp-content\/uploads\/usu844\/2021\/02\/english-flag.png 900w\" sizes=\"auto, (max-width: 30px) 100vw, 30px\" \/><\/td>\n<td style=\"width: 423.85px; height: 41px;\"><a href=\"https:\/\/agora.xtec.cat\/iesmila\/wp-content\/uploads\/usu844\/2021\/01\/n-tsautomatizacionroboticaindustrialen-pdf.pdf\" target=\"_blank\" rel=\"noopener noreferrer\">Higher Technician in Industrial Automation and Robotics<\/a><\/td>\n<\/tr>\n<tr style=\"height: 49px;\">\n<td style=\"width: 40.6333px; height: 49px;\"><a href=\"http:\/\/agora.xtec.cat\/iesmila\/wp-content\/uploads\/usu844\/2016\/01\/22.gif\"><img loading=\"lazy\" decoding=\"async\" class=\"alignnone size-full wp-image-395\" src=\"http:\/\/agora.xtec.cat\/iesmila\/wp-content\/uploads\/usu844\/2016\/01\/22.gif\" alt=\"22\" width=\"25\" height=\"25\" \/><\/a><\/td>\n<td style=\"width: 361.95px; height: 49px;\"><a href=\"http:\/\/agora.xtec.cat\/iesmila\/categoria\/cfgs\/icb0\">ICB0 CFGS Desenvolupament d\u2019aplicacions multiplataforma<\/a><\/td>\n<td style=\"width: 43.5667px; height: 49px;\"><img loading=\"lazy\" decoding=\"async\" class=\"alignnone wp-image-4059\" src=\"https:\/\/agora.xtec.cat\/iesmila\/wp-content\/uploads\/usu844\/2021\/02\/english-flag-150x150.png\" alt=\"\" width=\"30\" height=\"27\" srcset=\"https:\/\/agora.xtec.cat\/iesmila\/wp-content\/uploads\/usu844\/2021\/02\/english-flag-300x270.png 300w, https:\/\/agora.xtec.cat\/iesmila\/wp-content\/uploads\/usu844\/2021\/02\/english-flag-768x691.png 768w, https:\/\/agora.xtec.cat\/iesmila\/wp-content\/uploads\/usu844\/2021\/02\/english-flag.png 900w\" sizes=\"auto, (max-width: 30px) 100vw, 30px\" \/><\/td>\n<td style=\"width: 423.85px; height: 49px;\"><a href=\"https:\/\/agora.xtec.cat\/iesmila\/wp-content\/uploads\/usu844\/2021\/01\/n-tsdesarrolloaplicacionesmultiplataformaen-pdf.pdf\" target=\"_blank\" rel=\"noopener noreferrer\">Higher Technician in Multi-platform Applications Development<\/a><\/td>\n<\/tr>\n<tr style=\"height: 44px;\">\n<td style=\"width: 40.6333px; height: 44px;\"><a href=\"http:\/\/agora.xtec.cat\/iesmila\/wp-content\/uploads\/usu844\/2016\/01\/22.gif\"><img loading=\"lazy\" decoding=\"async\" class=\"alignnone size-full wp-image-395\" src=\"http:\/\/agora.xtec.cat\/iesmila\/wp-content\/uploads\/usu844\/2016\/01\/22.gif\" alt=\"22\" width=\"25\" height=\"25\" \/><\/a><\/td>\n<td style=\"width: 361.95px; height: 44px;\"><a href=\"http:\/\/agora.xtec.cat\/iesmila\/categoria\/cfgs\/icc0\">ICC0 CFGS Desenvolupament d\u2019aplicacions web<\/a><\/td>\n<td style=\"width: 43.5667px; height: 44px;\"><img loading=\"lazy\" decoding=\"async\" class=\"alignnone wp-image-4059\" src=\"https:\/\/agora.xtec.cat\/iesmila\/wp-content\/uploads\/usu844\/2021\/02\/english-flag-150x150.png\" alt=\"\" width=\"30\" height=\"27\" srcset=\"https:\/\/agora.xtec.cat\/iesmila\/wp-content\/uploads\/usu844\/2021\/02\/english-flag-300x270.png 300w, https:\/\/agora.xtec.cat\/iesmila\/wp-content\/uploads\/usu844\/2021\/02\/english-flag-768x691.png 768w, https:\/\/agora.xtec.cat\/iesmila\/wp-content\/uploads\/usu844\/2021\/02\/english-flag.png 900w\" sizes=\"auto, (max-width: 30px) 100vw, 30px\" \/><\/td>\n<td style=\"width: 423.85px; height: 44px;\"><a href=\"https:\/\/agora.xtec.cat\/iesmila\/wp-content\/uploads\/usu844\/2021\/01\/n-tsdesarrolloaplicacionesweben-pdf.pdf\" target=\"_blank\" rel=\"noopener noreferrer\">Higher Technician in Development of Web Applications<\/a><\/td>\n<\/tr>\n<tr style=\"height: 41px;\">\n<td style=\"width: 40.6333px; height: 41px;\"><a href=\"http:\/\/agora.xtec.cat\/iesmila\/wp-content\/uploads\/usu844\/2016\/01\/19.gif\"><img loading=\"lazy\" decoding=\"async\" class=\"alignnone size-full wp-image-394\" src=\"http:\/\/agora.xtec.cat\/iesmila\/wp-content\/uploads\/usu844\/2016\/01\/19.gif\" alt=\"19\" width=\"25\" height=\"25\" \/><\/a><\/td>\n<td style=\"width: 361.95px; height: 41px;\"><a href=\"http:\/\/agora.xtec.cat\/iesmila\/categoria\/cfgs\/imc0\">IMC0 CFGS Mecatr\u00f2nica industrial <\/a><\/td>\n<td style=\"width: 43.5667px; height: 41px;\"><img loading=\"lazy\" decoding=\"async\" class=\"alignnone wp-image-4059\" src=\"https:\/\/agora.xtec.cat\/iesmila\/wp-content\/uploads\/usu844\/2021\/02\/english-flag-150x150.png\" alt=\"\" width=\"30\" height=\"27\" srcset=\"https:\/\/agora.xtec.cat\/iesmila\/wp-content\/uploads\/usu844\/2021\/02\/english-flag-300x270.png 300w, https:\/\/agora.xtec.cat\/iesmila\/wp-content\/uploads\/usu844\/2021\/02\/english-flag-768x691.png 768w, https:\/\/agora.xtec.cat\/iesmila\/wp-content\/uploads\/usu844\/2021\/02\/english-flag.png 900w\" sizes=\"auto, (max-width: 30px) 100vw, 30px\" \/><\/td>\n<td style=\"width: 423.85px; height: 41px;\"><a href=\"https:\/\/agora.xtec.cat\/iesmila\/wp-content\/uploads\/usu844\/2021\/01\/n-tsmecatronicaindustrialen-pdf.pdf\" target=\"_blank\" rel=\"noopener noreferrer\">Higher Technician in Industrial Mechatronics<\/a><\/td>\n<\/tr>\n<tr style=\"height: 49px;\">\n<td style=\"width: 40.6333px; height: 49px;\"><a href=\"http:\/\/agora.xtec.cat\/iesmila\/wp-content\/uploads\/usu844\/2016\/01\/15.gif\"><img loading=\"lazy\" decoding=\"async\" class=\"alignnone size-full wp-image-391\" src=\"http:\/\/agora.xtec.cat\/iesmila\/wp-content\/uploads\/usu844\/2016\/01\/15.gif\" alt=\"15\" width=\"25\" height=\"25\" \/><\/a><\/td>\n<td style=\"width: 361.95px; height: 49px;\"><a href=\"http:\/\/agora.xtec.cat\/iesmila\/categoria\/cfgs\/qud0\">QUD0 CFGS Laboratori d\u2019an\u00e0lisi i control de qualitat <\/a><\/td>\n<td style=\"width: 43.5667px; height: 49px;\"><img loading=\"lazy\" decoding=\"async\" class=\"alignnone wp-image-4059\" src=\"https:\/\/agora.xtec.cat\/iesmila\/wp-content\/uploads\/usu844\/2021\/02\/english-flag-150x150.png\" alt=\"\" width=\"30\" height=\"27\" srcset=\"https:\/\/agora.xtec.cat\/iesmila\/wp-content\/uploads\/usu844\/2021\/02\/english-flag-300x270.png 300w, https:\/\/agora.xtec.cat\/iesmila\/wp-content\/uploads\/usu844\/2021\/02\/english-flag-768x691.png 768w, https:\/\/agora.xtec.cat\/iesmila\/wp-content\/uploads\/usu844\/2021\/02\/english-flag.png 900w\" sizes=\"auto, (max-width: 30px) 100vw, 30px\" \/><\/td>\n<td style=\"width: 423.85px; height: 49px;\"><a href=\"https:\/\/agora.xtec.cat\/iesmila\/wp-content\/uploads\/usu844\/2021\/01\/n-laboratorio-analisis-control-eruropass-ingles.pdf\" target=\"_blank\" rel=\"noopener noreferrer\">Higher Technician in Analysis and Quality Control Laboratory<\/a><\/td>\n<\/tr>\n<p><!--\n\n\n<tr style=\"height: 44px;\">\n\n\n<td style=\"width: 40.6333px; height: 44px;\"><a href=\"http:\/\/agora.xtec.cat\/iesmila\/wp-content\/uploads\/usu844\/2016\/01\/16.gif\"><img loading=\"lazy\" decoding=\"async\" class=\"alignnone size-full wp-image-392\" src=\"http:\/\/agora.xtec.cat\/iesmila\/wp-content\/uploads\/usu844\/2016\/01\/16.gif\" alt=\"16\" width=\"25\" height=\"25\" \/><\/a><\/td>\n\n\n\n\n<td style=\"width: 361.95px; height: 44px;\"><a href=\"http:\/\/agora.xtec.cat\/iesmila\/categoria\/cfgs\/hb\/\" target=\"_blank\" rel=\"noopener noreferrer\">SAH0 CFGS Higiene bucodental (DUAL)<\/a><\/td>\n\n\n\n\n<td style=\"width: 43.5667px; height: 44px;\"><img loading=\"lazy\" decoding=\"async\" class=\"alignnone wp-image-4059\" src=\"https:\/\/agora.xtec.cat\/iesmila\/wp-content\/uploads\/usu844\/2021\/02\/english-flag-150x150.png\" alt=\"\" width=\"30\" height=\"27\" srcset=\"https:\/\/agora.xtec.cat\/iesmila\/wp-content\/uploads\/usu844\/2021\/02\/english-flag-300x270.png 300w, https:\/\/agora.xtec.cat\/iesmila\/wp-content\/uploads\/usu844\/2021\/02\/english-flag-768x691.png 768w, https:\/\/agora.xtec.cat\/iesmila\/wp-content\/uploads\/usu844\/2021\/02\/english-flag.png 900w\" sizes=\"auto, (max-width: 30px) 100vw, 30px\" \/><\/td>\n\n\n\n\n<td style=\"width: 423.85px; height: 44px;\"><a href=\"https:\/\/agora.xtec.cat\/iesmila\/wp-content\/uploads\/usu844\/2021\/01\/n-tshigienebucodentalen-pdf.pdf\" target=\"_blank\" rel=\"noopener noreferrer\">Higher Technician in Dental and Oral Hygiene<\/a><\/td>\n\n\n<\/tr>\n\n\n--><\/p>\n<tr style=\"height: 44px;\">\n<td style=\"width: 40.6333px; height: 44px;\"><a href=\"http:\/\/agora.xtec.cat\/iesmila\/wp-content\/uploads\/usu844\/2016\/01\/17.gif\"><img loading=\"lazy\" decoding=\"async\" class=\"alignnone size-full wp-image-393\" src=\"http:\/\/agora.xtec.cat\/iesmila\/wp-content\/uploads\/usu844\/2016\/01\/17.gif\" alt=\"17\" width=\"25\" height=\"25\" \/><\/a><\/td>\n<td style=\"width: 361.95px; height: 44px;\"><a href=\"http:\/\/agora.xtec.cat\/iesmila\/categoria\/cfgs\/scb0\">SCB0 CFGS Educaci\u00f3 infantil<\/a><\/td>\n<td style=\"width: 43.5667px; height: 44px;\"><img loading=\"lazy\" decoding=\"async\" class=\"alignnone wp-image-4059\" src=\"https:\/\/agora.xtec.cat\/iesmila\/wp-content\/uploads\/usu844\/2021\/02\/english-flag-150x150.png\" alt=\"\" width=\"30\" height=\"27\" srcset=\"https:\/\/agora.xtec.cat\/iesmila\/wp-content\/uploads\/usu844\/2021\/02\/english-flag-300x270.png 300w, https:\/\/agora.xtec.cat\/iesmila\/wp-content\/uploads\/usu844\/2021\/02\/english-flag-768x691.png 768w, https:\/\/agora.xtec.cat\/iesmila\/wp-content\/uploads\/usu844\/2021\/02\/english-flag.png 900w\" sizes=\"auto, (max-width: 30px) 100vw, 30px\" \/><\/td>\n<td style=\"width: 423.85px; height: 44px;\"><a href=\"https:\/\/agora.xtec.cat\/iesmila\/wp-content\/uploads\/usu844\/2021\/01\/n-tseducacioninfantilen-pdf.pdf\" target=\"_blank\" rel=\"noopener noreferrer\">Higher Technician in Pre-Primary Education<\/a><\/td>\n<\/tr>\n<tr style=\"height: 44px;\">\n<td style=\"width: 40.6333px; height: 44px;\"><a href=\"http:\/\/agora.xtec.cat\/iesmila\/wp-content\/uploads\/usu844\/2016\/01\/17.gif\"><img loading=\"lazy\" decoding=\"async\" class=\"alignnone size-full wp-image-393\" src=\"http:\/\/agora.xtec.cat\/iesmila\/wp-content\/uploads\/usu844\/2016\/01\/17.gif\" alt=\"17\" width=\"25\" height=\"25\" \/><\/a><\/td>\n<td style=\"width: 361.95px; height: 44px;\"><a href=\"http:\/\/agora.xtec.cat\/iesmila\/categoria\/cfgs\/scc0\">SCC0 CFGS Integraci\u00f3 social<\/a><\/td>\n<td style=\"width: 43.5667px; height: 44px;\"><img loading=\"lazy\" decoding=\"async\" class=\"alignnone wp-image-4059\" src=\"https:\/\/agora.xtec.cat\/iesmila\/wp-content\/uploads\/usu844\/2021\/02\/english-flag-150x150.png\" alt=\"\" width=\"30\" height=\"27\" srcset=\"https:\/\/agora.xtec.cat\/iesmila\/wp-content\/uploads\/usu844\/2021\/02\/english-flag-300x270.png 300w, https:\/\/agora.xtec.cat\/iesmila\/wp-content\/uploads\/usu844\/2021\/02\/english-flag-768x691.png 768w, https:\/\/agora.xtec.cat\/iesmila\/wp-content\/uploads\/usu844\/2021\/02\/english-flag.png 900w\" sizes=\"auto, (max-width: 30px) 100vw, 30px\" \/><\/td>\n<td style=\"width: 423.85px; height: 44px;\"><a href=\"https:\/\/agora.xtec.cat\/iesmila\/wp-content\/uploads\/usu844\/2021\/01\/n-tsintegracionsocialen-pdf.pdf\" target=\"_blank\" rel=\"noopener noreferrer\">Higher Technician in Social Integration<\/a><\/td>\n<\/tr>\n<tr style=\"height: 41px;\">\n<td style=\"width: 40.6333px; height: 41px;\"><a href=\"http:\/\/agora.xtec.cat\/iesmila\/wp-content\/uploads\/usu844\/2016\/01\/05.gif\"><img loading=\"lazy\" decoding=\"async\" class=\"alignnone size-full wp-image-388\" src=\"http:\/\/agora.xtec.cat\/iesmila\/wp-content\/uploads\/usu844\/2016\/01\/05.gif\" alt=\"05\" width=\"25\" height=\"25\" \/><\/a><\/td>\n<td style=\"width: 361.95px; height: 41px;\"><a href=\"http:\/\/agora.xtec.cat\/iesmila\/categoria\/cfgs\/tma0\">TMA0 CFGS Automoci\u00f3 <\/a><\/td>\n<td style=\"width: 43.5667px; height: 41px;\"><img loading=\"lazy\" decoding=\"async\" class=\"alignnone wp-image-4059\" src=\"https:\/\/agora.xtec.cat\/iesmila\/wp-content\/uploads\/usu844\/2021\/02\/english-flag-150x150.png\" alt=\"\" width=\"30\" height=\"27\" srcset=\"https:\/\/agora.xtec.cat\/iesmila\/wp-content\/uploads\/usu844\/2021\/02\/english-flag-300x270.png 300w, https:\/\/agora.xtec.cat\/iesmila\/wp-content\/uploads\/usu844\/2021\/02\/english-flag-768x691.png 768w, https:\/\/agora.xtec.cat\/iesmila\/wp-content\/uploads\/usu844\/2021\/02\/english-flag.png 900w\" sizes=\"auto, (max-width: 30px) 100vw, 30px\" \/><\/td>\n<td style=\"width: 423.85px; height: 41px;\"><a href=\"https:\/\/agora.xtec.cat\/iesmila\/wp-content\/uploads\/usu844\/2021\/01\/n-tsautomocionen-pdf.pdf\" target=\"_blank\" rel=\"noopener noreferrer\">Higher Technician in Motor Vehicles<\/a><\/td>\n<\/tr>\n<\/tbody>\n<\/table>\n<p><strong>Quota de material per a l&#8217;alumnat de cicles formatius: <\/strong><strong>100\u20ac<br \/>\n<\/strong><\/p>\n<p><strong>La quota del material inclou:<\/strong><\/p>\n<p>\u2022 Carpeta amb separadors,<br \/>\n<span style=\"font-family: inherit; font-size: 1em;\">\u2022 Fotoc\u00f2pies o dossiers extres de textos docents elaborats al centre,<br \/>\n<\/span>\u2022 Material docent extra interactiu,<br \/>\n<span style=\"font-family: inherit; font-size: 1em;\">\u2022 Material fungible extra d\u2019aula,<br \/>\n<\/span><span style=\"font-family: inherit; font-size: 1em;\">\u2022 Material fungible extra de laboratori,<br \/>\n<\/span>\u2022 Plataforma de comunicaci\u00f3 amb l&#8217;alumnat i les fam\u00edlies iEduca,<br \/>\n\u2022 Asseguran\u00e7a escolar,<br \/>\n\u2022 Confer\u00e8ncies, xerrades o visites orientaci\u00f3 extra,<br \/>\n<strong>En cas de baixa no es retornar\u00e0 l\u2019import de la quota de material.<\/strong><\/p>\n<ul style=\"list-style-type: square;\">\n<li>Els cicles de Desenvolupament d&#8217;aplicacions multiplataforma i el de desenvolupament d&#8217;aplicacions web, tenen el primer curs com\u00fa.<\/li>\n<\/ul>\n<p><a href=\"https:\/\/agora.xtec.cat\/iesmila\/wp-content\/uploads\/usu844\/2019\/07\/logo-MEC-UE.jpg\"><img loading=\"lazy\" decoding=\"async\" class=\"alignnone size-full wp-image-2794\" src=\"https:\/\/agora.xtec.cat\/iesmila\/wp-content\/uploads\/usu844\/2019\/07\/logo-MEC-UE.jpg\" alt=\"\" width=\"536\" height=\"78\" srcset=\"https:\/\/agora.xtec.cat\/iesmila\/wp-content\/uploads\/usu844\/2019\/07\/logo-MEC-UE.jpg 536w, https:\/\/agora.xtec.cat\/iesmila\/wp-content\/uploads\/usu844\/2019\/07\/logo-MEC-UE-300x44.jpg 300w\" sizes=\"auto, (max-width: 536px) 100vw, 536px\" \/><\/a><\/p>\n","protected":false},"excerpt":{"rendered":"<p>Els cicles formatius de grau superior tenen una durada de dos cursos acad\u00e8mics, per accedir-hi \u00e9s necessari el t\u00edtol de batxillerat o superar un prova d&#8217;acc\u00e9s, durant el curs 2025-26 est\u00e0 previst que a l&#8217;Institut Mil\u00e0 i Fontanals s&#8217;imparteixin els 11 cicles formatius seg\u00fcents:<\/p>\n<p><a href=\"https:\/\/agora.xtec.cat\/iesmila\/wp-content\/uploads\/usu844\/2016\/01\/01.gif\"><\/a><br \/>\n<a&hellip;  <a href=\"https:\/\/agora.xtec.cat\/iesmila\/oferta-educativa\/cicles-formatius-de-grau-superior\/\" title=\"Read Cicles formatius de grau superior\">Llegeix m\u00e9s\u00bb<\/a><\/p>\n","protected":false},"author":1,"featured_media":0,"parent":348,"menu_order":5,"comment_status":"closed","ping_status":"closed","template":"page-templates\/side-menu.php","meta":{"_bbp_topic_count":0,"_bbp_reply_count":0,"_bbp_total_topic_count":0,"_bbp_total_reply_count":0,"_bbp_voice_count":0,"_bbp_anonymous_reply_count":0,"_bbp_topic_count_hidden":0,"_bbp_reply_count_hidden":0,"_bbp_forum_subforum_count":0,"footnotes":""},"class_list":["post-353","page","type-page","status-publish","hentry"],"post_mailing_queue_ids":[],"_links":{"self":[{"href":"https:\/\/agora.xtec.cat\/iesmila\/wp-json\/wp\/v2\/pages\/353","targetHints":{"allow":["GET"]}}],"collection":[{"href":"https:\/\/agora.xtec.cat\/iesmila\/wp-json\/wp\/v2\/pages"}],"about":[{"href":"https:\/\/agora.xtec.cat\/iesmila\/wp-json\/wp\/v2\/types\/page"}],"author":[{"embeddable":true,"href":"https:\/\/agora.xtec.cat\/iesmila\/wp-json\/wp\/v2\/users\/1"}],"replies":[{"embeddable":true,"href":"https:\/\/agora.xtec.cat\/iesmila\/wp-json\/wp\/v2\/comments?post=353"}],"version-history":[{"count":7,"href":"https:\/\/agora.xtec.cat\/iesmila\/wp-json\/wp\/v2\/pages\/353\/revisions"}],"predecessor-version":[{"id":8348,"href":"https:\/\/agora.xtec.cat\/iesmila\/wp-json\/wp\/v2\/pages\/353\/revisions\/8348"}],"up":[{"embeddable":true,"href":"https:\/\/agora.xtec.cat\/iesmila\/wp-json\/wp\/v2\/pages\/348"}],"wp:attachment":[{"href":"https:\/\/agora.xtec.cat\/iesmila\/wp-json\/wp\/v2\/media?parent=353"}],"curies":[{"name":"wp","href":"https:\/\/api.w.org\/{rel}","templated":true}]}}