{"id":343,"date":"2016-01-20T08:41:08","date_gmt":"2016-01-20T07:41:08","guid":{"rendered":"http:\/\/agora.xtec.cat\/iesmila\/?page_id=343"},"modified":"2025-03-17T13:25:59","modified_gmt":"2025-03-17T12:25:59","slug":"cicles-formatius-de-grau-mitja","status":"publish","type":"page","link":"https:\/\/agora.xtec.cat\/iesmila\/oferta-educativa\/cicles-formatius-de-grau-mitja\/","title":{"rendered":"Cicles formatius de grau mitj\u00e0"},"content":{"rendered":"<p>Els cicles formatius de grau mitj\u00e0 tenen una durada de dos cursos acad\u00e8mics, per accedir-hi \u00e9s necessari el graduat d&#8217;ESO o superar una prova d&#8217;acc\u00e9s, entre altres opcions, durant el curs 2025-26 est\u00e0 previst que a l&#8217;Institut Mil\u00e0 i Fontanals s&#8217;imparteixin els 15 cicles formatius seg\u00fcents:<\/p>\n<p>&nbsp;<\/p>\n<table style=\"width: 67.3685%; height: 709px;\">\n<tbody>\n<tr style=\"height: 51px;\">\n<td style=\"width: 5.6229%; height: 51px;\"><a href=\"https:\/\/agora.xtec.cat\/iesmila\/wp-content\/uploads\/usu844\/2016\/01\/01.gif\"><img loading=\"lazy\" decoding=\"async\" class=\"alignnone size-full wp-image-396\" src=\"https:\/\/agora.xtec.cat\/iesmila\/wp-content\/uploads\/usu844\/2016\/01\/01.gif\" alt=\"\" width=\"25\" height=\"25\" \/><\/a><\/td>\n<td style=\"width: 45.1627%; height: 51px;\"><a href=\"https:\/\/agora.xtec.cat\/iesmila\/categoria\/cfgm\/ae10\/\">AE10 CFGM Guia en el medi natural i el temps de lleure <\/a><\/td>\n<td style=\"width: 5.63124%; height: 51px;\"><img loading=\"lazy\" decoding=\"async\" class=\"alignnone wp-image-4059\" src=\"https:\/\/agora.xtec.cat\/iesmila\/wp-content\/uploads\/usu844\/2021\/02\/english-flag-150x150.png\" alt=\"\" width=\"30\" height=\"27\" srcset=\"https:\/\/agora.xtec.cat\/iesmila\/wp-content\/uploads\/usu844\/2021\/02\/english-flag-300x270.png 300w, https:\/\/agora.xtec.cat\/iesmila\/wp-content\/uploads\/usu844\/2021\/02\/english-flag-768x691.png 768w, https:\/\/agora.xtec.cat\/iesmila\/wp-content\/uploads\/usu844\/2021\/02\/english-flag.png 900w\" sizes=\"auto, (max-width: 30px) 100vw, 30px\" \/><\/td>\n<td style=\"width: 61.0334%; height: 51px;\"><a href=\"https:\/\/agora.xtec.cat\/iesmila\/wp-content\/uploads\/usu844\/2022\/12\/t-guiamedionatural-en.pdf\" target=\"_blank\" rel=\"noopener\">Instructor in Guiding in the Natural Environment and Leisure Time<\/a><\/td>\n<\/tr>\n<tr style=\"height: 51px;\">\n<td style=\"width: 5.6229%; height: 51px;\"><a href=\"http:\/\/agora.xtec.cat\/iesmila\/wp-content\/uploads\/usu844\/2016\/01\/02.gif\"><img loading=\"lazy\" decoding=\"async\" class=\"alignnone size-full wp-image-387\" src=\"http:\/\/agora.xtec.cat\/iesmila\/wp-content\/uploads\/usu844\/2016\/01\/02.gif\" alt=\"02\" width=\"25\" height=\"25\" \/><\/a><\/td>\n<td style=\"width: 45.1627%; height: 51px;\"><a href=\"http:\/\/agora.xtec.cat\/iesmila\/categoria\/cfgm\/ag10\">AG10 CFGM Gesti\u00f3 administrativa <\/a><\/td>\n<td style=\"width: 5.63124%; height: 51px;\"><img loading=\"lazy\" decoding=\"async\" class=\"alignnone wp-image-4059\" src=\"https:\/\/agora.xtec.cat\/iesmila\/wp-content\/uploads\/usu844\/2021\/02\/english-flag-150x150.png\" alt=\"\" width=\"30\" height=\"27\" srcset=\"https:\/\/agora.xtec.cat\/iesmila\/wp-content\/uploads\/usu844\/2021\/02\/english-flag-300x270.png 300w, https:\/\/agora.xtec.cat\/iesmila\/wp-content\/uploads\/usu844\/2021\/02\/english-flag-768x691.png 768w, https:\/\/agora.xtec.cat\/iesmila\/wp-content\/uploads\/usu844\/2021\/02\/english-flag.png 900w\" sizes=\"auto, (max-width: 30px) 100vw, 30px\" \/><\/td>\n<td style=\"width: 61.0334%; height: 51px;\"><a href=\"https:\/\/agora.xtec.cat\/iesmila\/wp-content\/uploads\/usu844\/2022\/02\/n-tgestion-administrativaen-pdf.pdf\" target=\"_blank\" rel=\"noopener noreferrer\">Technician in Administrative Management<\/a><\/td>\n<\/tr>\n<tr style=\"height: 46px;\">\n<td style=\"width: 5.6229%; height: 46px;\"><a href=\"http:\/\/agora.xtec.cat\/iesmila\/wp-content\/uploads\/usu844\/2016\/01\/02.gif\"><img loading=\"lazy\" decoding=\"async\" class=\"alignnone size-full wp-image-387\" src=\"http:\/\/agora.xtec.cat\/iesmila\/wp-content\/uploads\/usu844\/2016\/01\/02.gif\" alt=\"02\" width=\"25\" height=\"25\" \/><\/a><\/td>\n<td style=\"width: 45.1627%; height: 46px;\"><a href=\"https:\/\/agora.xtec.cat\/iesmila\/categoria\/cfgm\/ag12\/\">AG12 CFGM Gesti\u00f3 administrativa: \u00e0mbit sanitari <\/a><\/td>\n<td style=\"width: 5.63124%; height: 46px;\"><\/td>\n<td style=\"width: 61.0334%; height: 46px;\"><\/td>\n<\/tr>\n<tr style=\"height: 51px;\">\n<td style=\"width: 5.6229%; height: 51px;\"><a href=\"http:\/\/agora.xtec.cat\/iesmila\/wp-content\/uploads\/usu844\/2016\/01\/06.gif\"><img loading=\"lazy\" decoding=\"async\" class=\"alignnone size-full wp-image-389\" src=\"http:\/\/agora.xtec.cat\/iesmila\/wp-content\/uploads\/usu844\/2016\/01\/06.gif\" alt=\"06\" width=\"25\" height=\"25\" \/><\/a><\/td>\n<td style=\"width: 45.1627%; height: 51px;\"><a href=\"http:\/\/agora.xtec.cat\/iesmila\/categoria\/cfgm\/cm10\">CM10 CFGM d\u2019Activitats comercials<\/a><\/td>\n<td style=\"width: 5.63124%; height: 51px;\"><img loading=\"lazy\" decoding=\"async\" class=\"alignnone wp-image-4059\" src=\"https:\/\/agora.xtec.cat\/iesmila\/wp-content\/uploads\/usu844\/2021\/02\/english-flag-150x150.png\" alt=\"\" width=\"30\" height=\"27\" srcset=\"https:\/\/agora.xtec.cat\/iesmila\/wp-content\/uploads\/usu844\/2021\/02\/english-flag-300x270.png 300w, https:\/\/agora.xtec.cat\/iesmila\/wp-content\/uploads\/usu844\/2021\/02\/english-flag-768x691.png 768w, https:\/\/agora.xtec.cat\/iesmila\/wp-content\/uploads\/usu844\/2021\/02\/english-flag.png 900w\" sizes=\"auto, (max-width: 30px) 100vw, 30px\" \/><\/td>\n<td style=\"width: 61.0334%; height: 51px;\"><a href=\"https:\/\/agora.xtec.cat\/iesmila\/wp-content\/uploads\/usu844\/2021\/01\/n-tactividadescomercialesen-pdf.pdf\" target=\"_blank\" rel=\"noopener noreferrer\">Technician in Commercial Activities<\/a><\/td>\n<\/tr>\n<tr style=\"height: 51px;\">\n<td style=\"width: 5.6229%; height: 51px;\"><a href=\"http:\/\/agora.xtec.cat\/iesmila\/wp-content\/uploads\/usu844\/2016\/01\/08.gif\"><img loading=\"lazy\" decoding=\"async\" class=\"alignnone size-full wp-image-390\" src=\"http:\/\/agora.xtec.cat\/iesmila\/wp-content\/uploads\/usu844\/2016\/01\/08.gif\" alt=\"08\" width=\"25\" height=\"25\" \/><\/a><\/td>\n<td style=\"width: 45.1627%; height: 51px;\"><a href=\"https:\/\/agora.xtec.cat\/iesmila\/categoria\/cfgm\/ee10\/\">EE10 CFGM d\u2019Instal\u00b7lacions el\u00e8ctriques i autom\u00e0tiques <\/a><\/td>\n<td style=\"width: 5.63124%; height: 51px;\"><img loading=\"lazy\" decoding=\"async\" class=\"alignnone wp-image-4059\" src=\"https:\/\/agora.xtec.cat\/iesmila\/wp-content\/uploads\/usu844\/2021\/02\/english-flag-150x150.png\" alt=\"\" width=\"30\" height=\"27\" srcset=\"https:\/\/agora.xtec.cat\/iesmila\/wp-content\/uploads\/usu844\/2021\/02\/english-flag-300x270.png 300w, https:\/\/agora.xtec.cat\/iesmila\/wp-content\/uploads\/usu844\/2021\/02\/english-flag-768x691.png 768w, https:\/\/agora.xtec.cat\/iesmila\/wp-content\/uploads\/usu844\/2021\/02\/english-flag.png 900w\" sizes=\"auto, (max-width: 30px) 100vw, 30px\" \/><\/td>\n<td style=\"width: 61.0334%; height: 51px;\"><a href=\"https:\/\/agora.xtec.cat\/iesmila\/wp-content\/uploads\/usu844\/2021\/01\/n-tinstalacioneselectricasautomaticasen-pdf.pdf\" target=\"_blank\" rel=\"noopener noreferrer\">Technician in Electrical and Automatic Installations<\/a><\/td>\n<\/tr>\n<tr style=\"height: 51px;\">\n<td style=\"width: 5.6229%; height: 51px;\"><a href=\"http:\/\/agora.xtec.cat\/iesmila\/wp-content\/uploads\/usu844\/2016\/01\/08.gif\"><img loading=\"lazy\" decoding=\"async\" class=\"alignnone size-full wp-image-390\" src=\"http:\/\/agora.xtec.cat\/iesmila\/wp-content\/uploads\/usu844\/2016\/01\/08.gif\" alt=\"08\" width=\"25\" height=\"25\" \/><\/a><\/td>\n<td style=\"width: 45.1627%; height: 51px;\"><a href=\"https:\/\/agora.xtec.cat\/iesmila\/categoria\/cfgm\/ee30\/\">EE30 CFGM d\u2019Instal\u00b7lacions de telecomunicacions <\/a><\/td>\n<td style=\"width: 5.63124%; height: 51px;\"><img loading=\"lazy\" decoding=\"async\" class=\"alignnone wp-image-4059\" src=\"https:\/\/agora.xtec.cat\/iesmila\/wp-content\/uploads\/usu844\/2021\/02\/english-flag-150x150.png\" alt=\"\" width=\"30\" height=\"27\" srcset=\"https:\/\/agora.xtec.cat\/iesmila\/wp-content\/uploads\/usu844\/2021\/02\/english-flag-300x270.png 300w, https:\/\/agora.xtec.cat\/iesmila\/wp-content\/uploads\/usu844\/2021\/02\/english-flag-768x691.png 768w, https:\/\/agora.xtec.cat\/iesmila\/wp-content\/uploads\/usu844\/2021\/02\/english-flag.png 900w\" sizes=\"auto, (max-width: 30px) 100vw, 30px\" \/><\/td>\n<td style=\"width: 61.0334%; height: 51px;\"><a href=\"https:\/\/agora.xtec.cat\/iesmila\/wp-content\/uploads\/usu844\/2021\/01\/n-tinstalacionestelecomunicacionesen-pdf.pdf\" target=\"_blank\" rel=\"noopener noreferrer\">Technician in Telecommunications Installations<\/a><\/td>\n<\/tr>\n<tr style=\"height: 51px;\">\n<td style=\"width: 5.6229%; height: 51px;\"><a href=\"http:\/\/agora.xtec.cat\/iesmila\/wp-content\/uploads\/usu844\/2016\/01\/22.gif\"><img loading=\"lazy\" decoding=\"async\" class=\"alignnone size-full wp-image-395\" src=\"http:\/\/agora.xtec.cat\/iesmila\/wp-content\/uploads\/usu844\/2016\/01\/22.gif\" alt=\"22\" width=\"25\" height=\"25\" \/><\/a><\/td>\n<td style=\"width: 45.1627%; height: 51px;\"><a href=\"http:\/\/agora.xtec.cat\/iesmila\/categoria\/cfgm\/ic10\">IC10 CFGM Sistemes microinform\u00e0tics i xarxes<\/a><\/td>\n<td style=\"width: 5.63124%; height: 51px;\"><img loading=\"lazy\" decoding=\"async\" class=\"alignnone wp-image-4059\" src=\"https:\/\/agora.xtec.cat\/iesmila\/wp-content\/uploads\/usu844\/2021\/02\/english-flag-150x150.png\" alt=\"\" width=\"30\" height=\"27\" srcset=\"https:\/\/agora.xtec.cat\/iesmila\/wp-content\/uploads\/usu844\/2021\/02\/english-flag-300x270.png 300w, https:\/\/agora.xtec.cat\/iesmila\/wp-content\/uploads\/usu844\/2021\/02\/english-flag-768x691.png 768w, https:\/\/agora.xtec.cat\/iesmila\/wp-content\/uploads\/usu844\/2021\/02\/english-flag.png 900w\" sizes=\"auto, (max-width: 30px) 100vw, 30px\" \/><\/td>\n<td style=\"width: 61.0334%; height: 51px;\"><a href=\"http:\/\/agora.xtec.cat\/iesmila\/n-tsistemasmicroinformaticosredesen-pdf\/\" target=\"_blank\" rel=\"noopener noreferrer\">Technician in Microcomputer Systems and Networks<\/a><\/td>\n<\/tr>\n<tr style=\"height: 51px;\">\n<td style=\"width: 5.6229%; height: 51px;\"><a href=\"http:\/\/agora.xtec.cat\/iesmila\/wp-content\/uploads\/usu844\/2016\/01\/19.gif\"><img loading=\"lazy\" decoding=\"async\" class=\"alignnone size-full wp-image-394\" src=\"http:\/\/agora.xtec.cat\/iesmila\/wp-content\/uploads\/usu844\/2016\/01\/19.gif\" alt=\"19\" width=\"25\" height=\"25\" \/><\/a><\/td>\n<td style=\"width: 45.1627%; height: 51px;\"><a href=\"http:\/\/agora.xtec.cat\/iesmila\/categoria\/cfgm\/im10\">IM10 CFGM Manteniment electromec\u00e0nic <\/a><\/td>\n<td style=\"width: 5.63124%; height: 51px;\"><img loading=\"lazy\" decoding=\"async\" class=\"alignnone wp-image-4059\" src=\"https:\/\/agora.xtec.cat\/iesmila\/wp-content\/uploads\/usu844\/2021\/02\/english-flag-150x150.png\" alt=\"\" width=\"30\" height=\"27\" srcset=\"https:\/\/agora.xtec.cat\/iesmila\/wp-content\/uploads\/usu844\/2021\/02\/english-flag-300x270.png 300w, https:\/\/agora.xtec.cat\/iesmila\/wp-content\/uploads\/usu844\/2021\/02\/english-flag-768x691.png 768w, https:\/\/agora.xtec.cat\/iesmila\/wp-content\/uploads\/usu844\/2021\/02\/english-flag.png 900w\" sizes=\"auto, (max-width: 30px) 100vw, 30px\" \/><\/td>\n<td style=\"width: 61.0334%; height: 51px;\"><a href=\"http:\/\/agora.xtec.cat\/iesmila\/n-tmantenimientoelectromecanicoen-pdf\/\" target=\"_blank\" rel=\"noopener noreferrer\">Technician in Electromechanical Maintenance<\/a><\/td>\n<\/tr>\n<tr style=\"height: 51px;\">\n<td style=\"width: 5.6229%; height: 51px;\"><img decoding=\"async\" src=\"http:\/\/agora.xtec.cat\/iesmila\/wp-content\/uploads\/usu844\/2016\/01\/19.gif\" alt=\"19\" \/><\/td>\n<td style=\"width: 45.1627%; height: 51px;\"><a href=\"https:\/\/agora.xtec.cat\/iesmila\/categoria\/cfgm\/im20\/\">IM20 CFGM Instal\u00b7lacions de producci\u00f3 de calor<\/a><\/td>\n<td style=\"width: 5.63124%; height: 51px;\"><img loading=\"lazy\" decoding=\"async\" class=\"alignnone wp-image-4059\" src=\"https:\/\/agora.xtec.cat\/iesmila\/wp-content\/uploads\/usu844\/2021\/02\/english-flag-150x150.png\" alt=\"\" width=\"30\" height=\"27\" srcset=\"https:\/\/agora.xtec.cat\/iesmila\/wp-content\/uploads\/usu844\/2021\/02\/english-flag-300x270.png 300w, https:\/\/agora.xtec.cat\/iesmila\/wp-content\/uploads\/usu844\/2021\/02\/english-flag-768x691.png 768w, https:\/\/agora.xtec.cat\/iesmila\/wp-content\/uploads\/usu844\/2021\/02\/english-flag.png 900w\" sizes=\"auto, (max-width: 30px) 100vw, 30px\" \/><\/td>\n<td style=\"width: 61.0334%; height: 51px;\"><a href=\"https:\/\/agora.xtec.cat\/iesmila\/wp-content\/uploads\/usu844\/2023\/04\/n-tinstalacionesproduccioncaloren-pdf.pdf\" target=\"_blank\" rel=\"noopener\">Technician in Heat Generation Installations<\/a><\/td>\n<\/tr>\n<tr style=\"height: 51px;\">\n<td style=\"width: 5.6229%; height: 51px;\"><a href=\"http:\/\/agora.xtec.cat\/iesmila\/wp-content\/uploads\/usu844\/2016\/01\/15.gif\"><img decoding=\"async\" src=\"https:\/\/triaeducativa.gencat.cat\/.content\/icones\/fitxes\/icones-fitxes\/FPGM-FPGS-ImatgeiSo.png?__scale=w:200,h:150,t:4\" \/><\/a><\/td>\n<td style=\"width: 45.1627%; height: 51px;\"><a href=\"http:\/\/agora.xtec.cat\/iesmila\/categoria\/cfgm\/is10\">IS10 CFGM V\u00eddeo, Discj\u00f2quei i So<\/a><\/td>\n<td style=\"width: 5.63124%; height: 51px;\"><img loading=\"lazy\" decoding=\"async\" class=\"alignnone wp-image-4059\" src=\"https:\/\/agora.xtec.cat\/iesmila\/wp-content\/uploads\/usu844\/2021\/02\/english-flag-150x150.png\" alt=\"\" width=\"30\" height=\"27\" srcset=\"https:\/\/agora.xtec.cat\/iesmila\/wp-content\/uploads\/usu844\/2021\/02\/english-flag-300x270.png 300w, https:\/\/agora.xtec.cat\/iesmila\/wp-content\/uploads\/usu844\/2021\/02\/english-flag-768x691.png 768w, https:\/\/agora.xtec.cat\/iesmila\/wp-content\/uploads\/usu844\/2021\/02\/english-flag.png 900w\" sizes=\"auto, (max-width: 30px) 100vw, 30px\" \/><\/td>\n<td style=\"width: 61.0334%; height: 51px;\"><a href=\"https:\/\/agora.xtec.cat\/iesmila\/wp-content\/uploads\/usu844\/2025\/03\/n-tvideodjsonidoen-pdf.pdf\" target=\"_blank\" rel=\"noopener noreferrer\">Technician in Video Disc Jokey and Sound<\/a><\/td>\n<\/tr>\n<tr style=\"height: 51px;\">\n<td style=\"width: 5.6229%; height: 51px;\"><a href=\"http:\/\/agora.xtec.cat\/iesmila\/wp-content\/uploads\/usu844\/2016\/01\/15.gif\"><img loading=\"lazy\" decoding=\"async\" class=\"alignnone size-full wp-image-391\" src=\"http:\/\/agora.xtec.cat\/iesmila\/wp-content\/uploads\/usu844\/2016\/01\/15.gif\" alt=\"15\" width=\"25\" height=\"25\" \/><\/a><\/td>\n<td style=\"width: 45.1627%; height: 51px;\"><a href=\"http:\/\/agora.xtec.cat\/iesmila\/categoria\/cfgm\/qu20\">QU20 CFGM Operacions de laboratori <\/a><\/td>\n<td style=\"width: 5.63124%; height: 51px;\"><img loading=\"lazy\" decoding=\"async\" class=\"alignnone wp-image-4059\" src=\"https:\/\/agora.xtec.cat\/iesmila\/wp-content\/uploads\/usu844\/2021\/02\/english-flag-150x150.png\" alt=\"\" width=\"30\" height=\"27\" srcset=\"https:\/\/agora.xtec.cat\/iesmila\/wp-content\/uploads\/usu844\/2021\/02\/english-flag-300x270.png 300w, https:\/\/agora.xtec.cat\/iesmila\/wp-content\/uploads\/usu844\/2021\/02\/english-flag-768x691.png 768w, https:\/\/agora.xtec.cat\/iesmila\/wp-content\/uploads\/usu844\/2021\/02\/english-flag.png 900w\" sizes=\"auto, (max-width: 30px) 100vw, 30px\" \/><\/td>\n<td style=\"width: 61.0334%; height: 51px;\"><a href=\"https:\/\/agora.xtec.cat\/iesmila\/wp-content\/uploads\/usu844\/2021\/01\/n-toperacioneslaboratorioen-pdf.pdf\" target=\"_blank\" rel=\"noopener noreferrer\">Technician in Laboratory Operations<\/a><\/td>\n<\/tr>\n<tr style=\"height: 51px;\">\n<td style=\"width: 5.6229%; height: 51px;\"><a href=\"http:\/\/agora.xtec.cat\/iesmila\/wp-content\/uploads\/usu844\/2016\/01\/17.gif\"><img loading=\"lazy\" decoding=\"async\" class=\"alignnone size-full wp-image-393\" src=\"http:\/\/agora.xtec.cat\/iesmila\/wp-content\/uploads\/usu844\/2016\/01\/17.gif\" alt=\"17\" width=\"25\" height=\"25\" \/><\/a><\/td>\n<td style=\"width: 45.1627%; height: 51px;\"><a href=\"http:\/\/agora.xtec.cat\/iesmila\/categoria\/cfgm\/sc10\/\">SC10 CFGM Atenci\u00f3 a persones en situaci\u00f3 de depend\u00e8ncia<\/a><\/td>\n<td style=\"width: 5.63124%; height: 51px;\"><img loading=\"lazy\" decoding=\"async\" class=\"alignnone wp-image-4059\" src=\"https:\/\/agora.xtec.cat\/iesmila\/wp-content\/uploads\/usu844\/2021\/02\/english-flag-150x150.png\" alt=\"\" width=\"30\" height=\"27\" srcset=\"https:\/\/agora.xtec.cat\/iesmila\/wp-content\/uploads\/usu844\/2021\/02\/english-flag-300x270.png 300w, https:\/\/agora.xtec.cat\/iesmila\/wp-content\/uploads\/usu844\/2021\/02\/english-flag-768x691.png 768w, https:\/\/agora.xtec.cat\/iesmila\/wp-content\/uploads\/usu844\/2021\/02\/english-flag.png 900w\" sizes=\"auto, (max-width: 30px) 100vw, 30px\" \/><\/td>\n<td style=\"width: 61.0334%; height: 51px;\"><a href=\"http:\/\/agora.xtec.cat\/iesmila\/n-tatencionpersonasdependenciaen-pdf-2\/\" target=\"_blank\" rel=\"noopener noreferrer\">Technician in Assistance to People in Need of Care<\/a><\/td>\n<\/tr>\n<tr style=\"height: 51px;\">\n<td style=\"width: 5.6229%; height: 51px;\"><a href=\"http:\/\/agora.xtec.cat\/iesmila\/wp-content\/uploads\/usu844\/2016\/04\/TX3.gif\"><img loading=\"lazy\" decoding=\"async\" class=\"alignnone size-full wp-image-775\" src=\"http:\/\/agora.xtec.cat\/iesmila\/wp-content\/uploads\/usu844\/2016\/04\/TX3.gif\" alt=\"TX\" width=\"25\" height=\"25\" \/><\/a><\/td>\n<td style=\"width: 45.1627%; height: 51px;\"><a href=\"http:\/\/agora.xtec.cat\/iesmila\/categoria\/cfgm\/tx11\/\">TX11 CFGM Fabricaci\u00f3 i ennobliment de productes t\u00e8xtils, perfil g\u00e8neres de punt <\/a><\/td>\n<td style=\"width: 5.63124%; height: 51px;\"><img loading=\"lazy\" decoding=\"async\" class=\"alignnone wp-image-4059\" src=\"https:\/\/agora.xtec.cat\/iesmila\/wp-content\/uploads\/usu844\/2021\/02\/english-flag-150x150.png\" alt=\"\" width=\"30\" height=\"27\" srcset=\"https:\/\/agora.xtec.cat\/iesmila\/wp-content\/uploads\/usu844\/2021\/02\/english-flag-300x270.png 300w, https:\/\/agora.xtec.cat\/iesmila\/wp-content\/uploads\/usu844\/2021\/02\/english-flag-768x691.png 768w, https:\/\/agora.xtec.cat\/iesmila\/wp-content\/uploads\/usu844\/2021\/02\/english-flag.png 900w\" sizes=\"auto, (max-width: 30px) 100vw, 30px\" \/><\/td>\n<td style=\"width: 61.0334%; height: 51px;\"><a href=\"http:\/\/agora.xtec.cat\/iesmila\/n-tfabricacionennoblecimientoen-pdf-2\/\" target=\"_blank\" rel=\"noopener noreferrer\">Technician in Manufacturing, Dyeing, Finishing and Printing of Textile Products<\/a><\/td>\n<\/tr>\n<tr style=\"height: 51px;\">\n<td style=\"width: 5.6229%; height: 51px;\"><a href=\"http:\/\/agora.xtec.cat\/iesmila\/wp-content\/uploads\/usu844\/2016\/01\/05.gif\"><img loading=\"lazy\" decoding=\"async\" class=\"alignnone size-full wp-image-388\" src=\"http:\/\/agora.xtec.cat\/iesmila\/wp-content\/uploads\/usu844\/2016\/01\/05.gif\" alt=\"05\" width=\"25\" height=\"25\" \/><\/a><\/td>\n<td style=\"width: 45.1627%; height: 51px;\"><a href=\"http:\/\/agora.xtec.cat\/iesmila\/categoria\/cfgm\/tm10\">TM10 CFGM Electromec\u00e0nica de vehicles <\/a><\/td>\n<td style=\"width: 5.63124%; height: 51px;\"><img loading=\"lazy\" decoding=\"async\" class=\"alignnone wp-image-4059\" src=\"https:\/\/agora.xtec.cat\/iesmila\/wp-content\/uploads\/usu844\/2021\/02\/english-flag-150x150.png\" alt=\"\" width=\"30\" height=\"27\" srcset=\"https:\/\/agora.xtec.cat\/iesmila\/wp-content\/uploads\/usu844\/2021\/02\/english-flag-300x270.png 300w, https:\/\/agora.xtec.cat\/iesmila\/wp-content\/uploads\/usu844\/2021\/02\/english-flag-768x691.png 768w, https:\/\/agora.xtec.cat\/iesmila\/wp-content\/uploads\/usu844\/2021\/02\/english-flag.png 900w\" sizes=\"auto, (max-width: 30px) 100vw, 30px\" \/><\/td>\n<td style=\"width: 61.0334%; height: 51px;\"><a href=\"http:\/\/agora.xtec.cat\/iesmila\/n-telectromecanicaautomovilesen-pdf-2\/\" target=\"_blank\" rel=\"noopener noreferrer\">Technician in Motor Vehicles Electro mechanics<\/a><\/td>\n<\/tr>\n<tr style=\"height: 51px;\">\n<td style=\"width: 5.6229%; height: 51px;\"><a href=\"http:\/\/agora.xtec.cat\/iesmila\/wp-content\/uploads\/usu844\/2016\/01\/05.gif\"><img loading=\"lazy\" decoding=\"async\" class=\"alignnone size-full wp-image-388\" src=\"http:\/\/agora.xtec.cat\/iesmila\/wp-content\/uploads\/usu844\/2016\/01\/05.gif\" alt=\"05\" width=\"25\" height=\"25\" \/><\/a><\/td>\n<td style=\"width: 45.1627%; height: 51px;\"><a href=\"https:\/\/agora.xtec.cat\/iesmila\/categoria\/cfgm\/tm20\/\">TM20 CFGM Carrosseria <\/a><\/td>\n<td style=\"width: 5.63124%; height: 51px;\"><img loading=\"lazy\" decoding=\"async\" class=\"alignnone wp-image-4059\" src=\"https:\/\/agora.xtec.cat\/iesmila\/wp-content\/uploads\/usu844\/2021\/02\/english-flag-150x150.png\" alt=\"\" width=\"30\" height=\"27\" srcset=\"https:\/\/agora.xtec.cat\/iesmila\/wp-content\/uploads\/usu844\/2021\/02\/english-flag-300x270.png 300w, https:\/\/agora.xtec.cat\/iesmila\/wp-content\/uploads\/usu844\/2021\/02\/english-flag-768x691.png 768w, https:\/\/agora.xtec.cat\/iesmila\/wp-content\/uploads\/usu844\/2021\/02\/english-flag.png 900w\" sizes=\"auto, (max-width: 30px) 100vw, 30px\" \/><\/td>\n<td style=\"width: 61.0334%; height: 51px;\"><a href=\"http:\/\/agora.xtec.cat\/iesmila\/n-tcarroceriaen-pdf-2\/\" target=\"_blank\" rel=\"noopener noreferrer\">Technician in Bodywork<\/a><\/td>\n<\/tr>\n<\/tbody>\n<\/table>\n<p><strong>Quota de material per a l&#8217;alumnat de cicles formatius: <\/strong><strong>100\u20ac<br \/>\n<\/strong><\/p>\n<p><strong>La quota del material inclou:<\/strong><\/p>\n<p>\u2022 Carpeta amb separadors,<br \/>\n<span style=\"font-family: inherit; font-size: 1em;\">\u2022 Fotoc\u00f2pies o dossiers extres de textos docents elaborats al centre,<br \/>\n<\/span>\u2022 Material docent extra interactiu,<br \/>\n<span style=\"font-family: inherit; font-size: 1em;\">\u2022 Material fungible extra d\u2019aula,<br \/>\n<\/span><span style=\"font-family: inherit; font-size: 1em;\">\u2022 Material fungible extra de laboratori,<br \/>\n<\/span>\u2022 Plataforma de comunicaci\u00f3 amb l&#8217;alumnat i les fam\u00edlies iEduca,<br \/>\n\u2022 Asseguran\u00e7a escolar,<br \/>\n\u2022 Confer\u00e8ncies, xerrades o visites orientaci\u00f3 extra,<br \/>\n<strong>En cas de baixa no es retornar\u00e0 l\u2019import de la quota de material.<\/strong><\/p>\n<ul style=\"list-style-type: square;\">\n<li>Els alumnes que hagin cursat i aprovat, o b\u00e9 obtinguin la qualificaci\u00f3 professional del cicle d&#8217;Instal\u00b7lacions el\u00e8ctriques i autom\u00e0tiques, obtindran directament el carnet professional d&#8217;instal\u00b7lador en baixa tensi\u00f3, b\u00e0sic i especialista.<\/li>\n<\/ul>\n<p><a href=\"https:\/\/agora.xtec.cat\/iesmila\/wp-content\/uploads\/usu844\/2019\/07\/logo-MEC-UE.jpg\"><img loading=\"lazy\" decoding=\"async\" class=\"alignnone size-full wp-image-2794\" src=\"https:\/\/agora.xtec.cat\/iesmila\/wp-content\/uploads\/usu844\/2019\/07\/logo-MEC-UE.jpg\" alt=\"\" width=\"536\" height=\"78\" srcset=\"https:\/\/agora.xtec.cat\/iesmila\/wp-content\/uploads\/usu844\/2019\/07\/logo-MEC-UE.jpg 536w, https:\/\/agora.xtec.cat\/iesmila\/wp-content\/uploads\/usu844\/2019\/07\/logo-MEC-UE-300x44.jpg 300w\" sizes=\"auto, (max-width: 536px) 100vw, 536px\" \/><\/a><\/p>\n","protected":false},"excerpt":{"rendered":"<p>Els cicles formatius de grau mitj\u00e0 tenen una durada de dos cursos acad\u00e8mics, per accedir-hi \u00e9s necessari el graduat d&#8217;ESO o superar una prova d&#8217;acc\u00e9s, entre altres opcions, durant el curs 2025-26 est\u00e0 previst que a l&#8217;Institut Mil\u00e0 i Fontanals s&#8217;imparteixin els 15 cicles formatius&hellip;  <a href=\"https:\/\/agora.xtec.cat\/iesmila\/oferta-educativa\/cicles-formatius-de-grau-mitja\/\" title=\"Read Cicles formatius de grau mitj\u00e0\">Llegeix m\u00e9s\u00bb<\/a><\/p>\n","protected":false},"author":1,"featured_media":0,"parent":348,"menu_order":4,"comment_status":"closed","ping_status":"closed","template":"page-templates\/side-menu.php","meta":{"_bbp_topic_count":0,"_bbp_reply_count":0,"_bbp_total_topic_count":0,"_bbp_total_reply_count":0,"_bbp_voice_count":0,"_bbp_anonymous_reply_count":0,"_bbp_topic_count_hidden":0,"_bbp_reply_count_hidden":0,"_bbp_forum_subforum_count":0,"footnotes":""},"class_list":["post-343","page","type-page","status-publish","hentry"],"post_mailing_queue_ids":[],"_links":{"self":[{"href":"https:\/\/agora.xtec.cat\/iesmila\/wp-json\/wp\/v2\/pages\/343","targetHints":{"allow":["GET"]}}],"collection":[{"href":"https:\/\/agora.xtec.cat\/iesmila\/wp-json\/wp\/v2\/pages"}],"about":[{"href":"https:\/\/agora.xtec.cat\/iesmila\/wp-json\/wp\/v2\/types\/page"}],"author":[{"embeddable":true,"href":"https:\/\/agora.xtec.cat\/iesmila\/wp-json\/wp\/v2\/users\/1"}],"replies":[{"embeddable":true,"href":"https:\/\/agora.xtec.cat\/iesmila\/wp-json\/wp\/v2\/comments?post=343"}],"version-history":[{"count":7,"href":"https:\/\/agora.xtec.cat\/iesmila\/wp-json\/wp\/v2\/pages\/343\/revisions"}],"predecessor-version":[{"id":7586,"href":"https:\/\/agora.xtec.cat\/iesmila\/wp-json\/wp\/v2\/pages\/343\/revisions\/7586"}],"up":[{"embeddable":true,"href":"https:\/\/agora.xtec.cat\/iesmila\/wp-json\/wp\/v2\/pages\/348"}],"wp:attachment":[{"href":"https:\/\/agora.xtec.cat\/iesmila\/wp-json\/wp\/v2\/media?parent=343"}],"curies":[{"name":"wp","href":"https:\/\/api.w.org\/{rel}","templated":true}]}}