{"id":3391,"date":"2020-05-16T16:40:54","date_gmt":"2020-05-16T14:40:54","guid":{"rendered":"http:\/\/agora.xtec.cat\/iesmila\/?page_id=3391"},"modified":"2026-03-03T08:37:46","modified_gmt":"2026-03-03T07:37:46","slug":"resum-dequivalencies-entre-titols-del-sistema-educatiu","status":"publish","type":"page","link":"https:\/\/agora.xtec.cat\/iesmila\/secretaria\/resum-dequivalencies-entre-titols-del-sistema-educatiu\/","title":{"rendered":"Resum d&#8217;equival\u00e8ncies entre t\u00edtols del sistema educatiu"},"content":{"rendered":"<table class=\" alignleft\" style=\"width: 800px;\">\n<tbody>\n<tr>\n<td colspan=\"4\">\n<h3>Equival\u00e8ncies en l&#8217;ESO<\/h3>\n<\/td>\n<\/tr>\n<tr>\n<td>\n<h5><strong>T\u00edtol acreditable<\/strong><\/h5>\n<\/td>\n<td>\n<h5><strong>T\u00edtol equivalent<\/strong><\/h5>\n<\/td>\n<td>\n<h5><strong>Efectes de l\u2019equival\u00e8ncia<\/strong><\/h5>\n<\/td>\n<td>\n<h5><strong>Normativa reguladora<\/strong><\/h5>\n<\/td>\n<\/tr>\n<tr>\n<td>Graduat escolar<\/td>\n<td>Graduat ESO<\/td>\n<td>Efectes laborals<\/td>\n<td>Llei Org\u00e0nica 2\/2006 d\u2019Educaci\u00f3. Disposici\u00f3 addicional 31.1<\/td>\n<\/tr>\n<tr>\n<td><strong>T\u00e8cnic auxiliar<\/strong><\/td>\n<td><strong>Graduat ESO<\/strong><\/td>\n<td><strong>Tots els efectes<\/strong><\/td>\n<td><strong>Llei Org\u00e0nica 2\/2006 d\u2019Educaci\u00f3. Disposici\u00f3 addicional 31.3<\/strong><\/td>\n<\/tr>\n<tr>\n<td>Segon de BUP<\/td>\n<td>Graduat ESO<\/td>\n<td>Tots els efectes<\/td>\n<td>Reial Decret 986\/1991. Annex 1<\/td>\n<\/tr>\n<tr>\n<td><strong>1r i 2n BUP amb un m\u00e0xim de 2 mat\u00e8ries pendents<\/strong><\/td>\n<td><strong>Graduat ESO<\/strong><\/td>\n<td><strong>Tots els efectes<\/strong><\/td>\n<td><strong>Ordre EDU\/1603\/2009<\/strong><\/td>\n<\/tr>\n<tr>\n<td>2n curs del primer cicle experimental de reforma dels ensenyaments mitjans<\/td>\n<td>Graduat ESO<\/td>\n<td>Tots els efectes<\/td>\n<td>Reial Decret 986\/1991. Annex 2<\/td>\n<\/tr>\n<tr>\n<td><strong>M\u00f2dul professional de nivell 2<\/strong><\/td>\n<td><strong>Graduat ESO<\/strong><\/td>\n<td><strong>Tots els efectes<\/strong><\/td>\n<td><strong>Reial Decret 986\/1991. Annex 2<\/strong><\/td>\n<\/tr>\n<tr>\n<td>3r comuns pla 63 o 2n comuns experimental d\u2019Arts aplicades i oficis art\u00edstics<\/td>\n<td>Graduat ESO<\/td>\n<td>Tots els efectes<\/td>\n<td>Reial Decret 986\/1991. Annex 6<\/td>\n<\/tr>\n<tr>\n<td><strong>Prova d\u2019acc\u00e9s als cicles formatius de grau mitj\u00e0 i: a) 1r i 2n d\u2019ESO. b) Haver superat un nombre de m\u00f2duls de duraci\u00f3 dels quals sigui com a m\u00ednim la meitat de la duraci\u00f3 total del cicle formatiu.<\/strong><\/td>\n<td><strong>Graduat ESO<\/strong><\/td>\n<td><strong>Efectes laborals<\/strong><\/td>\n<td><strong>Ordre EDU\/1603\/2009. Article 3.1<\/strong><\/td>\n<\/tr>\n<tr>\n<td>Els t\u00edtols de Batxiller elemental derivats dels plans d\u2019estudis anteriors a la Llei 14\/1970, o en el seu defecte, la superaci\u00f3 de: a) 4 cursos complets de Batxillerat per a qualsevol dels plans d\u2019estudis anteriors a la Llei 14\/1970. b) 5 anys de Batxillerat t\u00e8cnic o laboral, sense proves de conjunt o sense rev\u00e0lida. c) 4 cursos complets d\u2019Humanitats de la carrera Eclesi\u00e0stica.<\/td>\n<td>Graduat ESO<\/td>\n<td>Efectes laborals<\/td>\n<td>Ordre EDU\/1603\/2009. Article 3.2<\/td>\n<\/tr>\n<tr>\n<td><strong>Certificat d\u2019Estudis primaris derivat de la Llei 17\/7\/1945 d\u2019Educaci\u00f3 prim\u00e0ria i la Llei 21\/12\/1965 de Reforma de l\u2019Educaci\u00f3 prim\u00e0ria expedida amb anterioritat a la finalitzaci\u00f3 del curs 1975\/76<\/strong><\/td>\n<td><strong>Graduat ESO<\/strong><\/td>\n<td><\/td>\n<td><\/td>\n<\/tr>\n<\/tbody>\n<\/table>\n<table class=\" alignleft\" style=\"width: 800px;\">\n<tbody>\n<tr>\n<td colspan=\"4\">\n<h3>Equival\u00e8ncies en el batxillerat<\/h3>\n<\/td>\n<\/tr>\n<tr>\n<td>\n<h5><strong>T\u00edtol acreditable<\/strong><\/h5>\n<\/td>\n<td>\n<h5><strong>T\u00edtol equivalent<\/strong><\/h5>\n<\/td>\n<td>\n<h5><strong>Efectes de l\u2019equival\u00e8ncia<\/strong><\/h5>\n<\/td>\n<td>\n<h5><strong>Normativa reguladora<\/strong><\/h5>\n<\/td>\n<\/tr>\n<tr>\n<td>T\u00e8cnic o t\u00e8cnic esportiu<\/td>\n<td>Batxillerat<\/td>\n<td>Efectes laborals<\/td>\n<td>Ordre EDU\/1603\/2009. Disposici\u00f3 addicional 1<\/td>\n<\/tr>\n<tr>\n<td><strong>COU (PREU + proves maduresa)<\/strong><\/td>\n<td><strong>Batxillerat<\/strong><\/td>\n<td><strong>Tots els efectes<\/strong><\/td>\n<td><strong>Reial Decret 986\/1991. Annex 1.<\/strong><\/td>\n<\/tr>\n<tr>\n<td>BUP (Llei 14\/1970). Qualsevol t\u00edtol de Batxiller superior (general, laboral o t\u00e8cnic)<\/td>\n<td>Batxillerat<\/td>\n<td>Efectes laborals<\/td>\n<td>Llei Org\u00e0nica 2\/2006 d\u2019Educaci\u00f3. Disposici\u00f3 addicional 31.2<\/td>\n<\/tr>\n<tr>\n<td><strong>Prova d\u2019Acc\u00e9s a cicles formatius de grau superior, sempre que s&#8217;acrediti el t\u00edtol de Graduat ESO o equival\u00e8ncies acad\u00e8miques<\/strong><\/td>\n<td><strong>Batxillerat<\/strong><\/td>\n<td><strong>Efectes laborals<\/strong><\/td>\n<td><strong>Ordre EDU\/1603\/2009. Article 4.1<\/strong><\/td>\n<\/tr>\n<tr>\n<td>Proves d\u2019acc\u00e9s als ensenyaments art\u00edstics superiors i algun dels requisits seg\u00fcents: 1) Estar en possessi\u00f3 del t\u00edtol de graduat ESO o equival\u00e8ncies acad\u00e8miques. 2) Haver superat almenys 15 cr\u00e8dits ECTS dels ensenyaments art\u00edstics superiors.<\/td>\n<td>Batxillerat<\/td>\n<td>Efectes laborals<\/td>\n<td>Ordre EDU\/1603\/2009. Article 4.2<\/td>\n<\/tr>\n<tr>\n<td><strong>Prova d\u2019acc\u00e9s a la universitat per a majors de 25 anys i algun dels requisits seg\u00fcents: 1) <\/strong><strong>T\u00edtol de graduat ESO o equivalent laboral. 2) <\/strong><strong>Haver superat almenys 15 cr\u00e8dits ECTS dels estudis universitaris.<\/strong><\/td>\n<td><strong>Batxillerat<\/strong><\/td>\n<td><strong>Efectes laborals<\/strong><\/td>\n<td><strong>Ordre EDU\/1603\/2009. Article 4.3<\/strong><\/td>\n<\/tr>\n<\/tbody>\n<\/table>\n<table class=\" alignleft\" style=\"width: 800px; height: 246px;\">\n<tbody>\n<tr style=\"height: 49px;\">\n<td style=\"height: 49px; width: 138.75px;\" colspan=\"4\">\n<h3>Equival\u00e8ncies en la formaci\u00f3 professional<\/h3>\n<\/td>\n<\/tr>\n<tr style=\"height: 49px;\">\n<td style=\"height: 49px; width: 138.75px;\">\n<h5><strong>T\u00edtol acreditable<\/strong><\/h5>\n<\/td>\n<td style=\"height: 49px; width: 138.75px;\">\n<h5><strong>T\u00edtol equivalent<\/strong><\/h5>\n<\/td>\n<td style=\"height: 49px; width: 173.333px;\">\n<h5><strong>Efectes de l\u2019equival\u00e8ncia<\/strong><\/h5>\n<\/td>\n<td style=\"height: 49px; width: 337.167px;\">\n<h5><strong>Normativa reguladora<\/strong><\/h5>\n<\/td>\n<\/tr>\n<tr style=\"height: 33px;\">\n<td style=\"height: 33px; width: 138.75px;\">Oficial industrial<\/td>\n<td style=\"height: 33px; width: 138.75px;\">T\u00e8cnic auxiliar<\/td>\n<td style=\"height: 33px; width: 173.333px;\">Tots els efectes<\/td>\n<td style=\"height: 33px; width: 337.167px;\">Ordre Ministerial de 21\/11\/1975, art. 1<\/td>\n<\/tr>\n<tr style=\"height: 49px;\">\n<td style=\"height: 49px; width: 138.75px;\"><strong>Mestre industrial<\/strong><\/td>\n<td style=\"height: 49px; width: 138.75px;\"><strong>T\u00e8cnic especialista<\/strong><\/td>\n<td style=\"height: 49px; width: 173.333px;\"><strong>Tots els efectes<\/strong><\/td>\n<td style=\"height: 49px; width: 337.167px;\"><strong>Ordre Ministerial de 21\/11\/1975, art. 1<\/strong><\/td>\n<\/tr>\n<tr style=\"height: 33px;\">\n<td style=\"height: 66px; width: 138.75px;\" rowspan=\"2\">T\u00e8cnic auxiliar<\/td>\n<td style=\"height: 33px; width: 138.75px;\">Graduat ESO<\/td>\n<td style=\"height: 33px; width: 173.333px;\">Efectes acad\u00e8mics<\/td>\n<td style=\"height: 66px; width: 337.167px;\" rowspan=\"2\">Llei Org\u00e0nica 2\/2006 d\u2019Educaci\u00f3. Disposici\u00f3 addicional 31.3<\/td>\n<\/tr>\n<tr style=\"height: 33px;\">\n<td style=\"height: 33px; width: 138.75px;\">T\u00e8cnic mig<\/td>\n<td style=\"height: 33px; width: 173.333px;\">Efectes laborals<\/td>\n<\/tr>\n<tr style=\"height: 49px;\">\n<td style=\"height: 49px; width: 138.75px;\"><strong>T\u00e8cnic especialista<\/strong><\/td>\n<td style=\"height: 49px; width: 138.75px;\"><strong>T\u00e8cnic superior<\/strong><\/td>\n<td style=\"height: 49px; width: 173.333px;\"><strong>Tots els efectes<\/strong><\/td>\n<td style=\"height: 49px; width: 337.167px;\"><strong>Llei Org\u00e0nica 2\/2006 d\u2019Educaci\u00f3. Disposici\u00f3 addicional 31.4<\/strong><\/td>\n<\/tr>\n<\/tbody>\n<\/table>\n","protected":false},"excerpt":{"rendered":"<p>Equival\u00e8ncies en l&#8217;ESO<\/p>\n<p>T\u00edtol acreditable<\/p>\n<p>T\u00edtol equivalent<\/p>\n<p>Efectes de l\u2019equival\u00e8ncia<\/p>\n<p>Normativa reguladora<\/p>\n<p>Graduat escolar<br \/>\nGraduat ESO<br \/>\nEfectes laborals<br \/>\nLlei Org\u00e0nica 2\/2006 d\u2019Educaci\u00f3. Disposici\u00f3 addicional 31.1<\/p>\n<p>T\u00e8cnic auxiliar<br \/>\nGraduat ESO<br \/>\nTots els efectes<br \/>\nLlei Org\u00e0nica 2\/2006 d\u2019Educaci\u00f3. Disposici\u00f3 addicional 31.3<\/p>\n<p>Segon de BUP<br \/>\nGraduat ESO<br \/>\nTots els efectes<br \/>\nReial Decret 986\/1991. Annex 1<\/p>\n<p>1r i 2n BUP amb un m\u00e0xim de 2 mat\u00e8ries&hellip;  <a href=\"https:\/\/agora.xtec.cat\/iesmila\/secretaria\/resum-dequivalencies-entre-titols-del-sistema-educatiu\/\" title=\"Read Resum d&#8217;equival\u00e8ncies entre t\u00edtols del sistema educatiu\">Llegeix m\u00e9s\u00bb<\/a><\/p>\n","protected":false},"author":1,"featured_media":0,"parent":81,"menu_order":0,"comment_status":"closed","ping_status":"closed","template":"","meta":{"_bbp_topic_count":0,"_bbp_reply_count":0,"_bbp_total_topic_count":0,"_bbp_total_reply_count":0,"_bbp_voice_count":0,"_bbp_anonymous_reply_count":0,"_bbp_topic_count_hidden":0,"_bbp_reply_count_hidden":0,"_bbp_forum_subforum_count":0,"footnotes":""},"class_list":["post-3391","page","type-page","status-publish","hentry"],"post_mailing_queue_ids":[],"_links":{"self":[{"href":"https:\/\/agora.xtec.cat\/iesmila\/wp-json\/wp\/v2\/pages\/3391","targetHints":{"allow":["GET"]}}],"collection":[{"href":"https:\/\/agora.xtec.cat\/iesmila\/wp-json\/wp\/v2\/pages"}],"about":[{"href":"https:\/\/agora.xtec.cat\/iesmila\/wp-json\/wp\/v2\/types\/page"}],"author":[{"embeddable":true,"href":"https:\/\/agora.xtec.cat\/iesmila\/wp-json\/wp\/v2\/users\/1"}],"replies":[{"embeddable":true,"href":"https:\/\/agora.xtec.cat\/iesmila\/wp-json\/wp\/v2\/comments?post=3391"}],"version-history":[{"count":3,"href":"https:\/\/agora.xtec.cat\/iesmila\/wp-json\/wp\/v2\/pages\/3391\/revisions"}],"predecessor-version":[{"id":4659,"href":"https:\/\/agora.xtec.cat\/iesmila\/wp-json\/wp\/v2\/pages\/3391\/revisions\/4659"}],"up":[{"embeddable":true,"href":"https:\/\/agora.xtec.cat\/iesmila\/wp-json\/wp\/v2\/pages\/81"}],"wp:attachment":[{"href":"https:\/\/agora.xtec.cat\/iesmila\/wp-json\/wp\/v2\/media?parent=3391"}],"curies":[{"name":"wp","href":"https:\/\/api.w.org\/{rel}","templated":true}]}}