{"id":2606,"date":"2019-05-03T20:49:24","date_gmt":"2019-05-03T18:49:24","guid":{"rendered":"http:\/\/agora.xtec.cat\/iesmila\/?page_id=2606"},"modified":"2026-04-09T14:03:36","modified_gmt":"2026-04-09T12:03:36","slug":"itinerari-formatiu-especific-ife","status":"publish","type":"page","link":"https:\/\/agora.xtec.cat\/iesmila\/itinerari-formatiu-especific-ife\/","title":{"rendered":"Itinerari formatiu espec\u00edfic IFE"},"content":{"rendered":"<h3><strong>Calendari de preinscripci\u00f3 i matr\u00edcula 2026-27<\/strong><\/h3>\n<h2 style=\"text-align: center;\"><strong><span style=\"color: #003300;\">ITINERARI FORMATIU ESPEC\u00cdFIC (IFE)<\/span><\/strong><\/h2>\n<p style=\"text-align: justify;\">Per accedir a un IFE cal formalitzar la sol\u00b7licitud de preinscripci\u00f3 corresponent al centre, encara que s&#8217;estiguin cursant altres ensenyaments al mateix centre. Nom\u00e9s es pot presentar una sol\u00b7licitud per persona i s&#8217;hi poden fer constar fins a tres peticions, per ordre de prefer\u00e8ncia.<\/p>\n<p style=\"text-align: justify;\">La <strong>sol\u00b7licitud de preinscripci\u00f3<\/strong> es formalitza presencialment al centre de la primera petici\u00f3, juntament amb la documentaci\u00f3 acreditativa.\u00a0<span style=\"text-align: justify;\">No s&#8217;admeten sol\u00b7licituds fora de termini.<\/span><\/p>\n<h5><a href=\"https:\/\/agora.xtec.cat\/iesmila\/wp-content\/uploads\/usu844\/2026\/04\/DIPTIC-PREINSCRIPCIO-IFE_26.pdf\" target=\"_blank\" rel=\"noopener\">D\u00edptic calendari IFE<\/a><\/h5>\n<table style=\"height: 330px; width: 70.3862%;\" border=\"1\" width=\"960\">\n<tbody>\n<tr style=\"height: 33px;\">\n<td style=\"width: 620px; height: 33px;\"><strong>FASES DE LA PREINSCRIPCI\u00d3<\/strong><\/td>\n<td style=\"width: 332px; height: 33px;\"><strong>DATES<\/strong><\/td>\n<\/tr>\n<tr style=\"height: 33px;\">\n<td style=\"width: 620px; height: 33px;\">Oferta inicial de places<\/td>\n<td style=\"width: 332px; height: 33px;\">8 de maig Consultar aqu\u00ed<\/td>\n<\/tr>\n<tr style=\"height: 33px;\">\n<td style=\"width: 620px; height: 33px;\">Termini per fer i<strong> PRESENTAR LA SOL\u00b7LICITUD<\/strong>.<\/td>\n<td style=\"width: 332px; height: 33px;\">11 al 22 de maig (Sol\u00b7licitud de preinscripci\u00f3)<\/td>\n<\/tr>\n<tr style=\"height: 33px;\">\n<td style=\"width: 620px; height: 33px;\">Llista de sol\u00b7licituds amb la puntuaci\u00f3 <strong>PROVISIONAL<\/strong><\/td>\n<td style=\"width: 332px; height: 33px;\">29 de maig Consultar aqu\u00ed<\/td>\n<\/tr>\n<tr style=\"height: 33px;\">\n<td style=\"width: 620px; height: 33px;\">Sorteig del n\u00famero de desempat en el mateix centre<\/td>\n<td style=\"width: 332px; height: 33px;\">2 de juny<\/td>\n<\/tr>\n<tr style=\"height: 33px;\">\n<td style=\"width: 620px; height: 33px;\">Presentaci\u00f3 de reclamacions<\/td>\n<td style=\"width: 332px; height: 33px;\">3 al 10 de juny<\/td>\n<\/tr>\n<tr style=\"height: 33px;\">\n<td style=\"width: 620px; height: 33px;\">Llista <strong>D&#8217;ADMESOS i LLISTA D&#8217;ESPERA<\/strong><\/td>\n<td style=\"width: 332px; height: 33px;\">16 de juny Consulta aqu\u00ed<\/td>\n<\/tr>\n<tr style=\"height: 33px;\">\n<td style=\"width: 620px; height: 33px;\"><strong>FASES DE LA MATR\u00cdCULA<\/strong><\/td>\n<td style=\"width: 332px; height: 33px;\"><strong>DATES<\/strong><\/td>\n<\/tr>\n<tr style=\"height: 33px;\">\n<td style=\"width: 620px; height: 33px;\">Per\u00edode de matr\u00edcula<\/td>\n<td style=\"width: 332px; height: 33px;\">19 al 27 de juny<\/td>\n<\/tr>\n<\/tbody>\n<\/table>\n<p><span style=\"color: #ff0000;\"><strong><span style=\"text-decoration: underline;\">MOLT IMPORTANT<\/span><\/strong><\/span><\/p>\n<p>Comproveu la puntuaci\u00f3 i dades el <strong>29 de maig<\/strong> de la llista <strong>PROVISIONAL<\/strong><br \/>\nEn cas de no ser correctes reclameu-ho del <strong>3 al 10 de juny<\/strong><br \/>\nEl <b>16 de juny <\/b>comprovar si sou admesos a la llista <strong>DEFINITIVA<\/strong><br \/>\nNom\u00e9s aix\u00ed podreu formalitzar la matr\u00edcula del <strong>19 al 27 de juny<\/strong><\/p>\n<h5 style=\"text-align: justify;\"><strong><span style=\"color: #003300;\">Requisits<\/span><\/strong><\/h5>\n<ul style=\"text-align: justify;\">\n<li id=\"h.p_TQVstpEMaLpW\" class=\"zfr3Q TYR86d\">Alumnes amb necessitats educatives especials associades a discapacitat intel\u00b7lectual lleu o moderada, inclosos els alumnes amb trastorn de l&#8217;espectre autista (TEA) <strong>que disposin de l&#8217;informe em\u00e8s per l&#8217;equip d&#8217;assessorament i orientaci\u00f3 psicopedag\u00f2gic (EAP).<\/strong><\/li>\n<li id=\"h.p_Br_AJ1X89ncC\" class=\"zfr3Q TYR86d\">Alumnes d&#8217;entre 16 i 20 anys durant l&#8217;any natural d&#8217;inici de l&#8217;oferta.<\/li>\n<\/ul>\n<p style=\"text-align: justify;\">Juntament amb la <strong>sol\u00b7licitud de preinscripci\u00f3,<\/strong> en tots els casos, cal presentar en el termini establert la\u00a0<strong>documentaci\u00f3<\/strong> seg\u00fcent:<\/p>\n<ul class=\"llista-especial\" style=\"text-align: justify;\">\n<li>Original i fotoc\u00f2pia del DNI, NIE o passaport vigent. Si es tracta d&#8217;estrangers comunitaris, document d&#8217;identitat del pa\u00eds membre de la Uni\u00f3 Europea.<\/li>\n<li>L&#8217;informe de reconeixement de necessitats educatives especials em\u00e8s per EAP durant l&#8217;educaci\u00f3 obligat\u00f2ria, en qu\u00e8 consti la condici\u00f3 d&#8217;alumne amb necessitats educatives especials associades a discapacitat intel\u00b7lectual lleu o moderada.<\/li>\n<\/ul>\n<p style=\"text-align: justify;\">Si la persona sol\u00b7licitant \u00e9s\u00a0<strong>menor d&#8217;edat,<\/strong>\u00a0tamb\u00e9 s&#8217;ha de presentar:<\/p>\n<ul class=\"llista-especial\" style=\"text-align: justify;\">\n<li>Original i fotoc\u00f2pia del llibre de fam\u00edlia o altres documents relatius a la filiaci\u00f3. Si est\u00e0 en situaci\u00f3 d&#8217;acollida, la resoluci\u00f3 d&#8217;acollida del Departament de Drets Socials.<\/li>\n<li>Original i fotoc\u00f2pia del DNI de la persona sol\u00b7licitant (pare, mare, tutor\/a legal) o, si la persona sol\u00b7licitant \u00e9s estrangera, de la targeta de resid\u00e8ncia on consta el NIE, o del passaport. Si es tracta d&#8217;estrangers comunitaris, document d&#8217;identitat del pa\u00eds membre de la Uni\u00f3 Europea.<\/li>\n<\/ul>\n<p><a href=\"https:\/\/agora.xtec.cat\/iesmila\/wp-content\/uploads\/usu844\/2026\/04\/Documents-per-a-la-preinscripcio-IFE-2026-2027_WEB-1.pdf\" target=\"_blank\" rel=\"noopener\">Documents per a la preinscripci\u00f3 IFE 2026-2027<\/a><\/p>\n<h5><span style=\"color: #000000;\"><strong>Criteris de prioritat, barem que s&#8217;aplica i documentaci\u00f3 acreditativa:<\/strong><\/span><\/h5>\n<div>\n<p>Si hi ha m\u00e9s demanda que places, s&#8217;apliquen, successivament, els criteris de prioritat en l&#8217;admissi\u00f3 seg\u00fcents:<\/p>\n<p>a) En primer lloc, l&#8217;alumnat que compleix 16 o 17 anys durant l&#8217;any en qu\u00e8 accedeix a l&#8217;itinerari formatiu espec\u00edfic (IFE).<br \/>\nb) En segon lloc, l&#8217;alumnat que compleix 18 anys durant l&#8217;any en qu\u00e8 accedeix a l&#8217;IFE.<br \/>\nc) En tercer lloc, l&#8217;alumnat que compleix 19 anys durant l&#8217;any en qu\u00e8 accedeix a l&#8217;IFE.<br \/>\nd) En quart lloc, l&#8217;alumnat que compleix 20 anys durant l&#8217;any en qu\u00e8 accedeix a l&#8217;IFE.<\/p>\n<p>Dins de cadascun dels grups d&#8217;edat establerts en el punt anterior, les sol\u00b7licituds es prioritzen d&#8217;acord amb els criteris seg\u00fcents:<\/p>\n<\/div>\n<div>\n<p>a) Situaci\u00f3 d&#8217;escolaritzaci\u00f3 en el curs acad\u00e8mic actual:<br \/>\n&#8211; Estar matriculat en un centre ordinari o en un centre d&#8217;educaci\u00f3 especial a l&#8217;etapa obligat\u00f2ria: 25 punts.<br \/>\nDocumentaci\u00f3 acreditativa: certificat d&#8217;estudis o altra documentaci\u00f3 que acrediti l&#8217;escolaritzaci\u00f3.<\/p>\n<p>b) Participaci\u00f3 per primera vegada en programes postobligatoris<br \/>\n&#8211; Quan la persona sol\u00b7licitant no ha cursat programa de formaci\u00f3 i inserci\u00f3 ni un cicle de formaci\u00f3 professional: 20 punts.<br \/>\nDocumentaci\u00f3 acreditativa: l&#8217;acreditaci\u00f3 es formalitza marcant la casella corresponent en la sol\u00b7licitud de preinscripci\u00f3.<\/p>\n<p><strong>Es considera que l\u2019alumnat que no formalitza la matr\u00edcula en el per\u00edode establert renuncien a la pla\u00e7a.<\/strong><\/p>\n<p><span style=\"font-size: 1.125em; font-weight: bold;\">\u00a0\u27a1 <\/span><a style=\"font-size: 1.125em; font-weight: bold;\" href=\"https:\/\/preinscripcio.gencat.cat\/ca\/estudis\/ife\/inici\/\">M\u00e9s informaci\u00f3<\/a><\/p>\n<\/div>\n<p>&nbsp;<\/p>\n","protected":false},"excerpt":{"rendered":"<p>Calendari de preinscripci\u00f3 i matr\u00edcula 2026-27<br \/>\nITINERARI FORMATIU ESPEC\u00cdFIC (IFE)<br \/>\nPer accedir a un IFE cal formalitzar la sol\u00b7licitud de preinscripci\u00f3 corresponent al centre, encara que s&#8217;estiguin cursant altres ensenyaments al mateix centre. Nom\u00e9s es pot presentar una sol\u00b7licitud per persona i s&#8217;hi poden fer constar fins&hellip;  <a href=\"https:\/\/agora.xtec.cat\/iesmila\/itinerari-formatiu-especific-ife\/\" title=\"Read Itinerari formatiu espec\u00edfic IFE\">Llegeix m\u00e9s\u00bb<\/a><\/p>\n","protected":false},"author":1,"featured_media":0,"parent":0,"menu_order":45,"comment_status":"closed","ping_status":"closed","template":"page-templates\/side-menu.php","meta":{"_bbp_topic_count":0,"_bbp_reply_count":0,"_bbp_total_topic_count":0,"_bbp_total_reply_count":0,"_bbp_voice_count":0,"_bbp_anonymous_reply_count":0,"_bbp_topic_count_hidden":0,"_bbp_reply_count_hidden":0,"_bbp_forum_subforum_count":0,"footnotes":""},"class_list":["post-2606","page","type-page","status-publish","hentry"],"post_mailing_queue_ids":[],"_links":{"self":[{"href":"https:\/\/agora.xtec.cat\/iesmila\/wp-json\/wp\/v2\/pages\/2606","targetHints":{"allow":["GET"]}}],"collection":[{"href":"https:\/\/agora.xtec.cat\/iesmila\/wp-json\/wp\/v2\/pages"}],"about":[{"href":"https:\/\/agora.xtec.cat\/iesmila\/wp-json\/wp\/v2\/types\/page"}],"author":[{"embeddable":true,"href":"https:\/\/agora.xtec.cat\/iesmila\/wp-json\/wp\/v2\/users\/1"}],"replies":[{"embeddable":true,"href":"https:\/\/agora.xtec.cat\/iesmila\/wp-json\/wp\/v2\/comments?post=2606"}],"version-history":[{"count":7,"href":"https:\/\/agora.xtec.cat\/iesmila\/wp-json\/wp\/v2\/pages\/2606\/revisions"}],"predecessor-version":[{"id":8481,"href":"https:\/\/agora.xtec.cat\/iesmila\/wp-json\/wp\/v2\/pages\/2606\/revisions\/8481"}],"wp:attachment":[{"href":"https:\/\/agora.xtec.cat\/iesmila\/wp-json\/wp\/v2\/media?parent=2606"}],"curies":[{"name":"wp","href":"https:\/\/api.w.org\/{rel}","templated":true}]}}