{"id":2604,"date":"2019-05-03T20:47:51","date_gmt":"2019-05-03T18:47:51","guid":{"rendered":"http:\/\/agora.xtec.cat\/iesmila\/?page_id=2604"},"modified":"2026-04-09T13:59:27","modified_gmt":"2026-04-09T11:59:27","slug":"cicles-formatius-de-grau-mitja","status":"publish","type":"page","link":"https:\/\/agora.xtec.cat\/iesmila\/cicles-formatius-de-grau-mitja\/","title":{"rendered":"Cicles formatius de grau mitj\u00e0"},"content":{"rendered":"<div class=\"FW_sArticleFoto\">\n<div class=\"FW_sEditPro\">\n<h3 style=\"text-align: justify;\"><strong>Calendari de preinscripci\u00f3 i matr\u00edcula <\/strong><strong>2026-27<\/strong><\/h3>\n<h2 style=\"text-align: center;\"><span style=\"color: #003300;\"><strong>CICLES FORMATIUS DE GRAU MITJ\u00c0 (CFPM)<\/strong><\/span><\/h2>\n<p style=\"text-align: justify;\">El tr\u00e0mit s&#8217;ha de fer tot en internet, a trav\u00e9s del portal <a href=\"https:\/\/preinscripcio.gencat.cat\/ca\/inici\/index.html\" target=\"_blank\" rel=\"noopener\">preinscripcio.gencat.cat<\/a>.\u00a0 La documentaci\u00f3 que caldr\u00e0 adjuntar a la sol\u00b7licitud ser\u00e0 la que es requereixi a la fam\u00edlia en funci\u00f3 de la situaci\u00f3 particular de la mateixa i aquesta documentaci\u00f3\u00a0<b>SEMPRE s&#8217;adjuntar\u00e0 com un fitxer, <\/b><b>mai es lliur\u00e0 en paper ni s&#8217;enviar\u00e0 per correu electr\u00f2nic al centre<\/b>. Tota documentaci\u00f3 que no vagi adjunta a la sol\u00b7licitud de preinscripci\u00f3 no es validar\u00e0 ni es tindr\u00e0 en compte de cara a la baremaci\u00f3 o validaci\u00f3 d&#8217;aquesta.<\/p>\n<h3 style=\"text-align: center;\"><\/h3>\n<p><strong>NO hi haur\u00e0 sol\u00b7licituds fora de termini.<\/strong><\/p>\n<h5><a href=\"https:\/\/agora.xtec.cat\/iesmila\/wp-content\/uploads\/usu844\/2026\/04\/DIPTIC-PREINSCRIPCIO-GM-i-GS_26.pdf\" target=\"_blank\" rel=\"noopener\">D\u00edptic calendari Grau Mitj\u00e0<\/a><\/h5>\n<table style=\"height: 541px; width: 98.9643%; border-collapse: collapse;\" border=\"1\">\n<tbody>\n<tr style=\"height: 30px;\">\n<td style=\"width: 56.2212%; height: 30px;\"><strong>FASES DE LA PREINSCRIPCI\u00d3<\/strong><\/td>\n<td style=\"width: 77.372%; height: 30px;\" colspan=\"2\"><strong>DATES<\/strong><\/td>\n<\/tr>\n<tr style=\"height: 30px;\">\n<td style=\"width: 56.2212%; height: 30px;\">Oferta inicial de places<\/td>\n<td style=\"height: 30px; text-align: left;\" colspan=\"2\">22 de maig Consulta aqu\u00ed<\/td>\n<\/tr>\n<tr style=\"height: 32px;\">\n<td style=\"width: 50%; height: 45px;\">Termini per fer i <strong>PRESENTAR LA SOL\u00b7LICITUD<\/strong><br \/>\nLa documentaci\u00f3 es pot presentar fins al 2 de juny.<\/td>\n<td style=\"width: 50%; height: 45px;\" colspan=\"2\">26 de maig a l&#8217;1 de juny<\/td>\n<\/tr>\n<tr style=\"height: 32px;\">\n<td style=\"width: 56.2212%; height: 32px;\">Llista amb la puntuaci\u00f3 <strong>PROVISIONAL<\/strong><\/td>\n<td style=\"width: 22.8496%; height: 32px;\" colspan=\"2\">29 de juny Consultar aqu\u00ed<\/td>\n<\/tr>\n<tr style=\"height: 125px;\">\n<td style=\"width: 133.593%; text-align: center; height: 125px;\" colspan=\"3\">\n<h4><span style=\"text-decoration: underline; color: #ff0000;\"><strong>MOLT IMPORTANT: <\/strong><\/span><\/h4>\n<h4><span style=\"color: #ff0000;\"><strong>CAL COMPROVAR QUE LA VIA D&#8217;ACC\u00c9S I LA NOTA S\u00d3N CORRECTES<\/strong><\/span><\/h4>\n<h4><span style=\"color: #ff0000;\"><strong>QUALSEVOL INCID\u00c8NCIA CAL ACREDITAR-LA EN EL PER\u00cdODE DE RECLAMACIONS<\/strong><\/span><\/h4>\n<\/td>\n<\/tr>\n<tr style=\"height: 32px;\">\n<td style=\"width: 56.2212%; height: 32px;\">Presentaci\u00f3 de <strong>RECLAMACIONS<\/strong><\/td>\n<td style=\"height: 32px; width: 77.372%; text-align: left;\" colspan=\"2\">29 de juny al 2 de juliol <a href=\"https:\/\/agora.xtec.cat\/iesmila\/wp-content\/uploads\/usu844\/2025\/06\/Reclamacio.pdf\">PDF Reclamaci\u00f3<\/a><\/td>\n<\/tr>\n<tr style=\"height: 30px;\">\n<td style=\"width: 56.2212%; height: 30px;\">Sorteig del n\u00famero de desempat a les 11 hores al Departament d&#8217;Educaci\u00f3<\/td>\n<td style=\"width: 77.372%; height: 30px; text-align: left;\" colspan=\"2\">6 de juliol<\/td>\n<\/tr>\n<tr style=\"height: 32px;\">\n<td style=\"width: 56.2212%; height: 32px;\">Llista de sol\u00b7licituds amb la puntuaci\u00f3 un cop resoltes les RECLAMACIONS<\/td>\n<td style=\"height: 32px; width: 77.372%; text-align: left;\" colspan=\"2\">7 de juliol Consultar aqu\u00ed<\/td>\n<\/tr>\n<tr style=\"height: 32px;\">\n<td style=\"width: 56.2212%; height: 32px;\">Oferta final de places<\/td>\n<td style=\"width: 77.372%; height: 32px; text-align: left;\" colspan=\"2\">10 de juliol Consultar aqu\u00ed<\/td>\n<\/tr>\n<tr style=\"height: 25px;\">\n<td style=\"width: 56.2212%; height: 25px;\"><strong>ASSIGNACIONS I MATR\u00cdCULA<\/strong><\/td>\n<td style=\"width: 77.372%; text-align: left; height: 25px;\" colspan=\"2\"><strong>DATES<\/strong><\/td>\n<\/tr>\n<tr style=\"height: 32px;\">\n<td style=\"width: 56.2212%; height: 32px;\">Primera assignaci\u00f3<\/td>\n<td style=\"height: 32px; text-align: left;\" colspan=\"2\">10 de juliol Consultar aqu\u00ed<\/td>\n<\/tr>\n<tr style=\"height: 32px;\">\n<td style=\"width: 56.2212%; height: 32px;\" width=\"364\">Matr\u00edcula primera assignaci\u00f3<br \/>\n(<strong>1r &#8211; Confirmaci\u00f3 en l\u00ednia; 2n &#8211; C<\/strong><strong>ompletar la matr\u00edcula del centre<\/strong>)<\/td>\n<td style=\"width: 77.372%; height: 32px; text-align: left;\" colspan=\"2\">10 al 14 de juliol<\/td>\n<\/tr>\n<tr style=\"height: 32px;\">\n<td style=\"width: 56.2212%; height: 32px;\">Segona assignaci\u00f3<\/td>\n<td style=\"width: 77.372%; height: 32px; text-align: left;\" colspan=\"2\">24 de juliol Consultar aqu\u00ed<\/td>\n<\/tr>\n<tr style=\"height: 32px;\">\n<td style=\"width: 56.2212%; height: 32px;\">Matr\u00edcula segona assignaci\u00f3<br \/>\n(<strong>1r &#8211; Confirmaci\u00f3 en l\u00ednia; 2n &#8211; C<\/strong><strong>ompletar la matr\u00edcula del centre<\/strong>)<\/td>\n<td style=\"width: 77.372%; height: 32px; text-align: left;\" colspan=\"2\">24 al 28 de juliol<\/td>\n<\/tr>\n<\/tbody>\n<\/table>\n<h6><\/h6>\n<h6 style=\"text-align: left;\"><span style=\"color: #ff0000; text-decoration: underline;\"><strong>MOLT IMPORTANT<\/strong><\/span><\/h6>\n<p style=\"text-align: left;\">Comproveu la puntuaci\u00f3 i dades el<strong> 29 de juny<\/strong>\u00a0de la llista <strong>PROVISIONAL<\/strong>.<br \/>\nEn cas de no ser correctes reclameu-ho del <strong>29 de juny al 2 de juliol<\/strong>.<br \/>\nComproveu si sou admesos a la <strong>PRIMERA ASSIGNACI\u00d3<\/strong> el <strong>10 de juliol<\/strong>\u00a0o la <strong>SEGONA ASSIGNACI\u00d3<\/strong> el <strong>\u00a024 de\u00a0 juliol.<\/strong><br \/>\nNom\u00e9s aix\u00ed podreu formalitzar la matr\u00edcula en l\u00ednia durant les dates indicades.<\/p>\n<h4 style=\"text-align: left;\"><span style=\"text-decoration: underline; color: #ff0000;\"><strong>NO FA FALTA PRESENTAR-SE AL CENTRE PER FER LA MATR\u00cdCULA, \u00c9S TOT EN L\u00cdNIA<\/strong><\/span><\/h4>\n<h3><\/h3>\n<h3><span style=\"text-decoration: underline; color: #000000;\"><strong>Preinscripci\u00f3<\/strong><\/span><\/h3>\n<div class=\"PwMt2d\" style=\"text-align: justify;\">\n<p>Al formulari de preinscripci\u00f3 heu d&#8217;omplir les vostres dades personals (en fer la preinscripci\u00f3 introduir les dades personals <strong>tal com consten<\/strong> en el document d&#8217;identitat) i indicar les vostres opcions per ordre de prefer\u00e8ncia:<\/p>\n<\/div>\n<div class=\"PwMt2d\" style=\"text-align: justify; padding-left: 30px;\"><span style=\"font-family: inherit; font-size: 1em;\">Indicant:<\/span><\/div>\n<div class=\"PwMt2d\" style=\"padding-left: 30px;\">\n<p>El centre: 08019654 Institut Mil\u00e0 i Fontanals.<br \/>\n<span style=\"font-family: inherit; font-size: 1em;\">I el Cicle Formatiu que voleu cursar, nivell i torn.<\/span><\/p>\n<\/div>\n<div class=\"PwMt2d\"><span style=\"color: #ff0000;\">\u00c9s molt important afegir m\u00e9s d&#8217;una opci\u00f3 per ordre de prioritat en l&#8217;apartat de peticions (segons la imatge), ja que si nom\u00e9s se&#8217;n posa una i no hi ha prou places, quedareu exclosos sense opci\u00f3 a fer cap cicle de Grau Mitj\u00e0.<\/span><\/div>\n<div><\/div>\n<div><a href=\"https:\/\/agora.xtec.cat\/iesmila\/wp-content\/uploads\/usu844\/2019\/05\/unnamed.png\"><img loading=\"lazy\" decoding=\"async\" class=\"alignnone size-large wp-image-2638\" src=\"https:\/\/agora.xtec.cat\/iesmila\/wp-content\/uploads\/usu844\/2019\/05\/unnamed-1024x149.png\" alt=\"\" width=\"1024\" height=\"149\" srcset=\"https:\/\/agora.xtec.cat\/iesmila\/wp-content\/uploads\/usu844\/2019\/05\/unnamed-1024x149.png 1024w, https:\/\/agora.xtec.cat\/iesmila\/wp-content\/uploads\/usu844\/2019\/05\/unnamed-300x44.png 300w, https:\/\/agora.xtec.cat\/iesmila\/wp-content\/uploads\/usu844\/2019\/05\/unnamed-768x112.png 768w, https:\/\/agora.xtec.cat\/iesmila\/wp-content\/uploads\/usu844\/2019\/05\/unnamed.png 1175w\" sizes=\"auto, (max-width: 1024px) 100vw, 1024px\" \/><\/a><\/div>\n<div><\/div>\n<p style=\"text-align: justify;\">Nom\u00e9s es pot presentar una sol\u00b7licitud de preinscripci\u00f3 per persona, per\u00f2 s&#8217;hi poden indicar peticions d&#8217;admissi\u00f3 en diversos centres, cicles i torns, sempre ordenats per ordre de prefer\u00e8ncia. La presentaci\u00f3 de m\u00e9s d&#8217;una sol\u00b7licitud per tipus d&#8217;ensenyament comporta la invalidaci\u00f3 dels drets de prioritat que puguin correspondre.<\/p>\n<p><strong><a class=\"dhtgD\" href=\"https:\/\/educacio.gencat.cat\/ca\/tramits\/tramits-temes\/identificador-alumne?moda=1\" target=\"_blank\" rel=\"noopener noreferrer\">Consulta l\u2019identificador de l\u2019alumne\/a (IDALU)<\/a><\/strong><\/p>\n<ul>\n<li id=\"h.p_SdfLyRDCu182\" class=\"zfr3Q\" style=\"text-align: justify;\">\n<h5><span style=\"text-decoration: underline;\"><strong><span style=\"color: #003300; text-decoration: underline;\">Sol\u00b7licitud de preinscripci\u00f3 electr\u00f2nica amb certificat digital (Recomanable i r\u00e0pida)<\/span><\/strong><\/span><\/h5>\n<\/li>\n<\/ul>\n<p id=\"h.p_ykai6FB7u2QW\" class=\"zfr3Q\" style=\"text-align: justify;\">La <strong>sol\u00b7licitud electr\u00f2nica amb certificat digital <\/strong>la podran fer aquells alumnes que posseeixen el n\u00famero d&#8217;identificaci\u00f3 de l&#8217;alumne <strong>IDALU\/RALC<\/strong> (el tenen tots els alumnes matriculats als centres educatius d&#8217;ensenyaments reglats no universitaris de Catalunya des del curs 2015-16). Per utilitzar el formulari cal la identificaci\u00f3 d\u2019un dels tutors (si l\u2019alumne\/a \u00e9s menor d\u2019edat) o de l\u2019alumne\/a, mitjan\u00e7ant una eina d&#8217;identificaci\u00f3 digital com el DNI electr\u00f2nic, la T-CAT, el sistema Cl@ve o <a href=\"https:\/\/web.gencat.cat\/ca\/atenem\/suport-tramitacio\/durant-la-tramitacio\/signar-i-identificar-digitalment\/idcat-mobil\/com-donar-alta-idcat-mobil\" target=\"_blank\" rel=\"noopener\">l&#8217;idCAT M\u00f2bil<\/a>.<\/p>\n<ul>\n<li id=\"h.p_NM7EA-1AG6Wx\" class=\"zfr3Q\" style=\"text-align: justify;\">\n<h5><span style=\"text-decoration: underline; color: #000000;\"><strong>Modificaci\u00f3 de la sol\u00b7licitud de preinscripci\u00f3 electr\u00f2nica amb certificat digital i\/o presentaci\u00f3 de documentaci\u00f3<\/strong><\/span><\/h5>\n<\/li>\n<\/ul>\n<\/div>\n<\/div>\n<div class=\"FW_sArticleFoto\">\n<div class=\"FW_sEditPro\">\n<ul>\n<li id=\"h.p_SdfLyRDCu182\" class=\"zfr3Q\" style=\"text-align: justify;\">\n<h5><span style=\"text-decoration: underline;\"><span style=\"color: #000000;\"><strong>Sol\u00b7licitud de preinscripci\u00f3 electr\u00f2nica SENSE certificat digital<\/strong><\/span><\/span><\/h5>\n<\/li>\n<\/ul>\n<p>La <strong>sol\u00b7licitud electr\u00f2nica SENSE certificat digital<\/strong> la faran tots aquells alumnes que no l&#8217;han pogut realitzar amb certificat digital.<\/p>\n<ul class=\"n8H08c UVNKR\" style=\"text-align: justify;\">\n<li id=\"h.p_Ue1pkPrw1CU3\" class=\"zfr3Q TYR86d\">Alumnes sense cap sistema d&#8217;identificaci\u00f3 electr\u00f2nica.<\/li>\n<li id=\"h.p_Wot09Djb1CqK\" class=\"zfr3Q TYR86d\">Alumnes de fora de Catalunya.<\/li>\n<li id=\"h.p_FHGyJbxa1CqM\" class=\"zfr3Q TYR86d\">Alumnes de Catalunya no escolaritzats a partir del curs 2015-2016.<\/li>\n<\/ul>\n<p><strong>Documentaci\u00f3 que s&#8217;ha d&#8217;adjuntar si escau: (documentaci\u00f3 marcada en negreta a la sol\u00b7licitud)<\/strong><\/p>\n<p><strong><span style=\"text-decoration: underline;\">Si l&#8217;alumne\/a \u00e9s major d&#8217;edat o compleix els 18 anys durant l&#8217;any en qu\u00e8 es presenta la sol\u00b7licitud.<\/span><\/strong><\/p>\n<ul style=\"list-style-type: square;\">\n<li>DNI, NIE, passaport o document d&#8217;identitat d&#8217;un pa\u00eds membre de la Uni\u00f3 Europea de l&#8217;alumne\/a, a l&#8217;efecte de validar-ne la identitat.<\/li>\n<\/ul>\n<p><strong><span style=\"text-decoration: underline;\">Si l&#8217;alumne\/a \u00e9s menor d&#8217;edat i no fa els 18 anys durant l&#8217;any en qu\u00e8 es presenta la sol\u00b7licitud:<\/span><\/strong><\/p>\n<ul style=\"list-style-type: square;\">\n<li>DNI, NIE, passaport o document d&#8217;identitat d&#8217;un pa\u00eds membre de la Uni\u00f3 Europea de la persona sol\u00b7licitant (pare, mare o tutor\/a legal), a l&#8217;efecte de validar-ne la identitat.<\/li>\n<li>Document d&#8217;identitat de l&#8217;alumne\/a si s&#8217;ha identificat amb el passaport o el document d&#8217;identitat d&#8217;un pa\u00eds membre de la Uni\u00f3 Europea. Si s&#8217;ha identificat amb el DNI o el NIE nom\u00e9s cal adjuntar-lo si no s&#8217;han pogut validar les dades per consulta interadministrativa i aix\u00ed ho indica el resguard de presentaci\u00f3 de la sol\u00b7licitud.<\/li>\n<li>Certificat electr\u00f2nic de la inscripci\u00f3 de naixement o llibre de fam\u00edlia o altres documents relatius a la filiaci\u00f3. Si est\u00e0 en situaci\u00f3 d&#8217;acolliment en fam\u00edlia o instituci\u00f3, la resoluci\u00f3 d&#8217;acolliment del Departament de Drets Socials.<\/li>\n<li>Certificat de la qualificaci\u00f3 mitjana al\u00b7legada dels estudis, el curs o el certificat de professionalitat que permeten l&#8217;acc\u00e9s a aquests cicles o de la qualificaci\u00f3 de la prova d&#8217;acc\u00e9s, <strong>nom\u00e9s en els casos que \u00e9s impossible recuperar les qualificacions del requisit d&#8217;acc\u00e9s al\u00b7legat.<\/strong><\/li>\n<\/ul>\n<p>En aquest cas cal adjuntar tots els documents demanats per ambdues cares.<\/p>\n<ul>\n<li>\n<h5><span style=\"text-decoration: underline; color: #000000;\"><strong>Modificaci\u00f3 de la sol\u00b7licitud de preinscripci\u00f3 electr\u00f2nica SENSE certificat digital i\/o presentaci\u00f3 de documentaci\u00f3<\/strong><\/span><\/h5>\n<p>&nbsp;<\/li>\n<\/ul>\n<\/div>\n<h3 class=\"PwMt2d\"><span style=\"text-decoration: underline; color: #000000;\"><strong>Consulta de resultats<\/strong><\/span><\/h3>\n<p id=\"h.p_bxlfsP7jVmvk\" class=\"zfr3Q\">\u00c9s molt important que comproveu b\u00e9 les dades i que TOT sigui correcte.<\/p>\n<p id=\"h.p_A7Cdx-RkQ2M3\" class=\"zfr3Q\">En les dates del calendari el centre publicar\u00e0 les llistes amb els resultats del proc\u00e9s de preinscripci\u00f3 al taulell d&#8217;anuncis i a la p\u00e0gina web.<\/p>\n<p id=\"h.p_fF--sJNbDI_N\" class=\"zfr3Q\">Aquestes llistes es poden consultar per internet; per fer-ho es necessita:<\/p>\n<ul class=\"n8H08c UVNKR\">\n<li id=\"h.p_d0DhjiDODI_V\" class=\"zfr3Q TYR86d\">El\u00a0<strong>codi<\/strong> de la sol\u00b7licitud que haureu rebut per correu electr\u00f2nic. Si no el rebeu, mireu el correu brossa. Si a la sol\u00b7licitud de preinscripci\u00f3 no s&#8217;ha indicat cap adre\u00e7a de correu, el codi de sol\u00b7licitud es pot consultar al centre demanat en primer lloc.<\/li>\n<li id=\"h.p_HIZ7fIZiDI_Z\" class=\"zfr3Q TYR86d\">El n\u00famero del\u00a0<strong>document d&#8217;identificaci\u00f3<\/strong>\u00a0personal (DNI, NIE o passaport) d&#8217;un dels tutors o de l&#8217;alumne (si \u00e9s major d&#8217;edat).<\/li>\n<\/ul>\n<div class=\"FW_sEditPro\">\n<h3><span style=\"text-decoration: underline; color: #000000;\"><strong>Matr\u00edcula<\/strong><\/span><\/h3>\n<p>L&#8217;alumnat que ha <a href=\"https:\/\/ctti.queue-it.net\/?c=ctti&amp;e=qpreinscripcioapexpr\" target=\"_blank\" rel=\"noopener\">confirmat la matr\u00edcula en l\u00ednia<\/a> sempre ha de completar la matr\u00edcula al centre assignat.<br \/>\nUn cop confirmada la matr\u00edcula en l\u00ednia, des del centre t&#8217;enviarem un correu electr\u00f2nic amb les instruccions per formalitzar la matr\u00edcula.<\/p>\n<p><strong>Documentaci\u00f3 que s&#8217;ha d&#8217;adjuntar:<\/strong><\/p>\n<ul style=\"list-style-type: disc;\">\n<li>DNI de l&#8217;alumne\/a per ambdues cares<\/li>\n<li>Targeta sanit\u00e0ria<\/li>\n<li>Requisit d&#8217;acc\u00e9s<\/li>\n<\/ul>\n<ul>\n<li style=\"list-style-type: none;\">\n<ul>\n<li style=\"list-style-type: none;\">\n<ul>\n<li><strong style=\"font-family: inherit; font-size: 1em;\">Del 10 al 14 de juliol de 2026, ambd\u00f3s inclosos: per\u00edode de confirmaci\u00f3 de matr\u00edcula en l\u00ednia per l&#8217;alumnat als quals se us ha assignat pla\u00e7a a la primera assignaci\u00f3.<br \/>\n<\/strong><strong style=\"font-family: inherit; font-size: 1em;\"><strong>Durant aquest per\u00edode pots:<\/strong><\/strong><\/p>\n<ul style=\"list-style-type: circle;\">\n<li>Confirmar la matr\u00edcula<\/li>\n<li>Indicar que vols millorar<\/li>\n<li>Renunciar<\/li>\n<\/ul>\n<\/li>\n<\/ul>\n<\/li>\n<\/ul>\n<\/li>\n<\/ul>\n<ul>\n<li style=\"list-style-type: none;\"><\/li>\n<\/ul>\n<div class=\"col icon-col\">\n<div class=\"icon\"><\/div>\n<\/div>\n<div class=\"col content-col\">\n<ul>\n<li style=\"list-style-type: none;\">\n<ul>\n<li style=\"list-style-type: none;\">\n<ul>\n<li><strong>Del 24 al 28 de juliol de 2026, ambd\u00f3s inclosos:<strong style=\"font-family: inherit; font-size: 1em;\"> per\u00edode de confirmaci\u00f3 de matr\u00edcula en l\u00ednia per l&#8217;alumnat als quals se us ha assignat pla\u00e7a a la segona assignaci\u00f3 o en la proposta d&#8217;assignaci\u00f3. Durant aquest per\u00edode pots:<\/strong><\/strong>\n<ul style=\"list-style-type: circle;\">\n<li>Confirmar la matr\u00edcula<\/li>\n<li>Renunciar<\/li>\n<\/ul>\n<\/li>\n<\/ul>\n<\/li>\n<\/ul>\n<\/li>\n<\/ul>\n<\/div>\n<div class=\"col icon-col\"><\/div>\n<div class=\"col content-col\">\n<div class=\"bloc-mobil\">\n<div class=\"descripcio link-dotted\">\n<p><strong style=\"color: #ff0000; text-decoration-line: underline; font-size: 1.4375em;\">Has de tenir en compte que si no fas la confirmaci\u00f3 de matr\u00edcula en l\u00ednia i no completes la matr\u00edcula al centre educatiu, perdr\u00e0s la pla\u00e7a assignada i quedar\u00e0s excl\u00f2s\/osa del proc\u00e9s.<\/strong><\/p>\n<\/div>\n<\/div>\n<\/div>\n<p><strong>La matr\u00edcula s&#8217;anul\u00b7la si abans d&#8217;iniciar el curs no presenten la documentaci\u00f3 pendent<\/strong><\/p>\n<h5><\/h5>\n<\/div>\n<\/div>\n<p><!--more--><\/p>\n<h3><a href=\"https:\/\/preinscripcio.gencat.cat\/ca\/estudis\/fp-grau-mitja\/inici\/\">\u00a0\u27a1 M\u00e9s informaci\u00f3<\/a><\/h3>\n<p>&nbsp;<\/p>\n","protected":false},"excerpt":{"rendered":"<p>Calendari de preinscripci\u00f3 i matr\u00edcula 2026-27<br \/>\nCICLES FORMATIUS DE GRAU MITJ\u00c0 (CFPM)<br \/>\nEl tr\u00e0mit s&#8217;ha de fer tot en internet, a trav\u00e9s del portal <a href=\"https:\/\/preinscripcio.gencat.cat\/ca\/inici\/index.html\" target=\"_blank\" rel=\"noopener\">preinscripcio.gencat.cat<\/a>.\u00a0 La documentaci\u00f3 que caldr\u00e0 adjuntar a la sol\u00b7licitud ser\u00e0 la que es requereixi a la fam\u00edlia en funci\u00f3 de&hellip;  <a href=\"https:\/\/agora.xtec.cat\/iesmila\/cicles-formatius-de-grau-mitja\/\" title=\"Read Cicles formatius de grau mitj\u00e0\">Llegeix m\u00e9s\u00bb<\/a><\/p>\n","protected":false},"author":1,"featured_media":0,"parent":0,"menu_order":30,"comment_status":"closed","ping_status":"closed","template":"page-templates\/side-menu.php","meta":{"_bbp_topic_count":0,"_bbp_reply_count":0,"_bbp_total_topic_count":0,"_bbp_total_reply_count":0,"_bbp_voice_count":0,"_bbp_anonymous_reply_count":0,"_bbp_topic_count_hidden":0,"_bbp_reply_count_hidden":0,"_bbp_forum_subforum_count":0,"footnotes":""},"class_list":["post-2604","page","type-page","status-publish","hentry"],"post_mailing_queue_ids":[],"_links":{"self":[{"href":"https:\/\/agora.xtec.cat\/iesmila\/wp-json\/wp\/v2\/pages\/2604","targetHints":{"allow":["GET"]}}],"collection":[{"href":"https:\/\/agora.xtec.cat\/iesmila\/wp-json\/wp\/v2\/pages"}],"about":[{"href":"https:\/\/agora.xtec.cat\/iesmila\/wp-json\/wp\/v2\/types\/page"}],"author":[{"embeddable":true,"href":"https:\/\/agora.xtec.cat\/iesmila\/wp-json\/wp\/v2\/users\/1"}],"replies":[{"embeddable":true,"href":"https:\/\/agora.xtec.cat\/iesmila\/wp-json\/wp\/v2\/comments?post=2604"}],"version-history":[{"count":6,"href":"https:\/\/agora.xtec.cat\/iesmila\/wp-json\/wp\/v2\/pages\/2604\/revisions"}],"predecessor-version":[{"id":8478,"href":"https:\/\/agora.xtec.cat\/iesmila\/wp-json\/wp\/v2\/pages\/2604\/revisions\/8478"}],"wp:attachment":[{"href":"https:\/\/agora.xtec.cat\/iesmila\/wp-json\/wp\/v2\/media?parent=2604"}],"curies":[{"name":"wp","href":"https:\/\/api.w.org\/{rel}","templated":true}]}}