{"id":2594,"date":"2019-05-03T20:43:24","date_gmt":"2019-05-03T18:43:24","guid":{"rendered":"http:\/\/agora.xtec.cat\/iesmila\/?page_id=2594"},"modified":"2026-04-09T13:08:49","modified_gmt":"2026-04-09T11:08:49","slug":"preinscripcio-i-matricula","status":"publish","type":"page","link":"https:\/\/agora.xtec.cat\/iesmila\/secretaria\/preinscripcio-i-matricula\/","title":{"rendered":"Preinscripci\u00f3 i matr\u00edcula 2026-2027"},"content":{"rendered":"<p style=\"text-align: justify;\">La preinscripci\u00f3 \u00e9s telem\u00e0tica, i el tr\u00e0mit s&#8217;ha de fer tot online, a trav\u00e9s del portal <a href=\"https:\/\/preinscripcio.gencat.cat\/ca\/inici\/index.html\" target=\"_blank\" rel=\"noopener noreferrer\">preinscripcio.gencat.cat<\/a>. S\u2019elimina la necessitat de presentar la sol\u00b7licitud i la documentaci\u00f3 en paper al centre, i queda substitu\u00efda per utilitzar el formulari telem\u00e0tic i enviar la documentaci\u00f3 necess\u00e0ria -escanejada o fotografiada- mitjan\u00e7ant la mateixa web.<\/p>\n<p>Des del centre es resoldran dubtes, NO es faran preinscripcions.<\/p>\n<table style=\"border-style: hidden;\" cellspacing=\"0\" cellpadding=\"0\">\n<tbody>\n<tr>\n<td><a href=\"https:\/\/agora.xtec.cat\/iesmila\/cicles-formatius-de-grau-mitja\/\" target=\"_blank\" rel=\"noopener\"><img loading=\"lazy\" decoding=\"async\" class=\"alignleft wp-image-5825\" style=\"border: none; color: #2795b6;\" src=\"https:\/\/agora.xtec.cat\/iesmila\/wp-content\/uploads\/usu844\/2023\/03\/logo-gm.jpg\" alt=\"\" width=\"174\" height=\"171\" \/><\/a><\/td>\n<td><a href=\"https:\/\/agora.xtec.cat\/iesmila\/cicles-formatius-de-grau-superior\/\" target=\"_blank\" rel=\"noopener\"><img loading=\"lazy\" decoding=\"async\" class=\"alignleft wp-image-5826\" style=\"border: none; color: #2795b6; font-size: 16px; text-align: justify;\" src=\"https:\/\/agora.xtec.cat\/iesmila\/wp-content\/uploads\/usu844\/2023\/03\/logo-gs.jpg\" alt=\"\" width=\"173\" height=\"171\" \/><\/a><\/td>\n<td><a href=\"https:\/\/agora.xtec.cat\/iesmila\/itinerari-formatiu-especific-ife\/\" target=\"_blank\" rel=\"noopener\"><img loading=\"lazy\" decoding=\"async\" class=\"alignleft wp-image-5827\" src=\"https:\/\/agora.xtec.cat\/iesmila\/wp-content\/uploads\/usu844\/2023\/03\/ife.jpg\" alt=\"\" width=\"171\" height=\"172\" srcset=\"https:\/\/agora.xtec.cat\/iesmila\/wp-content\/uploads\/usu844\/2023\/03\/ife.jpg 245w, https:\/\/agora.xtec.cat\/iesmila\/wp-content\/uploads\/usu844\/2023\/03\/ife-150x150.jpg 150w\" sizes=\"auto, (max-width: 171px) 100vw, 171px\" \/><\/a><\/td>\n<td><a href=\"https:\/\/agora.xtec.cat\/iesmila\/programes-de-formacio-i-insercio-pfi-ptt\/\" target=\"_blank\" rel=\"noopener\"><img loading=\"lazy\" decoding=\"async\" class=\"alignleft wp-image-5829\" style=\"background-color: #ffffff; border: none; color: #2795b6; font-size: 16px; text-align: justify;\" src=\"https:\/\/agora.xtec.cat\/iesmila\/wp-content\/uploads\/usu844\/2023\/03\/pfi.jpg\" alt=\"\" width=\"171\" height=\"171\" srcset=\"https:\/\/agora.xtec.cat\/iesmila\/wp-content\/uploads\/usu844\/2023\/03\/pfi.jpg 245w, https:\/\/agora.xtec.cat\/iesmila\/wp-content\/uploads\/usu844\/2023\/03\/pfi-150x150.jpg 150w\" sizes=\"auto, (max-width: 171px) 100vw, 171px\" \/><\/a><\/td>\n<\/tr>\n<\/tbody>\n<\/table>\n<h5><strong>P<\/strong><strong>REUS 2025-2026 (Pendent d&#8217;actualitzar preus 2026-2027)<\/strong><\/h5>\n<p><strong>Tots els cicles de grau mitj\u00e0:<\/strong><br \/>\nQuota de materials: 100,00\u202f\u20ac (inclou l&#8217;asseguran\u00e7a escolar)<\/p>\n<p><strong>Tots els cicles de grau superior:<\/strong><br \/>\nCurs complet (preus p\u00fablics): 360,00 \u20ac<br \/>\nQuota de materials: 100,00 \u20ac (inclou l&#8217;asseguran\u00e7a escolar)<\/p>\n<p><strong>Itinerari Formatiu Espec\u00edfic (IFE):<br \/>\n<\/strong>Quota de materials: 100,00\u202f\u20ac (inclou l&#8217;asseguran\u00e7a escolar)<br \/>\nSortides curriculars: 55,00\u20ac per curs.<\/p>\n<table style=\"width: 88.8839%; height: 1207px;\">\n<tbody>\n<tr style=\"height: 10px;\">\n<td style=\"height: 10px; width: 32.7703%;\" width=\"192\"><strong>FAM\u00cdLIA<\/strong><\/td>\n<td style=\"height: 10px; width: 32.7703%;\" width=\"192\"><strong>CICLE<\/strong><\/td>\n<td style=\"height: 10px; width: 37.8378%;\" width=\"192\"><strong>IMPORT<\/strong><\/td>\n<\/tr>\n<tr style=\"height: 119px;\">\n<td style=\"height: 116px; width: 32.7703%;\" rowspan=\"2\" width=\"192\">&nbsp;<\/p>\n<p style=\"text-align: left;\">ACTIVITATS F\u00cdSIQUES I ESPORTIVES<\/p>\n<p>&nbsp;<\/td>\n<td style=\"height: 88px; width: 32.7703%;\" width=\"192\">CFGM AE10 Guia en el medi natural i temps de lleure<\/td>\n<td style=\"height: 88px; width: 37.8378%;\" width=\"192\">Materials i sortides curriculars:<\/p>\n<p>1.400,00\u202f\u20ac per curs<\/td>\n<\/tr>\n<tr style=\"height: 79px;\">\n<td style=\"height: 28px; width: 32.7703%;\" width=\"192\">CFGS AEA0 Ensenyament i animaci\u00f3 socioesportiva<\/td>\n<td style=\"height: 28px; width: 37.8378%;\" width=\"192\">Materials i sortides curriculars:<\/p>\n<p>800,00\u202f\u20ac per curs<\/td>\n<\/tr>\n<tr style=\"height: 119px;\">\n<td style=\"height: 208px; width: 32.7703%;\" rowspan=\"3\" width=\"192\"><span style=\"font-family: inherit; font-size: 1em;\">ADMINISTRACI\u00d3 I GESTI\u00d3<\/span><\/p>\n<p>&nbsp;<\/td>\n<td style=\"height: 115px; width: 32.7703%;\" width=\"192\">CFGM AG10 Gesti\u00f3 administrativa<\/td>\n<td style=\"height: 115px; width: 37.8378%;\" width=\"192\">Ordinador port\u00e0til amb Office<\/p>\n<p>Sortides 1r curs: 25,00\u20ac<br \/>\nSortides 2n curs: 50,00\u20ac<\/td>\n<\/tr>\n<tr style=\"height: 79px;\">\n<td style=\"height: 51px; width: 32.7703%;\" width=\"192\">CFGM AG12 Gesti\u00f3 administrativa, \u00e0mbit sanitari<\/td>\n<td style=\"height: 51px; width: 37.8378%;\" width=\"192\">Ordinador port\u00e0til amb Office<\/p>\n<p>Sortides 1r curs: 25,00\u20ac<br \/>\nSortides 2n curs: 50,00\u20ac<\/td>\n<\/tr>\n<tr style=\"height: 79px;\">\n<td style=\"height: 42px; width: 32.7703%;\" width=\"192\">CFGS AGB0 Administraci\u00f3 i Finances<\/td>\n<td style=\"height: 42px; width: 37.8378%;\" width=\"192\">Ordinador port\u00e0til amb Office<\/p>\n<p>Sortides 1r\u00a0 curs: 30,00\u20ac<br \/>\nSortides 2n curs: 30,00\u20ac<\/p>\n<p>2n curs Llic\u00e8ncia empresa simulada SEFED: 70,00\u202f\u20ac<\/td>\n<\/tr>\n<tr style=\"height: 97px;\">\n<td style=\"height: 143px; width: 32.7703%;\" rowspan=\"2\" width=\"192\">COMER\u00c7 I M\u00c0RQUETING<\/td>\n<td style=\"height: 63px; width: 32.7703%;\" width=\"192\">CFGM CM10 Activitats comercials<\/td>\n<td style=\"height: 63px; width: 37.8378%;\" width=\"192\">Ordinador port\u00e0til i calculadora<\/p>\n<p>Sortides 1r curs: 30,00\u20ac<br \/>\nSortides 2n curs: 30,00\u20ac<\/td>\n<\/tr>\n<tr style=\"height: 102px;\">\n<td style=\"width: 32.7703%; height: 80px;\">CFGS CMB0 Comer\u00e7 internacional<\/td>\n<td style=\"width: 37.8378%; height: 80px;\">Ordinador port\u00e0til amb Office<\/p>\n<p>Sortides 1r curs: 50,00\u20ac<br \/>\nSortides 2n curs: 50,00\u20ac<\/p>\n<p>2n curs Llic\u00e8ncia empresa simulada SEFED: 70,00\u202f\u20ac<\/td>\n<\/tr>\n<tr style=\"height: 33px;\">\n<td style=\"width: 32.7703%; height: 99px;\" rowspan=\"3\">ELECTRICITAT I ELECTR\u00d2NICA<\/td>\n<td style=\"width: 32.7703%; height: 33px;\">CFGM EE10 Instal\u00b7lacions el\u00e8ctriques i autom\u00e0tiques<\/td>\n<td style=\"width: 37.8378%; height: 33px;\">Comprovar requisits de material <a href=\"https:\/\/agora.xtec.cat\/iesmila\/categoria\/cfgm\/ee10\/\">aqu\u00ed<\/a>.<\/td>\n<\/tr>\n<tr style=\"height: 33px;\">\n<td style=\"width: 32.7703%; height: 33px;\">CFGM EE30 Instal\u00b7lacions de telecomunicacions<\/td>\n<td style=\"width: 37.8378%; height: 33px;\">Comprovar requisits de material <a href=\"https:\/\/agora.xtec.cat\/iesmila\/categoria\/cfgm\/ee30\/\">aqu\u00ed<\/a>.<\/td>\n<\/tr>\n<tr style=\"height: 33px;\">\n<td style=\"width: 32.7703%; height: 33px;\">CFGS EEB0 Automatitzaci\u00f3 i rob\u00f2tica industrial<\/td>\n<td style=\"width: 37.8378%; height: 33px;\">Comprovar requisits de material <a href=\"https:\/\/agora.xtec.cat\/iesmila\/categoria\/cfgs\/eeb0\/\">aqu\u00ed<\/a>.<\/td>\n<\/tr>\n<tr style=\"height: 33px;\">\n<td style=\"width: 32.7703%; height: 33px;\">IMATGE I SO<\/td>\n<td style=\"width: 32.7703%; height: 33px;\">CFGM IS10 V\u00eddeo, discj\u00f2quei i so<\/td>\n<td style=\"width: 37.8378%; height: 33px;\"><\/td>\n<\/tr>\n<tr style=\"height: 33px;\">\n<td style=\"width: 32.7703%; height: 99px;\" rowspan=\"3\">INFORM\u00c0TICA I COMUNICACIONS<\/td>\n<td style=\"width: 32.7703%; height: 33px;\">CFGM IC10 Sistemes microinform\u00e0tics i xarxes<\/td>\n<td style=\"width: 37.8378%; height: 33px;\">Comprovar requisits de material <a href=\"https:\/\/agora.xtec.cat\/iesmila\/categoria\/cfgm\/ic10\/\">aqu\u00ed<\/a>.<\/p>\n<p>Sortides 2n curs: 20,00\u20ac<\/td>\n<\/tr>\n<tr style=\"height: 33px;\">\n<td style=\"width: 32.7703%; height: 33px;\">CFGS ICB0 Desenvolupament d&#8217;aplicacions multiplataforma<\/td>\n<td style=\"width: 37.8378%; height: 33px;\">Comprovar requisits de material <a href=\"https:\/\/agora.xtec.cat\/iesmila\/categoria\/cfgs\/icb0\/\">aqu\u00ed<\/a>.<\/td>\n<\/tr>\n<tr style=\"height: 33px;\">\n<td style=\"width: 32.7703%; height: 33px;\">CFGS ICC0 Desenvolupament d&#8217;aplicacions web<\/td>\n<td style=\"width: 37.8378%; height: 33px;\">Comprovar requisits de material <a href=\"https:\/\/agora.xtec.cat\/iesmila\/categoria\/cfgs\/icc0\/\">aqu\u00ed<\/a>.<\/td>\n<\/tr>\n<tr style=\"height: 33px;\">\n<td style=\"width: 32.7703%; height: 99px;\" rowspan=\"3\">INSTAL\u00b7LACI\u00d3 I MANTENIMENT<\/td>\n<td style=\"width: 32.7703%; height: 33px;\">CFGM IM10 Manteniment electromec\u00e0nic<\/td>\n<td style=\"width: 37.8378%; height: 33px;\">Comprovar requisits de material <a href=\"https:\/\/agora.xtec.cat\/iesmila\/categoria\/cfgm\/im10\/\">aqu\u00ed<\/a>.<\/td>\n<\/tr>\n<tr style=\"height: 33px;\">\n<td style=\"width: 32.7703%; height: 33px;\">CFGM IM20 Instal\u00b7lacions de producci\u00f3 de calor<\/td>\n<td style=\"width: 37.8378%; height: 33px;\">Comprovar requisits de material <a href=\"https:\/\/agora.xtec.cat\/iesmila\/categoria\/cfgm\/im20\/\">aqu\u00ed<\/a>.<\/td>\n<\/tr>\n<tr style=\"height: 33px;\">\n<td style=\"width: 32.7703%; height: 33px;\">CFGS IMC0 Mecatr\u00f2nica industrial<\/td>\n<td style=\"width: 37.8378%; height: 33px;\">Comprovar requisits de material <a href=\"https:\/\/agora.xtec.cat\/iesmila\/categoria\/cfgs\/imc0\/\">aqu\u00ed<\/a>.<\/td>\n<\/tr>\n<tr style=\"height: 33px;\">\n<td style=\"width: 32.7703%; height: 66px;\" rowspan=\"2\">QU\u00cdMICA<\/td>\n<td style=\"width: 32.7703%; height: 33px;\">CFGM QU20 Operacions de laboratori<\/td>\n<td style=\"width: 37.8378%; height: 33px;\"><span style=\"font-family: inherit; font-size: 1em;\">Comprovar requisits de material <a href=\"https:\/\/agora.xtec.cat\/iesmila\/categoria\/cfgm\/qu200\/\">aqu\u00ed<\/a>.<\/span><\/p>\n<p>Material 1r curs: 66,00\u20ac<\/p>\n<p><span style=\"font-family: inherit; font-size: 1em;\">Sortides 1r curs: 19,00\u20ac<br \/>\n<\/span>Sortides 2n curs: 25,00\u20ac<\/td>\n<\/tr>\n<tr style=\"height: 33px;\">\n<td style=\"width: 32.7703%; height: 33px;\">CFGS QUD0 Laboratori d&#8217;an\u00e0lisi i control de qualitat<\/td>\n<td style=\"width: 37.8378%; height: 33px;\"><span style=\"font-family: inherit; font-size: 1em;\">Comprovar requisits de material <a href=\"https:\/\/agora.xtec.cat\/iesmila\/categoria\/cfgs\/qud00\/\">aqu\u00ed<\/a>.<\/span><\/p>\n<p>Material 1r curs: 33,00\u20ac<\/p>\n<p><span style=\"font-family: inherit; font-size: 1em;\">Sortides 1r curs: 22,00\u20ac<br \/>\n<\/span>Sortides 2n curs: 45,00\u20ac<\/td>\n<\/tr>\n<tr style=\"height: 33px;\">\n<td style=\"width: 32.7703%; height: 99px;\" rowspan=\"3\">SERVEIS SOCIOCULTURALS I A LA COMUNITAT<\/td>\n<td style=\"width: 32.7703%; height: 33px;\">CFGM SC10 Atenci\u00f3 a persones en situaci\u00f3 de depend\u00e8ncia<\/td>\n<td style=\"width: 37.8378%; height: 33px;\">1r Curs:<\/p>\n<p>Casaca: 15,00\u20ac (Retorn 12,00\u20ac).<\/p>\n<p>Sortida Resid\u00e8ncia Apinas de Prats de Rei: 10,00\u20ac<\/td>\n<\/tr>\n<tr style=\"height: 33px;\">\n<td style=\"width: 32.7703%; height: 33px;\">CFGS SCB0 Educaci\u00f3 infantil<\/td>\n<td style=\"width: 37.8378%; height: 33px;\">Ordinador port\u00e0til o tauleta<\/p>\n<p>Bata<\/td>\n<\/tr>\n<tr style=\"height: 33px;\">\n<td style=\"width: 32.7703%; height: 33px;\">CFGS SCC0 Integraci\u00f3 social<\/td>\n<td style=\"width: 37.8378%; height: 33px;\">Ordinador port\u00e0til o tauleta<\/td>\n<\/tr>\n<tr style=\"height: 102px;\">\n<td style=\"height: 36px; width: 32.7703%;\" width=\"192\">T\u00c8XTIL CONFECCI\u00d3 I PELL<\/td>\n<td style=\"height: 36px; width: 32.7703%;\" width=\"192\">CFGM TX11 Fabricaci\u00f3 i ennobliment de productes t\u00e8xtils<\/td>\n<td style=\"height: 36px; width: 37.8378%;\" width=\"192\">Sortides curriculars:<\/p>\n<p>35,00\u202f\u20ac per curs<\/td>\n<\/tr>\n<tr style=\"height: 244px;\">\n<td style=\"height: 199px; width: 32.7703%;\" rowspan=\"3\" width=\"192\">TRANSPORT I MANTENIMENT DE VEHICLES<\/td>\n<td style=\"height: 119px; width: 32.7703%;\" width=\"192\">CFGM TM10 Electromec\u00e0nica de vehicles<\/td>\n<td style=\"height: 119px; width: 37.8378%;\" width=\"192\">Materials, roba i equips de protecci\u00f3:<\/p>\n<p>1r curs 225,00\u202f\u20ac<br \/>\n2n curs 230,00\u202f\u20ac<\/p>\n<p>2n curs Llic\u00e8ncia Electude: 70,00\u202f\u20ac<\/td>\n<\/tr>\n<tr style=\"height: 97px;\">\n<td style=\"height: 70px; width: 32.7703%;\" width=\"192\">CFGM TM20 Carrosseria<\/td>\n<td style=\"height: 70px; width: 37.8378%;\" width=\"192\">Materials, roba i equips de protecci\u00f3:<\/p>\n<p>1r curs 295,00\u202f\u20ac<br \/>\n2n curs 285,00\u202f\u20ac<\/td>\n<\/tr>\n<tr style=\"height: 244px;\">\n<td style=\"height: 10px; width: 32.7703%;\" width=\"192\">CFGS TMA0 Automoci\u00f3<\/p>\n<p>&nbsp;<\/td>\n<td style=\"height: 10px; width: 37.8378%;\" width=\"192\">Materials, roba i equips de protecci\u00f3:<\/p>\n<p>1r curs 280,00\u202f\u20ac<br \/>\n2n curs 235,00\u202f\u20ac<\/td>\n<\/tr>\n<\/tbody>\n<\/table>\n<p><span style=\"text-decoration: underline;\">A m\u00e9s, per a cada cicle formatiu, hi ha uns requisits de materials, eines espec\u00edfiques o d&#8217;equipament inform\u00e0tic, el qual es pot consultar en l&#8217;apartat d&#8217;oferta educativa destinat a cadascun d&#8217;ells.<\/span><\/p>\n","protected":false},"excerpt":{"rendered":"<p>La preinscripci\u00f3 \u00e9s telem\u00e0tica, i el tr\u00e0mit s&#8217;ha de fer tot online, a trav\u00e9s del portal <a href=\"https:\/\/preinscripcio.gencat.cat\/ca\/inici\/index.html\" target=\"_blank\" rel=\"noopener noreferrer\">preinscripcio.gencat.cat<\/a>. S\u2019elimina la necessitat de presentar la sol\u00b7licitud i la documentaci\u00f3 en paper al centre, i queda substitu\u00efda per utilitzar el formulari telem\u00e0tic i enviar&hellip;  <a href=\"https:\/\/agora.xtec.cat\/iesmila\/secretaria\/preinscripcio-i-matricula\/\" title=\"Read Preinscripci\u00f3 i matr\u00edcula 2026-2027\">Llegeix m\u00e9s\u00bb<\/a><\/p>\n","protected":false},"author":1,"featured_media":0,"parent":81,"menu_order":2,"comment_status":"closed","ping_status":"closed","template":"page-templates\/side-menu.php","meta":{"_bbp_topic_count":0,"_bbp_reply_count":0,"_bbp_total_topic_count":0,"_bbp_total_reply_count":0,"_bbp_voice_count":0,"_bbp_anonymous_reply_count":0,"_bbp_topic_count_hidden":0,"_bbp_reply_count_hidden":0,"_bbp_forum_subforum_count":0,"footnotes":""},"class_list":["post-2594","page","type-page","status-publish","hentry"],"post_mailing_queue_ids":[],"_links":{"self":[{"href":"https:\/\/agora.xtec.cat\/iesmila\/wp-json\/wp\/v2\/pages\/2594","targetHints":{"allow":["GET"]}}],"collection":[{"href":"https:\/\/agora.xtec.cat\/iesmila\/wp-json\/wp\/v2\/pages"}],"about":[{"href":"https:\/\/agora.xtec.cat\/iesmila\/wp-json\/wp\/v2\/types\/page"}],"author":[{"embeddable":true,"href":"https:\/\/agora.xtec.cat\/iesmila\/wp-json\/wp\/v2\/users\/1"}],"replies":[{"embeddable":true,"href":"https:\/\/agora.xtec.cat\/iesmila\/wp-json\/wp\/v2\/comments?post=2594"}],"version-history":[{"count":7,"href":"https:\/\/agora.xtec.cat\/iesmila\/wp-json\/wp\/v2\/pages\/2594\/revisions"}],"predecessor-version":[{"id":8460,"href":"https:\/\/agora.xtec.cat\/iesmila\/wp-json\/wp\/v2\/pages\/2594\/revisions\/8460"}],"up":[{"embeddable":true,"href":"https:\/\/agora.xtec.cat\/iesmila\/wp-json\/wp\/v2\/pages\/81"}],"wp:attachment":[{"href":"https:\/\/agora.xtec.cat\/iesmila\/wp-json\/wp\/v2\/media?parent=2594"}],"curies":[{"name":"wp","href":"https:\/\/api.w.org\/{rel}","templated":true}]}}