{"id":1765,"date":"2018-02-09T11:15:13","date_gmt":"2018-02-09T10:15:13","guid":{"rendered":"http:\/\/agora.xtec.cat\/iesmila\/?page_id=1765"},"modified":"2026-02-06T08:58:49","modified_gmt":"2026-02-06T07:58:49","slug":"tramits-i-documentacio","status":"publish","type":"page","link":"https:\/\/agora.xtec.cat\/iesmila\/secretaria\/tramits-i-documentacio\/","title":{"rendered":"Tr\u00e0mits i documentaci\u00f3"},"content":{"rendered":"<p><strong>Document per fer una petici\u00f3 al centre:<\/strong><\/p>\n<ul>\n<li><a href=\"https:\/\/agora.xtec.cat\/iesmila\/wp-content\/uploads\/usu844\/2025\/04\/01.Instancia_v2.pdf\" target=\"_blank\" rel=\"noopener\">Inst\u00e0ncia\u00a0<\/a><\/li>\n<\/ul>\n<p><strong>Document per poder donar-se de baixa del centre:<\/strong><\/p>\n<ul>\n<li><a href=\"https:\/\/agora.xtec.cat\/iesmila\/wp-content\/uploads\/usu844\/2025\/04\/02.Sollicitud-de-baixa-academica-per-als-alumnes-majors-dedat_v2.pdf\" target=\"_blank\" rel=\"noopener\">Sol\u00b7licitud de baixa acad\u00e8mica per als alumnes majors d&#8217;edat<\/a><\/li>\n<li><a href=\"https:\/\/agora.xtec.cat\/iesmila\/wp-content\/uploads\/usu844\/2025\/04\/03.Sollicitud-de-baixa-academica-per-als-alumnes-menors-dedat_v2.pdf\">Sol\u00b7licitud de baixa acad\u00e8mica per als alumnes menors d&#8217;edat<\/a><\/li>\n<\/ul>\n<p><strong>T\u00edtols:<\/strong><\/p>\n<p><a href=\"https:\/\/agora.xtec.cat\/iesmila\/wp-content\/uploads\/usu844\/2026\/02\/Acces-al-tramit-per-la-sollicitud-de-titols-1.pdf\" target=\"_blank\" rel=\"noopener\">Informaci\u00f3 per accedir a la tramitaci\u00f3 de t\u00edtols acad\u00e8mics i professionals no universitaris<\/a><\/p>\n<p><strong>Recorda<\/strong>: <span style=\"text-decoration: underline;\">Llegir molt b\u00e9 les instruccions. Un cop envi\u00efs la sol\u00b7licitud del t\u00edtol, avisar al centre per correu electr\u00f2nic i adjuntar el DNI per davant i darrere, iesmila@xtec.cat<\/span><\/p>\n<h6><\/h6>\n<h6><span style=\"color: #000000;\"><strong>*Si vas finalitzar el teu ensenyament abans del curs 2016-2017, contacta amb secretaria iesmila@xtec.cat i t&#8217;enviarem les instruccions per sol\u00b7licitar el t\u00edtol o duplicat de t\u00edtol.<\/strong><\/span><\/h6>\n<p>&nbsp;<\/p>\n<p><strong>Document per poder demanar convalidacions:<\/strong><\/p>\n<ul>\n<li><a href=\"https:\/\/agora.xtec.cat\/iesmila\/wp-content\/uploads\/usu844\/2025\/04\/07.Sollicitud-convalidacions_v2.pdf\" target=\"_blank\" rel=\"noopener\">Sol\u00b7licitud convalidacions<\/a><\/li>\n<\/ul>\n<p style=\"text-align: justify;\">Documentaci\u00f3 necess\u00e0ria per poder sol\u00b7licitar les convalidacions:<\/p>\n<ul>\n<li style=\"list-style-type: none;\">\n<ul>\n<li style=\"text-align: justify;\">Certificaci\u00f3 de matr\u00edcula dels estudis de formaci\u00f3 professional que estic cursant.<\/li>\n<li>DNI del sol\u00b7licitant<\/li>\n<li style=\"text-align: justify;\">Certificaci\u00f3 dels estudis realitzats (original i fotoc\u00f2pia compulsada), expedida pel centre oficial, on constin els estudis cursats i cada un dels cr\u00e8dits professionals, convocat\u00f2ria en la qual han estat superats i qualificaci\u00f3 obtinguda.<\/li>\n<li style=\"text-align: justify;\">Fotoc\u00f2pia compulsada del t\u00edtol o llibre de qualificacions de formaci\u00f3 professional.<\/li>\n<\/ul>\n<\/li>\n<\/ul>\n<p><strong>Document per poder demanar el reconeixement d&#8217;equival\u00e8ncia. (Nivell B i C de catal\u00e0):<\/strong><\/p>\n<p style=\"text-align: justify;\">Per demanar el reconeixement de l\u2019equival\u00e8ncia entre els estudis cursats i el certificat de nivell B2 i\/o nivell C1 de la Direcci\u00f3 General de Pol\u00edtica Ling\u00fc\u00edstica. Per saber si teniu dret a l&#8217;obtenci\u00f3 del reconeixement, <strong>consulteu la normativa vigent sobre titulacions equivalents als certificats de coneixement de catal\u00e0<\/strong>. Com a requisit general, per\u00f2, cal haver comen\u00e7at l\u2019educaci\u00f3 prim\u00e0ria a partir de l\u2019any 1978-1979.<\/p>\n<ul>\n<li><a href=\"https:\/\/agora.xtec.cat\/iesmila\/wp-content\/uploads\/usu844\/2025\/04\/08.Sollicitud-reconeixement-equivalencia-catala_v2.pdf\" target=\"_blank\" rel=\"noopener\">Sol\u00b7licitud de reconeixement d&#8217;equival\u00e8ncia<\/a><\/li>\n<\/ul>\n<p><strong>Nivell B2<\/strong><\/p>\n<table style=\"height: 274px;\" width=\"965\">\n<tbody>\n<tr style=\"height: 150px;\">\n<td style=\"width: 318.467px; text-align: center; height: 150px;\">\n<h4>Si tens&#8230;<\/h4>\n<\/td>\n<td style=\"width: 318.467px; text-align: center; height: 150px;\">\n<h4>Cal haver estudiat:<\/h4>\n<\/td>\n<td style=\"width: 318.467px; text-align: center; height: 150px;\">\n<h4>Documentaci\u00f3 necess\u00e0ria que cal aportar:<\/h4>\n<\/td>\n<\/tr>\n<tr style=\"height: 56px;\">\n<td style=\"width: 318.467px; height: 56px;\">T\u00edtol graduat escolar (EGB)<\/td>\n<td style=\"width: 318.467px; height: 56px; text-align: justify;\">Haver cursat tota l\u2019EGB a Catalunya i s\u2019hagi cursat la mat\u00e8ria de llengua catalana en la totalitat dels estudis esmentats a partir del curs 1978-1979.<\/td>\n<td style=\"width: 318.467px; height: 56px;\">\n<p align=\"JUSTIFY\">Original i fotoc\u00f2pia de:<\/p>\n<ul>\n<li>DNI<\/li>\n<li>Llibre\/certificat d&#8217;EGB<\/li>\n<li>T\u00edtol d&#8217;EGB<\/li>\n<\/ul>\n<\/td>\n<\/tr>\n<tr style=\"height: 56px;\">\n<td style=\"width: 318.467px; height: 56px;\">T\u00edtol FP1<\/td>\n<td style=\"width: 318.467px; height: 56px; text-align: justify;\">Haver cursat tota l\u2019EGB i l\u2019FP1 a Catalunya i s\u2019hagi cursat la mat\u00e8ria de llengua catalana en la totalitat dels estudis esmentats a partir del curs 1978-1979 (curs d&#8217;inici d&#8217;EGB).<\/td>\n<td style=\"width: 318.467px; height: 56px;\">\n<p align=\"JUSTIFY\">Original i fotoc\u00f2pia de:<\/p>\n<ul>\n<li>DNI<\/li>\n<li>Llibre\/certificat d&#8217;EGB<\/li>\n<li>Certificat d&#8217;FP1<\/li>\n<li>T\u00edtol d&#8217;FP1<\/li>\n<\/ul>\n<\/td>\n<\/tr>\n<\/tbody>\n<\/table>\n<p><strong>Nivell C1<\/strong><\/p>\n<table style=\"height: 200px;\" width=\"962\">\n<tbody>\n<tr>\n<td style=\"width: 317.467px;\">\n<h4>Si tens&#8230;<\/h4>\n<\/td>\n<td style=\"width: 317.467px;\">\n<h4>Cal haver estudiat:<\/h4>\n<\/td>\n<td style=\"width: 317.467px;\">\n<h4>Documentaci\u00f3 necess\u00e0ria que cal aportar:<\/h4>\n<\/td>\n<\/tr>\n<tr>\n<td style=\"width: 317.467px;\">&nbsp;<\/p>\n<p>T\u00edtol BUP<\/td>\n<td style=\"width: 317.467px; text-align: justify;\">Haver cursat tota l\u2019EGB i BUP a Catalunya i s\u2019hagi cursat de manera oficial la mat\u00e8ria de llengua catalana en la totalitat dels estudis esmentats a partir del curs 1978-1979 (curs d&#8217;inici d&#8217;EGB).<\/td>\n<td style=\"width: 317.467px;\">\n<p align=\"JUSTIFY\">Original i fotoc\u00f2pia de:<\/p>\n<ul>\n<li>DNI<\/li>\n<li>Llibre\/certificat d&#8217;EGB<\/li>\n<li>Llibre\/certificat de BUP<\/li>\n<li>T\u00edtol de BUP<\/li>\n<\/ul>\n<\/td>\n<\/tr>\n<tr>\n<td style=\"width: 317.467px;\">&nbsp;<\/p>\n<p>T\u00edtol FP2<\/td>\n<td style=\"width: 317.467px; text-align: justify;\">Haver cursat tota l\u2019EGB, FP1 i FP2 a Catalunya i s\u2019hagi cursat de manera oficial la mat\u00e8ria de llengua catalana en la totalitat dels estudis esmentats a partir del curs 1978-1979 (curs d&#8217;inici d&#8217;EGB).<\/td>\n<td style=\"width: 317.467px;\">Original i fotoc\u00f2pia de:<\/p>\n<ul>\n<li>DNI<\/li>\n<li>Llibre\/certificat d&#8217;EGB<\/li>\n<li>Certificat d\u2019FP1 i FP2<\/li>\n<li>T\u00edtol d&#8217;FP2<\/li>\n<\/ul>\n<\/td>\n<\/tr>\n<tr>\n<td style=\"width: 317.467px;\">&nbsp;<\/p>\n<p>T\u00edtol BATXILLERAT<\/td>\n<td style=\"width: 317.467px; text-align: justify;\">Haver cursat almenys 3 cursos de PRIM\u00c0RIA i 5 entre ESO i BATX a Catalunya i s\u2019hagi cursat la mat\u00e8ria de llengua catalana en la totalitat dels estudis m\u00ednims esmentats.<\/td>\n<td style=\"width: 317.467px;\">Original i fotoc\u00f2pia de:<\/p>\n<ul>\n<li>DNI<\/li>\n<li>Llibre\/certificat de prim\u00e0ria, d&#8217;ESO i batxillerat<\/li>\n<li>T\u00edtol de batxillerat<\/li>\n<\/ul>\n<\/td>\n<\/tr>\n<tr>\n<td style=\"width: 317.467px;\">&nbsp;<\/p>\n<p>T\u00edtol ESO<\/td>\n<td style=\"width: 317.467px; text-align: justify;\">Haver cursat almenys 3 cursos de PRIM\u00c0RIA i tota l&#8217;ESO a Catalunya i s\u2019hagi cursat i aprovat la mat\u00e8ria de llengua catalana en la totalitat dels estudis m\u00ednims esmentats. El requisit d\u2019acreditaci\u00f3 d\u2019haver aprovat la mat\u00e8ria de llengua catalana \u00e9s d\u2019aplicaci\u00f3 als t\u00edtols de graduaci\u00f3 en educaci\u00f3 secund\u00e0ria obtinguts a partir del curs 2007\/2008.<\/td>\n<td style=\"width: 317.467px;\">Original i fotoc\u00f2pia de:<\/p>\n<ul>\n<li>DNI<\/li>\n<li>Llibre\/certificat de prim\u00e0ria i d&#8217;ESO<\/li>\n<li>T\u00edtol d&#8217;ESO<\/li>\n<\/ul>\n<\/td>\n<\/tr>\n<\/tbody>\n<\/table>\n<p><strong>Document per sol\u00b7licitar l&#8217;exempci\u00f3 de l&#8217;estada en empresa en r\u00e8gim general:<\/strong><\/p>\n<ul>\n<li><a href=\"https:\/\/agora.xtec.cat\/iesmila\/wp-content\/uploads\/usu844\/2025\/04\/Sollicitud-dexempcio-de-lestada-en-empresa.pdf\" target=\"_blank\" rel=\"noopener\">Sol\u00b7licitud d&#8217;exempci\u00f3 d&#8217;estada en empresa<\/a><\/li>\n<\/ul>\n<p><strong>Document per sol\u00b7licitar la ren\u00fancia de m\u00f2duls de cicles formatius:<\/strong><\/p>\n<ul>\n<li><a href=\"https:\/\/agora.xtec.cat\/iesmila\/wp-content\/uploads\/usu844\/2025\/04\/42.-Sollicitud-RENUNCIA-DUNITATS-FORMATIVES_v3.pdf\" target=\"_blank\" rel=\"noopener\">Sol\u00b7licitud de ren\u00fancia de m\u00f2duls de cicles formatius<\/a><\/li>\n<\/ul>\n<p><strong>Document d&#8217;autoritzaci\u00f3:<\/strong><\/p>\n<p>Aquest document s&#8217;utilitzar\u00e0 quan la persona interessada no es pugui despla\u00e7ar al centre, haur\u00e0 d&#8217;autoritzar a una altra persona per poder fer les gestions necess\u00e0ries.<\/p>\n<ul>\n<li><a href=\"https:\/\/agora.xtec.cat\/iesmila\/wp-content\/uploads\/usu844\/2025\/04\/09.Autoritzacio-datorgament-de-la-representacio_v2.pdf\" target=\"_blank\" rel=\"noopener\">Autoritzaci\u00f3<\/a><\/li>\n<\/ul>\n<p>Pots descarregar, emplenar i enviar les sol\u00b7licituds al correu del centre iesmila@xtec.cat. Recorda enviar tamb\u00e9 DNI\/NIE\/Passaport per davant i darrere.<\/p>\n","protected":false},"excerpt":{"rendered":"<p>Document per fer una petici\u00f3 al centre:<\/p>\n<ul>\n<li><a href=\"https:\/\/agora.xtec.cat\/iesmila\/wp-content\/uploads\/usu844\/2025\/04\/01.Instancia_v2.pdf\" target=\"_blank\" rel=\"noopener\">Inst\u00e0ncia\u00a0<\/a><\/li>\n<\/ul>\n<p>Document per poder donar-se de baixa del centre:<\/p>\n<ul>\n<li><a href=\"https:\/\/agora.xtec.cat\/iesmila\/wp-content\/uploads\/usu844\/2025\/04\/02.Sollicitud-de-baixa-academica-per-als-alumnes-majors-dedat_v2.pdf\" target=\"_blank\" rel=\"noopener\">Sol\u00b7licitud de baixa acad\u00e8mica per als alumnes majors d&#8217;edat<\/a><\/li>\n<li><a href=\"https:\/\/agora.xtec.cat\/iesmila\/wp-content\/uploads\/usu844\/2025\/04\/03.Sollicitud-de-baixa-academica-per-als-alumnes-menors-dedat_v2.pdf\">Sol\u00b7licitud de baixa acad\u00e8mica per als alumnes menors d&#8217;edat<\/a><\/li>\n<\/ul>\n<p>T\u00edtols:<br \/>\n<a href=\"https:\/\/agora.xtec.cat\/iesmila\/wp-content\/uploads\/usu844\/2026\/02\/Acces-al-tramit-per-la-sollicitud-de-titols-1.pdf\" target=\"_blank\" rel=\"noopener\">Informaci\u00f3 per accedir a la tramitaci\u00f3&hellip;  <a href=\"https:\/\/agora.xtec.cat\/iesmila\/secretaria\/tramits-i-documentacio\/\" title=\"Read Tr\u00e0mits i documentaci\u00f3\">Llegeix m\u00e9s\u00bb<\/a><\/p>\n","protected":false},"author":1,"featured_media":0,"parent":81,"menu_order":3,"comment_status":"closed","ping_status":"closed","template":"page-templates\/side-menu.php","meta":{"_bbp_topic_count":0,"_bbp_reply_count":0,"_bbp_total_topic_count":0,"_bbp_total_reply_count":0,"_bbp_voice_count":0,"_bbp_anonymous_reply_count":0,"_bbp_topic_count_hidden":0,"_bbp_reply_count_hidden":0,"_bbp_forum_subforum_count":0,"footnotes":""},"class_list":["post-1765","page","type-page","status-publish","hentry"],"post_mailing_queue_ids":[],"_links":{"self":[{"href":"https:\/\/agora.xtec.cat\/iesmila\/wp-json\/wp\/v2\/pages\/1765","targetHints":{"allow":["GET"]}}],"collection":[{"href":"https:\/\/agora.xtec.cat\/iesmila\/wp-json\/wp\/v2\/pages"}],"about":[{"href":"https:\/\/agora.xtec.cat\/iesmila\/wp-json\/wp\/v2\/types\/page"}],"author":[{"embeddable":true,"href":"https:\/\/agora.xtec.cat\/iesmila\/wp-json\/wp\/v2\/users\/1"}],"replies":[{"embeddable":true,"href":"https:\/\/agora.xtec.cat\/iesmila\/wp-json\/wp\/v2\/comments?post=1765"}],"version-history":[{"count":6,"href":"https:\/\/agora.xtec.cat\/iesmila\/wp-json\/wp\/v2\/pages\/1765\/revisions"}],"predecessor-version":[{"id":8239,"href":"https:\/\/agora.xtec.cat\/iesmila\/wp-json\/wp\/v2\/pages\/1765\/revisions\/8239"}],"up":[{"embeddable":true,"href":"https:\/\/agora.xtec.cat\/iesmila\/wp-json\/wp\/v2\/pages\/81"}],"wp:attachment":[{"href":"https:\/\/agora.xtec.cat\/iesmila\/wp-json\/wp\/v2\/media?parent=1765"}],"curies":[{"name":"wp","href":"https:\/\/api.w.org\/{rel}","templated":true}]}}