{"id":13,"date":"2014-09-12T11:05:02","date_gmt":"2014-09-12T11:05:02","guid":{"rendered":"http:\/\/agora.xtec.cat\/iesmila\/?page_id=13"},"modified":"2026-03-27T16:36:32","modified_gmt":"2026-03-27T15:36:32","slug":"avis","status":"publish","type":"page","link":"https:\/\/agora.xtec.cat\/iesmila\/","title":{"rendered":"Av\u00eds"},"content":{"rendered":"<div style=\"width: 100%;\">\n<div>\n<div style=\"width: 100%;\">\n<h3>Informaci\u00f3 important<\/h3>\n<\/div>\n<div><\/div>\n<div>El claustre de professorat del passat dimecres 25 de mar\u00e7 de 2026 va acordar, fins que no s\u2019arribi a un acord satisfactori en el conflicte obert entre el col\u00b7lectiu docent i el DEiFP:<\/div>\n<div><\/div>\n<div>\n<ol>\n<li class=\"p2\"><strong>Suspendre les sortides de caire no curricular<\/strong> i no iniciar cap procediment de reserva ni contractaci\u00f3 d&#8217;aquestes activitats de cara alcurs 2026-2027.<\/li>\n<li class=\"p2\"><strong>Suspendre tota activitat a xarxes socials i llocs webs dels centres <\/strong>excepte informaci\u00f3 esencial de servei per a fam\u00edlies, deixant a la p\u00e0ginad\u2019inici un comunicat unitari explicant els motius d\u2019aquests acords.<\/li>\n<li class=\"p1\"><strong>Deixar d\u2019organitzar les activitats de caire festiu i l\u00fadic fora d\u2019horari lectiu<\/strong> i que no siguin estrictament curriculars, <strong>inclosos els actes de graduaci\u00f3 i festes de final de curs<\/strong>.<\/li>\n<li class=\"p1\"><strong>Suspendre la participaci\u00f3 del professorat en les formacions, programes, projectes<\/strong> i ocurr\u00e8ncies a iniciativa del DEiFP o altres administracions i entitats que no responguin a l\u2019estrictament necessari per al desenvolupament de la tasca docent di\u00e0ria.<\/li>\n<li class=\"p1\"><strong>Suspendre la realitzaci\u00f3 de les portes obertes<\/strong>, programada pel 16 de maig 2026.<\/li>\n<\/ol>\n<\/div>\n<\/div>\n<div style=\"position: relative; padding-bottom: 56.25%; padding-top: 0; height: 0;\"><iframe loading=\"lazy\" style=\"position: absolute; top: 0; left: 0; width: 100%; height: 100%;\" title=\"Oferta formativa\" src=\"https:\/\/view.genially.com\/67bddd79ea11132b88268ff5\" width=\"1200\" height=\"675\" frameborder=\"0\" scrolling=\"yes\" allowfullscreen=\"allowfullscreen\"><\/iframe><\/div>\n<div><\/div>\n<\/div>\n<div><\/div>\n<div style=\"width: 100%;\">\n<div style=\"position: relative; padding-bottom: 25%; padding-top: 0; height: 0;\"><iframe loading=\"lazy\" style=\"position: absolute; top: 0; left: 0; width: 100%; height: 100%;\" title=\"Avisos web nodes\" src=\"https:\/\/view.genially.com\/64075be14b8e5b0013354d02\" width=\"1200\" height=\"300\" frameborder=\"0\" scrolling=\"yes\" allowfullscreen=\"allowfullscreen\"><\/iframe><\/div>\n<\/div>\n<p><a href=\"https:\/\/login.ieduca.com\/?centre=insmilaifontanals&amp;modul=base\" target=\"_blank\" rel=\"noopener noreferrer\"><img loading=\"lazy\" decoding=\"async\" class=\"wp-image-2067 alignleft\" src=\"http:\/\/agora.xtec.cat\/iesmila\/wp-content\/uploads\/usu844\/2014\/09\/ieduca.jpg\" alt=\"\" width=\"225\" height=\"60\" srcset=\"https:\/\/agora.xtec.cat\/iesmila\/wp-content\/uploads\/usu844\/2014\/09\/ieduca.jpg 326w, https:\/\/agora.xtec.cat\/iesmila\/wp-content\/uploads\/usu844\/2014\/09\/ieduca-300x80.jpg 300w\" sizes=\"auto, (max-width: 225px) 100vw, 225px\" \/><\/a> <a href=\"https:\/\/botiga.milaifontanals.cat\/\" target=\"_blank\" rel=\"noopener noreferrer\"><img loading=\"lazy\" decoding=\"async\" class=\" wp-image-3778 alignleft\" src=\"https:\/\/agora.xtec.cat\/iesmila\/wp-content\/uploads\/usu844\/2020\/07\/cart-1956097_640-150x150.png\" alt=\"\" width=\"60\" height=\"60\" srcset=\"https:\/\/agora.xtec.cat\/iesmila\/wp-content\/uploads\/usu844\/2020\/07\/cart-1956097_640-150x150.png 150w, https:\/\/agora.xtec.cat\/iesmila\/wp-content\/uploads\/usu844\/2020\/07\/cart-1956097_640-300x300.png 300w, https:\/\/agora.xtec.cat\/iesmila\/wp-content\/uploads\/usu844\/2020\/07\/cart-1956097_640.png 640w\" sizes=\"auto, (max-width: 60px) 100vw, 60px\" \/><\/a><br \/>\n<a href=\"https:\/\/agora.xtec.cat\/iesmila\/wp-content\/uploads\/usu844\/2024\/10\/mrr23_redim_evidencia2_logo.png\"><img loading=\"lazy\" decoding=\"async\" class=\"alignleft size-large wp-image-7356\" src=\"https:\/\/agora.xtec.cat\/iesmila\/wp-content\/uploads\/usu844\/2024\/10\/mrr23_redim_evidencia2_logo-1024x268.png\" alt=\"\" width=\"1024\" height=\"268\" srcset=\"https:\/\/agora.xtec.cat\/iesmila\/wp-content\/uploads\/usu844\/2024\/10\/mrr23_redim_evidencia2_logo-1024x268.png 1024w, https:\/\/agora.xtec.cat\/iesmila\/wp-content\/uploads\/usu844\/2024\/10\/mrr23_redim_evidencia2_logo-300x79.png 300w, https:\/\/agora.xtec.cat\/iesmila\/wp-content\/uploads\/usu844\/2024\/10\/mrr23_redim_evidencia2_logo-768x201.png 768w, https:\/\/agora.xtec.cat\/iesmila\/wp-content\/uploads\/usu844\/2024\/10\/mrr23_redim_evidencia2_logo.png 1196w\" sizes=\"auto, (max-width: 1024px) 100vw, 1024px\" \/><\/a><\/p>\n<h3 style=\"text-align: center;\"><iframe loading=\"lazy\" title=\"Portes obertes 2024\" src=\"https:\/\/www.youtube.com\/embed\/pKzdpNOUNTw\" width=\"806\" height=\"453\" frameborder=\"0\" allowfullscreen=\"allowfullscreen\"><\/iframe><\/h3>\n<div style=\"width: 100%;\">\n<div style=\"width: 100%;\">\n<div style=\"position: relative; padding-bottom: 56.25%; padding-top: 0; height: 0;\">\n<div style=\"width: 100%;\">\n<div style=\"position: relative; padding-bottom: 56.25%; padding-top: 0; height: 0;\"><iframe loading=\"lazy\" style=\"position: absolute; top: 0; left: 0; width: 100%; height: 100%;\" title=\"SERVEIS COORDINACI\u00d3 FCT I DUAL\" src=\"https:\/\/view.genial.ly\/64a7f2f12442dc0019599e21\" width=\"1200\" height=\"675\" frameborder=\"0\" scrolling=\"yes\" allowfullscreen=\"allowfullscreen\"><\/iframe><\/div>\n<\/div>\n<\/div>\n<\/div>\n<\/div>\n","protected":false},"excerpt":{"rendered":"<p>Informaci\u00f3 important<\/p>\n<p>El claustre de professorat del passat dimecres 25 de mar\u00e7 de 2026 va acordar, fins que no s\u2019arribi a un acord satisfactori en el conflicte obert entre el col\u00b7lectiu docent i el DEiFP:<\/p>\n<ol>\n<li class=\"p2\">Suspendre les sortides de caire no curricular i no iniciar cap&hellip;  <a href=\"https:\/\/agora.xtec.cat\/iesmila\/\" title=\"Read Av\u00eds\">Llegeix m\u00e9s\u00bb<\/a><br \/>\n","protected":false},"author":1,"featured_media":0,"parent":7,"menu_order":0,"comment_status":"closed","ping_status":"closed","template":"page-templates\/front-page.php","meta":{"_bbp_topic_count":0,"_bbp_reply_count":0,"_bbp_total_topic_count":0,"_bbp_total_reply_count":0,"_bbp_voice_count":0,"_bbp_anonymous_reply_count":0,"_bbp_topic_count_hidden":0,"_bbp_reply_count_hidden":0,"_bbp_forum_subforum_count":0,"footnotes":""},"class_list":["post-13","page","type-page","status-publish","hentry"],"post_mailing_queue_ids":[],"_links":{"self":[{"href":"https:\/\/agora.xtec.cat\/iesmila\/wp-json\/wp\/v2\/pages\/13","targetHints":{"allow":["GET"]}}],"collection":[{"href":"https:\/\/agora.xtec.cat\/iesmila\/wp-json\/wp\/v2\/pages"}],"about":[{"href":"https:\/\/agora.xtec.cat\/iesmila\/wp-json\/wp\/v2\/types\/page"}],"author":[{"embeddable":true,"href":"https:\/\/agora.xtec.cat\/iesmila\/wp-json\/wp\/v2\/users\/1"}],"replies":[{"embeddable":true,"href":"https:\/\/agora.xtec.cat\/iesmila\/wp-json\/wp\/v2\/comments?post=13"}],"version-history":[{"count":7,"href":"https:\/\/agora.xtec.cat\/iesmila\/wp-json\/wp\/v2\/pages\/13\/revisions"}],"predecessor-version":[{"id":8442,"href":"https:\/\/agora.xtec.cat\/iesmila\/wp-json\/wp\/v2\/pages\/13\/revisions\/8442"}],"up":[{"embeddable":true,"href":"https:\/\/agora.xtec.cat\/iesmila\/wp-json\/wp\/v2\/pages\/7"}],"wp:attachment":[{"href":"https:\/\/agora.xtec.cat\/iesmila\/wp-json\/wp\/v2\/media?parent=13"}],"curies":[{"name":"wp","href":"https:\/\/api.w.org\/{rel}","templated":true}]}}