{"id":77,"date":"2014-09-18T10:29:25","date_gmt":"2014-09-18T08:29:25","guid":{"rendered":"http:\/\/agora.xtec.cat\/iesmigmon\/?page_id=77"},"modified":"2020-11-16T17:44:00","modified_gmt":"2020-11-16T16:44:00","slug":"transport-escolar","status":"publish","type":"page","link":"https:\/\/agora.xtec.cat\/iesmigmon\/serveis\/transport-escolar\/","title":{"rendered":"Transport escolar"},"content":{"rendered":"<p style=\"color: #000000;\">El Consell Comarcal del Bages gestiona el servei de transport escolar preceptiu a la comarca del Bages adre\u00e7at als centres p\u00fablics.. El transport \u00e9s gratu\u00eft per tots aquells alumnes de Call\u00fas, Sant Mateu de Bages, Valls i Pal\u00e0 de Torroella que facin la sol\u00b7licitud.<\/p>\n<p>De la mateixa manera, els alumnes d&#8217;aquestes localitats que vulguin cursar estudis post-obligatoris al centre, poden sol\u00b7licitar pr\u00e8viament aquest servei amb pagament al Consell Comarcal.<\/p>\n<p style=\"color: #000000;\">Tota la gesti\u00f3 d&#8217;aquest servei, tr\u00e0mits, sol\u00b7licituds i altres informacions, les trobareu en aquest enlla\u00e7 del Consell Comarcal.<\/p>\n<blockquote class=\"wp-embedded-content\" data-secret=\"p7XV81P9yW\"><p><a href=\"https:\/\/www.ccbages.cat\/educacioicultura\/educacio\/transport\/\">Transport<\/a><\/p><\/blockquote>\n<p><iframe loading=\"lazy\" class=\"wp-embedded-content\" sandbox=\"allow-scripts\" security=\"restricted\" style=\"position: absolute; clip: rect(1px, 1px, 1px, 1px);\" title=\"&#8220;Transport&#8221; &#8212; Consell Comarcal del Bages\" src=\"https:\/\/www.ccbages.cat\/educacioicultura\/educacio\/transport\/embed\/#?secret=kPw7FF8zgJ#?secret=p7XV81P9yW\" data-secret=\"p7XV81P9yW\" width=\"500\" height=\"282\" frameborder=\"0\" marginwidth=\"0\" marginheight=\"0\" scrolling=\"no\"><\/iframe><\/p>\n","protected":false},"excerpt":{"rendered":"<p>El Consell Comarcal del Bages gestiona el servei de transport escolar preceptiu a la comarca del Bages adre\u00e7at als centres p\u00fablics.. El transport \u00e9s gratu\u00eft per tots aquells alumnes de Call\u00fas, Sant Mateu de Bages, Valls i Pal\u00e0 de Torroella que facin la sol\u00b7licitud.<br \/>\nDe la&hellip;  <a href=\"https:\/\/agora.xtec.cat\/iesmigmon\/serveis\/transport-escolar\/\" title=\"Read Transport escolar\">Llegeix m\u00e9s\u00bb<\/a><\/p>\n","protected":false},"author":1,"featured_media":0,"parent":63,"menu_order":50,"comment_status":"closed","ping_status":"closed","template":"page-templates\/side-menu.php","meta":{"_bbp_topic_count":0,"_bbp_reply_count":0,"_bbp_total_topic_count":0,"_bbp_total_reply_count":0,"_bbp_voice_count":0,"_bbp_anonymous_reply_count":0,"_bbp_topic_count_hidden":0,"_bbp_reply_count_hidden":0,"_bbp_forum_subforum_count":0,"footnotes":""},"class_list":["post-77","page","type-page","status-publish","hentry"],"post_mailing_queue_ids":[],"_links":{"self":[{"href":"https:\/\/agora.xtec.cat\/iesmigmon\/wp-json\/wp\/v2\/pages\/77","targetHints":{"allow":["GET"]}}],"collection":[{"href":"https:\/\/agora.xtec.cat\/iesmigmon\/wp-json\/wp\/v2\/pages"}],"about":[{"href":"https:\/\/agora.xtec.cat\/iesmigmon\/wp-json\/wp\/v2\/types\/page"}],"author":[{"embeddable":true,"href":"https:\/\/agora.xtec.cat\/iesmigmon\/wp-json\/wp\/v2\/users\/1"}],"replies":[{"embeddable":true,"href":"https:\/\/agora.xtec.cat\/iesmigmon\/wp-json\/wp\/v2\/comments?post=77"}],"version-history":[{"count":3,"href":"https:\/\/agora.xtec.cat\/iesmigmon\/wp-json\/wp\/v2\/pages\/77\/revisions"}],"predecessor-version":[{"id":913,"href":"https:\/\/agora.xtec.cat\/iesmigmon\/wp-json\/wp\/v2\/pages\/77\/revisions\/913"}],"up":[{"embeddable":true,"href":"https:\/\/agora.xtec.cat\/iesmigmon\/wp-json\/wp\/v2\/pages\/63"}],"wp:attachment":[{"href":"https:\/\/agora.xtec.cat\/iesmigmon\/wp-json\/wp\/v2\/media?parent=77"}],"curies":[{"name":"wp","href":"https:\/\/api.w.org\/{rel}","templated":true}]}}