{"id":694,"date":"2020-10-16T17:31:09","date_gmt":"2020-10-16T15:31:09","guid":{"rendered":"https:\/\/agora.xtec.cat\/iesmigmon\/?page_id=694"},"modified":"2020-10-17T22:49:04","modified_gmt":"2020-10-17T20:49:04","slug":"salut-i-escola-3","status":"publish","type":"page","link":"https:\/\/agora.xtec.cat\/iesmigmon\/salut-i-escola-3\/","title":{"rendered":"Salut i Escola"},"content":{"rendered":"<p>El programa\u00a0<strong>Salut i Escola<\/strong> \u00e9s un referent en mat\u00e8ria de salut\u00a0 al nostre centre i es fa amb la col\u00b7laboraci\u00f3 de l&#8217;equip del Centre de Salut de S\u00faria. El servei est\u00e0 adre\u00e7at als alumnes amb l&#8217;objectiu de potenciar i millorar la seva educaci\u00f3 per a la salut i prevenir situacions de risc. D\u00f3na informaci\u00f3, suport i assessorament individual o en grup , amb <span style=\"font-family: inherit; font-size: 1em;\">total confidencialitat i respecte per a la intimitat de l&#8217;alumne.<\/span><\/p>\n<p><img loading=\"lazy\" decoding=\"async\" class=\"size-full wp-image-695 alignright\" src=\"https:\/\/agora.xtec.cat\/iesmigmon\/wp-content\/uploads\/usu2208\/2020\/10\/salutiescola.png\" alt=\"\" width=\"247\" height=\"222\" \/><\/p>\n<p>Es pot consultar o demanar informaci\u00f3 diversa sobre temes de salut que us interessin o preocupin:<\/p>\n<ul>\n<li style=\"list-style-type: none;\">\n<ul>\n<li>Alimentaci\u00f3<\/li>\n<li>Consum: tabac, alcohol, addiccions en general&#8230;<\/li>\n<li>Educaci\u00f3 afectiva i sexualitat<\/li>\n<li>Trastorns del son,&#8230; i d&#8217;altres.<\/li>\n<\/ul>\n<\/li>\n<\/ul>\n<p>&nbsp;<\/p>\n<p>A<strong>\u00a0trav\u00e9s del web<\/strong>, podeu cercar informaci\u00f3 en els enlla\u00e7os i tamb\u00e9\u00a0 us podeu adre\u00e7ar a la infermera del centre de salut Eva Sierra a l&#8217;adre\u00e7a de correu:\u00a0<span id=\"cloak50616\"><a href=\"mailto:esierra.cc.ics@gencat.cat\">esierra.cc.ics@gencat.cat<\/a><\/span><\/p>\n","protected":false},"excerpt":{"rendered":"<p>El programa\u00a0Salut i Escola \u00e9s un referent en mat\u00e8ria de salut\u00a0 al nostre centre i es fa amb la col\u00b7laboraci\u00f3 de l&#8217;equip del Centre de Salut de S\u00faria. El servei est\u00e0 adre\u00e7at als alumnes amb l&#8217;objectiu de potenciar i millorar la seva educaci\u00f3 per a&hellip;  <a href=\"https:\/\/agora.xtec.cat\/iesmigmon\/salut-i-escola-3\/\" title=\"Read Salut i Escola\">Llegeix m\u00e9s\u00bb<\/a><\/p>\n","protected":false},"author":3,"featured_media":0,"parent":0,"menu_order":0,"comment_status":"closed","ping_status":"closed","template":"","meta":{"_bbp_topic_count":0,"_bbp_reply_count":0,"_bbp_total_topic_count":0,"_bbp_total_reply_count":0,"_bbp_voice_count":0,"_bbp_anonymous_reply_count":0,"_bbp_topic_count_hidden":0,"_bbp_reply_count_hidden":0,"_bbp_forum_subforum_count":0,"footnotes":""},"class_list":["post-694","page","type-page","status-publish","hentry"],"post_mailing_queue_ids":[],"_links":{"self":[{"href":"https:\/\/agora.xtec.cat\/iesmigmon\/wp-json\/wp\/v2\/pages\/694","targetHints":{"allow":["GET"]}}],"collection":[{"href":"https:\/\/agora.xtec.cat\/iesmigmon\/wp-json\/wp\/v2\/pages"}],"about":[{"href":"https:\/\/agora.xtec.cat\/iesmigmon\/wp-json\/wp\/v2\/types\/page"}],"author":[{"embeddable":true,"href":"https:\/\/agora.xtec.cat\/iesmigmon\/wp-json\/wp\/v2\/users\/3"}],"replies":[{"embeddable":true,"href":"https:\/\/agora.xtec.cat\/iesmigmon\/wp-json\/wp\/v2\/comments?post=694"}],"version-history":[{"count":2,"href":"https:\/\/agora.xtec.cat\/iesmigmon\/wp-json\/wp\/v2\/pages\/694\/revisions"}],"predecessor-version":[{"id":699,"href":"https:\/\/agora.xtec.cat\/iesmigmon\/wp-json\/wp\/v2\/pages\/694\/revisions\/699"}],"wp:attachment":[{"href":"https:\/\/agora.xtec.cat\/iesmigmon\/wp-json\/wp\/v2\/media?parent=694"}],"curies":[{"name":"wp","href":"https:\/\/api.w.org\/{rel}","templated":true}]}}