{"id":4499,"date":"2024-07-12T18:53:19","date_gmt":"2024-07-12T16:53:19","guid":{"rendered":"https:\/\/agora.xtec.cat\/iesmigmon\/?page_id=4499"},"modified":"2024-07-12T18:58:47","modified_gmt":"2024-07-12T16:58:47","slug":"pagina-en-construccio","status":"publish","type":"page","link":"https:\/\/agora.xtec.cat\/iesmigmon\/pagina-en-construccio\/","title":{"rendered":"P\u00e0gina en Construcci\u00f3"},"content":{"rendered":"<p>Pr\u00f2ximament&#8230;<\/p>\n","protected":false},"excerpt":{"rendered":"<p>Pr\u00f2ximament&#8230;<\/p>\n","protected":false},"author":1,"featured_media":0,"parent":0,"menu_order":0,"comment_status":"closed","ping_status":"closed","template":"","meta":{"_bbp_topic_count":0,"_bbp_reply_count":0,"_bbp_total_topic_count":0,"_bbp_total_reply_count":0,"_bbp_voice_count":0,"_bbp_anonymous_reply_count":0,"_bbp_topic_count_hidden":0,"_bbp_reply_count_hidden":0,"_bbp_forum_subforum_count":0,"footnotes":""},"class_list":["post-4499","page","type-page","status-publish","hentry"],"post_mailing_queue_ids":[],"_links":{"self":[{"href":"https:\/\/agora.xtec.cat\/iesmigmon\/wp-json\/wp\/v2\/pages\/4499","targetHints":{"allow":["GET"]}}],"collection":[{"href":"https:\/\/agora.xtec.cat\/iesmigmon\/wp-json\/wp\/v2\/pages"}],"about":[{"href":"https:\/\/agora.xtec.cat\/iesmigmon\/wp-json\/wp\/v2\/types\/page"}],"author":[{"embeddable":true,"href":"https:\/\/agora.xtec.cat\/iesmigmon\/wp-json\/wp\/v2\/users\/1"}],"replies":[{"embeddable":true,"href":"https:\/\/agora.xtec.cat\/iesmigmon\/wp-json\/wp\/v2\/comments?post=4499"}],"version-history":[{"count":1,"href":"https:\/\/agora.xtec.cat\/iesmigmon\/wp-json\/wp\/v2\/pages\/4499\/revisions"}],"predecessor-version":[{"id":4501,"href":"https:\/\/agora.xtec.cat\/iesmigmon\/wp-json\/wp\/v2\/pages\/4499\/revisions\/4501"}],"wp:attachment":[{"href":"https:\/\/agora.xtec.cat\/iesmigmon\/wp-json\/wp\/v2\/media?parent=4499"}],"curies":[{"name":"wp","href":"https:\/\/api.w.org\/{rel}","templated":true}]}}