{"id":43,"date":"2014-09-17T16:45:07","date_gmt":"2014-09-17T16:45:07","guid":{"rendered":"http:\/\/agora.xtec.cat\/iesmigmon\/?page_id=43"},"modified":"2023-12-04T19:52:16","modified_gmt":"2023-12-04T18:52:16","slug":"consell-escolar","status":"publish","type":"page","link":"https:\/\/agora.xtec.cat\/iesmigmon\/linstitut\/consell-escolar\/","title":{"rendered":"Consell escolar"},"content":{"rendered":"<p style=\"font-weight: 400;\">El consell escolar \u00e9s l&#8217;\u00f2rgan col\u00b7legiat de participaci\u00f3 de la comunitat escolar en el govern del centre.<\/p>\n<p style=\"font-weight: 400;\">El consell escolar est\u00e0 format pel director que n&#8217;\u00e9s el president, el cap d&#8217;estudis , el secretari, un representant de l&#8217;ajuntament de S\u00faria, 5 professors elegits pel claustre de professors, 2 pares o mares escollits pels pares d&#8217;alumnes matriculats al centre, 1 pare o mare designat per l&#8217; AMPA, 2 alumnes escollits pels alumnes matriculats al centre, un representant del PAS escollit entre aquest personal.<\/p>\n<h4>Membres actuals del consell escolar de l&#8217;INS Mig-M\u00f3n:<\/h4>\n<ul>\n<li><span style=\"font-weight: 400;\">Presidenta: Maria Rovira.\u00a0<\/span><\/li>\n<li><span style=\"font-weight: 400;\">Secretari: Jordi Ruiz.\u00a0<\/span><\/li>\n<li><span style=\"font-weight: 400;\">Cap d&#8217;estudis: Xavier Morros.\u00a0<\/span><\/li>\n<li><span style=\"font-weight: 400;\">Representant de l&#8217;Ajuntament: Esther Cabezos.\u00a0<\/span><\/li>\n<li><span style=\"font-weight: 400;\">Representants dels alumnes: <\/span><span style=\"font-weight: 400;\">Aleix F\u00e0brega (2025) i Guillem Terrones (2027).<\/span><\/li>\n<li><span style=\"font-weight: 400;\">Representant de l&#8217;AFA: <\/span><span style=\"font-weight: 400;\">Jes\u00fas P\u00e9rez.\u00a0<\/span><\/li>\n<li><span style=\"font-weight: 400;\">Representants dels pares: Alba Santamaria i Montse Berm\u00fadez (2027).\u00a0<\/span><\/li>\n<li><span style=\"font-weight: 400;\">Representants del professorat: Isabel Carbonell i S\u00edlvia Vilaseca (2025); Fina Badia, Estefania Guerrero i Alba Infante (2027).\u00a0<\/span><\/li>\n<li><span style=\"font-weight: 400;\">Representant del personal no docent: Marialba Esquius (2025).\u00a0<\/span><\/li>\n<\/ul>\n<h4>Corresponen al consell escolar les funcions seg\u00fcents:<\/h4>\n<ul style=\"font-weight: 400;\">\n<li>Participar en l&#8217;aprovaci\u00f3 del projecte educatiu i les seves modificacions. El consell escolar ha de ser consultat pel director de manera preceptiva per valorar la proposta del projecte educatiu i manifestar el seu suport amb una majoria de les tres cinquenes parts dels membres.<\/li>\n<li>Participar en l&#8217;aprovaci\u00f3 de la programaci\u00f3 general anual, de les normes de funcionament i de la gesti\u00f3 econ\u00f2mica del centre. El consell escolar ha de ser consultat de manera preceptiva per valorar cada una de les propostes i manifestar el seu suport per majoria simple dels membres.<\/li>\n<li>Avaluar l&#8217;aplicaci\u00f3 del projecte educatiu i de les seves modificacions aix\u00ed com de la resta de documents de gesti\u00f3 del centre.<\/li>\n<li>Aprovar les propostes d&#8217;acords de coresponsabilitat, convenis i altres acords de col\u00b7laboraci\u00f3 del centre amb entitats i institucions.<\/li>\n<li>Intervenir en el procediment d&#8217;admissi\u00f3 d&#8217;alumnes.<\/li>\n<li>Participar en el procediment de selecci\u00f3 i en la proposta de cessament del director o directora.<\/li>\n<li>Intervenir en la resoluci\u00f3 dels conflictes i, si escau, revisar les sancions als alumnes.<\/li>\n<li>Aprovar les directrius per a la programaci\u00f3 d&#8217;activitats escolars complement\u00e0ries i d&#8217;activitats extraescolars, i avaluar-ne el desenvolupament.<\/li>\n<li>Participar en les an\u00e0lisis i les avaluacions del funcionament general del centre i con\u00e8ixer l&#8217;evoluci\u00f3 del rendiment escolar.<\/li>\n<li>Aprovar els criteris de col\u00b7laboraci\u00f3 amb altres centres i amb l&#8217;entorn.<\/li>\n<li>Qualsevol altre que li sigui atribu\u00efda per les normes legals o reglament\u00e0ries.<\/li>\n<\/ul>\n","protected":false},"excerpt":{"rendered":"<p>El consell escolar \u00e9s l&#8217;\u00f2rgan col\u00b7legiat de participaci\u00f3 de la comunitat escolar en el govern del centre.<br \/>\nEl consell escolar est\u00e0 format pel director que n&#8217;\u00e9s el president, el cap d&#8217;estudis , el secretari, un representant de l&#8217;ajuntament de S\u00faria, 5 professors elegits pel claustre de&hellip;  <a href=\"https:\/\/agora.xtec.cat\/iesmigmon\/linstitut\/consell-escolar\/\" title=\"Read Consell escolar\">Llegeix m\u00e9s\u00bb<\/a><\/p>\n","protected":false},"author":1,"featured_media":0,"parent":19,"menu_order":40,"comment_status":"closed","ping_status":"closed","template":"page-templates\/side-menu.php","meta":{"_bbp_topic_count":0,"_bbp_reply_count":0,"_bbp_total_topic_count":0,"_bbp_total_reply_count":0,"_bbp_voice_count":0,"_bbp_anonymous_reply_count":0,"_bbp_topic_count_hidden":0,"_bbp_reply_count_hidden":0,"_bbp_forum_subforum_count":0,"footnotes":""},"class_list":["post-43","page","type-page","status-publish","hentry"],"post_mailing_queue_ids":[],"_links":{"self":[{"href":"https:\/\/agora.xtec.cat\/iesmigmon\/wp-json\/wp\/v2\/pages\/43","targetHints":{"allow":["GET"]}}],"collection":[{"href":"https:\/\/agora.xtec.cat\/iesmigmon\/wp-json\/wp\/v2\/pages"}],"about":[{"href":"https:\/\/agora.xtec.cat\/iesmigmon\/wp-json\/wp\/v2\/types\/page"}],"author":[{"embeddable":true,"href":"https:\/\/agora.xtec.cat\/iesmigmon\/wp-json\/wp\/v2\/users\/1"}],"replies":[{"embeddable":true,"href":"https:\/\/agora.xtec.cat\/iesmigmon\/wp-json\/wp\/v2\/comments?post=43"}],"version-history":[{"count":6,"href":"https:\/\/agora.xtec.cat\/iesmigmon\/wp-json\/wp\/v2\/pages\/43\/revisions"}],"predecessor-version":[{"id":3912,"href":"https:\/\/agora.xtec.cat\/iesmigmon\/wp-json\/wp\/v2\/pages\/43\/revisions\/3912"}],"up":[{"embeddable":true,"href":"https:\/\/agora.xtec.cat\/iesmigmon\/wp-json\/wp\/v2\/pages\/19"}],"wp:attachment":[{"href":"https:\/\/agora.xtec.cat\/iesmigmon\/wp-json\/wp\/v2\/media?parent=43"}],"curies":[{"name":"wp","href":"https:\/\/api.w.org\/{rel}","templated":true}]}}