{"id":39,"date":"2014-09-17T16:36:44","date_gmt":"2014-09-17T16:36:44","guid":{"rendered":"http:\/\/agora.xtec.cat\/iesmigmon\/?page_id=39"},"modified":"2025-09-22T19:46:35","modified_gmt":"2025-09-22T17:46:35","slug":"instal%c2%b7lacions","status":"publish","type":"page","link":"https:\/\/agora.xtec.cat\/iesmigmon\/linstitut\/instal%c2%b7lacions\/","title":{"rendered":"Organigrama 25\/26"},"content":{"rendered":"<p><strong style=\"font-size: medium; font-family: inherit; line-height: 1.6;\">Centre<\/strong><\/p>\n<ul>\n<li><span style=\"font-size: medium;\">Bustia General: <a href=\"mailto:bustia@ins-larany.cat\">iesmigmon<span class=\"\">@iesmigmon.org<\/span><\/a><\/span><\/li>\n<\/ul>\n<p><strong style=\"font-size: medium; font-family: inherit; line-height: 1.6;\">Equip directiu<\/strong><\/p>\n<ul>\n<li><span style=\"font-size: medium;\">Direcci\u00f3: <a href=\"iesmigmon@iesmigmon.org\">iesmigmon<span class=\"\">@iesmigmon.org<\/span><\/a><\/span><\/li>\n<li>Cap d&#8217;Estudis\u00a0 <a href=\"capdestudis@iesmigmon.org\">capdestudis<span class=\"\">@<\/span>iesmigmon.org<br \/>\n<\/a><\/li>\n<li>Coordinaci\u00f3 Pedag\u00f2gic: <span style=\"font-size: medium;\"><a href=\"cpedagocica@iesmigmon.org\">cpedagogica<span class=\"\">@iesmigmon.org<\/span><\/a><\/span><\/li>\n<li>Secretaria: <span style=\"font-size: medium;\"><a href=\"secretaria@iesmigmon.org\">secretaria<span class=\"\">@iesmigmon.org<\/span><\/a><\/span><\/li>\n<\/ul>\n<p><span style=\"font-size: medium;\"><strong>ESO Tutors\/es<\/strong><\/span><\/p>\n<ul>\n<li><span style=\"font-size: medium;\">Tutor 1r ESO A: <a href=\"orodriguez@iesmigmon.org\"><span class=\"\">orodriguez@<\/span>iesmigmon.org<\/a><\/span><\/li>\n<li><span style=\"font-size: medium;\">Tutor 1r ESO B: <a href=\"ainfante@iesmigmon.org\"><span class=\"\">ainfante@<\/span>iesmigmon.org<\/a><\/span><\/li>\n<li><span style=\"font-size: medium;\"><span style=\"font-size: medium;\">Tutor 1r ESO C: <\/span><\/span><a style=\"font-size: medium; font-family: inherit;\" href=\"ecano@iesmigmon.org\"><span class=\"\">ecano@<\/span>iesmigmon.org<\/a><\/li>\n<\/ul>\n<ul>\n<li><span style=\"font-size: medium;\">Tutor 2n ESO A: <a href=\"ppiqueras@iesmigmon.org\"><span class=\"\">ppiqueras@<\/span>iesmigmon.org<\/a><\/span><\/li>\n<li><span style=\"font-size: medium;\">Tutor 2n ESO B: <a href=\"achiner@iesmigmon.org\"><span class=\"\">achiner@<\/span>iesmigmon.org<\/a><\/span><\/li>\n<li><span style=\"font-size: medium;\">Tutor 2n ESO C: <a href=\"mfarre@iesmigmon.org\"><span class=\"\">mfarre@<\/span>iesmigmon.org<\/a><\/span><\/li>\n<\/ul>\n<ul>\n<li><span style=\"font-size: medium;\">Tutor 3r ESO A: <a href=\"alarroya@iesmigmon.org\"><span class=\"\">alarroya@<\/span>iesmigmon.org<\/a><\/span><\/li>\n<li><span style=\"font-size: medium;\">Tutor 3r ESO B: <a href=\"sdigon@iesmigmon.org\"><span class=\"\">sdigon@<\/span>iesmigmon.org<\/a><\/span><\/li>\n<li><span style=\"font-size: medium;\">Tutor 3r ESO C: <a href=\"adomingo@iesmigmon.org\"><span class=\"\">adomingo@<\/span>iesmigmon.org<\/a><\/span><\/li>\n<\/ul>\n<ul>\n<li><span style=\"font-size: medium;\">Tutor 4t ESO A: <a href=\"mjodar@iesmigmon.org\"><span class=\"\">mjodar@<\/span>iesmigmon.org<\/a><\/span><\/li>\n<li><span style=\"font-size: medium;\">Tutor 4t ESO B: <a href=\"odalmau@iesmigmon.org\"><span class=\"\">odalmau@<\/span>iesmigmon.org<\/a><\/span><\/li>\n<li><span style=\"font-size: medium;\">Tutor 4t ESO C: <a href=\"ecastillo@iesmigmon.org\"><span class=\"\">ecastillo@<\/span>iesmigmon.org<\/a><\/span><\/li>\n<\/ul>\n<p><span style=\"font-size: medium;\"><strong>ESO\u00a0Coordinadors<\/strong><\/span><\/p>\n<ul>\n<li><span style=\"font-size: medium;\">Coordinaci\u00f3 1r ESO: <a href=\"eguerrero@iesmigmon.org\">eguerrero<span class=\"\">@<\/span>iesmigmon.org<\/a><\/span><\/li>\n<li><span style=\"font-size: medium;\">Coordinaci\u00f3 2n ESO: <a href=\"nperez@iesmigmon.org\">nperez<span class=\"\">@<\/span>iesmigmon.org<\/a><\/span><\/li>\n<li><span style=\"font-size: medium;\">Coordinaci\u00f3 3r ESO: <a href=\"aseuba@iesmigmon.org\">aseuba<span class=\"\">@<\/span>iesmigmon.org<\/a><\/span><\/li>\n<li><span style=\"font-size: medium;\">Coordinaci\u00f3 4t ESO: <a href=\"lsegura@iesmigmon.org\">lsegura<span class=\"\">@<\/span>iesmigmon.org<\/a><\/span><\/li>\n<\/ul>\n<p><span style=\"font-size: medium;\"><strong>BATXILLERAT Tutors\/es<\/strong><\/span><\/p>\n<ul>\n<li><span style=\"font-size: medium;\">Tutor 1r Batxillerat CT : <a href=\"mpinzolas@iesmigmon.org\"><span class=\"\">mpinzolas@<\/span>iesmigmon.org<\/a><\/span><\/li>\n<li>Tutor 1r Batxillerat HS: <span style=\"font-size: medium;\"> <a href=\"tkettar@iesmigmon.org\">tkettar<span class=\"\">@<\/span>iesmigmon.org<\/a><\/span><\/li>\n<li><span style=\"font-size: medium;\">Tutor 2n Batxillerat: <a href=\"alexromero@iesmigmon.org\">alexromero<span class=\"\">@<\/span>iesmigmon.org<\/a><\/span><\/li>\n<li><span style=\"font-size: medium;\">Coordinaci\u00f3 Batxillerat: <a href=\"cbat@iesmigmon.org\">cbat<span class=\"\">@<\/span>iesmigmon.org<\/a><\/span><\/li>\n<\/ul>\n<p><span style=\"font-size: medium;\"><strong>CICLE FORMATIU Tutors\/es<\/strong><\/span><\/p>\n<ul>\n<li><span style=\"font-size: medium;\">Tutora 1r Cicle Formatiu Grau mitj\u00e0: <a href=\"jvillanueva@iesmigmon.org\"><span class=\"\">jvillanueva@<\/span>iesmigmon.org<\/a><\/span><\/li>\n<li><span style=\"font-size: medium;\">Tutora 2n Cicle Formatiu Grau mitj\u00e0: <a href=\"jvillanueva@iesmigmon.org\"><span class=\"\">ccanal@<\/span>iesmigmon.org<\/a><\/span><\/li>\n<\/ul>\n<p><span style=\"font-size: medium;\"><strong>\u00c0MBITS<\/strong><\/span><\/p>\n<ul>\n<li><span style=\"font-size: medium;\">Cap d&#8217;\u00e0mbit cient\u00edfic-tecnol\u00f2gic: Marta Rancanyo <a href=\"mcasanova@iesmigmon.org\">a.cientificotecnologic<span class=\"\">@<\/span>iesmigmon.org<\/a><\/span><\/li>\n<li><span style=\"font-size: medium;\">Cap d&#8217;\u00e0mbit Industries extractives: Isabel Carbonell <a href=\"dgarcia@iesmigmon.org\">a.industriesextractives<span class=\"\">@<\/span>iesmigmon.org<\/a><\/span><\/li>\n<li><span style=\"font-size: medium;\">Cap d&#8217;\u00e0mbit ling\u00fc\u00edstic: Berta Casanoves <a href=\"fromero@iesmigmon.org\">a.linguistic<span class=\"\">@<\/span>iesmigmon.org<\/a><\/span><\/li>\n<li><span style=\"font-size: medium;\">Cap d&#8217;\u00e0mbit matem\u00e0tic: Ester Plaza <a href=\"eplaza@iesmigmon.org\">a.matematic<span class=\"\">@<\/span>iesmigmon.org<\/a><\/span><\/li>\n<li><span style=\"font-size: medium;\">Cap d&#8217;\u00e0mbit social: Sara Gallego <\/span><span style=\"font-size: medium;\"><a href=\"avicente@iesmigmon.org\"><span class=\"\">a.social@<\/span>iesmigmon.org<\/a><\/span><\/li>\n<\/ul>\n<p><span style=\"font-size: medium;\"><strong>ALTRES CONTACTES:<\/strong><\/span><\/p>\n<ul>\n<li><span style=\"font-size: medium;\">Coordinaci\u00f3 Llengua, interculturalitat i cohesi\u00f3 social del centre:<a href=\"alarroya@iesmigmon.org\"><span class=\"\">alarroya@<\/span>iesmigmon.org<\/a><\/span><\/li>\n<li><span style=\"font-size: medium;\">Pr\u00e0ctiques empresa: <a href=\"aromero@iesmigmon.org\">aromero<span class=\"\">@<\/span>iesmigmon.org<\/a><\/span><\/li>\n<li><span style=\"font-size: medium;\">Coordinaci\u00f3 digital: <a href=\"jordireguant@iesmigmon.org\">jordireguant<span class=\"\">@<\/span>iesmigmon.org<\/a><\/span><\/li>\n<li><span style=\"font-size: medium;\">Coordinaci\u00f3 activitats complement\u00e0ries Marc Vilardell: <a href=\"complementaries@iesmigmon.org\">complementaries<span class=\"\">@<\/span>iesmigmon.org<\/a><\/span><\/li>\n<li><span style=\"font-size: medium;\">Riscos laborals: <a href=\"jordireguant@iesmigmon.org\">jordireguant<span class=\"\">@<\/span>iesmigmon.org<\/a><\/span><\/li>\n<li><span style=\"font-size: medium;\">Servei d&#8217;orientaci\u00f3 educativa: <a href=\"mailto:a.orientacio@iesmigmon.org\" target=\"_blank\" rel=\"noopener\">a.orientacio@iesmigmon.org<\/a>.<\/span><\/li>\n<li>COCOBE: <a href=\"mrancano@iesmigmon.org\">mrancano@iesmigmon.org<\/a><\/li>\n<li>EAP: Anna Ferr\u00e9 Canet<\/li>\n<\/ul>\n","protected":false},"excerpt":{"rendered":"<p>Centre<\/p>\n<ul>\n<li>Bustia General: <a href=\"mailto:bustia@ins-larany.cat\">iesmigmon@iesmigmon.org<\/a><\/li>\n<\/ul>\n<p>Equip directiu<\/p>\n<ul>\n<li>Direcci\u00f3: <a href=\"iesmigmon@iesmigmon.org\">iesmigmon@iesmigmon.org<\/a><\/li>\n<li>Cap d&#8217;Estudis\u00a0 <a href=\"capdestudis@iesmigmon.org\">capdestudis@iesmigmon.org<br \/>\n<\/a><\/li>\n<li>Coordinaci\u00f3 Pedag\u00f2gic: <a href=\"cpedagocica@iesmigmon.org\">cpedagogica@iesmigmon.org<\/a><\/li>\n<li>Secretaria: <a href=\"secretaria@iesmigmon.org\">secretaria@iesmigmon.org<\/a><\/li>\n<\/ul>\n<p>ESO Tutors\/es<\/p>\n<ul>\n<li>Tutor 1r ESO A: <a href=\"orodriguez@iesmigmon.org\">orodriguez@iesmigmon.org<\/a><\/li>\n<li>Tutor 1r ESO B: <a href=\"ainfante@iesmigmon.org\">ainfante@iesmigmon.org<\/a><\/li>\n<li>Tutor 1r ESO C: <a style=\"font-size: medium; font-family: inherit;\" href=\"ecano@iesmigmon.org\">ecano@iesmigmon.org<\/a><\/li>\n<\/ul>\n<ul>\n<li>Tutor 2n ESO A: <a href=\"ppiqueras@iesmigmon.org\">ppiqueras@iesmigmon.org<\/a><\/li>\n<li>Tutor 2n ESO B: <a href=\"achiner@iesmigmon.org\">achiner@iesmigmon.org<\/a><\/li>\n<li>Tutor&hellip;  <a href=\"https:\/\/agora.xtec.cat\/iesmigmon\/linstitut\/instal%c2%b7lacions\/\" title=\"Read Organigrama 25\/26\">Llegeix m\u00e9s\u00bb<\/a><br \/>\n","protected":false},"author":1,"featured_media":0,"parent":19,"menu_order":30,"comment_status":"closed","ping_status":"closed","template":"page-templates\/side-menu.php","meta":{"_bbp_topic_count":0,"_bbp_reply_count":0,"_bbp_total_topic_count":0,"_bbp_total_reply_count":0,"_bbp_voice_count":0,"_bbp_anonymous_reply_count":0,"_bbp_topic_count_hidden":0,"_bbp_reply_count_hidden":0,"_bbp_forum_subforum_count":0,"footnotes":""},"class_list":["post-39","page","type-page","status-publish","hentry"],"post_mailing_queue_ids":[],"_links":{"self":[{"href":"https:\/\/agora.xtec.cat\/iesmigmon\/wp-json\/wp\/v2\/pages\/39","targetHints":{"allow":["GET"]}}],"collection":[{"href":"https:\/\/agora.xtec.cat\/iesmigmon\/wp-json\/wp\/v2\/pages"}],"about":[{"href":"https:\/\/agora.xtec.cat\/iesmigmon\/wp-json\/wp\/v2\/types\/page"}],"author":[{"embeddable":true,"href":"https:\/\/agora.xtec.cat\/iesmigmon\/wp-json\/wp\/v2\/users\/1"}],"replies":[{"embeddable":true,"href":"https:\/\/agora.xtec.cat\/iesmigmon\/wp-json\/wp\/v2\/comments?post=39"}],"version-history":[{"count":7,"href":"https:\/\/agora.xtec.cat\/iesmigmon\/wp-json\/wp\/v2\/pages\/39\/revisions"}],"predecessor-version":[{"id":5168,"href":"https:\/\/agora.xtec.cat\/iesmigmon\/wp-json\/wp\/v2\/pages\/39\/revisions\/5168"}],"up":[{"embeddable":true,"href":"https:\/\/agora.xtec.cat\/iesmigmon\/wp-json\/wp\/v2\/pages\/19"}],"wp:attachment":[{"href":"https:\/\/agora.xtec.cat\/iesmigmon\/wp-json\/wp\/v2\/media?parent=39"}],"curies":[{"name":"wp","href":"https:\/\/api.w.org\/{rel}","templated":true}]}}