{"id":3580,"date":"2023-05-26T08:52:19","date_gmt":"2023-05-26T06:52:19","guid":{"rendered":"https:\/\/agora.xtec.cat\/iesmigmon\/?page_id=3580"},"modified":"2024-03-18T21:37:12","modified_gmt":"2024-03-18T20:37:12","slug":"projecte-gep","status":"publish","type":"page","link":"https:\/\/agora.xtec.cat\/iesmigmon\/projectes\/projecte-gep\/","title":{"rendered":"Projecte GEP"},"content":{"rendered":"<p>GEP o Generaci\u00f3 Pluriling\u00fce \u00e9s un programa basat en promoure l\u2019aplicaci\u00f3 a l\u2019aula de metodologies per a l\u2019aprenentatge integrat de continguts i llengua estrangera (AICLE); en fomentar el desenvolupament de projectes interdisciplinars en llengua estrangera, i en oferir pautes per a l\u2019organitzaci\u00f3 educativa i el disseny curricular. A trav\u00e9s del GEP tamb\u00e9 es vol refor\u00e7ar el treball cooperatiu entre el professorat, fomentar la innovaci\u00f3 educativa i promoure l\u2019intercanvi de bones pr\u00e0ctiques entre els centres educatius participants.<\/p>\n<p>Us animem a consultar el <a href=\"https:\/\/sites.google.com\/iesmigmon.org\/be-gep-be-mig-mon\/inici?authuser=0\" target=\"_blank\" rel=\"noopener\">nostre web<\/a> amb m\u00e9s informaci\u00f3 sobre els projectes que duem a terme.<\/p>\n<p>&nbsp;<\/p>\n<p><img loading=\"lazy\" decoding=\"async\" class=\"aligncenter size-large\" src=\"https:\/\/agora.xtec.cat\/iesmigmon\/wp-content\/uploads\/usu2208\/2023\/05\/gep.jpg\" width=\"225\" height=\"225\" \/><\/p>\n<p>&nbsp;<\/p>\n<p>&nbsp;<\/p>\n","protected":false},"excerpt":{"rendered":"<p>GEP o Generaci\u00f3 Pluriling\u00fce \u00e9s un programa basat en promoure l\u2019aplicaci\u00f3 a l\u2019aula de metodologies per a l\u2019aprenentatge integrat de continguts i llengua estrangera (AICLE); en fomentar el desenvolupament de projectes interdisciplinars en llengua estrangera, i en oferir pautes per a l\u2019organitzaci\u00f3 educativa i el&hellip;  <a href=\"https:\/\/agora.xtec.cat\/iesmigmon\/projectes\/projecte-gep\/\" title=\"Read Projecte GEP\">Llegeix m\u00e9s\u00bb<\/a><\/p>\n","protected":false},"author":7,"featured_media":0,"parent":3574,"menu_order":0,"comment_status":"closed","ping_status":"closed","template":"page-templates\/side-menu.php","meta":{"_bbp_topic_count":0,"_bbp_reply_count":0,"_bbp_total_topic_count":0,"_bbp_total_reply_count":0,"_bbp_voice_count":0,"_bbp_anonymous_reply_count":0,"_bbp_topic_count_hidden":0,"_bbp_reply_count_hidden":0,"_bbp_forum_subforum_count":0,"footnotes":""},"class_list":["post-3580","page","type-page","status-publish","hentry"],"post_mailing_queue_ids":[],"_links":{"self":[{"href":"https:\/\/agora.xtec.cat\/iesmigmon\/wp-json\/wp\/v2\/pages\/3580","targetHints":{"allow":["GET"]}}],"collection":[{"href":"https:\/\/agora.xtec.cat\/iesmigmon\/wp-json\/wp\/v2\/pages"}],"about":[{"href":"https:\/\/agora.xtec.cat\/iesmigmon\/wp-json\/wp\/v2\/types\/page"}],"author":[{"embeddable":true,"href":"https:\/\/agora.xtec.cat\/iesmigmon\/wp-json\/wp\/v2\/users\/7"}],"replies":[{"embeddable":true,"href":"https:\/\/agora.xtec.cat\/iesmigmon\/wp-json\/wp\/v2\/comments?post=3580"}],"version-history":[{"count":3,"href":"https:\/\/agora.xtec.cat\/iesmigmon\/wp-json\/wp\/v2\/pages\/3580\/revisions"}],"predecessor-version":[{"id":3595,"href":"https:\/\/agora.xtec.cat\/iesmigmon\/wp-json\/wp\/v2\/pages\/3580\/revisions\/3595"}],"up":[{"embeddable":true,"href":"https:\/\/agora.xtec.cat\/iesmigmon\/wp-json\/wp\/v2\/pages\/3574"}],"wp:attachment":[{"href":"https:\/\/agora.xtec.cat\/iesmigmon\/wp-json\/wp\/v2\/media?parent=3580"}],"curies":[{"name":"wp","href":"https:\/\/api.w.org\/{rel}","templated":true}]}}