{"id":21,"date":"2014-09-17T16:14:14","date_gmt":"2014-09-17T16:14:14","guid":{"rendered":"http:\/\/agora.xtec.cat\/iesmigmon\/?page_id=21"},"modified":"2020-10-17T22:44:23","modified_gmt":"2020-10-17T20:44:23","slug":"on-som","status":"publish","type":"page","link":"https:\/\/agora.xtec.cat\/iesmigmon\/linstitut\/on-som\/","title":{"rendered":"On som"},"content":{"rendered":"<p><span style=\"font-family: inherit; font-size: 1em;\">S\u00faria \u00e9s un poble situat al nordoest de la comarca del Bages, al bell mig de Catalunya, en plena vall del riu Cardener, que travessa la vila. T\u00e9 prop de 6.500 habitants. La principal ind\u00fastria \u00e9s la minera, amb l&#8217;extracci\u00f3 de potassa.<\/span><\/p>\n<div>\n<p>L&#8217;IES Mig-m\u00f3n es troba situat al barri de Salipota. Va ser construit l&#8217;any 1980 i remodelat l&#8217;any 2000. Acull l&#8217;alumnat de S\u00faria, Call\u00fas, Sant Mateu (Sal\u00f3, Valls) i Pal\u00e0 de Torruella. Hores d&#8217;ara compta amb prop de 400 alumnes i uns 40 professors i imparteix estudis d&#8217;ESO, Batxillerat i Cicles Formatius.&#8221;<\/p>\n<\/div>\n<p><iframe loading=\"lazy\" src=\"https:\/\/www.google.com\/maps\/d\/embed?mid=1Sb0jdSjBPjEx3YzOQbQMSR68X8Q\" width=\"640\" height=\"480\"><\/iframe><\/p>\n<p><strong>Com arribar-hi:<br \/>\n<\/strong><\/p>\n<ul>\n<li>Per bus: Alsa<\/li>\n<\/ul>\n<p><strong>Escoles adscrites a l&#8217;institut:<br \/>\n<\/strong>Escola Fedac, Escola Francesc Maci\u00e0, Escola Joventut, Escola MdD de Montserrat, Escola St. Esteve.<\/p>\n","protected":false},"excerpt":{"rendered":"<p>S\u00faria \u00e9s un poble situat al nordoest de la comarca del Bages, al bell mig de Catalunya, en plena vall del riu Cardener, que travessa la vila. T\u00e9 prop de 6.500 habitants. La principal ind\u00fastria \u00e9s la minera, amb l&#8217;extracci\u00f3 de potassa.<\/p>\n<p>L&#8217;IES Mig-m\u00f3n es troba&hellip;  <a href=\"https:\/\/agora.xtec.cat\/iesmigmon\/linstitut\/on-som\/\" title=\"Read On som\">Llegeix m\u00e9s\u00bb<\/a><\/p>\n","protected":false},"author":1,"featured_media":0,"parent":19,"menu_order":10,"comment_status":"closed","ping_status":"closed","template":"page-templates\/side-menu.php","meta":{"_bbp_topic_count":0,"_bbp_reply_count":0,"_bbp_total_topic_count":0,"_bbp_total_reply_count":0,"_bbp_voice_count":0,"_bbp_anonymous_reply_count":0,"_bbp_topic_count_hidden":0,"_bbp_reply_count_hidden":0,"_bbp_forum_subforum_count":0,"footnotes":""},"class_list":["post-21","page","type-page","status-publish","hentry"],"post_mailing_queue_ids":[],"_links":{"self":[{"href":"https:\/\/agora.xtec.cat\/iesmigmon\/wp-json\/wp\/v2\/pages\/21","targetHints":{"allow":["GET"]}}],"collection":[{"href":"https:\/\/agora.xtec.cat\/iesmigmon\/wp-json\/wp\/v2\/pages"}],"about":[{"href":"https:\/\/agora.xtec.cat\/iesmigmon\/wp-json\/wp\/v2\/types\/page"}],"author":[{"embeddable":true,"href":"https:\/\/agora.xtec.cat\/iesmigmon\/wp-json\/wp\/v2\/users\/1"}],"replies":[{"embeddable":true,"href":"https:\/\/agora.xtec.cat\/iesmigmon\/wp-json\/wp\/v2\/comments?post=21"}],"version-history":[{"count":4,"href":"https:\/\/agora.xtec.cat\/iesmigmon\/wp-json\/wp\/v2\/pages\/21\/revisions"}],"predecessor-version":[{"id":541,"href":"https:\/\/agora.xtec.cat\/iesmigmon\/wp-json\/wp\/v2\/pages\/21\/revisions\/541"}],"up":[{"embeddable":true,"href":"https:\/\/agora.xtec.cat\/iesmigmon\/wp-json\/wp\/v2\/pages\/19"}],"wp:attachment":[{"href":"https:\/\/agora.xtec.cat\/iesmigmon\/wp-json\/wp\/v2\/media?parent=21"}],"curies":[{"name":"wp","href":"https:\/\/api.w.org\/{rel}","templated":true}]}}