{"id":19,"date":"2014-09-17T14:56:56","date_gmt":"2014-09-17T14:56:56","guid":{"rendered":"http:\/\/agora.xtec.cat\/iesmigmon\/?page_id=19"},"modified":"2024-09-06T11:53:30","modified_gmt":"2024-09-06T09:53:30","slug":"linstitut","status":"publish","type":"page","link":"https:\/\/agora.xtec.cat\/iesmigmon\/linstitut\/","title":{"rendered":"Institut"},"content":{"rendered":"<p style=\"color: #444444;\">L&#8217;INS Mig-M\u00f3n \u00e9s l&#8217;\u00fanic centre de secund\u00e0ria de S\u00faria i acull els alumnes de S\u00faria, Call\u00fas, Valls\u00a0 i Pal\u00e0 de Torruella, Salo i Sant Mateu de Bages. El fet de ser l&#8217;\u00fanic centre fa que la diversificaci\u00f3 del seu alumnat sigui un reflex de la societat que el genera.<\/p>\n<p>&nbsp;<\/p>\n","protected":false},"excerpt":{"rendered":"<p>L&#8217;INS Mig-M\u00f3n \u00e9s l&#8217;\u00fanic centre de secund\u00e0ria de S\u00faria i acull els alumnes de S\u00faria, Call\u00fas, Valls\u00a0 i Pal\u00e0 de Torruella, Salo i Sant Mateu de Bages. El fet de ser l&#8217;\u00fanic centre fa que la diversificaci\u00f3 del seu alumnat sigui un reflex de la&hellip;  <a href=\"https:\/\/agora.xtec.cat\/iesmigmon\/linstitut\/\" title=\"Read Institut\">Llegeix m\u00e9s\u00bb<\/a><\/p>\n","protected":false},"author":1,"featured_media":0,"parent":0,"menu_order":0,"comment_status":"closed","ping_status":"closed","template":"page-templates\/side-menu.php","meta":{"_bbp_topic_count":0,"_bbp_reply_count":0,"_bbp_total_topic_count":0,"_bbp_total_reply_count":0,"_bbp_voice_count":0,"_bbp_anonymous_reply_count":0,"_bbp_topic_count_hidden":0,"_bbp_reply_count_hidden":0,"_bbp_forum_subforum_count":0,"footnotes":""},"class_list":["post-19","page","type-page","status-publish","hentry"],"post_mailing_queue_ids":[],"_links":{"self":[{"href":"https:\/\/agora.xtec.cat\/iesmigmon\/wp-json\/wp\/v2\/pages\/19","targetHints":{"allow":["GET"]}}],"collection":[{"href":"https:\/\/agora.xtec.cat\/iesmigmon\/wp-json\/wp\/v2\/pages"}],"about":[{"href":"https:\/\/agora.xtec.cat\/iesmigmon\/wp-json\/wp\/v2\/types\/page"}],"author":[{"embeddable":true,"href":"https:\/\/agora.xtec.cat\/iesmigmon\/wp-json\/wp\/v2\/users\/1"}],"replies":[{"embeddable":true,"href":"https:\/\/agora.xtec.cat\/iesmigmon\/wp-json\/wp\/v2\/comments?post=19"}],"version-history":[{"count":4,"href":"https:\/\/agora.xtec.cat\/iesmigmon\/wp-json\/wp\/v2\/pages\/19\/revisions"}],"predecessor-version":[{"id":4528,"href":"https:\/\/agora.xtec.cat\/iesmigmon\/wp-json\/wp\/v2\/pages\/19\/revisions\/4528"}],"wp:attachment":[{"href":"https:\/\/agora.xtec.cat\/iesmigmon\/wp-json\/wp\/v2\/media?parent=19"}],"curies":[{"name":"wp","href":"https:\/\/api.w.org\/{rel}","templated":true}]}}